{"id":35354,"date":"2026-03-18T15:42:28","date_gmt":"2026-03-18T15:42:28","guid":{"rendered":"https:\/\/soydeaqui.ddns.net\/pachuca\/index.php\/producto\/placa-posterior-para-cubiertas-serie-stopper-de-sti\/"},"modified":"2026-03-18T15:42:29","modified_gmt":"2026-03-18T15:42:29","slug":"placa-posterior-para-cubiertas-serie-stopper-de-sti","status":"publish","type":"product","link":"https:\/\/soydeaqui.ddns.net\/pachuca\/index.php\/producto\/placa-posterior-para-cubiertas-serie-stopper-de-sti\/","title":{"rendered":"Placa Posterior Para Cubiertas Serie Stopper\u00ae De STI"},"content":{"rendered":"<div style='width: 100%; max-width: 1200px; margin: 0 auto; font-family: sans-serif; line-height: 1.6; color: inherit; background-color: transparent;'> <!-- Secci\u00f3n de caracter\u00edsticas --> <\/p>\n<div style='display: flex; flex-wrap: wrap; gap: 30px; margin-bottom: 30px;'>\n<div style='flex: 1 1 300px; min-width: 280px;'>\n<h3 style='font-size: 22px; border-bottom: 2px solid currentColor; padding-bottom: 5px; margin-top: 0; color: inherit; opacity: 0.8;'>Caracter\u00edsticas Principales<\/h3>\n<ul style='padding-left: 20px; font-size: 15px; color: inherit;'>\n<li style='margin-bottom: 5px;'>Placa posterior de policarbonato<\/li>\n<li style='margin-bottom: 5px;'>Para uso en cubiertas serie Stopper\u00ae<\/li>\n<li style='margin-bottom: 5px;'>Protecci\u00f3n contra vandalismo&comma; da\u00f1o accidental&comma; polvo y suciedad<\/li>\n<li style='margin-bottom: 5px;'>Cumple con ADA (Americans with Disabilities Act)<\/li>\n<li style='margin-bottom: 5px;'>Garant\u00eda de 3 a\u00f1os contra rotura del policarbonato en uso normal<\/li>\n<\/ul><\/div>\n<div style='flex: 1 1 300px; min-width: 280px;'>\n<h3 style='font-size: 22px; border-bottom: 2px solid currentColor; padding-bottom: 5px; margin-top: 0; color: inherit; opacity: 0.8;'>Especificaciones T\u00e9cnicas<\/h3>\n<ul style='padding-left: 20px; font-size: 15px; color: inherit;'>\n<li style='margin-bottom: 5px;'><strong>Construcci\u00f3n:<\/strong> Material de policarbonato grueso y resistente<\/li>\n<li style='margin-bottom: 5px;'><strong>Temperatura de operaci\u00f3n:<\/strong> -40\u00b0 a 250\u00b0F (-40\u00b0 a 121\u00b0C)<\/li>\n<li style='margin-bottom: 5px;'><strong>Grado de protecci\u00f3n:<\/strong> IP56 (opciones de montaje 4&comma; 5&comma; 8&comma; 9)<\/li>\n<li style='margin-bottom: 5px;'><strong>Aprobaciones:<\/strong> UL\/cUL Listed No. S2466 (NEMA Type 3RX)<\/li>\n<li style='margin-bottom: 5px;'><strong>Accesorios incluidos:<\/strong> Empaquetaduras<\/li>\n<\/ul><\/div>\n<\/p><\/div>\n<p> <!-- Secci\u00f3n de dise\u00f1o --> <\/p>\n<div style='display: flex; flex-wrap: wrap; gap: 30px; margin-bottom: 30px;'>\n<div style='flex: 1 1 300px; min-width: 280px;'>\n<h3 style='font-size: 22px; border-bottom: 2px solid currentColor; padding-bottom: 5px; margin-top: 0; color: inherit; opacity: 0.8;'>Dise\u00f1o y Opciones<\/h3>\n<ul style='padding-left: 20px; font-size: 15px; color: inherit;'>\n<li style='margin-bottom: 5px;'><strong>Tipo de cubierta:<\/strong> B\u00f3veda o perfil bajo<\/li>\n<li style='margin-bottom: 5px;'><strong>Opciones de montaje:<\/strong> Montaje enrasado&comma; montaje superficial o caja trasera estanca<\/li>\n<li style='margin-bottom: 5px;'><strong>Herraje:<\/strong> Bisagra de alta resistencia continua<\/li>\n<li style='margin-bottom: 5px;'><strong>Conexiones:<\/strong> Parte superior e inferior de la caja trasera con roscas para tubo r\u00edgido NPT de 3\/4&#8242;<\/li>\n<li style='margin-bottom: 5px;'><strong>Etiquetas:<\/strong> Disponibles en rojo&comma; verde&comma; azul&comma; amarillo&comma; blanco o negro<\/li>\n<\/ul><\/div>\n<div style='flex: 1 1 300px; min-width: 280px;'>\n<h3 style='font-size: 22px; border-bottom: 2px solid currentColor; padding-bottom: 5px; margin-top: 0; color: inherit; opacity: 0.8;'>Aplicaciones<\/h3>\n<ul style='padding-left: 20px; font-size: 15px; color: inherit;'>\n<li style='margin-bottom: 5px;'>Protecci\u00f3n para estaciones de alarma<\/li>\n<li style='margin-bottom: 5px;'>Protecci\u00f3n para teclados de sistemas de acceso<\/li>\n<li style='margin-bottom: 5px;'>Protecci\u00f3n para estaciones de intercomunicador<\/li>\n<li style='margin-bottom: 5px;'>Protecci\u00f3n para botones de emergencia<\/li>\n<li style='margin-bottom: 5px;'>Protecci\u00f3n para interruptores el\u00e9ctricos y tomacorrientes<\/li>\n<\/ul><\/div>\n<\/p><\/div>\n<p> <!-- Secci\u00f3n de compatibilidad electr\u00f3nica --> <\/p>\n<div style='display: flex; flex-wrap: wrap; gap: 30px; margin-bottom: 30px;'>\n<div style='flex: 1 1 300px; min-width: 280px;'>\n<h3 style='font-size: 22px; border-bottom: 2px solid currentColor; padding-bottom: 5px; margin-top: 0; color: inherit; opacity: 0.8;'>Compatibilidad Electr\u00f3nica<\/h3>\n<ul style='padding-left: 20px; font-size: 15px; color: inherit;'>\n<li style='margin-bottom: 5px;'><strong>Entrada de alimentaci\u00f3n:<\/strong> 12-24 VDC (modelos con salida de rel\u00e9)<\/li>\n<li style='margin-bottom: 5px;'><strong>Opci\u00f3n de rel\u00e9:<\/strong> Disponible en algunos modelos<\/li>\n<li style='margin-bottom: 5px;'><strong>Alarmas sonoras:<\/strong> Disponibles con zumbador de 105 dB (modelos STI-14000 con destello)<\/li>\n<\/ul><\/div>\n<div style='flex: 1 1 300px; min-width: 280px;'>\n<h3 style='font-size: 22px; border-bottom: 2px solid currentColor; padding-bottom: 5px; margin-top: 0; color: inherit; opacity: 0.8;'>Accesorios Disponibles<\/h3>\n<ul style='padding-left: 20px; font-size: 15px; color: inherit;'>\n<li style='margin-bottom: 5px;'>STI-1331: Separador de 1 1\/2&#8242; (37mm)<\/li>\n<li style='margin-bottom: 5px;'>STI-6602: Carcasa de etiqueta con zumbador para serie 13000<\/li>\n<li style='margin-bottom: 5px;'>KIT-1402: Ensamble de base con zumbador para serie 14000<\/li>\n<li style='margin-bottom: 5px;'>KIT-319: Arn\u00e9s de cableado para alimentaci\u00f3n remota y rel\u00e9<\/li>\n<li style='margin-bottom: 5px;'>KIT-G01307: Empaquetadura para separador<\/li>\n<\/ul><\/div>\n<\/p><\/div>\n<p> <!-- Secci\u00f3n de advertencias --> <\/p>\n<div style='margin-bottom: 30px;'>\n<h3 style='font-size: 22px; border-bottom: 2px solid currentColor; padding-bottom: 5px; margin-top: 0; color: inherit; opacity: 0.8;'>Informaci\u00f3n Importante<\/h3>\n<p style='font-size: 15px; color: inherit; margin-bottom: 15px;'>Cuando se utiliza en sistemas de incendios&comma; el Universal Stopper est\u00e1 dise\u00f1ado para \u00e1reas donde la incidencia de alarmas falsas de incendios es alta o ha demostrado ser un problema grave. Cualquier desventaja del dispositivo se equilibra cuando se consideran las consecuencias de alarmas falsas&comma; especialmente si el personal y equipo de bomberos responden a una alarma falsa cuando son necesarios para un incendio real. Adem\u00e1s&comma; se debe considerar la interrupci\u00f3n en la instalaci\u00f3n cuando ocurren alarmas falsas.<\/p>\n<\/p><\/div>\n<p> <!-- Separador final --> <\/p>\n<hr style='border: 0; border-top: 1px solid rgba(150&comma; 150&comma; 150&comma; 0.3); margin: 30px 0;'> <\/div>\n","protected":false},"excerpt":{"rendered":"<p>Placa Posterior Para Cubiertas Serie Stopper\u00ae De STI<\/p>\n","protected":false},"featured_media":35353,"comment_status":"open","ping_status":"closed","template":"","meta":[],"product_brand":[],"product_cat":[448],"product_tag":[449,169,225],"class_list":{"0":"post-35354","1":"product","2":"type-product","3":"status-publish","4":"has-post-thumbnail","6":"product_cat-todo-accesorios-y-dispositivos-direccionables","7":"product_tag-accesorios-y-dispositivos-direccionables","8":"product_tag-sti","9":"product_tag-todo","11":"first","12":"outofstock","13":"sale","14":"shipping-taxable","15":"purchasable","16":"product-type-simple"},"_links":{"self":[{"href":"https:\/\/soydeaqui.ddns.net\/pachuca\/index.php\/wp-json\/wp\/v2\/product\/35354","targetHints":{"allow":["GET"]}}],"collection":[{"href":"https:\/\/soydeaqui.ddns.net\/pachuca\/index.php\/wp-json\/wp\/v2\/product"}],"about":[{"href":"https:\/\/soydeaqui.ddns.net\/pachuca\/index.php\/wp-json\/wp\/v2\/types\/product"}],"replies":[{"embeddable":true,"href":"https:\/\/soydeaqui.ddns.net\/pachuca\/index.php\/wp-json\/wp\/v2\/comments?post=35354"}],"wp:featuredmedia":[{"embeddable":true,"href":"https:\/\/soydeaqui.ddns.net\/pachuca\/index.php\/wp-json\/wp\/v2\/media\/35353"}],"wp:attachment":[{"href":"https:\/\/soydeaqui.ddns.net\/pachuca\/index.php\/wp-json\/wp\/v2\/media?parent=35354"}],"wp:term":[{"taxonomy":"product_brand","embeddable":true,"href":"https:\/\/soydeaqui.ddns.net\/pachuca\/index.php\/wp-json\/wp\/v2\/product_brand?post=35354"},{"taxonomy":"product_cat","embeddable":true,"href":"https:\/\/soydeaqui.ddns.net\/pachuca\/index.php\/wp-json\/wp\/v2\/product_cat?post=35354"},{"taxonomy":"product_tag","embeddable":true,"href":"https:\/\/soydeaqui.ddns.net\/pachuca\/index.php\/wp-json\/wp\/v2\/product_tag?post=35354"}],"curies":[{"name":"wp","href":"https:\/\/api.w.org\/{rel}","templated":true}]}}