{"id":35311,"date":"2026-03-18T15:41:38","date_gmt":"2026-03-18T15:41:38","guid":{"rendered":"https:\/\/soydeaqui.ddns.net\/pachuca\/index.php\/producto\/detector-industrial-para-gases-combustibles-con-sensor-de-perla-catalitica-0-100-lel-salida-4-20-ma-salida-modbus-certificacion-ul-c-ul-inmetro-entradas-2x3-4-npt-carcasa-pintado-de-aluminio-gr\/"},"modified":"2026-03-18T15:41:39","modified_gmt":"2026-03-18T15:41:39","slug":"detector-industrial-para-gases-combustibles-con-sensor-de-perla-catalitica-0-100-lel-salida-4-20-ma-salida-modbus-certificacion-ul-c-ul-inmetro-entradas-2x3-4-npt-carcasa-pintado-de-aluminio-gr","status":"publish","type":"product","link":"https:\/\/soydeaqui.ddns.net\/pachuca\/index.php\/producto\/detector-industrial-para-gases-combustibles-con-sensor-de-perla-catalitica-0-100-lel-salida-4-20-ma-salida-modbus-certificacion-ul-c-ul-inmetro-entradas-2x3-4-npt-carcasa-pintado-de-aluminio-gr\/","title":{"rendered":"Detector Industrial Para Gases Combustibles, Con Sensor De Perla Catal\u00edtica 0-100% LEL, Salida 4-20 mA, Salida Modbus, Certificaci\u00f3n UL\/c-UL\/INMETRO, Entradas 2&#215;3\/4&#8243; NPT, Carcasa Pintado De Aluminio Grado Marino, Protecci\u00f3n Contr"},"content":{"rendered":"<div style='width: 100%; max-width: 1200px; margin: 0 auto; font-family: sans-serif; line-height: 1.6; color: inherit; background-color: transparent;'> <!-- T\u00edtulo principal --> <\/p>\n<h1 style='text-align: center; font-size: 24px; margin-bottom: 20px; color: inherit;'>Detectores Industriales De Gases Inflamables&comma; Toxicos y Oxigeno Para Interior Y Exterior<\/h1>\n<p> <!-- Secci\u00f3n de descripci\u00f3n --> <\/p>\n<div style='display: flex; flex-wrap: wrap; gap: 30px; margin-bottom: 30px;'>\n<div style='flex: 1 1 300px; min-width: 280px;'>\n<h3 style='font-size: 20px; border-bottom: 2px solid currentColor; padding-bottom: 5px; margin-top: 0; color: inherit; opacity: 0.8;'>Descripci\u00f3n General<\/h3>\n<p style='font-size: 15px; color: inherit; margin-top: 10px; margin-bottom: 15px;'>El transmisor <strong>Sensepoint XCD<\/strong> es un detector de gas que consta de un transmisor y una amplia selecci\u00f3n de <strong>sensores<\/strong> para detecci\u00f3n de <strong>gases inflamables&comma; t\u00f3xicos y ox\u00edgeno<\/strong>.<\/p>\n<p style='font-size: 15px; color: inherit; margin-top: 10px; margin-bottom: 15px;'>El transmisor ofrece monitoreo completo de niveles peligrosos de gases toxicos&comma; gases combustibles y ox\u00edgeno en atm\u00f3sferas potencialmente explosivas&comma; en interiores y exteriores.<\/p>\n<p style='font-size: 15px; color: inherit; margin-top: 10px; margin-bottom: 15px;'>Sensepoint XCD ahora cuenta con capacidades de monitoreo remoto para sus sensores de gases t\u00f3xicos y ox\u00edgeno. Su capacidad remota est\u00e1 dise\u00f1ada para ofrecer una excelente flexibilidad de utilizaci\u00f3n y es una soluci\u00f3n ideal para ubicaciones de dif\u00edcil acceso o \u00e1reas en las que el transmisor debe estar separado del sensor. Con una posibilidad de montaje del sensor de gases t\u00f3xicos y ox\u00edgeno de hasta 100ft (30m) de distancia del transmisor&comma; proporciona una soluci\u00f3n de monitoreo s\u00f3lida a\u00fan en ambientes desafiantes en los cuales la detecci\u00f3n resulta dif\u00edcil&comma; incluidas aplicaciones en las que el punto de detecci\u00f3n se halla en una \u00e1rea a la que no se accede con facilidad o en la que el detector no ser\u00eda visible&comma; como sucede en sectores ocultos de alto o bajo nivel&comma; o fuera de una sala monitoreada.<\/p>\n<p style='font-size: 15px; color: inherit; margin-top: 10px; margin-bottom: 15px;'>Es f\u00e1cil de utilizar. Simplemente&comma; se debe enchufar el sensor en la parte inferior del transmisor; este \u00faltimo se configura autom\u00e1ticamente en forma correspondiente. Los usuarios pueden modificar el funcionamiento del detector mediante los interruptores magn\u00e9ticos y LCD&comma; y no necesitan abrir la unidad. Esto permite que una persona maneje las unidades sin interruptores&comma; y reduce el tiempo y los costos del mantenimiento de rutina.<\/p>\n<\/p><\/div>\n<div style='flex: 1 1 300px; min-width: 280px;'>\n<h3 style='font-size: 20px; border-bottom: 2px solid currentColor; padding-bottom: 5px; margin-top: 0; color: inherit; opacity: 0.8;'>Indicaci\u00f3n Visual y Funcionalidades<\/h3>\n<p style='font-size: 15px; color: inherit; margin-top: 10px; margin-bottom: 15px;'>La pantalla LCD tricolor con luz de fondo indica claramente el estado de la unidad&comma; incluso si se mira desde lejos. La luz <span style='color: #27ae60;'>verde<\/span> fija indica que el funcionamiento es <strong>normal<\/strong>&comma; la luz <span style='color: #f1c40f;'>amarilla<\/span> parpadeante indica una <strong>falla<\/strong>&comma; y la luz <span style='color: #e74c3c;'>roja<\/span> parpadeante indica una alarma. Todos los detectores se entregan preconfigurados e incluyen dos rel\u00e9s de alarma programables&comma; un rel\u00e9 de falla programable&comma; as\u00ed como una salida de 4 a 20 mA est\u00e1ndar de la industria (con selecci\u00f3n de emisor o receptor) y comunicaci\u00f3n mediante MODBUS.<\/p>\n<p style='font-size: 15px; color: inherit; margin-top: 10px; margin-bottom: 15px;'>La escala&comma; el rango&comma; el funcionamiento de los rel\u00e9s&comma; el punto de ajuste de la alarma y la cantidad de etiquetas electr\u00f3nicas del detector se pueden ajustar mediante la pantalla LCD y los interruptores magn\u00e9ticos no intrusivos del transmisor. Las salidas se inhiben autom\u00e1ticamente durante el ajuste&comma; reduciendo as\u00ed el riesgo de falsas alarmas en el panel de control durante el mantenimiento.<\/p>\n<p style='font-size: 15px; color: inherit; margin-top: 10px; margin-bottom: 15px;'>El Sensepoint XCD dispone de una placa de montaje integral para su montaje en superficie o bien en un tubo horizontal o vertical mediante un soporte opcional. Para la instalaci\u00f3n el\u00e9ctrica se pueden usar conductos o cables con la adecuada protecci\u00f3n mec\u00e1nica. Se proporcionan dos entradas M20 o NPT 3\/4&#8242; (seg\u00fan la certificaci\u00f3n). Tambi\u00e9n se incluye una cubierta de intemperie para las condiciones exteriores m\u00e1s exigentes. Otros accesorios opcionales pueden ser la protecci\u00f3n contra el sol y las inundaciones&comma; el montaje en conducto y el embudo recolector.<\/p>\n<p style='font-size: 15px; color: inherit; margin-top: 10px; margin-bottom: 15px;'>Asegura una instalaci\u00f3n sencilla y funcionamiento m\u00e1s r\u00e1pido al eliminar la necesidad de permisos de trabajo en zonas peligrosas.<\/p>\n<\/p><\/div>\n<\/p><\/div>\n<p> <!-- Secci\u00f3n de aplicaciones --> <\/p>\n<div style='margin-bottom: 30px;'>\n<h3 style='font-size: 20px; border-bottom: 2px solid currentColor; padding-bottom: 5px; margin-top: 0; color: inherit; opacity: 0.8;'>Aplicaciones Comunes<\/h3>\n<ul style='padding-left: 20px; font-size: 15px; color: inherit; margin-top: 15px;'>\n<li style='margin-bottom: 5px;'>Instalaciones de fabricaci\u00f3n industrial<\/li>\n<li style='margin-bottom: 5px;'>Centrales el\u00e9ctricas<\/li>\n<li style='margin-bottom: 5px;'>Instalaciones para aguas residuales<\/li>\n<li style='margin-bottom: 5px;'>Servicios p\u00fablicos<\/li>\n<li style='margin-bottom: 5px;'>Producci\u00f3n de alimentos y bebidas<\/li>\n<li style='margin-bottom: 5px;'>Refiner\u00edas y plantas qu\u00edmicas<\/li>\n<li style='margin-bottom: 5px;'>Terminales de petr\u00f3leo y gas en tierra<\/li>\n<li style='margin-bottom: 5px;'>Plataformas de producci\u00f3n<\/li>\n<li style='margin-bottom: 5px;'>Exploraci\u00f3n y perforaci\u00f3n<\/li>\n<\/ul><\/div>\n<p> <!-- Secci\u00f3n de especificaciones generales --> <\/p>\n<div style='margin-bottom: 30px;'>\n<h3 style='font-size: 20px; border-bottom: 2px solid currentColor; padding-bottom: 5px; margin-top: 0; color: inherit; opacity: 0.8;'>Especificaciones Generales Serie Sensepoint XCD<\/h3>\n<div style='display: flex; flex-wrap: wrap; gap: 20px; margin-top: 15px;'>\n<div style='flex: 1 1 250px; border: 1px solid rgba(150&comma; 150&comma; 150&comma; 0.4); border-radius: 8px; overflow: hidden; display: flex; flex-direction: column;'>\n<div style='padding: 15px; border-bottom: 1px solid rgba(150&comma; 150&comma; 150&comma; 0.2); font-weight: bold; font-size: 18px; color: inherit;'>Suministro Completo<\/div>\n<div style='padding: 15px; color: inherit;'>\n<ul style='padding-left: 20px; margin: 0; font-size: 14px; list-style-type: disc;'>\n<li style='margin-bottom: 5px;'>Versiones disponibles para gases inflamables (catal\u00edticos o infrarrojos)&comma; t\u00f3xicos y ox\u00edgeno<\/li>\n<li style='margin-bottom: 5px;'>Aplicaciones nuevas y actualizaciones<\/li>\n<li style='margin-bottom: 5px;'>Adecuado para interiores o exteriores<\/li>\n<li style='margin-bottom: 5px;'>Opciones de carcasa antideflagrante en acero inoxidable o en aluminio<\/li>\n<li style='margin-bottom: 5px;'>IP66 de serie<\/li>\n<\/ul><\/div>\n<\/p><\/div>\n<div style='flex: 1 1 250px; border: 1px solid rgba(150&comma; 150&comma; 150&comma; 0.4); border-radius: 8px; overflow: hidden; display: flex; flex-direction: column;'>\n<div style='padding: 15px; border-bottom: 1px solid rgba(150&comma; 150&comma; 150&comma; 0.2); font-weight: bold; font-size: 18px; color: inherit;'>Tecnolog\u00eda de Sensores<\/div>\n<div style='padding: 15px; color: inherit;'>\n<ul style='padding-left: 20px; margin: 0; font-size: 14px; list-style-type: disc;'>\n<li style='margin-bottom: 5px;'>Sensores electroqu\u00edmicos Surecell<\/li>\n<li style='margin-bottom: 5px;'>Sensores de gases inflamables resistentes a sustancias t\u00f3xicas<\/li>\n<li style='margin-bottom: 5px;'>Sensores de larga duraci\u00f3n<\/li>\n<\/ul><\/div>\n<\/p><\/div>\n<div style='flex: 1 1 250px; border: 1px solid rgba(150&comma; 150&comma; 150&comma; 0.4); border-radius: 8px; overflow: hidden; display: flex; flex-direction: column;'>\n<div style='padding: 15px; border-bottom: 1px solid rgba(150&comma; 150&comma; 150&comma; 0.2); font-weight: bold; font-size: 18px; color: inherit;'>Certificaciones<\/div>\n<div style='padding: 15px; color: inherit;'>\n<ul style='padding-left: 20px; margin: 0; font-size: 14px; list-style-type: disc;'>\n<li style='margin-bottom: 5px;'>Europeas&comma; de Am\u00e9rica del Norte y Asi\u00e1ticas<\/li>\n<li style='margin-bottom: 5px;'>Cumple las normativas ATEX&comma; IECEx&comma; UL\/c-UL&comma; KTL&comma; PA&comma; GB y CCCF<\/li>\n<\/ul><\/div>\n<\/p><\/div>\n<div style='flex: 1 1 250px; border: 1px solid rgba(150&comma; 150&comma; 150&comma; 0.4); border-radius: 8px; overflow: hidden; display: flex; flex-direction: column;'>\n<div style='padding: 15px; border-bottom: 1px solid rgba(150&comma; 150&comma; 150&comma; 0.2); font-weight: bold; font-size: 18px; color: inherit;'>Facilidad de Uso<\/div>\n<div style='padding: 15px; color: inherit;'>\n<ul style='padding-left: 20px; margin: 0; font-size: 14px; list-style-type: disc;'>\n<li style='margin-bottom: 5px;'>Pantalla retroiluminada tricolor intuitiva y f\u00e1cil de usar con d\u00edgitos&comma; gr\u00e1fico de barras e iconos<\/li>\n<li style='margin-bottom: 5px;'>Totalmente configurable con conmutadores magn\u00e9ticos<\/li>\n<li style='margin-bottom: 5px;'>Salida de corriente de 4-20 mA de sumidero-sink o fuente-source seleccionable<\/li>\n<li style='margin-bottom: 5px;'>Inhibici\u00f3n autom\u00e1tica durante mantenimiento<\/li>\n<li style='margin-bottom: 5px;'>Comunicaciones MODBUS opcionales para diagn\u00f3stico y configuraci\u00f3n remotos<\/li>\n<\/ul><\/div>\n<\/p><\/div>\n<div style='flex: 1 1 250px; border: 1px solid rgba(150&comma; 150&comma; 150&comma; 0.4); border-radius: 8px; overflow: hidden; display: flex; flex-direction: column;'>\n<div style='padding: 15px; border-bottom: 1px solid rgba(150&comma; 150&comma; 150&comma; 0.2); font-weight: bold; font-size: 18px; color: inherit;'>Excelente Relaci\u00f3n Calidad\/Precio<\/div>\n<div style='padding: 15px; color: inherit;'>\n<ul style='padding-left: 20px; margin: 0; font-size: 14px; list-style-type: disc;'>\n<li style='margin-bottom: 5px;'>Plataforma com\u00fan de transmisor<\/li>\n<li style='margin-bottom: 5px;'>Formaci\u00f3n m\u00ednima necesaria<\/li>\n<li style='margin-bottom: 5px;'>Menos repuestos<\/li>\n<li style='margin-bottom: 5px;'>Funcionamiento no intrusivo con un solo operario<\/li>\n<li style='margin-bottom: 5px;'>Sensor enchufable recambiable<\/li>\n<li style='margin-bottom: 5px;'>Menos cableado gracias a la opci\u00f3n MODBUS multipunto<\/li>\n<\/ul><\/div>\n<\/p><\/div>\n<div style='flex: 1 1 250px; border: 1px solid rgba(150&comma; 150&comma; 150&comma; 0.4); border-radius: 8px; overflow: hidden; display: flex; flex-direction: column;'>\n<div style='padding: 15px; border-bottom: 1px solid rgba(150&comma; 150&comma; 150&comma; 0.2); font-weight: bold; font-size: 18px; color: inherit;'>Instalaci\u00f3n<\/div>\n<div style='padding: 15px; color: inherit;'>\n<ul style='padding-left: 20px; margin: 0; font-size: 14px; list-style-type: disc;'>\n<li style='margin-bottom: 5px;'>M\u00f3dulo de pantalla enchufable extra\u00edble para acceder a la zona de terminales<\/li>\n<li style='margin-bottom: 5px;'>Soporte de montaje integral<\/li>\n<li style='margin-bottom: 5px;'>2 entradas de cable\/conducto NPT \u00be&#8217; o M20 (seg\u00fan el certificado)<\/li>\n<li style='margin-bottom: 5px;'>Bloques de terminales enchufables extra\u00edbles que facilitan el cableado<\/li>\n<li style='margin-bottom: 5px;'>Conmutador sumidero-sink\/fuente-source para acomodar la topolog\u00eda de cableado preferida<\/li>\n<\/ul><\/div>\n<\/p><\/div>\n<div style='flex: 1 1 250px; border: 1px solid rgba(150&comma; 150&comma; 150&comma; 0.4); border-radius: 8px; overflow: hidden; display: flex; flex-direction: column;'>\n<div style='padding: 15px; border-bottom: 1px solid rgba(150&comma; 150&comma; 150&comma; 0.2); font-weight: bold; font-size: 18px; color: inherit;'>Accesorios Opcionales<\/div>\n<div style='padding: 15px; color: inherit;'>\n<ul style='padding-left: 20px; margin: 0; font-size: 14px; list-style-type: disc;'>\n<li style='margin-bottom: 5px;'>Protecci\u00f3n contra el sol y las inundaciones<\/li>\n<li style='margin-bottom: 5px;'>Kit de montaje en conductos<\/li>\n<li style='margin-bottom: 5px;'>C\u00e9lula de flujo para gas de calibraci\u00f3n<\/li>\n<li style='margin-bottom: 5px;'>Embudo recolector<\/li>\n<\/ul><\/div>\n<\/p><\/div>\n<div style='flex: 1 1 250px; border: 1px solid rgba(150&comma; 150&comma; 150&comma; 0.4); border-radius: 8px; overflow: hidden; display: flex; flex-direction: column;'>\n<div style='padding: 15px; border-bottom: 1px solid rgba(150&comma; 150&comma; 150&comma; 0.2); font-weight: bold; font-size: 18px; color: inherit;'>Caracter\u00edsticas Generales<\/div>\n<div style='padding: 15px; color: inherit;'>\n<ul style='padding-left: 20px; margin: 0; font-size: 14px; list-style-type: disc;'>\n<li style='margin-bottom: 5px;'>Se puede utilizar en condiciones de temperatura -25 a 55\u00baC<\/li>\n<li style='margin-bottom: 5px;'>Humedad relativa entre 0 y 90%<\/li>\n<li style='margin-bottom: 5px;'>Se pueden utilizar una gran variedad de sensores con el detector Sensepoint XCD<\/li>\n<li style='margin-bottom: 5px;'>Transmisor mV&comma; EC&comma; O2<\/li>\n<li style='margin-bottom: 5px;'>Incluye pantalla LCD y tres rel\u00e9s programables para controlar equipo externo como alarmas&comma; sirenas&comma; v\u00e1lvulas o conmutadores<\/li>\n<li style='margin-bottom: 5px;'>Salida anal\u00f3gica en tipo SINK o SOURCE est\u00e1ndar a 3 hilos de 4-20 mA que se puede conectar a un sistema de control&comma; registrador o PLC<\/li>\n<li style='margin-bottom: 5px;'>Pantalla LCD se retroilumina con un indicador LED multicolor de alta densidad para mostrar el estado Normal (color <span style='color: #18a085;'>verde<\/span>)&comma; Alarma (color <span style='color: #e74c3c;'>rojo<\/span>) y Falla (color <span style='color: #f1c40f;'>amarillo<\/span>)<\/li>\n<\/ul><\/div>\n<\/p><\/div>\n<\/p><\/div>\n<\/p><\/div>\n<p> <!-- Videos de YouTube --> <\/p>\n<div style='margin-bottom: 30px;'>\n<h3 style='font-size: 20px; border-bottom: 2px solid currentColor; padding-bottom: 5px; margin-top: 0; color: inherit; opacity: 0.8;'>Videos Informativos<\/h3>\n<div style='margin-top: 15px;'>\n<div style='position: relative; padding-bottom: 56.25%; height: 0; overflow: hidden; margin-bottom: 30px;'>   <\/div>\n<div style='position: relative; padding-bottom: 56.25%; height: 0; overflow: hidden; margin-bottom: 30px;'>   <\/div>\n<div style='position: relative; padding-bottom: 56.25%; height: 0; overflow: hidden; margin-bottom: 30px;'>   <\/div>\n<div style='position: relative; padding-bottom: 56.25%; height: 0; overflow: hidden; margin-bottom: 30px;'>   <\/div>\n<\/p><\/div>\n<\/p><\/div>\n<p> <!-- Separador --> <\/p>\n<hr style='border: 0; border-top: 1px solid rgba(150&comma; 150&comma; 150&comma; 0.3); margin: 30px 0;'> <\/div>\n","protected":false},"excerpt":{"rendered":"<p>Detector Industrial Para Gases Combustibles, Con Sensor De Perla Catal\u00edtica 0-100% LEL, Salida 4-20 mA, Salida Modbus, Certificaci\u00f3n UL\/c-UL\/INMETRO, Entradas 2&#215;3\/4&#8243; NPT, Carcasa Pintado De Aluminio Grado Marino, Protecci\u00f3n Contr<\/p>\n","protected":false},"featured_media":35310,"comment_status":"open","ping_status":"closed","template":"","meta":[],"product_brand":[],"product_cat":[987],"product_tag":[988,522,1014],"class_list":{"0":"post-35311","1":"product","2":"type-product","3":"status-publish","4":"has-post-thumbnail","6":"product_cat-detectores-de-gases","7":"product_tag-detectores-de-gases","8":"product_tag-dispositivos-convencionales","9":"product_tag-honeywell-analytics","11":"first","12":"outofstock","13":"sale","14":"shipping-taxable","15":"purchasable","16":"product-type-simple"},"_links":{"self":[{"href":"https:\/\/soydeaqui.ddns.net\/pachuca\/index.php\/wp-json\/wp\/v2\/product\/35311","targetHints":{"allow":["GET"]}}],"collection":[{"href":"https:\/\/soydeaqui.ddns.net\/pachuca\/index.php\/wp-json\/wp\/v2\/product"}],"about":[{"href":"https:\/\/soydeaqui.ddns.net\/pachuca\/index.php\/wp-json\/wp\/v2\/types\/product"}],"replies":[{"embeddable":true,"href":"https:\/\/soydeaqui.ddns.net\/pachuca\/index.php\/wp-json\/wp\/v2\/comments?post=35311"}],"wp:featuredmedia":[{"embeddable":true,"href":"https:\/\/soydeaqui.ddns.net\/pachuca\/index.php\/wp-json\/wp\/v2\/media\/35310"}],"wp:attachment":[{"href":"https:\/\/soydeaqui.ddns.net\/pachuca\/index.php\/wp-json\/wp\/v2\/media?parent=35311"}],"wp:term":[{"taxonomy":"product_brand","embeddable":true,"href":"https:\/\/soydeaqui.ddns.net\/pachuca\/index.php\/wp-json\/wp\/v2\/product_brand?post=35311"},{"taxonomy":"product_cat","embeddable":true,"href":"https:\/\/soydeaqui.ddns.net\/pachuca\/index.php\/wp-json\/wp\/v2\/product_cat?post=35311"},{"taxonomy":"product_tag","embeddable":true,"href":"https:\/\/soydeaqui.ddns.net\/pachuca\/index.php\/wp-json\/wp\/v2\/product_tag?post=35311"}],"curies":[{"name":"wp","href":"https:\/\/api.w.org\/{rel}","templated":true}]}}