{"id":35304,"date":"2026-03-18T15:41:32","date_gmt":"2026-03-18T15:41:32","guid":{"rendered":"https:\/\/soydeaqui.ddns.net\/pachuca\/index.php\/producto\/tapon-final-para-tuberia-de-aspiracion-precio-por-pieza-2\/"},"modified":"2026-03-18T15:41:33","modified_gmt":"2026-03-18T15:41:33","slug":"tapon-final-para-tuberia-de-aspiracion-precio-por-pieza-2","status":"publish","type":"product","link":"https:\/\/soydeaqui.ddns.net\/pachuca\/index.php\/producto\/tapon-final-para-tuberia-de-aspiracion-precio-por-pieza-2\/","title":{"rendered":"Tap\u00f3n final para tuber\u00eda de aspiraci\u00f3n | Precio por Pieza"},"content":{"rendered":"<div style='width: 100%; max-width: 1200px; margin: 0 auto; font-family: sans-serif; line-height: 1.6; color: inherit; background-color: transparent;'>\n<div style='display: flex; flex-wrap: wrap; gap: 30px; margin-bottom: 30px;'>\n<div style='flex: 1 1 300px; min-width: 280px;'>\n<h3 style='font-size: 22px; border-bottom: 2px solid currentColor; padding-bottom: 5px; margin-top: 0; color: inherit; opacity: 0.8;'>Caracter\u00edsticas<\/h3>\n<ul style='padding-left: 20px; font-size: 15px; color: inherit;'>\n<li style='margin-bottom: 5px;'><span style='color: inherit;'>La tuber\u00eda de CPVC ASD es una tuber\u00eda de muestreo para detectores de humo certificada por UL que hace que su identificaci\u00f3n&comma; instalaci\u00f3n y mantenimiento sean m\u00e1s f\u00e1ciles que nunca; su enfoque de etiquetado simple y vanguardista hace que realizar pedidos e instalar sea muy sencillo.<\/span><\/li>\n<li style='margin-bottom: 5px;'><span style='color: inherit;'>Fabricada con CPVC Viking BlazeMaster\u00ae&comma; la tuber\u00eda de CPVC ASD se construye y distribuye siguiendo estrictas especificaciones de acuerdo con NFPA 72&comma; cap\u00edtulo 17. Esta tuber\u00eda para rociadores de CPVC c\u00e9dula 40 est\u00e1 precortada en longitudes de 10 o 15 pies y est\u00e1 etiquetada para su uso con detectores de humo por aspiraci\u00f3n de aire&comma; lo que lo hace sencillo y f\u00e1cil de distinguir de otras tuber\u00edas de CPVC que se pueden pedir en un paquete. Adem\u00e1s&comma; la pipa se entrega en bolsas de colores espec\u00edficos para mayor comodidad y est\u00e1 disponible a trav\u00e9s de Viking SupplyNet.<\/span><\/li>\n<\/ul><\/div>\n<\/p><\/div>\n<p> <!-- Separador --> <\/p>\n<hr style='border: 0; border-top: 1px solid rgba(150&comma; 150&comma; 150&comma; 0.3); margin: 30px 0;'> <\/div>\n","protected":false},"excerpt":{"rendered":"<p>Tap\u00f3n final para tuber\u00eda de aspiraci\u00f3n | Precio por Pieza<\/p>\n","protected":false},"featured_media":35303,"comment_status":"open","ping_status":"closed","template":"","meta":[],"product_brand":[],"product_cat":[977],"product_tag":[978,979,1039],"class_list":{"0":"post-35304","1":"product","2":"type-product","3":"status-publish","4":"has-post-thumbnail","6":"product_cat-detectores-por-aspiracion","7":"product_tag-aplicaciones-especiales","8":"product_tag-detectores-por-aspiracion","9":"product_tag-viking","11":"first","12":"instock","13":"sale","14":"shipping-taxable","15":"purchasable","16":"product-type-simple"},"_links":{"self":[{"href":"https:\/\/soydeaqui.ddns.net\/pachuca\/index.php\/wp-json\/wp\/v2\/product\/35304","targetHints":{"allow":["GET"]}}],"collection":[{"href":"https:\/\/soydeaqui.ddns.net\/pachuca\/index.php\/wp-json\/wp\/v2\/product"}],"about":[{"href":"https:\/\/soydeaqui.ddns.net\/pachuca\/index.php\/wp-json\/wp\/v2\/types\/product"}],"replies":[{"embeddable":true,"href":"https:\/\/soydeaqui.ddns.net\/pachuca\/index.php\/wp-json\/wp\/v2\/comments?post=35304"}],"wp:featuredmedia":[{"embeddable":true,"href":"https:\/\/soydeaqui.ddns.net\/pachuca\/index.php\/wp-json\/wp\/v2\/media\/35303"}],"wp:attachment":[{"href":"https:\/\/soydeaqui.ddns.net\/pachuca\/index.php\/wp-json\/wp\/v2\/media?parent=35304"}],"wp:term":[{"taxonomy":"product_brand","embeddable":true,"href":"https:\/\/soydeaqui.ddns.net\/pachuca\/index.php\/wp-json\/wp\/v2\/product_brand?post=35304"},{"taxonomy":"product_cat","embeddable":true,"href":"https:\/\/soydeaqui.ddns.net\/pachuca\/index.php\/wp-json\/wp\/v2\/product_cat?post=35304"},{"taxonomy":"product_tag","embeddable":true,"href":"https:\/\/soydeaqui.ddns.net\/pachuca\/index.php\/wp-json\/wp\/v2\/product_tag?post=35304"}],"curies":[{"name":"wp","href":"https:\/\/api.w.org\/{rel}","templated":true}]}}