{"id":35288,"date":"2026-03-18T15:41:15","date_gmt":"2026-03-18T15:41:15","guid":{"rendered":"https:\/\/soydeaqui.ddns.net\/pachuca\/index.php\/producto\/detector-industrial-con-sensor-remoto-para-cloro-ci2-0-5-ppm-modbus-salida-4-20-ma-3-relays-carcasa-de-aluminio-grado-marino-serie-sensepoint-xcd-rtd\/"},"modified":"2026-03-18T15:41:15","modified_gmt":"2026-03-18T15:41:15","slug":"detector-industrial-con-sensor-remoto-para-cloro-ci2-0-5-ppm-modbus-salida-4-20-ma-3-relays-carcasa-de-aluminio-grado-marino-serie-sensepoint-xcd-rtd","status":"publish","type":"product","link":"https:\/\/soydeaqui.ddns.net\/pachuca\/index.php\/producto\/detector-industrial-con-sensor-remoto-para-cloro-ci2-0-5-ppm-modbus-salida-4-20-ma-3-relays-carcasa-de-aluminio-grado-marino-serie-sensepoint-xcd-rtd\/","title":{"rendered":"Detector Industrial Con Sensor Remoto Para Cloro (CI2), 0-5 PPM, Modbus, Salida 4-20 mA, 3 Relays, Carcasa De Aluminio Grado Marino, Serie Sensepoint XCD RTD"},"content":{"rendered":"<div style='width: 100%; max-width: 1200px; margin: 0 auto; font-family: sans-serif; line-height: 1.6; color: inherit; background-color: transparent;'>\n<div style='display: flex; flex-wrap: wrap; gap: 30px; margin-bottom: 30px;'>\n<div style='flex: 1 1 300px; min-width: 280px;'>\n<h3 style='font-size: 22px; border-bottom: 2px solid currentColor; padding-bottom: 5px; margin-top: 0; color: inherit; opacity: 0.8;'>Caracter\u00edsticas principales<\/h3>\n<p style='font-size: 15px; color: inherit; text-align: justify; margin-bottom: 15px;'>Sensepoint XCD RTD de Honeywell Analytics resulta beneficioso para su equipo de mantenimiento&comma; sus periodos laborales y su presupuesto general a la hora de afrontar los desaf\u00edos de la supervisi\u00f3n de gases t\u00f3xicos en las \u00e1reas Div. 2&comma; Clase 1. Puede instalar la unidad a una distancia de hasta 30 metros del transmisor a fin de obtener la m\u00e1xima cobertura de detecci\u00f3n de gases en \u00e1reas de dif\u00edcil acceso o donde el sensor no ser\u00eda visible&comma; como en \u00e1reas ocultas de alto o bajo nivel&comma; o cuando se realiza la detecci\u00f3n fuera de la sala que se supervisa.<\/p>\n<p style='font-size: 15px; color: inherit; text-align: justify; margin-bottom: 15px;'>XCD RTD ofrece un rendimiento y una flexibilidad inigualables a trav\u00e9s de una pantalla f\u00e1cilmente reconocible (patr\u00f3n de sem\u00e1foro) que permite transmitir el estado de seguridad&comma; las opciones de montaje y comunicaci\u00f3n y los diagn\u00f3sticos de a bordo.<\/p>\n<p style='font-size: 15px; color: inherit; text-align: justify; margin-bottom: 15px;'>Obtenga mayor rentabilidad en las inversiones a partir de las ventajas pr\u00e1cticas del XCD RTD. Los sensores de ox\u00edgeno y gases t\u00f3xicos Sensepoint detectan una gran variedad de gases industriales en rangos de medici\u00f3n comunes&comma; lo cual a\u00f1ade flexibilidad a su programa de monitorizaci\u00f3n de gases&comma; reduce los costes de contrataci\u00f3n de piezas y expande su red de seguridad.<\/p>\n<\/p><\/div>\n<div style='flex: 1 1 300px; min-width: 280px;'>\n<h3 style='font-size: 22px; border-bottom: 2px solid currentColor; padding-bottom: 5px; margin-top: 0; color: inherit; opacity: 0.8;'>Caracter\u00edsticas t\u00e9cnicas<\/h3>\n<ul style='padding-left: 20px; font-size: 15px; color: inherit; list-style-type: disc;'>\n<li style='margin-bottom: 5px; text-align: justify;'>La monitorizaci\u00f3n remota de gases nunca ha sido tan f\u00e1cil ni econ\u00f3mica. Instale el sensor como se muestra en la ilustraci\u00f3n y visualice el estado de seguridad del gas con la pantalla grande tricolor del transmisor&comma; que puede encontrarse a una distancia de hasta 30 metros del sensor.<\/li>\n<li style='margin-bottom: 5px; text-align: justify;'>Las ventajas de este sistema de supervisi\u00f3n remota son una mayor seguridad y un menor tiempo destinado al mantenimiento. No hay necesidad de que su equipo suba escaleras o utilice dispositivos especializados para visualizar las lecturas de concentraci\u00f3n de gas o para llevar a cabo una auditor\u00eda de seguridad.<\/li>\n<li style='margin-bottom: 5px; text-align: justify;'>Adem\u00e1s&comma; el dise\u00f1o del sensor extra\u00edble de Sensepoint XCD RTD reduce el tiempo de inactividad y elimina la necesidad de formaci\u00f3n especializada.<\/li>\n<\/ul><\/div>\n<\/p><\/div>\n<div style='display: flex; flex-wrap: wrap; gap: 20px; margin-bottom: 30px;'>\n<div style='flex: 1 1 250px; border: 1px solid rgba(150&comma; 150&comma; 150&comma; 0.4); border-radius: 8px; overflow: hidden; display: flex; flex-direction: column;'>\n<div style='padding: 15px; border-bottom: 1px solid rgba(150&comma; 150&comma; 150&comma; 0.2); font-weight: bold; font-size: 18px; color: inherit;'>Caracter\u00edsticas adicionales<\/div>\n<div style='padding: 15px; color: inherit;'>\n<ul style='padding-left: 20px; margin: 0; font-size: 14px; list-style-type: disc;'>\n<li style='margin-bottom: 5px;'>Reducci\u00f3n de costes de contrataci\u00f3n y disponibilidad con una plataforma com\u00fan de transmisor<\/li>\n<li style='margin-bottom: 5px;'>Reduzca los gastos y el tiempo de mantenimiento con un funcionamiento no intrusivo y un solo operario<\/li>\n<li style='margin-bottom: 5px;'>Simplifique el mantenimiento con un sensor extra\u00edble y enchufable<\/li>\n<\/ul><\/div>\n<\/p><\/div>\n<div style='flex: 1 1 250px; border: 1px solid rgba(150&comma; 150&comma; 150&comma; 0.4); border-radius: 8px; overflow: hidden; display: flex; flex-direction: column;'>\n<div style='padding: 15px; border-bottom: 1px solid rgba(150&comma; 150&comma; 150&comma; 0.2); font-weight: bold; font-size: 18px; color: inherit;'>Ventajas principales<\/div>\n<div style='padding: 15px; color: inherit;'>\n<ul style='padding-left: 20px; margin: 0; font-size: 14px; list-style-type: disc;'>\n<li style='margin-bottom: 5px;'>Reduzca el tiempo de inspecci\u00f3n y formaci\u00f3n con la pantalla sem\u00e1foro tricolor que permite conocer el estado de seguridad de solo un vistazo<\/li>\n<li style='margin-bottom: 5px;'>Simplifique los procesos de configuraci\u00f3n e instalaci\u00f3n con conmutadores magn\u00e9ticos no intrusivos<\/li>\n<\/ul><\/div>\n<\/p><\/div>\n<div style='flex: 1 1 250px; border: 1px solid rgba(150&comma; 150&comma; 150&comma; 0.4); border-radius: 8px; overflow: hidden; display: flex; flex-direction: column;'>\n<div style='padding: 15px; border-bottom: 1px solid rgba(150&comma; 150&comma; 150&comma; 0.2); font-weight: bold; font-size: 18px; color: inherit;'>Especificaciones<\/div>\n<div style='padding: 15px; color: inherit;'>\n<ul style='padding-left: 20px; margin: 0; font-size: 14px; list-style-type: disc;'>\n<li style='margin-bottom: 5px;'>Extienda el elemento de detecci\u00f3n de gas a una distancia de hasta 30 metros del transmisor: montaje en \u00e1reas de mayor dificultad de acceso<\/li>\n<li style='margin-bottom: 5px;'>Reduzca las probabilidades de que se produzca un error humano con el diagn\u00f3stico de a bordo y la pantalla de f\u00e1cil lectura<\/li>\n<li style='margin-bottom: 5px;'>Proteja el dispositivo de la entrada de agua y suciedad con la caja de aluminio o acero inoxidable IP66\/67<\/li>\n<li style='margin-bottom: 5px;'>Evite que se produzcan falsas alarmas con la inhibici\u00f3n autom\u00e1tica durante el mantenimiento<\/li>\n<li style='margin-bottom: 5px;'>Salida de 4-20 mA con emisor o receptor seleccionables: configuraci\u00f3n remota o integral<\/li>\n<li style='margin-bottom: 5px;'>La gama completa de accesorios y opciones de compra le permiten elegir el sistema de supervisi\u00f3n remoto adecuado para sus aplicaciones<\/li>\n<\/ul><\/div>\n<\/p><\/div>\n<\/p><\/div>\n<hr style='border: 0; border-top: 1px solid rgba(150&comma; 150&comma; 150&comma; 0.3); margin: 30px 0;'>\n<div style='display: flex; flex-wrap: wrap; gap: 20px; margin-bottom: 30px;'>\n<div style='flex: 1 1 250px; border: 1px solid rgba(150&comma; 150&comma; 150&comma; 0.4); border-radius: 8px; overflow: hidden; display: flex; flex-direction: column;'>\n<div style='padding: 15px; border-bottom: 1px solid rgba(150&comma; 150&comma; 150&comma; 0.2); font-weight: bold; font-size: 18px; color: inherit;'>Reducci\u00f3n de costes<\/div>\n<div style='padding: 15px; color: inherit;'>\n<ul style='padding-left: 20px; margin: 0; font-size: 14px; list-style-type: disc;'>\n<li style='margin-bottom: 5px;'>Reduzca el coste de propiedad durante toda la vida \u00fatil del producto<\/li>\n<\/ul><\/div>\n<\/p><\/div>\n<\/p><\/div>\n<\/p><\/div>\n","protected":false},"excerpt":{"rendered":"<p>Detector Industrial Con Sensor Remoto Para Cloro (CI2), 0-5 PPM, Modbus, Salida 4-20 mA, 3 Relays, Carcasa De Aluminio Grado Marino, Serie Sensepoint XCD RTD<\/p>\n","protected":false},"featured_media":35287,"comment_status":"open","ping_status":"closed","template":"","meta":[],"product_brand":[],"product_cat":[987],"product_tag":[988,522,1014],"class_list":{"0":"post-35288","1":"product","2":"type-product","3":"status-publish","4":"has-post-thumbnail","6":"product_cat-detectores-de-gases","7":"product_tag-detectores-de-gases","8":"product_tag-dispositivos-convencionales","9":"product_tag-honeywell-analytics","11":"first","12":"outofstock","13":"sale","14":"shipping-taxable","15":"purchasable","16":"product-type-simple"},"_links":{"self":[{"href":"https:\/\/soydeaqui.ddns.net\/pachuca\/index.php\/wp-json\/wp\/v2\/product\/35288","targetHints":{"allow":["GET"]}}],"collection":[{"href":"https:\/\/soydeaqui.ddns.net\/pachuca\/index.php\/wp-json\/wp\/v2\/product"}],"about":[{"href":"https:\/\/soydeaqui.ddns.net\/pachuca\/index.php\/wp-json\/wp\/v2\/types\/product"}],"replies":[{"embeddable":true,"href":"https:\/\/soydeaqui.ddns.net\/pachuca\/index.php\/wp-json\/wp\/v2\/comments?post=35288"}],"wp:featuredmedia":[{"embeddable":true,"href":"https:\/\/soydeaqui.ddns.net\/pachuca\/index.php\/wp-json\/wp\/v2\/media\/35287"}],"wp:attachment":[{"href":"https:\/\/soydeaqui.ddns.net\/pachuca\/index.php\/wp-json\/wp\/v2\/media?parent=35288"}],"wp:term":[{"taxonomy":"product_brand","embeddable":true,"href":"https:\/\/soydeaqui.ddns.net\/pachuca\/index.php\/wp-json\/wp\/v2\/product_brand?post=35288"},{"taxonomy":"product_cat","embeddable":true,"href":"https:\/\/soydeaqui.ddns.net\/pachuca\/index.php\/wp-json\/wp\/v2\/product_cat?post=35288"},{"taxonomy":"product_tag","embeddable":true,"href":"https:\/\/soydeaqui.ddns.net\/pachuca\/index.php\/wp-json\/wp\/v2\/product_tag?post=35288"}],"curies":[{"name":"wp","href":"https:\/\/api.w.org\/{rel}","templated":true}]}}