{"id":35285,"date":"2026-03-18T15:41:11","date_gmt":"2026-03-18T15:41:11","guid":{"rendered":"https:\/\/soydeaqui.ddns.net\/pachuca\/index.php\/producto\/sistema-de-rellenado-de-cartuchos-de-agua-destilada-para-detectores-cirrus-hybrid\/"},"modified":"2026-03-18T15:41:13","modified_gmt":"2026-03-18T15:41:13","slug":"sistema-de-rellenado-de-cartuchos-de-agua-destilada-para-detectores-cirrus-hybrid","status":"publish","type":"product","link":"https:\/\/soydeaqui.ddns.net\/pachuca\/index.php\/producto\/sistema-de-rellenado-de-cartuchos-de-agua-destilada-para-detectores-cirrus-hybrid\/","title":{"rendered":"Sistema de rellenado de cartuchos de agua destilada para Detectores Cirrus Hybrid"},"content":{"rendered":"<div style='width: 100%; max-width: 1200px; margin: 0 auto; font-family: sans-serif; line-height: 1.6; color: inherit; background-color: transparent;'>\n<div style='display: flex; flex-wrap: wrap; gap: 30px; margin-bottom: 30px;'>\n<div style='flex: 1 1 300px; min-width: 280px;'>\n<h3 style='font-size: 22px; border-bottom: 2px solid currentColor; padding-bottom: 5px; margin-top: 0; color: inherit; opacity: 0.8;'>Caracter\u00edsticas<\/h3>\n<ul style='padding-left: 20px; font-size: 15px; color: inherit;'>\n<li style='margin-bottom: 5px;'>Sistema de rellenado de cartuchos de agua destilada para Detectores Cirrus Hybrid<\/li>\n<li style='margin-bottom: 5px;'>Incluye: 1 Garraf\u00f3n con 1 gal\u00f3n de Agua Destilada certificada por SAFE con caja&comma; v\u00e1lvula y tubo para rellenar cartuchos de agua<\/li>\n<li style='margin-bottom: 5px;'>Instrucciones: Este garraf\u00f3n se pondr\u00e1 sobre una superficie plana&comma; se pone el tubo en el cartucho rellenable&comma; se abre la v\u00e1lvula y se llena el cartucho hasta la l\u00ednea de llenado<\/li>\n<li style='margin-bottom: 5px;'>Uno de estos garrafones puede rellenar hasta 14 cartuchos de agua rellenable<\/li>\n<\/ul><\/div>\n<\/p><\/div>\n<\/p><\/div>\n","protected":false},"excerpt":{"rendered":"<p>Sistema de rellenado de cartuchos de agua destilada para Detectores Cirrus Hybrid<\/p>\n","protected":false},"featured_media":35284,"comment_status":"open","ping_status":"closed","template":"","meta":[],"product_brand":[],"product_cat":[977],"product_tag":[978,979,980],"class_list":{"0":"post-35285","1":"product","2":"type-product","3":"status-publish","4":"has-post-thumbnail","6":"product_cat-detectores-por-aspiracion","7":"product_tag-aplicaciones-especiales","8":"product_tag-detectores-por-aspiracion","9":"product_tag-safe-fire-detection-inc","11":"first","12":"outofstock","13":"sale","14":"shipping-taxable","15":"purchasable","16":"product-type-simple"},"_links":{"self":[{"href":"https:\/\/soydeaqui.ddns.net\/pachuca\/index.php\/wp-json\/wp\/v2\/product\/35285","targetHints":{"allow":["GET"]}}],"collection":[{"href":"https:\/\/soydeaqui.ddns.net\/pachuca\/index.php\/wp-json\/wp\/v2\/product"}],"about":[{"href":"https:\/\/soydeaqui.ddns.net\/pachuca\/index.php\/wp-json\/wp\/v2\/types\/product"}],"replies":[{"embeddable":true,"href":"https:\/\/soydeaqui.ddns.net\/pachuca\/index.php\/wp-json\/wp\/v2\/comments?post=35285"}],"wp:featuredmedia":[{"embeddable":true,"href":"https:\/\/soydeaqui.ddns.net\/pachuca\/index.php\/wp-json\/wp\/v2\/media\/35284"}],"wp:attachment":[{"href":"https:\/\/soydeaqui.ddns.net\/pachuca\/index.php\/wp-json\/wp\/v2\/media?parent=35285"}],"wp:term":[{"taxonomy":"product_brand","embeddable":true,"href":"https:\/\/soydeaqui.ddns.net\/pachuca\/index.php\/wp-json\/wp\/v2\/product_brand?post=35285"},{"taxonomy":"product_cat","embeddable":true,"href":"https:\/\/soydeaqui.ddns.net\/pachuca\/index.php\/wp-json\/wp\/v2\/product_cat?post=35285"},{"taxonomy":"product_tag","embeddable":true,"href":"https:\/\/soydeaqui.ddns.net\/pachuca\/index.php\/wp-json\/wp\/v2\/product_tag?post=35285"}],"curies":[{"name":"wp","href":"https:\/\/api.w.org\/{rel}","templated":true}]}}