{"id":35273,"date":"2026-03-18T15:40:56","date_gmt":"2026-03-18T15:40:56","guid":{"rendered":"https:\/\/soydeaqui.ddns.net\/pachuca\/index.php\/producto\/supervisor-de-presion-de-dos-contactos-spdt-ajustable-10-a-60-psi\/"},"modified":"2026-03-18T15:40:57","modified_gmt":"2026-03-18T15:40:57","slug":"supervisor-de-presion-de-dos-contactos-spdt-ajustable-10-a-60-psi","status":"publish","type":"product","link":"https:\/\/soydeaqui.ddns.net\/pachuca\/index.php\/producto\/supervisor-de-presion-de-dos-contactos-spdt-ajustable-10-a-60-psi\/","title":{"rendered":"Supervisor de Presi\u00f3n de dos Contactos SPDT Ajustable 10 a 60 PSI"},"content":{"rendered":"<div style='width: 100%; max-width: 1200px; margin: 0 auto; font-family: sans-serif; line-height: 1.6; color: inherit; background-color: transparent;'>\n<div style='display: flex; flex-wrap: wrap; gap: 30px; margin-bottom: 30px;'>\n<div style='flex: 1 1 300px; min-width: 280px;'>\n<h3 style='font-size: 22px; border-bottom: 2px solid currentColor; padding-bottom: 5px; margin-top: 0; color: inherit; opacity: 0.8;'>Descripci\u00f3n<\/h3>\n<p style='font-size: 15px; color: inherit; margin-bottom: 15px;'>Los interruptores accionados por presi\u00f3n de supervisi\u00f3n Potter serie PS25 est\u00e1n dise\u00f1ados principalmente para detectar un aumento y\/o disminuci\u00f3n de la presi\u00f3n normal del sistema en sistemas autom\u00e1ticos de rociadores contra incendios.<\/p>\n<p style='font-size: 15px; color: inherit; margin-bottom: 15px;'>Aplicaciones t\u00edpicas incluyen: supervisi\u00f3n de aire\/nitr\u00f3geno en tuber\u00edas secas y sistemas de acci\u00f3n previa&comma; presi\u00f3n de tanques&comma; suministros de aire y suministros de agua. La PS25-2 tiene dos interruptores.<\/p>\n<p style='font-size: 15px; color: inherit; margin-bottom: 15px;'>El interruptor de nivel bajo est\u00e1 configurado de f\u00e1brica para activarse a aproximadamente 18 psi (1&comma;2 bar) al disminuir la presi\u00f3n. El interruptor alto est\u00e1 configurado de f\u00e1brica para activarse a aproximadamente 28 psi (1&comma;9 bar) al aumentar la presi\u00f3n.<\/p>\n<p style='font-size: 15px; color: inherit; margin-bottom: 15px;'>NFPA 72 requiere una se\u00f1al de supervisi\u00f3n tanto para condiciones de alta como de baja presi\u00f3n. La PS25 viene configurada de f\u00e1brica para una presi\u00f3n de aire normal de 23 psi. Consulte el encabezado de la secci\u00f3n Ajustes y pruebas si no est\u00e1 configurado en f\u00e1brica.<\/p>\n<\/p><\/div>\n<\/p><\/div>\n<div style='display: flex; flex-wrap: wrap; gap: 20px; margin-bottom: 30px;'>\n<div style='flex: 1 1 250px; border: 1px solid rgba(150&comma; 150&comma; 150&comma; 0.4); border-radius: 8px; overflow: hidden; display: flex; flex-direction: column;'>\n<div style='padding: 15px; border-bottom: 1px solid rgba(150&comma; 150&comma; 150&comma; 0.2); font-weight: bold; font-size: 18px; color: inherit;'>Caracter\u00edsticas<\/div>\n<div style='padding: 15px; color: inherit;'>\n<ul style='padding-left: 20px; margin: 0; font-size: 14px; list-style-type: disc;'>\n<li style='margin-bottom: 5px;'>Modelo de dos interruptores<\/li>\n<li style='margin-bottom: 5px;'>Ajuste independiente de interruptores&comma; no se necesitan herramientas<\/li>\n<li style='margin-bottom: 5px;'>Dos entradas de cable\/conduit de 1\/2&#8242;<\/li>\n<li style='margin-bottom: 5px;'>C\u00e1maras de cableado separadas e independientes<\/li>\n<li style='margin-bottom: 5px;'>Conexi\u00f3n de presi\u00f3n no corrosiva<\/li>\n<li style='margin-bottom: 5px;'>Carcaza no conductiva<\/li>\n<li style='margin-bottom: 5px;'>Versi\u00f3n VdS disponible<\/li>\n<\/ul><\/div>\n<\/p><\/div>\n<\/p><\/div>\n<hr style='border: 0; border-top: 1px solid rgba(150&comma; 150&comma; 150&comma; 0.3); margin: 30px 0;'> <\/div>\n","protected":false},"excerpt":{"rendered":"<p>Supervisor de Presi\u00f3n de dos Contactos SPDT Ajustable 10 a 60 PSI<\/p>\n","protected":false},"featured_media":35272,"comment_status":"open","ping_status":"closed","template":"","meta":[],"product_brand":[],"product_cat":[998],"product_tag":[999,522,1046],"class_list":{"0":"post-35273","1":"product","2":"type-product","3":"status-publish","4":"has-post-thumbnail","6":"product_cat-detectores-de-flujo-y-presion","7":"product_tag-detectores-de-flujo-y-presion","8":"product_tag-dispositivos-convencionales","9":"product_tag-potter","11":"first","12":"instock","13":"sale","14":"shipping-taxable","15":"purchasable","16":"product-type-simple"},"_links":{"self":[{"href":"https:\/\/soydeaqui.ddns.net\/pachuca\/index.php\/wp-json\/wp\/v2\/product\/35273","targetHints":{"allow":["GET"]}}],"collection":[{"href":"https:\/\/soydeaqui.ddns.net\/pachuca\/index.php\/wp-json\/wp\/v2\/product"}],"about":[{"href":"https:\/\/soydeaqui.ddns.net\/pachuca\/index.php\/wp-json\/wp\/v2\/types\/product"}],"replies":[{"embeddable":true,"href":"https:\/\/soydeaqui.ddns.net\/pachuca\/index.php\/wp-json\/wp\/v2\/comments?post=35273"}],"wp:featuredmedia":[{"embeddable":true,"href":"https:\/\/soydeaqui.ddns.net\/pachuca\/index.php\/wp-json\/wp\/v2\/media\/35272"}],"wp:attachment":[{"href":"https:\/\/soydeaqui.ddns.net\/pachuca\/index.php\/wp-json\/wp\/v2\/media?parent=35273"}],"wp:term":[{"taxonomy":"product_brand","embeddable":true,"href":"https:\/\/soydeaqui.ddns.net\/pachuca\/index.php\/wp-json\/wp\/v2\/product_brand?post=35273"},{"taxonomy":"product_cat","embeddable":true,"href":"https:\/\/soydeaqui.ddns.net\/pachuca\/index.php\/wp-json\/wp\/v2\/product_cat?post=35273"},{"taxonomy":"product_tag","embeddable":true,"href":"https:\/\/soydeaqui.ddns.net\/pachuca\/index.php\/wp-json\/wp\/v2\/product_tag?post=35273"}],"curies":[{"name":"wp","href":"https:\/\/api.w.org\/{rel}","templated":true}]}}