{"id":35258,"date":"2026-03-18T15:40:36","date_gmt":"2026-03-18T15:40:36","guid":{"rendered":"https:\/\/soydeaqui.ddns.net\/pachuca\/index.php\/producto\/supervisor-de-baja-presion-de-10-20-psi\/"},"modified":"2026-03-18T15:40:37","modified_gmt":"2026-03-18T15:40:37","slug":"supervisor-de-baja-presion-de-10-20-psi","status":"publish","type":"product","link":"https:\/\/soydeaqui.ddns.net\/pachuca\/index.php\/producto\/supervisor-de-baja-presion-de-10-20-psi\/","title":{"rendered":"Supervisor de Baja Presion de 10 &#8211; 20 PSI"},"content":{"rendered":"<div style='width: 100%; max-width: 1200px; margin: 0 auto; font-family: sans-serif; line-height: 1.6; color: inherit; background-color: transparent;'>\n<div style='margin-bottom: 30px;'>\n<p style='margin: 0 0 15px; color: inherit; font-size: 15px;'> <span>Interruptores accionados por presi\u00f3n de supervisi\u00f3n Potter serie PS15 est\u00e1n dise\u00f1ados principalmente para detectar un aumento y\/o disminuci\u00f3n de presi\u00f3n normal del sistema en sistemas autom\u00e1ticos de rociadores contra incendios. T\u00edpicas aplicaciones son: supervisi\u00f3n de aire\/nitr\u00f3geno en tuber\u00edas secas y sistemas de acci\u00f3n previa&comma; tanques de presi\u00f3n&comma; suministros de aire y suministros de agua. El PS15 tiene dos interruptores. El interruptor Bajo est\u00e1 configurado de f\u00e1brica para activarse aproximadamente 10 psi (0&comma;35 bar) al disminuir la presi\u00f3n. El alto interruptor est\u00e1 configurado de f\u00e1brica para activarse a aproximadamente 20 psi (1&comma;4 bar) en un aumento de presi\u00f3n. Consulte el encabezado de la secci\u00f3n Ajustes y pruebas si se requiere un punto distinto al establecido de f\u00e1brica.<\/span> <\/p>\n<\/p><\/div>\n<div style='display: flex; flex-wrap: wrap; gap: 30px; margin-bottom: 30px;'>\n<div style='flex: 1 1 300px; min-width: 280px;'>\n<h3 style='font-size: 22px; border-bottom: 2px solid currentColor; padding-bottom: 5px; margin-top: 0; color: inherit; opacity: 0.8;'>Caracter\u00edsticas<\/h3>\n<ul style='padding-left: 20px; font-size: 15px; color: inherit; list-style-type: disc;'>\n<li style='margin-bottom: 5px;'>Uno o dos modelos de interruptor disponibles<\/li>\n<li style='margin-bottom: 5px;'>Ajuste de interruptor independiente en dos modelos de interruptor&comma; sin herramientas necesario<\/li>\n<li style='margin-bottom: 5px;'>Dos entradas para conductos\/cables de 1\/2\u201d<\/li>\n<li style='margin-bottom: 5px;'>C\u00e1maras de cableado aisladas separadas<\/li>\n<li style='margin-bottom: 5px;'>Conexi\u00f3n de presi\u00f3n no corrosiva<\/li>\n<li style='margin-bottom: 5px;'>Caja no conductora<\/li>\n<\/ul><\/div>\n<\/p><\/div>\n<hr style='border: 0; border-top: 1px solid rgba(150&comma; 150&comma; 150&comma; 0.3); margin: 30px 0;'> <\/div>\n","protected":false},"excerpt":{"rendered":"<p>Supervisor de Baja Presion de 10 &#8211; 20 PSI<\/p>\n","protected":false},"featured_media":35257,"comment_status":"open","ping_status":"closed","template":"","meta":[],"product_brand":[],"product_cat":[998],"product_tag":[999,522,1046],"class_list":{"0":"post-35258","1":"product","2":"type-product","3":"status-publish","4":"has-post-thumbnail","6":"product_cat-detectores-de-flujo-y-presion","7":"product_tag-detectores-de-flujo-y-presion","8":"product_tag-dispositivos-convencionales","9":"product_tag-potter","11":"first","12":"instock","13":"sale","14":"shipping-taxable","15":"purchasable","16":"product-type-simple"},"_links":{"self":[{"href":"https:\/\/soydeaqui.ddns.net\/pachuca\/index.php\/wp-json\/wp\/v2\/product\/35258","targetHints":{"allow":["GET"]}}],"collection":[{"href":"https:\/\/soydeaqui.ddns.net\/pachuca\/index.php\/wp-json\/wp\/v2\/product"}],"about":[{"href":"https:\/\/soydeaqui.ddns.net\/pachuca\/index.php\/wp-json\/wp\/v2\/types\/product"}],"replies":[{"embeddable":true,"href":"https:\/\/soydeaqui.ddns.net\/pachuca\/index.php\/wp-json\/wp\/v2\/comments?post=35258"}],"wp:featuredmedia":[{"embeddable":true,"href":"https:\/\/soydeaqui.ddns.net\/pachuca\/index.php\/wp-json\/wp\/v2\/media\/35257"}],"wp:attachment":[{"href":"https:\/\/soydeaqui.ddns.net\/pachuca\/index.php\/wp-json\/wp\/v2\/media?parent=35258"}],"wp:term":[{"taxonomy":"product_brand","embeddable":true,"href":"https:\/\/soydeaqui.ddns.net\/pachuca\/index.php\/wp-json\/wp\/v2\/product_brand?post=35258"},{"taxonomy":"product_cat","embeddable":true,"href":"https:\/\/soydeaqui.ddns.net\/pachuca\/index.php\/wp-json\/wp\/v2\/product_cat?post=35258"},{"taxonomy":"product_tag","embeddable":true,"href":"https:\/\/soydeaqui.ddns.net\/pachuca\/index.php\/wp-json\/wp\/v2\/product_tag?post=35258"}],"curies":[{"name":"wp","href":"https:\/\/api.w.org\/{rel}","templated":true}]}}