{"id":35256,"date":"2026-03-18T15:40:34","date_gmt":"2026-03-18T15:40:34","guid":{"rendered":"https:\/\/soydeaqui.ddns.net\/pachuca\/index.php\/producto\/supervisor-de-baja-presion-de-4-15-psi\/"},"modified":"2026-03-18T15:40:34","modified_gmt":"2026-03-18T15:40:34","slug":"supervisor-de-baja-presion-de-4-15-psi","status":"publish","type":"product","link":"https:\/\/soydeaqui.ddns.net\/pachuca\/index.php\/producto\/supervisor-de-baja-presion-de-4-15-psi\/","title":{"rendered":"supervisor de baja presion de 4 &#8211;  15 psi"},"content":{"rendered":"<div style='width: 100%; max-width: 1200px; margin: 0 auto; font-family: sans-serif; line-height: 1.6; color: inherit;'>\n<div style='margin-bottom: 30px;'>\n<p style='font-size: 15px; color: inherit; margin: 0; padding: 0;'> Los interruptores accionados por presi\u00f3n Potter serie PS10 est\u00e1n dise\u00f1ados para la detecci\u00f3n de una condici\u00f3n de flujo de agua en sistemas autom\u00e1ticos de rociadores contra incendios de dise\u00f1os particulares&comma; como sistemas de tuber\u00edas h\u00famedas con v\u00e1lvulas de retenci\u00f3n de alarma&comma; tuber\u00edas secas&comma; v\u00e1lvulas de acci\u00f3n previa o de diluvio. La PS10 tambi\u00e9n es adecuada para proporcionar una se\u00f1al de supervisi\u00f3n de baja presi\u00f3n; ajustable entre 4 y 15 psi (0&comma;27 y 1&comma;03 BAR). <\/p>\n<\/p><\/div>\n<div style='display: flex; flex-wrap: wrap; gap: 30px; margin-bottom: 30px;'>\n<div style='flex: 1 1 300px; min-width: 280px;'>\n<h3 style='font-size: 22px; border-bottom: 2px solid currentColor; padding-bottom: 5px; margin-top: 0; color: inherit; opacity: 0.8;'>Caracter\u00edsticas<\/h3>\n<ul style='padding-left: 20px; font-size: 15px; color: inherit; list-style-type: disc;'>\n<li style='margin-bottom: 5px;'>Uno o dos modelos de interruptor disponibles<\/li>\n<li style='margin-bottom: 5px;'>Ajuste de interruptor independiente en dos modelos de interruptor&comma; sin herramientas necesario<\/li>\n<li style='margin-bottom: 5px;'>Dos entradas para conductos\/cables de 1\/2\u201d<\/li>\n<li style='margin-bottom: 5px;'>C\u00e1maras de cableado aisladas separadas<\/li>\n<li style='margin-bottom: 5px;'>Conexi\u00f3n de presi\u00f3n no corrosiva<\/li>\n<li style='margin-bottom: 5px;'>Caja no conductora<\/li>\n<\/ul><\/div>\n<\/p><\/div>\n<hr style='border: 0; border-top: 1px solid rgba(150&comma; 150&comma; 150&comma; 0.3); margin: 30px 0;'> <\/div>\n","protected":false},"excerpt":{"rendered":"<p>supervisor de baja presion de 4 &#8211;  15 psi<\/p>\n","protected":false},"featured_media":35255,"comment_status":"open","ping_status":"closed","template":"","meta":[],"product_brand":[],"product_cat":[998],"product_tag":[999,522,1046],"class_list":{"0":"post-35256","1":"product","2":"type-product","3":"status-publish","4":"has-post-thumbnail","6":"product_cat-detectores-de-flujo-y-presion","7":"product_tag-detectores-de-flujo-y-presion","8":"product_tag-dispositivos-convencionales","9":"product_tag-potter","11":"first","12":"instock","13":"sale","14":"shipping-taxable","15":"purchasable","16":"product-type-simple"},"_links":{"self":[{"href":"https:\/\/soydeaqui.ddns.net\/pachuca\/index.php\/wp-json\/wp\/v2\/product\/35256","targetHints":{"allow":["GET"]}}],"collection":[{"href":"https:\/\/soydeaqui.ddns.net\/pachuca\/index.php\/wp-json\/wp\/v2\/product"}],"about":[{"href":"https:\/\/soydeaqui.ddns.net\/pachuca\/index.php\/wp-json\/wp\/v2\/types\/product"}],"replies":[{"embeddable":true,"href":"https:\/\/soydeaqui.ddns.net\/pachuca\/index.php\/wp-json\/wp\/v2\/comments?post=35256"}],"wp:featuredmedia":[{"embeddable":true,"href":"https:\/\/soydeaqui.ddns.net\/pachuca\/index.php\/wp-json\/wp\/v2\/media\/35255"}],"wp:attachment":[{"href":"https:\/\/soydeaqui.ddns.net\/pachuca\/index.php\/wp-json\/wp\/v2\/media?parent=35256"}],"wp:term":[{"taxonomy":"product_brand","embeddable":true,"href":"https:\/\/soydeaqui.ddns.net\/pachuca\/index.php\/wp-json\/wp\/v2\/product_brand?post=35256"},{"taxonomy":"product_cat","embeddable":true,"href":"https:\/\/soydeaqui.ddns.net\/pachuca\/index.php\/wp-json\/wp\/v2\/product_cat?post=35256"},{"taxonomy":"product_tag","embeddable":true,"href":"https:\/\/soydeaqui.ddns.net\/pachuca\/index.php\/wp-json\/wp\/v2\/product_tag?post=35256"}],"curies":[{"name":"wp","href":"https:\/\/api.w.org\/{rel}","templated":true}]}}