{"id":35244,"date":"2026-03-18T15:40:24","date_gmt":"2026-03-18T15:40:24","guid":{"rendered":"https:\/\/soydeaqui.ddns.net\/pachuca\/index.php\/producto\/supervisor-de-doble-switch-de-alta-y-baja-presion-spdt-10-60-psi\/"},"modified":"2026-03-18T15:40:25","modified_gmt":"2026-03-18T15:40:25","slug":"supervisor-de-doble-switch-de-alta-y-baja-presion-spdt-10-60-psi","status":"publish","type":"product","link":"https:\/\/soydeaqui.ddns.net\/pachuca\/index.php\/producto\/supervisor-de-doble-switch-de-alta-y-baja-presion-spdt-10-60-psi\/","title":{"rendered":"Supervisor de Doble Switch  de Alta y Baja Presion SPDT 10-60 PSI"},"content":{"rendered":"<div style='width: 100%; max-width: 1200px; margin: 0 auto; font-family: sans-serif; line-height: 1.6; color: inherit; background-color: transparent;'>\n<div style='margin-bottom: 20px;'>\n<p style='font-size: 15px; margin: 0 0 15px 0; color: inherit;'> Los interruptores accionados por presi\u00f3n de supervisi\u00f3n Potter serie PS40 est\u00e1n dise\u00f1ados principalmente para detectar un aumento y\/o disminuci\u00f3n de la presi\u00f3n normal del sistema en sistemas autom\u00e1ticos de rociadores contra incendios. Las aplicaciones t\u00edpicas son: sistemas de tuber\u00edas secas&comma; supervisi\u00f3n de aire\/nitr\u00f3geno previa a la acci\u00f3n&comma; tanques de presi\u00f3n&comma; suministros de aire y suministros de agua. <\/p>\n<p style='font-size: 15px; margin: 0 0 15px 0; color: inherit;'> Los interruptores accionados por presi\u00f3n de supervisi\u00f3n Potter serie PS40 son dise\u00f1ados principalmente para detectar un aumento y\/o disminuci\u00f3n de la presi\u00f3n normal del sistema en sistemas autom\u00e1ticos de rociadores contra incendios. Aplicaciones t\u00edpicas son: supervisi\u00f3n de aire\/nitr\u00f3geno en tuber\u00edas secas y sistemas de acci\u00f3n previa&comma; presi\u00f3n tanques&comma; suministros de aire y suministros de agua. La PS40-1 tiene un interruptor y est\u00e1 configurado de f\u00e1brica para activarse a aproximadamente 30 psi (2&comma;1 bar) en una disminuci\u00f3n en presi\u00f3n. La PS40-2 tiene dos interruptores. El interruptor bajo est\u00e1 configurado de f\u00e1brica para activarse a aproximadamente 30 psi (2&comma;1 bar) al disminuir la presi\u00f3n. El interruptor Alto est\u00e1 configurado de f\u00e1brica para activarse a aproximadamente 50 psi (3&comma;5 bar) al aumentar la presi\u00f3n. NFPA 72 requiere una se\u00f1al de supervisi\u00f3n si la presi\u00f3n aumenta o disminuye en 10 psi de lo normal. La PS40 est\u00e1 configurada de f\u00e1brica para una presi\u00f3n de aire normal de 40 psi. Ver encabezado de secci\u00f3n Ajustes y pruebas si se requiere un punto de ajuste distinto al de f\u00e1brica. <\/p>\n<\/p><\/div>\n<div style='margin-bottom: 30px;'>\n<h3 style='font-size: 22px; border-bottom: 2px solid currentColor; padding-bottom: 5px; margin-top: 0; margin-bottom: 15px; color: inherit; opacity: 0.8;'>Caracter\u00edsticas<\/h3>\n<ul style='padding-left: 20px; font-size: 15px; color: inherit;'>\n<li style='margin-bottom: 5px;'>Uno o dos modelos de interruptor disponibles<\/li>\n<li style='margin-bottom: 5px;'>Ajuste de interruptor independiente en dos modelos de interruptor&comma; sin herramientas necesario<\/li>\n<li style='margin-bottom: 5px;'>Dos entradas para conductos\/cables de 1\/2\u201d<\/li>\n<li style='margin-bottom: 5px;'>C\u00e1maras de cableado aisladas separadas<\/li>\n<li style='margin-bottom: 5px;'>Conexi\u00f3n de presi\u00f3n no corrosiva<\/li>\n<li style='margin-bottom: 5px;'>Caja no conductora<\/li>\n<li style='margin-bottom: 5px;'>Versi\u00f3n VDS disponible<\/li>\n<\/ul><\/div>\n<hr style='border: 0; border-top: 1px solid rgba(150&comma; 150&comma; 150&comma; 0.3); margin: 30px 0;'> <\/div>\n","protected":false},"excerpt":{"rendered":"<p>Supervisor de Doble Switch  de Alta y Baja Presion SPDT 10-60 PSI<\/p>\n","protected":false},"featured_media":35243,"comment_status":"open","ping_status":"closed","template":"","meta":[],"product_brand":[],"product_cat":[998],"product_tag":[999,522,1046],"class_list":{"0":"post-35244","1":"product","2":"type-product","3":"status-publish","4":"has-post-thumbnail","6":"product_cat-detectores-de-flujo-y-presion","7":"product_tag-detectores-de-flujo-y-presion","8":"product_tag-dispositivos-convencionales","9":"product_tag-potter","11":"first","12":"instock","13":"sale","14":"shipping-taxable","15":"purchasable","16":"product-type-simple"},"_links":{"self":[{"href":"https:\/\/soydeaqui.ddns.net\/pachuca\/index.php\/wp-json\/wp\/v2\/product\/35244","targetHints":{"allow":["GET"]}}],"collection":[{"href":"https:\/\/soydeaqui.ddns.net\/pachuca\/index.php\/wp-json\/wp\/v2\/product"}],"about":[{"href":"https:\/\/soydeaqui.ddns.net\/pachuca\/index.php\/wp-json\/wp\/v2\/types\/product"}],"replies":[{"embeddable":true,"href":"https:\/\/soydeaqui.ddns.net\/pachuca\/index.php\/wp-json\/wp\/v2\/comments?post=35244"}],"wp:featuredmedia":[{"embeddable":true,"href":"https:\/\/soydeaqui.ddns.net\/pachuca\/index.php\/wp-json\/wp\/v2\/media\/35243"}],"wp:attachment":[{"href":"https:\/\/soydeaqui.ddns.net\/pachuca\/index.php\/wp-json\/wp\/v2\/media?parent=35244"}],"wp:term":[{"taxonomy":"product_brand","embeddable":true,"href":"https:\/\/soydeaqui.ddns.net\/pachuca\/index.php\/wp-json\/wp\/v2\/product_brand?post=35244"},{"taxonomy":"product_cat","embeddable":true,"href":"https:\/\/soydeaqui.ddns.net\/pachuca\/index.php\/wp-json\/wp\/v2\/product_cat?post=35244"},{"taxonomy":"product_tag","embeddable":true,"href":"https:\/\/soydeaqui.ddns.net\/pachuca\/index.php\/wp-json\/wp\/v2\/product_tag?post=35244"}],"curies":[{"name":"wp","href":"https:\/\/api.w.org\/{rel}","templated":true}]}}