{"id":35231,"date":"2026-03-18T15:40:07","date_gmt":"2026-03-18T15:40:07","guid":{"rendered":"https:\/\/soydeaqui.ddns.net\/pachuca\/index.php\/producto\/detector-combo-de-humo-co-autonomo-bateria-sellada-de-litio-de-10-anos-no-requiere-panel-diseno-ultra-delgado-no-requiere-cableado\/"},"modified":"2026-03-18T15:40:12","modified_gmt":"2026-03-18T15:40:12","slug":"detector-combo-de-humo-co-autonomo-bateria-sellada-de-litio-de-10-anos-no-requiere-panel-diseno-ultra-delgado-no-requiere-cableado","status":"publish","type":"product","link":"https:\/\/soydeaqui.ddns.net\/pachuca\/index.php\/producto\/detector-combo-de-humo-co-autonomo-bateria-sellada-de-litio-de-10-anos-no-requiere-panel-diseno-ultra-delgado-no-requiere-cableado\/","title":{"rendered":"Detector Combo de Humo\/CO, Aut\u00f3nomo, Bater\u00eda Sellada de Litio de 10 a\u00f1os, No Requiere Panel, Dise\u00f1o Ultra Delgado, No Requiere Cableado"},"content":{"rendered":"<div style='width: 100%; max-width: 1200px; margin: 0 auto; font-family: sans-serif; line-height: 1.6; color: inherit; background-color: transparent;'>\n<div style='display: flex; flex-wrap: wrap; gap: 30px; margin-bottom: 30px;'>\n<div style='flex: 1 1 300px; min-width: 280px;'>\n<h3 style='font-size: 22px; border-bottom: 2px solid currentColor; padding-bottom: 5px; margin-top: 0; color: inherit; opacity: 0.8;'>Caracter\u00edsticas Principales<\/h3>\n<ul style='padding-left: 20px; font-size: 15px; color: inherit;'>\n<li style='margin-bottom: 5px;'>Alarma combinada de bater\u00eda sellada de 10 a\u00f1os<\/li>\n<li style='margin-bottom: 5px;'>Sensor fotoel\u00e9ctrico para detecci\u00f3n de incendios lentos<\/li>\n<li style='margin-bottom: 5px;'>Sensor electroqu\u00edmico para detecci\u00f3n de mon\u00f3xido de carbono<\/li>\n<li style='margin-bottom: 5px;'>Dise\u00f1o ultra delgado&comma; la mitad del grosor de una alarma est\u00e1ndar<\/li>\n<li style='margin-bottom: 5px;'>Bater\u00eda de litio sellada de 10 a\u00f1os sin necesidad de reemplazo<\/li>\n<li style='margin-bottom: 5px;'>F\u00e1cil instalaci\u00f3n sin cableado ni electricista<\/li>\n<\/ul><\/div>\n<div style='flex: 1 1 300px; min-width: 280px;'>\n<h3 style='font-size: 22px; border-bottom: 2px solid currentColor; padding-bottom: 5px; margin-top: 0; color: inherit; opacity: 0.8;'>Especificaciones T\u00e9cnicas<\/h3>\n<ul style='padding-left: 20px; font-size: 15px; color: inherit;'>\n<li style='margin-bottom: 5px;'><strong>Fuente de alimentaci\u00f3n:<\/strong> Pilas<\/li>\n<li style='margin-bottom: 5px;'><strong>Tipo de bater\u00eda:<\/strong> Litio sellada de 10 a\u00f1os<\/li>\n<li style='margin-bottom: 5px;'><strong>Sensor:<\/strong> Fotoel\u00e9ctrico y electroqu\u00edmico<\/li>\n<li style='margin-bottom: 5px;'><strong>Salida de ruido:<\/strong> 85 dB en patr\u00f3n T3<\/li>\n<li style='margin-bottom: 5px;'><strong>Dimensiones:<\/strong> 5.67 x 1.13 x 5.67 pulgadas<\/li>\n<li style='margin-bottom: 5px;'><strong>Peso:<\/strong> 0.73 libras<\/li>\n<li style='margin-bottom: 5px;'><strong>Normas:<\/strong> UL 217 y UL 2034<\/li>\n<li style='margin-bottom: 5px;'><strong>Garant\u00eda:<\/strong> 10 a\u00f1os limitada<\/li>\n<\/ul><\/div>\n<\/p><\/div>\n<div style='display: flex; flex-wrap: wrap; gap: 20px; margin-bottom: 30px;'>\n<div style='flex: 1 1 250px; border: 1px solid rgba(150&comma; 150&comma; 150&comma; 0.4); border-radius: 8px; overflow: hidden; display: flex; flex-direction: column;'>\n<div style='padding: 15px; border-bottom: 1px solid rgba(150&comma; 150&comma; 150&comma; 0.2); font-weight: bold; font-size: 18px; color: inherit;'>Sensor Fotoel\u00e9ctrico<\/div>\n<div style='padding: 15px; color: inherit;'>\n<ul style='padding-left: 20px; margin: 0; font-size: 14px; list-style-type: disc;'>\n<li style='margin-bottom: 5px;'>Detecta part\u00edculas de humo grandes de incendios sin llama<\/li>\n<li style='margin-bottom: 5px;'>Distingue entre amenazas reales y falsas alarmas por vapor<\/li>\n<li style='margin-bottom: 5px;'>Tecnolog\u00eda Optipath 360\u00b0 para acceso directo al sensor<\/li>\n<\/ul><\/div>\n<\/p><\/div>\n<div style='flex: 1 1 250px; border: 1px solid rgba(150&comma; 150&comma; 150&comma; 0.4); border-radius: 8px; overflow: hidden; display: flex; flex-direction: column;'>\n<div style='padding: 15px; border-bottom: 1px solid rgba(150&comma; 150&comma; 150&comma; 0.2); font-weight: bold; font-size: 18px; color: inherit;'>Sensor de Mon\u00f3xido de Carbono<\/div>\n<div style='padding: 15px; color: inherit;'>\n<ul style='padding-left: 20px; margin: 0; font-size: 14px; list-style-type: disc;'>\n<li style='margin-bottom: 5px;'>Detecta fugas de CO de m\u00faltiples fuentes<\/li>\n<li style='margin-bottom: 5px;'>Sistema de entrada de humo patentado<\/li>\n<li style='margin-bottom: 5px;'>Ayuda a proteger contra el &#8216;asesino invisible&#8217; (CO)<\/li>\n<\/ul><\/div>\n<\/p><\/div>\n<div style='flex: 1 1 250px; border: 1px solid rgba(150&comma; 150&comma; 150&comma; 0.4); border-radius: 8px; overflow: hidden; display: flex; flex-direction: column;'>\n<div style='padding: 15px; border-bottom: 1px solid rgba(150&comma; 150&comma; 150&comma; 0.2); font-weight: bold; font-size: 18px; color: inherit;'>Dise\u00f1o y Funcionalidad<\/div>\n<div style='padding: 15px; color: inherit;'>\n<ul style='padding-left: 20px; margin: 0; font-size: 14px; list-style-type: disc;'>\n<li style='margin-bottom: 5px;'>Dise\u00f1o de perfil bajo y elegante<\/li>\n<li style='margin-bottom: 5px;'>Soporte de montaje con bloqueo giratorio<\/li>\n<li style='margin-bottom: 5px;'>Bot\u00f3n \u00fanico para silenciar y prueba<\/li>\n<li style='margin-bottom: 5px;'>Tecnolog\u00eda de detecci\u00f3n inteligente<\/li>\n<\/ul><\/div>\n<\/p><\/div>\n<\/p><\/div>\n<hr style='border: 0; border-top: 1px solid rgba(150&comma; 150&comma; 150&comma; 0.3); margin: 30px 0;'>\n<div style='display: flex; flex-wrap: wrap; gap: 30px; margin-bottom: 30px;'>\n<div style='flex: 1 1 300px; min-width: 280px;'>\n<h3 style='font-size: 22px; border-bottom: 2px solid currentColor; padding-bottom: 5px; margin-top: 0; color: inherit; opacity: 0.8;'>Detalles de Seguridad<\/h3>\n<ul style='padding-left: 20px; font-size: 15px; color: inherit;'>\n<li style='margin-bottom: 5px;'>Cumple con requisitos de California&comma; Nueva York y Nueva Jersey<\/li>\n<li style='margin-bottom: 5px;'>Resistente a manipulaciones con pasadores de bloqueo<\/li>\n<li style='margin-bottom: 5px;'>Funci\u00f3n de bloqueo opcional para seguridad adicional<\/li>\n<li style='margin-bottom: 5px;'>Alarma de 85 decibeles para despertar a los que duermen<\/li>\n<\/ul><\/div>\n<div style='flex: 1 1 300px; min-width: 280px;'>\n<h3 style='font-size: 22px; border-bottom: 2px solid currentColor; padding-bottom: 5px; margin-top: 0; color: inherit; opacity: 0.8;'>Instalaci\u00f3n y Mantenimiento<\/h3>\n<ul style='padding-left: 20px; font-size: 15px; color: inherit;'>\n<li style='margin-bottom: 5px;'>Instalaci\u00f3n sencilla sin necesidad de cableado<\/li>\n<li style='margin-bottom: 5px;'>Soporte de montaje con amplio rango de rotaci\u00f3n<\/li>\n<li style='margin-bottom: 5px;'>Temporizador de fin de vida para reemplazo programado<\/li>\n<li style='margin-bottom: 5px;'>Dise\u00f1o compacto que se integra con la decoraci\u00f3n<\/li>\n<\/ul><\/div>\n<\/p><\/div>\n<\/p><\/div>\n","protected":false},"excerpt":{"rendered":"<p>Detector Combo de Humo\/CO, Aut\u00f3nomo, Bater\u00eda Sellada de Litio de 10 a\u00f1os, No Requiere Panel, Dise\u00f1o Ultra Delgado, No Requiere Cableado<\/p>\n","protected":false},"featured_media":35230,"comment_status":"open","ping_status":"closed","template":"","meta":[],"product_brand":[],"product_cat":[223],"product_tag":[224,66,225],"class_list":{"0":"post-35231","1":"product","2":"type-product","3":"status-publish","4":"has-post-thumbnail","6":"product_cat-todo","7":"product_tag-detectores-autonomos","8":"product_tag-first-alert","9":"product_tag-todo","11":"first","12":"instock","13":"sale","14":"shipping-taxable","15":"purchasable","16":"product-type-simple"},"_links":{"self":[{"href":"https:\/\/soydeaqui.ddns.net\/pachuca\/index.php\/wp-json\/wp\/v2\/product\/35231","targetHints":{"allow":["GET"]}}],"collection":[{"href":"https:\/\/soydeaqui.ddns.net\/pachuca\/index.php\/wp-json\/wp\/v2\/product"}],"about":[{"href":"https:\/\/soydeaqui.ddns.net\/pachuca\/index.php\/wp-json\/wp\/v2\/types\/product"}],"replies":[{"embeddable":true,"href":"https:\/\/soydeaqui.ddns.net\/pachuca\/index.php\/wp-json\/wp\/v2\/comments?post=35231"}],"wp:featuredmedia":[{"embeddable":true,"href":"https:\/\/soydeaqui.ddns.net\/pachuca\/index.php\/wp-json\/wp\/v2\/media\/35230"}],"wp:attachment":[{"href":"https:\/\/soydeaqui.ddns.net\/pachuca\/index.php\/wp-json\/wp\/v2\/media?parent=35231"}],"wp:term":[{"taxonomy":"product_brand","embeddable":true,"href":"https:\/\/soydeaqui.ddns.net\/pachuca\/index.php\/wp-json\/wp\/v2\/product_brand?post=35231"},{"taxonomy":"product_cat","embeddable":true,"href":"https:\/\/soydeaqui.ddns.net\/pachuca\/index.php\/wp-json\/wp\/v2\/product_cat?post=35231"},{"taxonomy":"product_tag","embeddable":true,"href":"https:\/\/soydeaqui.ddns.net\/pachuca\/index.php\/wp-json\/wp\/v2\/product_tag?post=35231"}],"curies":[{"name":"wp","href":"https:\/\/api.w.org\/{rel}","templated":true}]}}