{"id":35221,"date":"2026-03-18T15:39:56","date_gmt":"2026-03-18T15:39:56","guid":{"rendered":"https:\/\/soydeaqui.ddns.net\/pachuca\/index.php\/producto\/alarma-de-humo-y-monoxido-de-carbono-ac-bateria-sellada-de-10-anos-advertencia-de-voz-con-ubicacion-indicador-de-alarma-con-bloqueo-sensor-fotoelectrico-y-electroquimico-interconexion-de-has\/"},"modified":"2026-03-18T15:39:56","modified_gmt":"2026-03-18T15:39:56","slug":"alarma-de-humo-y-monoxido-de-carbono-ac-bateria-sellada-de-10-anos-advertencia-de-voz-con-ubicacion-indicador-de-alarma-con-bloqueo-sensor-fotoelectrico-y-electroquimico-interconexion-de-has","status":"publish","type":"product","link":"https:\/\/soydeaqui.ddns.net\/pachuca\/index.php\/producto\/alarma-de-humo-y-monoxido-de-carbono-ac-bateria-sellada-de-10-anos-advertencia-de-voz-con-ubicacion-indicador-de-alarma-con-bloqueo-sensor-fotoelectrico-y-electroquimico-interconexion-de-has\/","title":{"rendered":"Alarma de Humo y Mon\u00f3xido de Carbono AC \/ Bater\u00eda Sellada de 10 A\u00f1os \/ Advertencia de Voz con Ubicaci\u00f3n \/ Indicador de Alarma con Bloqueo \/ Sensor Fotoel\u00e9ctrico y Electroqu\u00edmico \/ Interconexi\u00f3n de hasta 18"},"content":{"rendered":"<div style='width: 100%; max-width: 1200px; margin: 0 auto; font-family: sans-serif; line-height: 1.6; color: inherit; background-color: transparent;'>\n<div style='margin-bottom: 30px;'>\n<p style='font-size: 17px; line-height: 1.6; margin: 0 0 20px; color: inherit;'>La alarma de humo y mon\u00f3xido de carbono BRK Model SMCO110V-AC es un dispositivo avanzado que combina protecci\u00f3n contra humo y CO en una sola unidad. Con una bater\u00eda sellada de 10 a\u00f1os&comma; ofrece protecci\u00f3n continua sin necesidad de cambios de bater\u00eda y funciona durante cortes de energ\u00eda. Equipada con tecnolog\u00eda de sensores avanzada&comma; proporciona alertas tempranas y reduce las falsas alarmas por cocina. La funci\u00f3n de advertencia de voz con ubicaci\u00f3n informa claramente el tipo de peligro y su ubicaci\u00f3n&comma; mientras que el indicador de alarma con bloqueo identifica visualmente la unidad que inici\u00f3 la alarma o tiene baja bater\u00eda.<\/p>\n<\/p><\/div>\n<div style='margin-bottom: 30px;'>\n<h2 style='font-size: 24px; font-weight: 600; margin: 0 0 20px; color: inherit; border-bottom: 2px solid rgba(150&comma;150&comma;150&comma;0.3); padding-bottom: 5px; opacity: 0.8;'>Caracter\u00edsticas Principales<\/h2>\n<div style='display: flex; flex-wrap: wrap; gap: 20px;'>\n<div style='flex: 1 1 300px; min-width: 280px;'>\n<ul style='padding-left: 20px; font-size: 15px; margin: 15px 0; color: inherit;'>\n<li style='margin-bottom: 5px;'>Bater\u00eda sellada de litio de 10 a\u00f1os sin necesidad de cambios<\/li>\n<li style='margin-bottom: 5px;'>Advertencia de voz con ubicaci\u00f3n para identificar el peligro<\/li>\n<li style='margin-bottom: 5px;'>Indicador de alarma con bloqueo para identificar la unidad que inici\u00f3 la alarma<\/li>\n<li style='margin-bottom: 5px;'>Tecnolog\u00eda de sensores avanzada para menos falsas alarmas<\/li>\n<li style='margin-bottom: 5px;'>Bot\u00f3n de prueba\/silencio para silenciar temporalmente o probar la alarma<\/li>\n<li style='margin-bottom: 5px;'>Cubierta antipolvo para mantener la alarma limpia durante la construcci\u00f3n<\/li>\n<\/ul><\/div>\n<\/p><\/div>\n<\/p><\/div>\n<div style='margin-bottom: 30px;'>\n<h2 style='font-size: 24px; font-weight: 600; margin: 0 0 20px; color: inherit; border-bottom: 2px solid rgba(150&comma;150&comma;150&comma;0.3); padding-bottom: 5px; opacity: 0.8;'>Detalles T\u00e9cnicos<\/h2>\n<div style='display: flex; flex-wrap: wrap; gap: 20px;'>\n<div style='flex: 1 1 250px; border: 1px solid rgba(150&comma; 150&comma; 150&comma; 0.4); border-radius: 8px; overflow: hidden; display: flex; flex-direction: column; margin-bottom: 20px;'>\n<div style='padding: 15px; border-bottom: 1px solid rgba(150&comma; 150&comma; 150&comma; 0.2); font-weight: bold; font-size: 18px; color: inherit;'>Especificaciones<\/div>\n<div style='padding: 15px; color: inherit;'>\n<ul style='padding-left: 20px; margin: 0; font-size: 14px; list-style-type: disc;'>\n<li style='margin-bottom: 5px;'><strong>Dimensiones:<\/strong> 5.02&#8242; Di\u00e1metro x 1.9&#8242; Altura<\/li>\n<li style='margin-bottom: 5px;'><strong>Peso:<\/strong> 0.45 lb<\/li>\n<li style='margin-bottom: 5px;'><strong>Voltaje de operaci\u00f3n:<\/strong> 120V AC 60Hz<\/li>\n<li style='margin-bottom: 5px;'><strong>Bater\u00eda:<\/strong> 3V Litio<\/li>\n<li style='margin-bottom: 5px;'><strong>Rango de temperatura:<\/strong> 40\u00b0F (4.4\u00b0C) a 100\u00b0F (37.8\u00b0C)<\/li>\n<li style='margin-bottom: 5px;'><strong>Rango de humedad:<\/strong> 10% a 95% HR<\/li>\n<li style='margin-bottom: 5px;'><strong>Alarma de audio:<\/strong> 85dB a 10 pies<\/li>\n<\/ul><\/div>\n<\/p><\/div>\n<div style='flex: 1 1 250px; border: 1px solid rgba(150&comma; 150&comma; 150&comma; 0.4); border-radius: 8px; overflow: hidden; display: flex; flex-direction: column; margin-bottom: 20px;'>\n<div style='padding: 15px; border-bottom: 1px solid rgba(150&comma; 150&comma; 150&comma; 0.2); font-weight: bold; font-size: 18px; color: inherit;'>Interfaces y Conectividad<\/div>\n<div style='padding: 15px; color: inherit;'>\n<ul style='padding-left: 20px; margin: 0; font-size: 14px; list-style-type: disc;'>\n<li style='margin-bottom: 5px;'><strong>Interconexi\u00f3n:<\/strong> Hasta 18 unidades (m\u00e1ximo 12 alarmas de humo)<\/li>\n<li style='margin-bottom: 5px;'><strong>Conector:<\/strong> De enchufe para instalaci\u00f3n f\u00e1cil<\/li>\n<li style='margin-bottom: 5px;'><strong>Cable de interconexi\u00f3n:<\/strong> M\u00e1ximo de 1000 pies&comma; clasificado a 300V<\/li>\n<\/ul><\/div>\n<\/p><\/div>\n<\/p><\/div>\n<\/p><\/div>\n<div style='margin-bottom: 30px;'>\n<h2 style='font-size: 24px; font-weight: 600; margin: 0 0 20px; color: inherit; border-bottom: 2px solid rgba(150&comma;150&comma;150&comma;0.3); padding-bottom: 5px; opacity: 0.8;'>Aplicaciones y Casos de Uso<\/h2>\n<div style='display: flex; flex-wrap: wrap; gap: 20px;'>\n<div style='flex: 1 1 250px; border: 1px solid rgba(150&comma; 150&comma; 150&comma; 0.4); border-radius: 8px; overflow: hidden; display: flex; flex-direction: column; margin-bottom: 20px;'>\n<div style='padding: 15px; border-bottom: 1px solid rgba(150&comma; 150&comma; 150&comma; 0.2); font-weight: bold; font-size: 18px; color: inherit;'>Residencial<\/div>\n<div style='padding: 15px; color: inherit;'>\n<p style='margin: 0; font-size: 14px;'>Ideal para hogares que requieren protecci\u00f3n continua contra humo y mon\u00f3xido de carbono&comma; especialmente en \u00e1reas como cocinas&comma; dormitorios y s\u00f3tanos.<\/p>\n<\/p><\/div>\n<\/p><\/div>\n<div style='flex: 1 1 250px; border: 1px solid rgba(150&comma; 150&comma; 150&comma; 0.4); border-radius: 8px; overflow: hidden; display: flex; flex-direction: column; margin-bottom: 20px;'>\n<div style='padding: 15px; border-bottom: 1px solid rgba(150&comma; 150&comma; 150&comma; 0.2); font-weight: bold; font-size: 18px; color: inherit;'>Comercial<\/div>\n<div style='padding: 15px; color: inherit;'>\n<p style='margin: 0; font-size: 14px;'>Adecuado para peque\u00f1as empresas y oficinas que necesitan un sistema de alarma confiable y de bajo mantenimiento.<\/p>\n<\/p><\/div>\n<\/p><\/div>\n<div style='flex: 1 1 250px; border: 1px solid rgba(150&comma; 150&comma; 150&comma; 0.4); border-radius: 8px; overflow: hidden; display: flex; flex-direction: column; margin-bottom: 20px;'>\n<div style='padding: 15px; border-bottom: 1px solid rgba(150&comma; 150&comma; 150&comma; 0.2); font-weight: bold; font-size: 18px; color: inherit;'>Construcci\u00f3n<\/div>\n<div style='padding: 15px; color: inherit;'>\n<p style='margin: 0; font-size: 14px;'>La cubierta antipolvo lo hace perfecto para su uso durante la construcci\u00f3n&comma; manteniendo la alarma limpia y funcional.<\/p>\n<\/p><\/div>\n<\/p><\/div>\n<\/p><\/div>\n<\/p><\/div>\n<\/p><\/div>\n","protected":false},"excerpt":{"rendered":"<p>Alarma de Humo y Mon\u00f3xido de Carbono AC \/ Bater\u00eda Sellada de 10 A\u00f1os \/ Advertencia de Voz con Ubicaci\u00f3n \/ Indicador de Alarma con Bloqueo \/ Sensor Fotoel\u00e9ctrico y Electroqu\u00edmico \/ Interconexi\u00f3n de hasta 18<\/p>\n","protected":false},"featured_media":35220,"comment_status":"open","ping_status":"closed","template":"","meta":[],"product_brand":[],"product_cat":[992],"product_tag":[993,522,66],"class_list":{"0":"post-35221","1":"product","2":"type-product","3":"status-publish","4":"has-post-thumbnail","6":"product_cat-detectores-de-humo","7":"product_tag-detectores-de-humo","8":"product_tag-dispositivos-convencionales","9":"product_tag-first-alert","11":"first","12":"outofstock","13":"sale","14":"shipping-taxable","15":"purchasable","16":"product-type-simple"},"_links":{"self":[{"href":"https:\/\/soydeaqui.ddns.net\/pachuca\/index.php\/wp-json\/wp\/v2\/product\/35221","targetHints":{"allow":["GET"]}}],"collection":[{"href":"https:\/\/soydeaqui.ddns.net\/pachuca\/index.php\/wp-json\/wp\/v2\/product"}],"about":[{"href":"https:\/\/soydeaqui.ddns.net\/pachuca\/index.php\/wp-json\/wp\/v2\/types\/product"}],"replies":[{"embeddable":true,"href":"https:\/\/soydeaqui.ddns.net\/pachuca\/index.php\/wp-json\/wp\/v2\/comments?post=35221"}],"wp:featuredmedia":[{"embeddable":true,"href":"https:\/\/soydeaqui.ddns.net\/pachuca\/index.php\/wp-json\/wp\/v2\/media\/35220"}],"wp:attachment":[{"href":"https:\/\/soydeaqui.ddns.net\/pachuca\/index.php\/wp-json\/wp\/v2\/media?parent=35221"}],"wp:term":[{"taxonomy":"product_brand","embeddable":true,"href":"https:\/\/soydeaqui.ddns.net\/pachuca\/index.php\/wp-json\/wp\/v2\/product_brand?post=35221"},{"taxonomy":"product_cat","embeddable":true,"href":"https:\/\/soydeaqui.ddns.net\/pachuca\/index.php\/wp-json\/wp\/v2\/product_cat?post=35221"},{"taxonomy":"product_tag","embeddable":true,"href":"https:\/\/soydeaqui.ddns.net\/pachuca\/index.php\/wp-json\/wp\/v2\/product_tag?post=35221"}],"curies":[{"name":"wp","href":"https:\/\/api.w.org\/{rel}","templated":true}]}}