{"id":35207,"date":"2026-03-18T15:39:37","date_gmt":"2026-03-18T15:39:37","guid":{"rendered":"https:\/\/soydeaqui.ddns.net\/pachuca\/index.php\/producto\/detector-industrial-searchline-excel-de-ruta-abierta-para-gases-inflamables-rango-medio-tx-rx-40-a-120m-certificado-ul-con-parasol\/"},"modified":"2026-03-18T15:39:38","modified_gmt":"2026-03-18T15:39:38","slug":"detector-industrial-searchline-excel-de-ruta-abierta-para-gases-inflamables-rango-medio-tx-rx-40-a-120m-certificado-ul-con-parasol","status":"publish","type":"product","link":"https:\/\/soydeaqui.ddns.net\/pachuca\/index.php\/producto\/detector-industrial-searchline-excel-de-ruta-abierta-para-gases-inflamables-rango-medio-tx-rx-40-a-120m-certificado-ul-con-parasol\/","title":{"rendered":"Detector Industrial Searchline Excel De Ruta Abierta Para Gases Inflamables, Rango Medio TX\/RX 40 a 120m, Certificado UL, Con Parasol"},"content":{"rendered":"<div style='width: 100%; max-width: 1200px; margin: 0 auto; font-family: sans-serif; line-height: 1.6; color: inherit; background-color: transparent;'> <!-- T\u00edtulos centrales --> <\/p>\n<div style='text-align: center; margin-bottom: 30px;'>\n<h1 style='font-size: 24px; margin: 0 0 10px; color: inherit;'>Detectores Industriales Searchline Excel<\/h1>\n<h1 style='font-size: 24px; margin: 0; color: inherit;'>De Ruta Abierta Para Gases Inflamables<\/h1>\n<\/p><\/div>\n<p> <!-- Descripci\u00f3n general del producto --> <\/p>\n<div style='margin-bottom: 30px;'>\n<h2 style='font-size: 22px; border-bottom: 2px solid currentColor; padding-bottom: 5px; margin-top: 0; margin-bottom: 20px; color: inherit; opacity: 0.8;'>Descripci\u00f3n general del producto<\/h2>\n<p style='font-size: 15px; margin-bottom: 15px; color: inherit; text-align: justify;'>Searchline Excel es el detector de gas de paso abierto con infrarrojo m\u00e1s vendido del mundo&comma; con m\u00e1s de 6000 unidades instaladas en aplicaciones desafiantes de la industria. Desde el C\u00edrculo Polar \u00c1rtico hasta los desiertos de medio oriente&comma; los clientes han elegido una y otra vez Searchline Excel como su opci\u00f3n preferida.<\/p>\n<p style='font-size: 15px; margin-bottom: 15px; color: inherit; text-align: justify;'>El dise\u00f1o b\u00e1sico de Searchline Excel ha permanecido sin modificaciones desde el lanzamiento original y mantiene el liderazgo en el campo.<\/p>\n<p style='font-size: 15px; margin-bottom: 15px; color: inherit; text-align: justify;'>Searchline Excel es completamente inmune a las interferencias de la luz solar o cualquier otra fuente de radiaci\u00f3n&comma; como los quemadores de gases residuales&comma; las soldaduras de arco y los rayos.<\/p>\n<p style='font-size: 15px; margin-bottom: 15px; color: inherit; text-align: justify;'>El dise\u00f1o \u00f3ptico patentado que se utiliza en Searchline Excel ha demostrado ser la \u00fanica soluci\u00f3n disponible adecuada para todos los desaf\u00edos que presenta la detecci\u00f3n de gas. A diferencia de algunos dispositivos de la competencia&comma; no intenta ocultar deficiencias fundamentales de dise\u00f1o con el uso de m\u00e1scaras de software que pueden comprometer la capacidad de la unidad para detectar gases.<\/p>\n<p style='font-size: 15px; margin-bottom: 15px; color: inherit; text-align: justify;'>Searchline Excel emplea un filtro de paso de doble banda patentado que compensa completamente todos los tipos de niebla y\/o lluvia&comma; lo que permite continuar funcionando con precisi\u00f3n y confiabilidad en todas las condiciones clim\u00e1ticas.<\/p>\n<\/p><\/div>\n<p> <!-- Caracter\u00edsticas y beneficios --> <\/p>\n<div style='margin-bottom: 30px;'>\n<h3 style='font-size: 20px; margin-top: 0; margin-bottom: 15px; color: inherit; opacity: 0.8;'>Caracter\u00edsticas y beneficios adicionales<\/h3>\n<h4 style='font-size: 18px; margin-top: 0; margin-bottom: 10px; color: inherit; opacity: 0.8;'>\u00bfPor qu\u00e9 elegir la detecci\u00f3n de gas de paso abierto?<\/h4>\n<p style='font-size: 15px; margin-bottom: 20px; color: inherit; text-align: justify;'>Los detectores de paso abierto complementan el uso de los detectores de punto individual y ofrecen muchas ventajas importantes&comma; que incluyen lo siguiente:<\/p>\n<ul style='padding-left: 20px; font-size: 15px; margin-bottom: 30px; color: inherit;'>\n<li style='margin-bottom: 8px;'><strong>Mayor \u00e1rea de cobertura:<\/strong> mayor posibilidad de detectar cualquier filtraci\u00f3n<\/li>\n<li style='margin-bottom: 8px;'><strong>Muy alta velocidad de respuesta<\/strong><\/li>\n<li style='margin-bottom: 8px;'><strong>SIN modos de fallas sin detectar:<\/strong> no existe la posibilidad de un paso de gas bloqueado para el detector<\/li>\n<li style='margin-bottom: 8px;'><strong>La ubicaci\u00f3n del detector no es tan importante<\/strong><\/li>\n<li style='margin-bottom: 8px;'><strong>Indica la magnitud del peligro<\/strong><\/li>\n<li style='margin-bottom: 8px;'><strong>Alineaci\u00f3n del detector para muestras y referencia<\/strong> &#8211; Menor sensibilidad a la alineaci\u00f3n<\/li>\n<li style='margin-bottom: 8px;'><strong>Rendimiento garantizado<\/strong><\/li>\n<li style='margin-bottom: 8px;'><strong>Menor sensibilidad al oscurecimiento parcial<\/strong><\/li>\n<li style='margin-bottom: 8px;'><strong>Software port\u00e1til mejorado<\/strong><\/li>\n<li style='margin-bottom: 8px;'><strong>Confirmaci\u00f3n de alineaci\u00f3n simple<\/strong><\/li>\n<li style='margin-bottom: 8px;'><strong>Indicaci\u00f3n visual del objetivo y niveles de se\u00f1al actuales<\/strong><\/li>\n<li style='margin-bottom: 8px;'><strong>Compatible con los sistemas existentes<\/strong><\/li>\n<li style='margin-bottom: 8px;'><strong>Telescopio mejorado<\/strong> &#8211; Telescopio con prolongaci\u00f3n de alta potencia<\/li>\n<li style='margin-bottom: 8px;'><strong>Alineaci\u00f3n m\u00e1s f\u00e1cil con mayor zoom y aumento<\/strong><\/li>\n<li style='margin-bottom: 8px;'><strong>Dise\u00f1o s\u00f3lido resistente al impacto<\/strong><\/li>\n<li style='margin-bottom: 8px;'><strong>Gran velocidad de respuesta<\/strong> que proporciona una muy temprana advertencia<\/li>\n<li style='margin-bottom: 8px;'><strong>Alta sensibilidad<\/strong> que permite puntos de configuraci\u00f3n de alarma bajos<\/li>\n<li style='margin-bottom: 8px;'><strong>Dise\u00f1o sin alineaci\u00f3n<\/strong> que simplifica la instalaci\u00f3n<\/li>\n<li style='margin-bottom: 8px;'><strong>Flexibilidad del conducto y tolerancia a las vibraciones<\/strong> que mantienen el sistema en l\u00ednea<\/li>\n<li style='margin-bottom: 8px;'><strong>Instalaciones integrales para pruebas de gas en funcionamiento<\/strong> que permiten la comprobaci\u00f3n simple del sistema<\/li>\n<li style='margin-bottom: 8px;'><strong>Lentes resistentes a la contaminaci\u00f3n<\/strong> que reducen la necesidad de trabajos de mantenimiento no programados<\/li>\n<li style='margin-bottom: 8px;'><strong>No lo afecta la interferencia del vapor de agua<\/strong><\/li>\n<li style='margin-bottom: 8px;'><strong>Inmune a los venenos catal\u00edticos<\/strong><\/li>\n<li style='margin-bottom: 8px;'><strong>Funciona en atm\u00f3sferas inertes<\/strong><\/li>\n<\/ul><\/div>\n<p> <!-- Separador final --> <\/p>\n<hr style='border: 0; border-top: 1px solid rgba(150&comma; 150&comma; 150&comma; 0.3); margin: 30px 0;'> <\/div>\n","protected":false},"excerpt":{"rendered":"<p>Detector Industrial Searchline Excel De Ruta Abierta Para Gases Inflamables, Rango Medio TX\/RX 40 a 120m, Certificado UL, Con Parasol<\/p>\n","protected":false},"featured_media":35206,"comment_status":"open","ping_status":"closed","template":"","meta":[],"product_brand":[],"product_cat":[983],"product_tag":[978,984,1014],"class_list":{"0":"post-35207","1":"product","2":"type-product","3":"status-publish","4":"has-post-thumbnail","6":"product_cat-deteccion-lineal-de-temperatura","7":"product_tag-aplicaciones-especiales","8":"product_tag-deteccion-lineal-de-temperatura","9":"product_tag-honeywell-analytics","11":"first","12":"outofstock","13":"sale","14":"shipping-taxable","15":"purchasable","16":"product-type-simple"},"_links":{"self":[{"href":"https:\/\/soydeaqui.ddns.net\/pachuca\/index.php\/wp-json\/wp\/v2\/product\/35207","targetHints":{"allow":["GET"]}}],"collection":[{"href":"https:\/\/soydeaqui.ddns.net\/pachuca\/index.php\/wp-json\/wp\/v2\/product"}],"about":[{"href":"https:\/\/soydeaqui.ddns.net\/pachuca\/index.php\/wp-json\/wp\/v2\/types\/product"}],"replies":[{"embeddable":true,"href":"https:\/\/soydeaqui.ddns.net\/pachuca\/index.php\/wp-json\/wp\/v2\/comments?post=35207"}],"wp:featuredmedia":[{"embeddable":true,"href":"https:\/\/soydeaqui.ddns.net\/pachuca\/index.php\/wp-json\/wp\/v2\/media\/35206"}],"wp:attachment":[{"href":"https:\/\/soydeaqui.ddns.net\/pachuca\/index.php\/wp-json\/wp\/v2\/media?parent=35207"}],"wp:term":[{"taxonomy":"product_brand","embeddable":true,"href":"https:\/\/soydeaqui.ddns.net\/pachuca\/index.php\/wp-json\/wp\/v2\/product_brand?post=35207"},{"taxonomy":"product_cat","embeddable":true,"href":"https:\/\/soydeaqui.ddns.net\/pachuca\/index.php\/wp-json\/wp\/v2\/product_cat?post=35207"},{"taxonomy":"product_tag","embeddable":true,"href":"https:\/\/soydeaqui.ddns.net\/pachuca\/index.php\/wp-json\/wp\/v2\/product_tag?post=35207"}],"curies":[{"name":"wp","href":"https:\/\/api.w.org\/{rel}","templated":true}]}}