{"id":3520,"date":"2026-03-18T06:08:55","date_gmt":"2026-03-18T06:08:55","guid":{"rendered":"https:\/\/soydeaqui.ddns.net\/pachuca\/index.php\/producto\/detector-de-humo-autonomo-no-requiere-panel-con-boton-para-silenciar-sensor-por-ionizacion\/"},"modified":"2026-03-18T06:08:58","modified_gmt":"2026-03-18T06:08:58","slug":"detector-de-humo-autonomo-no-requiere-panel-con-boton-para-silenciar-sensor-por-ionizacion","status":"publish","type":"product","link":"https:\/\/soydeaqui.ddns.net\/pachuca\/index.php\/producto\/detector-de-humo-autonomo-no-requiere-panel-con-boton-para-silenciar-sensor-por-ionizacion\/","title":{"rendered":"Detector de Humo Aut\u00f3nomo, No Requiere Panel, Con Bot\u00f3n para Silenciar, Sensor por Ionizaci\u00f3n"},"content":{"rendered":"<div style='width: 100%; max-width: 1200px; margin: 0 auto; font-family: sans-serif; line-height: 1.6; color: inherit; background-color: transparent;'>\n<div style='display: flex; flex-wrap: wrap; gap: 30px; margin-bottom: 30px;'>\n<div style='flex: 1 1 300px; min-width: 280px;'>\n<h3 style='font-size: 22px; border-bottom: 2px solid currentColor; padding-bottom: 5px; margin-top: 0; color: inherit; opacity: 0.8;'>Descripci\u00f3n del producto<\/h3>\n<p style='font-size: 15px; color: inherit; text-align: justify;'>El detector de humo por ionizaci\u00f3n <strong>1039796<\/strong> de First Alert es una opci\u00f3n ideal para la detecci\u00f3n de humo esencial. Este detector de humo utiliza tecnolog\u00eda de detecci\u00f3n de humo por ionizaci\u00f3n con un dise\u00f1o de recolecci\u00f3n de humo mejorado que es ideal para detectar humo de incendios con llamas. La operaci\u00f3n conveniente con un solo bot\u00f3n le permite silenciar las falsas alarmas y probar la alarma contra incendios para asegurarse de que funciona.<\/p>\n<ul style='padding-left: 20px; font-size: 15px; color: inherit;'>\n<li style='margin-bottom: 5px; text-align: justify;'><strong>Detector de humo<\/strong>: Detecta el humo de los incendios en llamas<\/li>\n<li style='margin-bottom: 5px; text-align: justify;'><strong>Tecnolog\u00eda<\/strong>: Detecci\u00f3n de humo por ionizaci\u00f3n con dise\u00f1o mejorado de recolecci\u00f3n de humo<\/li>\n<li style='margin-bottom: 5px; text-align: justify;'><strong>Sirena<\/strong>: Alarma fuerte de 85 decibelios dise\u00f1ada para escucharse f\u00e1cilmente<\/li>\n<li style='margin-bottom: 5px; text-align: justify;'><strong>Compartimiento de bater\u00eda<\/strong>: Carga lateral y bloqueo antirrobo<\/li>\n<li style='margin-bottom: 5px; text-align: justify;'><strong>Operaci\u00f3n<\/strong>: Bot\u00f3n \u00fanico de prueba\/silencio para una operaci\u00f3n simple<\/li>\n<\/ul><\/div>\n<\/p><\/div>\n<div style='display: flex; flex-wrap: wrap; gap: 20px; margin-bottom: 30px;'>\n<div style='flex: 1 1 250px; border: 1px solid rgba(150&comma; 150&comma; 150&comma; 0.4); border-radius: 8px; overflow: hidden; display: flex; flex-direction: column;'>\n<div style='padding: 15px; border-bottom: 1px solid rgba(150&comma; 150&comma; 150&comma; 0.2); font-weight: bold; font-size: 18px; color: inherit;'>Caracter\u00edsticas t\u00e9cnicas<\/div>\n<div style='padding: 15px; color: inherit;'>\n<ul style='padding-left: 20px; margin: 0; font-size: 14px; list-style-type: disc;'>\n<li style='margin-bottom: 5px;'><strong>Sensor:<\/strong> Ionizaci\u00f3n<\/li>\n<li style='margin-bottom: 5px;'><strong>Fuente de alimentaci\u00f3n:<\/strong> Bater\u00eda de 9 Vcd (incluida)<\/li>\n<li style='margin-bottom: 5px;'><strong>Interconectividad:<\/strong> No<\/li>\n<li style='margin-bottom: 5px;'><strong>Est\u00e1ndar:<\/strong> UL217<\/li>\n<li style='margin-bottom: 5px;'><strong>Bater\u00eda reemplazable:<\/strong> S\u00ed<\/li>\n<\/ul><\/div>\n<\/p><\/div>\n<div style='flex: 1 1 250px; border: 1px solid rgba(150&comma; 150&comma; 150&comma; 0.4); border-radius: 8px; overflow: hidden; display: flex; flex-direction: column;'>\n<div style='padding: 15px; border-bottom: 1px solid rgba(150&comma; 150&comma; 150&comma; 0.2); font-weight: bold; font-size: 18px; color: inherit;'>Dimensiones<\/div>\n<div style='padding: 15px; color: inherit;'>\n<ul style='padding-left: 20px; margin: 0; font-size: 14px; list-style-type: disc;'>\n<li style='margin-bottom: 5px;'><strong>Altura:<\/strong> 4.34 in (110 mm)<\/li>\n<li style='margin-bottom: 5px;'><strong>Longitud:<\/strong> 4.34 in (110 mm)<\/li>\n<li style='margin-bottom: 5px;'><strong>Ancho:<\/strong> 1.9 in (48 mm)<\/li>\n<li style='margin-bottom: 5px;'><strong>Peso:<\/strong> 0.54 lb (245 g)<\/li>\n<\/ul><\/div>\n<\/p><\/div>\n<div style='flex: 1 1 250px; border: 1px solid rgba(150&comma; 150&comma; 150&comma; 0.4); border-radius: 8px; overflow: hidden; display: flex; flex-direction: column;'>\n<div style='padding: 15px; border-bottom: 1px solid rgba(150&comma; 150&comma; 150&comma; 0.2); font-weight: bold; font-size: 18px; color: inherit;'>Caracter\u00edsticas adicionales<\/div>\n<div style='padding: 15px; color: inherit;'>\n<ul style='padding-left: 20px; margin: 0; font-size: 14px; list-style-type: disc;'>\n<li style='margin-bottom: 5px;'><strong>Detecci\u00f3n:<\/strong> Humo de incendios con llamas<\/li>\n<li style='margin-bottom: 5px;'><strong>Indicador:<\/strong> Luz de encendido parpadeante<\/li>\n<li style='margin-bottom: 5px;'><strong>Instalaci\u00f3n:<\/strong> Pared o techo<\/li>\n<li style='margin-bottom: 5px;'><strong>Uso:<\/strong> Casas rodantes y veh\u00edculos recreativos<\/li>\n<li style='margin-bottom: 5px;'><strong>Compartimiento:<\/strong> Carga lateral con bloqueo antirrobo<\/li>\n<\/ul><\/div>\n<\/p><\/div>\n<\/p><\/div>\n<div style='display: flex; flex-wrap: wrap; gap: 30px; margin-bottom: 30px;'>\n<div style='flex: 1 1 300px; min-width: 280px;'>\n<h3 style='font-size: 22px; border-bottom: 2px solid currentColor; padding-bottom: 5px; margin-top: 0; color: inherit; opacity: 0.8;'>Operaci\u00f3n<\/h3>\n<p style='font-size: 15px; color: inherit; text-align: justify;'>Este detector de humo utiliza un solo bot\u00f3n para una operaci\u00f3n simple. Presione el bot\u00f3n en la parte frontal de la alarma contra incendios para silenciar las falsas alarmas del humo de la cocina o el vapor de la ducha&comma; as\u00ed como para probar la alarma y asegurarse de que funciona. Una luz de encendido parpadeante le informa que la alarma de humo est\u00e1 operativa&comma; mientras que una alerta de bater\u00eda baja le permite saber cu\u00e1ndo es el momento de cambiar la bater\u00eda.<\/p>\n<\/p><\/div>\n<\/p><\/div>\n<div style='display: flex; flex-wrap: wrap; gap: 30px; margin-bottom: 30px;'>\n<div style='flex: 1 1 300px; min-width: 280px;'>\n<h3 style='font-size: 22px; border-bottom: 2px solid currentColor; padding-bottom: 5px; margin-top: 0; color: inherit; opacity: 0.8;'>Operaci\u00f3n de bater\u00eda<\/h3>\n<p style='font-size: 15px; color: inherit; text-align: justify;'>Una sola bater\u00eda de 9 voltios alimenta el detector de humo First Alert SA303&comma; y hay un caj\u00f3n de bater\u00eda de carga lateral que se abre para facilitar el reemplazo de la bater\u00eda. La alarma contra incendios cuenta con un pasador opcional para bloquear la bater\u00eda y el detector en su lugar para evitar la manipulaci\u00f3n&comma; de modo que ni la bater\u00eda ni el detector de humo se puedan quitar sin las herramientas adecuadas. Este detector de humo se puede instalar f\u00e1cilmente en la pared o el techo&comma; y es adecuado para su uso en casas rodantes y veh\u00edculos recreativos.<\/p>\n<\/p><\/div>\n<\/p><\/div>\n<div style='display: flex; flex-wrap: wrap; gap: 30px; margin-bottom: 30px;'>\n<div style='flex: 1 1 300px; min-width: 280px;'>\n<h3 style='font-size: 22px; border-bottom: 2px solid currentColor; padding-bottom: 5px; margin-top: 0; color: inherit; opacity: 0.8;'>V\u00eddeos<\/h3>\n<div style='display: flex; flex-direction: column; gap: 30px;'>\n<div style='position: relative; padding-bottom: 56.25%; height: 0; overflow: hidden;'>   <\/div>\n<div style='position: relative; padding-bottom: 56.25%; height: 0; overflow: hidden;'>   <\/div>\n<div style='position: relative; padding-bottom: 56.25%; height: 0; overflow: hidden;'>   <\/div>\n<div style='position: relative; padding-bottom: 56.25%; height: 0; overflow: hidden;'>   <\/div>\n<\/p><\/div>\n<\/p><\/div>\n<\/p><\/div>\n<div style='display: flex; flex-wrap: wrap; gap: 30px; margin-bottom: 30px;'>\n<div style='flex: 1 1 300px; min-width: 280px;'>\n<h3 style='font-size: 22px; border-bottom: 2px solid currentColor; padding-bottom: 5px; margin-top: 0; color: inherit; opacity: 0.8;'>Modelos<\/h3>\n<p style='font-size: 15px; color: inherit; text-align: justify;'><strong>Modelo:<\/strong> SA303 (1039796)<\/p>\n<\/p><\/div>\n<\/p><\/div>\n<div style='display: flex; flex-wrap: wrap; gap: 30px; margin-bottom: 30px;'>\n<div style='flex: 1 1 300px; min-width: 280px;'>\n<h3 style='font-size: 22px; border-bottom: 2px solid currentColor; padding-bottom: 5px; margin-top: 0; color: inherit; opacity: 0.8;'>Sirena<\/h3>\n<p style='font-size: 15px; color: inherit; text-align: justify;'><strong>Salida de sirena:<\/strong> 85 decibelios<\/p>\n<\/p><\/div>\n<\/p><\/div>\n<div style='display: flex; flex-wrap: wrap; gap: 30px; margin-bottom: 30px;'>\n<div style='flex: 1 1 300px; min-width: 280px;'>\n<h3 style='font-size: 22px; border-bottom: 2px solid currentColor; padding-bottom: 5px; margin-top: 0; color: inherit; opacity: 0.8;'>Bot\u00f3n<\/h3>\n<p style='font-size: 15px; color: inherit; text-align: justify;'><strong>Funci\u00f3n:<\/strong> Prueba y silencio<\/p>\n<\/p><\/div>\n<\/p><\/div>\n<div style='display: flex; flex-wrap: wrap; gap: 30px; margin-bottom: 30px;'>\n<div style='flex: 1 1 300px; min-width: 280px;'>\n<h3 style='font-size: 22px; border-bottom: 2px solid currentColor; padding-bottom: 5px; margin-top: 0; color: inherit; opacity: 0.8;'>Aviso de bater\u00eda baja<\/h3>\n<p style='font-size: 15px; color: inherit; text-align: justify;'><strong>Caracter\u00edstica:<\/strong> Indicaci\u00f3n de bater\u00eda baja<\/p>\n<\/p><\/div>\n<\/p><\/div>\n<div style='display: flex; flex-wrap: wrap; gap: 30px; margin-bottom: 30px;'>\n<div style='flex: 1 1 300px; min-width: 280px;'>\n<h3 style='font-size: 22px; border-bottom: 2px solid currentColor; padding-bottom: 5px; margin-top: 0; color: inherit; opacity: 0.8;'>Especificaciones<\/h3>\n<p style='font-size: 15px; color: inherit; text-align: justify;'><strong>Estandar:<\/strong> UL 217<\/p>\n<\/p><\/div>\n<\/p><\/div>\n<div style='display: flex; flex-wrap: wrap; gap: 30px; margin-bottom: 30px;'>\n<div style='flex: 1 1 300px; min-width: 280px;'>\n<h3 style='font-size: 22px; border-bottom: 2px solid currentColor; padding-bottom: 5px; margin-top: 0; color: inherit; opacity: 0.8;'>Instalaci\u00f3n<\/h3>\n<p style='font-size: 15px; color: inherit; text-align: justify;'><strong>Ubicaci\u00f3n:<\/strong> Pared o techo<\/p>\n<\/p><\/div>\n<\/p><\/div>\n<div style='display: flex; flex-wrap: wrap; gap: 30px; margin-bottom: 30px;'>\n<div style='flex: 1 1 300px; min-width: 280px;'>\n<h3 style='font-size: 22px; border-bottom: 2px solid currentColor; padding-bottom: 5px; margin-top: 0; color: inherit; opacity: 0.8;'>Uso recomendado<\/h3>\n<p style='font-size: 15px; color: inherit; text-align: justify;'><strong>Aplicaci\u00f3n:<\/strong> Casas rodantes y veh\u00edculos recreativos<\/p>\n<\/p><\/div>\n<\/p><\/div>\n<div style='display: flex; flex-wrap: wrap; gap: 30px; margin-bottom: 30px;'>\n<div style='flex: 1 1 300px; min-width: 280px;'>\n<h3 style='font-size: 22px; border-bottom: 2px solid currentColor; padding-bottom: 5px; margin-top: 0; color: inherit; opacity: 0.8;'>Compartimiento de bater\u00eda<\/h3>\n<p style='font-size: 15px; color: inherit; text-align: justify;'><strong>Dise\u00f1o:<\/strong> Carga lateral con bloqueo antirrobo<\/p>\n<\/p><\/div>\n<\/p><\/div>\n<div style='display: flex; flex-wrap: wrap; gap: 30px; margin-bottom: 30px;'>\n<div style='flex: 1 1 300px; min-width: 280px;'>\n<h3 style='font-size: 22px; border-bottom: 2px solid currentColor; padding-bottom: 5px; margin-top: 0; color: inherit; opacity: 0.8;'>Indicador visual<\/h3>\n<p style='font-size: 15px; color: inherit; text-align: justify;'><strong>Funci\u00f3n:<\/strong> Luz de encendido parpadeante<\/p>\n<\/p><\/div>\n<\/p><\/div>\n<div style='display: flex; flex-wrap: wrap; gap: 30px; margin-bottom: 30px;'>\n<div style='flex: 1 1 300px; min-width: 280px;'>\n<h3 style='font-size: 22px; border-bottom: 2px solid currentColor; padding-bottom: 5px; margin-top: 0; color: inherit; opacity: 0.8;'>Bloqueo antirrobo<\/h3>\n<p style='font-size: 15px; color: inherit; text-align: justify;'><strong>Caracter\u00edstica:<\/strong> Pasador opcional para bloquear la bater\u00eda y el detector<\/p>\n<\/p><\/div>\n<\/p><\/div>\n<div style='display: flex; flex-wrap: wrap; gap: 30px; margin-bottom: 30px;'>\n<div style='flex: 1 1 300px; min-width: 280px;'>\n<h3 style='font-size: 22px; border-bottom: 2px solid currentColor; padding-bottom: 5px; margin-top: 0; color: inherit; opacity: 0.8;'>Im\u00e1genes<\/h3>\n<div style='display: flex; flex-wrap: wrap; gap: 15px;'> <img style='width: 100%; height: auto; border: 1px solid rgba(150&comma;150&comma;150&comma;0.3); border-radius: 8px;' src='https:\/\/www.firstalert.com\/on\/demandware.store\/Sites-firstalert-Site\/default\/Content-Show?cid=how-many-smoke-alarms-does-my-house-need' alt=''> <\/div>\n<\/p><\/div>\n<\/p><\/div>\n<\/p><\/div>\n","protected":false},"excerpt":{"rendered":"<p>Detector de Humo Aut\u00f3nomo, No Requiere Panel, Con Bot\u00f3n para Silenciar, Sensor por Ionizaci\u00f3n<\/p>\n","protected":false},"featured_media":3519,"comment_status":"open","ping_status":"closed","template":"","meta":[],"product_brand":[],"product_cat":[230],"product_tag":[231,19,66],"class_list":{"0":"post-3520","1":"product","2":"type-product","3":"status-publish","4":"has-post-thumbnail","6":"product_cat-autonomos","7":"product_tag-autonomos","8":"product_tag-detectores-sensores","9":"product_tag-first-alert","11":"first","12":"outofstock","13":"sale","14":"shipping-taxable","15":"purchasable","16":"product-type-simple"},"_links":{"self":[{"href":"https:\/\/soydeaqui.ddns.net\/pachuca\/index.php\/wp-json\/wp\/v2\/product\/3520","targetHints":{"allow":["GET"]}}],"collection":[{"href":"https:\/\/soydeaqui.ddns.net\/pachuca\/index.php\/wp-json\/wp\/v2\/product"}],"about":[{"href":"https:\/\/soydeaqui.ddns.net\/pachuca\/index.php\/wp-json\/wp\/v2\/types\/product"}],"replies":[{"embeddable":true,"href":"https:\/\/soydeaqui.ddns.net\/pachuca\/index.php\/wp-json\/wp\/v2\/comments?post=3520"}],"wp:featuredmedia":[{"embeddable":true,"href":"https:\/\/soydeaqui.ddns.net\/pachuca\/index.php\/wp-json\/wp\/v2\/media\/3519"}],"wp:attachment":[{"href":"https:\/\/soydeaqui.ddns.net\/pachuca\/index.php\/wp-json\/wp\/v2\/media?parent=3520"}],"wp:term":[{"taxonomy":"product_brand","embeddable":true,"href":"https:\/\/soydeaqui.ddns.net\/pachuca\/index.php\/wp-json\/wp\/v2\/product_brand?post=3520"},{"taxonomy":"product_cat","embeddable":true,"href":"https:\/\/soydeaqui.ddns.net\/pachuca\/index.php\/wp-json\/wp\/v2\/product_cat?post=3520"},{"taxonomy":"product_tag","embeddable":true,"href":"https:\/\/soydeaqui.ddns.net\/pachuca\/index.php\/wp-json\/wp\/v2\/product_tag?post=3520"}],"curies":[{"name":"wp","href":"https:\/\/api.w.org\/{rel}","templated":true}]}}