{"id":35192,"date":"2026-03-18T15:39:19","date_gmt":"2026-03-18T15:39:19","guid":{"rendered":"https:\/\/soydeaqui.ddns.net\/pachuca\/index.php\/producto\/monitor-de-gas-de-un-sensor-c1-d1-aluminio-incluye-tarjeta-relevadora-clase-1-div-2-no-incluye-detectores\/"},"modified":"2026-03-18T15:39:20","modified_gmt":"2026-03-18T15:39:20","slug":"monitor-de-gas-de-un-sensor-c1-d1-aluminio-incluye-tarjeta-relevadora-clase-1-div-2-no-incluye-detectores","status":"publish","type":"product","link":"https:\/\/soydeaqui.ddns.net\/pachuca\/index.php\/producto\/monitor-de-gas-de-un-sensor-c1-d1-aluminio-incluye-tarjeta-relevadora-clase-1-div-2-no-incluye-detectores\/","title":{"rendered":"Monitor de Gas de un Sensor C1 D1  | Aluminio | Incluye Tarjeta Relevadora | Clase 1 Div 2 | No Incluye Detectores"},"content":{"rendered":"<div style='width: 100%; max-width: 1200px; margin: 0 auto; font-family: sans-serif; line-height: 1.6; color: inherit; background-color: transparent;'>\n<div style='display: flex; flex-wrap: wrap; gap: 30px; margin-bottom: 30px;'>\n<div style='flex: 1 1 300px; min-width: 280px;'>\n<h3 style='font-size: 22px; border-bottom: 2px solid currentColor; padding-bottom: 5px; margin-top: 0; color: inherit; opacity: 0.8;'>Descripci\u00f3n General<\/h3>\n<p style='font-size: 15px; margin-bottom: 15px; color: inherit;'>El transmisor TracXP T40 es un detector de gas fijo altamente configurable que admite aplicaciones de sensor \u00fanico o doble en entornos de Clase 1 Divisi\u00f3n 1 o Clase 1 Divisi\u00f3n 2. Las opciones de sensores locales y remotos permiten que el T40 se adapte a una amplia variedad de aplicaciones industriales.<\/p>\n<p style='font-size: 15px; margin-bottom: 15px; color: inherit;'>Los sensores inteligentes TracXP simplifican la instalaci\u00f3n y configuraci\u00f3n del sensor al transferir la informaci\u00f3n del sensor al transmisor&comma; incluido el tipo de sensor&comma; el rango de medici\u00f3n&comma; los valores de rango de calibraci\u00f3n&comma; la fecha de la \u00faltima calibraci\u00f3n&comma; el n\u00famero de serie y la fecha de fabricaci\u00f3n.<\/p>\n<p style='font-size: 15px; margin-bottom: 15px; color: inherit;'>Cada detector requiere 88-1000-0040-00 + Sensor de GAS<\/p>\n<\/p><\/div>\n<\/p><\/div>\n<div style='display: flex; flex-wrap: wrap; gap: 30px; margin-bottom: 30px;'>\n<div style='flex: 1 1 300px; min-width: 280px;'>\n<h3 style='font-size: 22px; border-bottom: 2px solid currentColor; padding-bottom: 5px; margin-top: 0; color: inherit; opacity: 0.8;'>Caracter\u00edsticas Principales<\/h3>\n<ul style='padding-left: 20px; font-size: 15px; color: inherit;'>\n<li style='margin-bottom: 5px;'>Pantalla a color brillante y p\u00e1gina web incrustada para interfaz de usuario f\u00e1cil<\/li>\n<li style='margin-bottom: 5px;'>Pantalla que cambia de color para indicar el estado de la alarma<\/li>\n<li style='margin-bottom: 5px;'>Soporta conectividad Ethernet para transmisi\u00f3n de datos a trav\u00e9s de redes<\/li>\n<li style='margin-bottom: 5px;'>Capacidades de sensor remoto y m\u00faltiples modos de entrada (Modbus TCP&comma; Modbus RTU&comma; EC&comma; bridge y 4-20mA)<\/li>\n<li style='margin-bottom: 5px;'>Interruptores magn\u00e9ticos para calibraci\u00f3n f\u00e1cil en \u00e1reas peligrosas sin desclasificaci\u00f3n<\/li>\n<\/ul><\/div>\n<div style='flex: 1 1 300px; min-width: 280px;'>\n<h3 style='font-size: 22px; border-bottom: 2px solid currentColor; padding-bottom: 5px; margin-top: 0; color: inherit; opacity: 0.8;'>Caracter\u00edsticas Opcionales<\/h3>\n<ul style='padding-left: 20px; font-size: 15px; color: inherit;'>\n<li style='margin-bottom: 5px;'>Rel\u00e9s programables y rel\u00e9 de fallo dedicado<\/li>\n<li style='margin-bottom: 5px;'>Puertos RS-485 adicionales para comunicaci\u00f3n Modbus<\/li>\n<li style='margin-bottom: 5px;'>Certificado para varias ubicaciones peligrosas con opciones de carcasa a prueba de explosiones<\/li>\n<\/ul><\/div>\n<\/p><\/div>\n<div style='display: flex; flex-wrap: wrap; gap: 20px; margin-bottom: 30px;'>\n<div style='flex: 1 1 250px; border: 1px solid rgba(150&comma; 150&comma; 150&comma; 0.4); border-radius: 8px; overflow: hidden; display: flex; flex-direction: column;'>\n<div style='padding: 15px; border-bottom: 1px solid rgba(150&comma; 150&comma; 150&comma; 0.2); font-weight: bold; font-size: 18px; color: inherit;'>Especificaciones<\/div>\n<div style='padding: 15px; color: inherit;'>\n<ul style='padding-left: 20px; margin: 0; font-size: 14px; list-style-type: disc;'>\n<li style='margin-bottom: 5px;'><strong>Entrada de Energ\u00eda:<\/strong> 10-30VDC a 10W m\u00e1x.<\/li>\n<li style='margin-bottom: 5px;'><strong>Salida Est\u00e1ndar:<\/strong> Fuente de corriente de 3 hilos 4-20mA<\/li>\n<li style='margin-bottom: 5px;'><strong>Precisi\u00f3n:<\/strong> \u00b11% de escala completa<\/li>\n<li style='margin-bottom: 5px;'><strong>Pantalla:<\/strong> LCD de 240X320 p\u00edxeles con retroiluminaci\u00f3n LED<\/li>\n<li style='margin-bottom: 5px;'><strong>Rango de Temperatura:<\/strong> -40\u00baF a 140\u00baF (-40\u00b0C a 60\u00b0C) con m\u00ednima deriva<\/li>\n<\/ul><\/div>\n<\/p><\/div>\n<div style='flex: 1 1 250px; border: 1px solid rgba(150&comma; 150&comma; 150&comma; 0.4); border-radius: 8px; overflow: hidden; display: flex; flex-direction: column;'>\n<div style='padding: 15px; border-bottom: 1px solid rgba(150&comma; 150&comma; 150&comma; 0.2); font-weight: bold; font-size: 18px; color: inherit;'>Caracter\u00edsticas F\u00edsicas<\/div>\n<div style='padding: 15px; color: inherit;'>\n<ul style='padding-left: 20px; margin: 0; font-size: 14px; list-style-type: disc;'>\n<li style='margin-bottom: 5px;'><strong>Material:<\/strong> Aluminio<\/li>\n<li style='margin-bottom: 5px;'><strong>Clasificaci\u00f3n:<\/strong> Clase 1 Divisi\u00f3n 2<\/li>\n<li style='margin-bottom: 5px;'><strong>Caracter\u00edsticas:<\/strong> Incluye Tarjeta Relevadora<\/li>\n<li style='margin-bottom: 5px;'><strong>Sensores:<\/strong> No incluye detectores<\/li>\n<li style='margin-bottom: 5px;'><strong>Tipo:<\/strong> Sensor C1 D1<\/li>\n<\/ul><\/div>\n<\/p><\/div>\n<\/p><\/div>\n<div style='display: flex; flex-wrap: wrap; gap: 30px; margin-bottom: 30px;'>\n<div style='flex: 1 1 300px; min-width: 280px;'>\n<h3 style='font-size: 22px; border-bottom: 2px solid currentColor; padding-bottom: 5px; margin-top: 0; color: inherit; opacity: 0.8;'>Notas<\/h3>\n<p style='font-size: 15px; margin-bottom: 15px; color: inherit;'>La pantalla a color con indicaci\u00f3n del estado v\u00edvido y notificaci\u00f3n LED proporciona una verificaci\u00f3n visual superior de las condiciones seguras o inseguras. La interfaz magn\u00e9tica intuitiva no intrusiva y la p\u00e1gina web integrada hacen que la configuraci\u00f3n y la programaci\u00f3n sean r\u00e1pidas y sencillas. Los gabinetes de aluminio&comma; no met\u00e1licos (poli\u00e9ster) y de acero inoxidable brindan alternativas para cumplir con una amplia variedad de requisitos de costos y aplicaciones.<\/p>\n<p style='font-size: 15px; margin-bottom: 15px; color: inherit;'><strong>No incluye sensores ni accesorios&comma; solo es el monitor cotizar aparte.<\/strong><\/p>\n<\/p><\/div>\n<\/p><\/div>\n<div style='display: flex; flex-wrap: wrap; gap: 30px; margin-bottom: 30px;'>\n<div style='flex: 1 1 300px; min-width: 280px;'>\n<h3 style='font-size: 22px; border-bottom: 2px solid currentColor; padding-bottom: 5px; margin-top: 0; color: inherit; opacity: 0.8;'>Recursos<\/h3>\n<div style='margin-bottom: 30px;'>\n<div style='position: relative; padding-bottom: 56.25%; height: 0; overflow: hidden; margin-bottom: 30px;'>   <\/div>\n<p style='font-size: 15px; margin-bottom: 15px; color: inherit; text-align: center;'><strong>Calibraci\u00f3n<\/strong><\/p>\n<\/p><\/div>\n<div style='margin-bottom: 30px;'>\n<div style='position: relative; padding-bottom: 56.25%; height: 0; overflow: hidden; margin-bottom: 30px;'>   <\/div>\n<p style='font-size: 15px; margin-bottom: 15px; color: inherit; text-align: center;'><strong>Reemplazo del sensor<\/strong><\/p>\n<\/p><\/div>\n<\/p><\/div>\n<\/p><\/div>\n<hr style='border: 0; border-top: 1px solid rgba(150&comma; 150&comma; 150&comma; 0.3); margin: 30px 0;'> <\/div>\n","protected":false},"excerpt":{"rendered":"<p>Monitor de Gas de un Sensor C1 D1  | Aluminio | Incluye Tarjeta Relevadora | Clase 1 Div 2 | No Incluye Detectores<\/p>\n","protected":false},"featured_media":35191,"comment_status":"open","ping_status":"closed","template":"","meta":[],"product_brand":[],"product_cat":[987],"product_tag":[988,522,989],"class_list":{"0":"post-35192","1":"product","2":"type-product","3":"status-publish","4":"has-post-thumbnail","6":"product_cat-detectores-de-gases","7":"product_tag-detectores-de-gases","8":"product_tag-dispositivos-convencionales","9":"product_tag-macurco-aerionics","11":"first","12":"outofstock","13":"sale","14":"shipping-taxable","15":"purchasable","16":"product-type-simple"},"_links":{"self":[{"href":"https:\/\/soydeaqui.ddns.net\/pachuca\/index.php\/wp-json\/wp\/v2\/product\/35192","targetHints":{"allow":["GET"]}}],"collection":[{"href":"https:\/\/soydeaqui.ddns.net\/pachuca\/index.php\/wp-json\/wp\/v2\/product"}],"about":[{"href":"https:\/\/soydeaqui.ddns.net\/pachuca\/index.php\/wp-json\/wp\/v2\/types\/product"}],"replies":[{"embeddable":true,"href":"https:\/\/soydeaqui.ddns.net\/pachuca\/index.php\/wp-json\/wp\/v2\/comments?post=35192"}],"wp:featuredmedia":[{"embeddable":true,"href":"https:\/\/soydeaqui.ddns.net\/pachuca\/index.php\/wp-json\/wp\/v2\/media\/35191"}],"wp:attachment":[{"href":"https:\/\/soydeaqui.ddns.net\/pachuca\/index.php\/wp-json\/wp\/v2\/media?parent=35192"}],"wp:term":[{"taxonomy":"product_brand","embeddable":true,"href":"https:\/\/soydeaqui.ddns.net\/pachuca\/index.php\/wp-json\/wp\/v2\/product_brand?post=35192"},{"taxonomy":"product_cat","embeddable":true,"href":"https:\/\/soydeaqui.ddns.net\/pachuca\/index.php\/wp-json\/wp\/v2\/product_cat?post=35192"},{"taxonomy":"product_tag","embeddable":true,"href":"https:\/\/soydeaqui.ddns.net\/pachuca\/index.php\/wp-json\/wp\/v2\/product_tag?post=35192"}],"curies":[{"name":"wp","href":"https:\/\/api.w.org\/{rel}","templated":true}]}}