{"id":3518,"date":"2026-03-18T06:08:54","date_gmt":"2026-03-18T06:08:54","guid":{"rendered":"https:\/\/soydeaqui.ddns.net\/pachuca\/index.php\/producto\/kit-de-transmisor-receptor-inalambrico-distancia-maxima-de-transmision-2500-metros-linea-de-vista\/"},"modified":"2026-03-18T06:08:55","modified_gmt":"2026-03-18T06:08:55","slug":"kit-de-transmisor-receptor-inalambrico-distancia-maxima-de-transmision-2500-metros-linea-de-vista","status":"publish","type":"product","link":"https:\/\/soydeaqui.ddns.net\/pachuca\/index.php\/producto\/kit-de-transmisor-receptor-inalambrico-distancia-maxima-de-transmision-2500-metros-linea-de-vista\/","title":{"rendered":"KIT de Transmisor &#8211; Receptor inal\u00e1mbrico \/ Distancia m\u00e1xima de transmisi\u00f3n 2500 metros (Linea de vista)"},"content":{"rendered":"<div style='width: 100%; max-width: 1200px; margin: 0 auto; font-family: sans-serif; line-height: 1.6; color: inherit; background-color: transparent;'>\n<div style='display: flex; flex-wrap: wrap; gap: 30px; margin-bottom: 30px;'>\n<div style='flex: 1 1 300px; min-width: 280px;'>\n<h3 style='font-size: 22px; border-bottom: 2px solid currentColor; padding-bottom: 5px; margin-top: 0; color: inherit; opacity: 0.8;'>Caracter\u00edsticas Principales<\/h3>\n<ul style='padding-left: 20px; font-size: 15px; color: inherit;'>\n<li style='margin-bottom: 5px;'>Rango a l\u00ednea de vista: <strong>2500 metros *<\/strong><\/li>\n<li style='margin-bottom: 5px;'><strong>Uso en interior<\/strong><\/li>\n<li style='margin-bottom: 5px;'>Frecuencia de trabajo: 433.92Mhz<\/li>\n<li style='margin-bottom: 5px;'>Kit incluye SF-LORA-TRANS (alimentaci\u00f3n a bater\u00edas) y SF-LORA-REC2<\/li>\n<\/ul><\/div>\n<div style='flex: 1 1 300px; min-width: 280px;'>\n<h3 style='font-size: 22px; border-bottom: 2px solid currentColor; padding-bottom: 5px; margin-top: 0; color: inherit; opacity: 0.8;'>Caracter\u00edsticas F\u00edsicas y El\u00e9ctricas<\/h3>\n<ul style='padding-left: 20px; font-size: 15px; color: inherit;'>\n<li style='margin-bottom: 5px;'>Dimensiones: 115mm (Largo) x 100mm (Alto) x 40mm (Ancho)<\/li>\n<li style='margin-bottom: 5px;'>Antena: 190 mm<\/li>\n<li style='margin-bottom: 5px;'>Fuente recomendable: <a href='https:\/\/www.syscom.mx\/producto\/P12DC3A-EPCOM-POWERLINE-144801.html' style='color: inherit; text-decoration: underline;'>P12DC3A (para SFLORAREC2)<\/a><\/li>\n<li style='margin-bottom: 5px;'>Gabinete recomendable para exterior: <a href='https:\/\/www.syscom.mx\/producto\/TXG-01-49-TXPRO-81021.html' style='color: inherit; text-decoration: underline;'>TXG-01-49<\/a><\/li>\n<\/ul><\/div>\n<div style='flex: 1 1 300px; min-width: 280px;'>\n<h3 style='font-size: 22px; border-bottom: 2px solid currentColor; padding-bottom: 5px; margin-top: 0; color: inherit; opacity: 0.8;'>Caracter\u00edsticas Destacadas<\/h3>\n<ul style='padding-left: 20px; font-size: 15px; color: inherit;'>\n<li style='margin-bottom: 5px;'>Rango de temperatura a trabajar: -20 \u00b0C \/ +80 \u00b0C<\/li>\n<li style='margin-bottom: 5px;'>Integraci\u00f3n con cualquier panel de alarma mediante contacto seco<\/li>\n<li style='margin-bottom: 5px;'><strong>NOTAS DE APLICACION<\/strong>:<\/li>\n<li style='margin-bottom: 5px;'>1 <strong>SFLORATRANS<\/strong> soporta hasta 10 <strong>SFLORAREC2<\/strong> o <strong>SFLORAREC4<\/strong><\/li>\n<li style='margin-bottom: 5px;'>Separaci\u00f3n requerida de 5-7 metros entre transmisores\/receptores para evitar interferencias<\/li>\n<li style='margin-bottom: 5px;'><strong>*La distancia puede variar por interferencias en la radiofrecuencia u obst\u00e1culos met\u00e1licos<\/strong><\/li>\n<\/ul><\/div>\n<\/p><\/div>\n<hr style='border: 0; border-top: 1px solid rgba(150&comma; 150&comma; 150&comma; 0.3); margin: 30px 0;'>\n<div style='margin-bottom: 30px;'>\n<h2 style='font-size: 24px; text-align: center; margin-bottom: 20px; color: inherit;'>CONFIGURACIONES<\/h2>\n<\/p><\/div>\n<div style='display: flex; flex-wrap: wrap; gap: 20px; margin-bottom: 30px;'>\n<div style='flex: 1 1 400px; min-width: 300px;'>\n<div style='border: 1px solid rgba(150&comma; 150&comma; 150&comma; 0.4); border-radius: 8px; overflow: hidden;'>\n<div style='padding: 15px; border-bottom: 1px solid rgba(150&comma; 150&comma; 150&comma; 0.2); font-weight: bold; font-size: 18px; color: inherit;'> <a href='https:\/\/soporte.syscom.mx\/es\/articles\/6305081-sfire-anadir-sirenas-inalambricas-a-cualquier-panel-de-alarmas-mediante-equipos-sf-lora' style='color: inherit; text-decoration: underline;'>SFIRE &#8211; A\u00f1adir sirenas inal\u00e1mbricas a cualquier panel de alarmas mediante equipos SF-LORA<\/a> <\/div>\n<div style='padding: 15px; color: inherit;'>\n<p>El kit de transmisor\/receptor inal\u00e1mbrico SF-LORA le permitir\u00e1 a\u00f1adir sirenas inal\u00e1mbricas a cualquier panel de alarmas de manera sencilla y efectiva.<\/p>\n<p>Con un alcance de hasta 2500 metros a l\u00ednea de vista y compatibilidad con paneles de alarma mediante contacto seco&comma; es ideal para lugares donde la obra civil no se puede llevar a cabo o es muy costosa.<\/p>\n<\/p><\/div>\n<\/p><\/div>\n<\/p><\/div>\n<div style='flex: 1 1 400px; min-width: 300px;'>\n<div style='border: 1px solid rgba(150&comma; 150&comma; 150&comma; 0.4); border-radius: 8px; overflow: hidden;'>\n<div style='padding: 15px; border-bottom: 1px solid rgba(150&comma; 150&comma; 150&comma; 0.2); font-weight: bold; font-size: 18px; color: inherit;'> <a href='https:\/\/soporte.syscom.mx\/es\/articles\/6372765-sistema-de-botones-de-panico-con-sflora-y-videovigilancia' style='color: inherit; text-decoration: underline;'>SFIRE &#8211; Bot\u00f3n de p\u00e1nico a distancia integrando un SFLORAKIT a Videograbador<\/a> <\/div>\n<div style='padding: 15px; color: inherit;'>\n<p>El bot\u00f3n de p\u00e1nico a distancia&comma; integrado con el SFLORAKIT y un videograbador&comma; proporciona una soluci\u00f3n r\u00e1pida y eficaz para situaciones de emergencia.<\/p>\n<p>Ideal para entornos que requieren una respuesta inmediata y una supervisi\u00f3n constante&comma; mejorando as\u00ed la seguridad de los usuarios.<\/p>\n<\/p><\/div>\n<\/p><\/div>\n<\/p><\/div>\n<div style='flex: 1 1 400px; min-width: 300px;'>\n<div style='border: 1px solid rgba(150&comma; 150&comma; 150&comma; 0.4); border-radius: 8px; overflow: hidden;'>\n<div style='padding: 15px; border-bottom: 1px solid rgba(150&comma; 150&comma; 150&comma; 0.2); font-weight: bold; font-size: 18px; color: inherit;'> <a href='https:\/\/soporte.syscom.mx\/es\/articles\/6372746-yonusa-pro4gen2-sistema-de-supervision-de-cercos-electricos-con-sflora' style='color: inherit; text-decoration: underline;'>SFIRE &#8211; YONUSA \/ PRO4GEN2 &#8211; Sistema de supervisi\u00f3n de cercos el\u00e9ctricos con SFLORA<\/a> <\/div>\n<div style='padding: 15px; color: inherit;'>\n<p>La integraci\u00f3n del SFLORAKIT con el energizador Yonusa ofrece una soluci\u00f3n robusta para la supervisi\u00f3n de cercos el\u00e9ctricos.<\/p>\n<p>Esta configuraci\u00f3n es especialmente \u00fatil para proteger per\u00edmetros extensos y asegurar una respuesta efectiva ante cualquier intento de intrusi\u00f3n.<\/p>\n<\/p><\/div>\n<\/p><\/div>\n<\/p><\/div>\n<div style='flex: 1 1 400px; min-width: 300px;'>\n<div style='border: 1px solid rgba(150&comma; 150&comma; 150&comma; 0.4); border-radius: 8px; overflow: hidden;'>\n<div style='padding: 15px; border-bottom: 1px solid rgba(150&comma; 150&comma; 150&comma; 0.2); font-weight: bold; font-size: 18px; color: inherit;'> <a href='https:\/\/soporte.syscom.mx\/es\/articles\/6372692-conexion-de-sirenas-o-estrobos-cableados-con-sflora-a-un-axpro' style='color: inherit; text-decoration: underline;'>SFIRE &#8211; Conexi\u00f3n de Sirena o Estrobo con un SFLORAKIT a un Panel de Alarma AXPRO de Hik Vision<\/a> <\/div>\n<div style='padding: 15px; color: inherit;'>\n<p>Conectar una sirena o estrobo con el SFLORAKIT a un panel de alarma AXPRO de Hik Vision mejora significativamente la capacidad de respuesta ante alarmas.<\/p>\n<p>Esta configuraci\u00f3n es ideal para entornos que requieren una notificaci\u00f3n audible y visual inmediata en caso de una emergencia.<\/p>\n<\/p><\/div>\n<\/p><\/div>\n<\/p><\/div>\n<div style='flex: 1 1 400px; min-width: 300px;'>\n<div style='border: 1px solid rgba(150&comma; 150&comma; 150&comma; 0.4); border-radius: 8px; overflow: hidden;'>\n<div style='padding: 15px; border-bottom: 1px solid rgba(150&comma; 150&comma; 150&comma; 0.2); font-weight: bold; font-size: 18px; color: inherit;'> <a href='https:\/\/soporte.syscom.mx\/es\/articles\/6372114-aplicaciones-con-sflora-para-sistemas-de-alarma' style='color: inherit; text-decoration: underline;'>SFIRE &#8211; Aplicaciones con SFLORA para sistemas de Alarma<\/a> <\/div>\n<div style='padding: 15px; color: inherit;'>\n<p>Las aplicaciones con SFLORA para sistemas de alarma abarcan una amplia gama de configuraciones para mejorar la seguridad y la eficiencia.<\/p>\n<p>Desde la integraci\u00f3n con sensores hasta la supervisi\u00f3n de grandes \u00e1reas&comma; el SFLORAKIT ofrece soluciones vers\u00e1tiles y de alto rendimiento.<\/p>\n<\/p><\/div>\n<\/p><\/div>\n<\/p><\/div>\n<div style='flex: 1 1 400px; min-width: 300px;'>\n<div style='border: 1px solid rgba(150&comma; 150&comma; 150&comma; 0.4); border-radius: 8px; overflow: hidden;'>\n<div style='padding: 15px; border-bottom: 1px solid rgba(150&comma; 150&comma; 150&comma; 0.2); font-weight: bold; font-size: 18px; color: inherit;'> <a href='https:\/\/soporte.syscom.mx\/es\/articles\/6372344-conexion-de-sensores-cableados-con-sflora-a-un-axpro' style='color: inherit; text-decoration: underline;'>SFIRE &#8211; Conexi\u00f3n de Sensores Cableados a SFLORAKIT a un Panel de Alarma AXPRO de Hik Vision<\/a> <\/div>\n<div style='padding: 15px; color: inherit;'>\n<p>La conexi\u00f3n de sensores cableados al SFLORAKIT&comma; integrado a un panel de alarma AXPRO de Hik Vision&comma; proporciona una soluci\u00f3n robusta y confiable para la detecci\u00f3n de intrusos.<\/p>\n<p>Esta configuraci\u00f3n es ideal para entornos donde se requiere una detecci\u00f3n precisa y una respuesta inmediata ante eventos de seguridad.<\/p>\n<\/p><\/div>\n<\/p><\/div>\n<\/p><\/div>\n<\/p><\/div>\n<\/p><\/div>\n","protected":false},"excerpt":{"rendered":"<p>KIT de Transmisor &#8211; Receptor inal\u00e1mbrico \/ Distancia m\u00e1xima de transmisi\u00f3n 2500 metros (Linea de vista)<\/p>\n","protected":false},"featured_media":3517,"comment_status":"open","ping_status":"closed","template":"","meta":[],"product_brand":[],"product_cat":[214],"product_tag":[93,215,79],"class_list":{"0":"post-3518","1":"product","2":"type-product","3":"status-publish","4":"has-post-thumbnail","6":"product_cat-controles-inalambricos","7":"product_tag-accesorios","8":"product_tag-controles-inalambricos","9":"product_tag-sfire","11":"first","12":"instock","13":"sale","14":"shipping-taxable","15":"purchasable","16":"product-type-simple"},"_links":{"self":[{"href":"https:\/\/soydeaqui.ddns.net\/pachuca\/index.php\/wp-json\/wp\/v2\/product\/3518","targetHints":{"allow":["GET"]}}],"collection":[{"href":"https:\/\/soydeaqui.ddns.net\/pachuca\/index.php\/wp-json\/wp\/v2\/product"}],"about":[{"href":"https:\/\/soydeaqui.ddns.net\/pachuca\/index.php\/wp-json\/wp\/v2\/types\/product"}],"replies":[{"embeddable":true,"href":"https:\/\/soydeaqui.ddns.net\/pachuca\/index.php\/wp-json\/wp\/v2\/comments?post=3518"}],"wp:featuredmedia":[{"embeddable":true,"href":"https:\/\/soydeaqui.ddns.net\/pachuca\/index.php\/wp-json\/wp\/v2\/media\/3517"}],"wp:attachment":[{"href":"https:\/\/soydeaqui.ddns.net\/pachuca\/index.php\/wp-json\/wp\/v2\/media?parent=3518"}],"wp:term":[{"taxonomy":"product_brand","embeddable":true,"href":"https:\/\/soydeaqui.ddns.net\/pachuca\/index.php\/wp-json\/wp\/v2\/product_brand?post=3518"},{"taxonomy":"product_cat","embeddable":true,"href":"https:\/\/soydeaqui.ddns.net\/pachuca\/index.php\/wp-json\/wp\/v2\/product_cat?post=3518"},{"taxonomy":"product_tag","embeddable":true,"href":"https:\/\/soydeaqui.ddns.net\/pachuca\/index.php\/wp-json\/wp\/v2\/product_tag?post=3518"}],"curies":[{"name":"wp","href":"https:\/\/api.w.org\/{rel}","templated":true}]}}