{"id":35179,"date":"2026-03-18T15:38:59","date_gmt":"2026-03-18T15:38:59","guid":{"rendered":"https:\/\/soydeaqui.ddns.net\/pachuca\/index.php\/producto\/valvula-de-control-electrica-vs9-para-fan-coil-dn20-pn20-3-vias-110-v-ca-conexion-npt\/"},"modified":"2026-03-18T15:39:04","modified_gmt":"2026-03-18T15:39:04","slug":"valvula-de-control-electrica-vs9-para-fan-coil-dn20-pn20-3-vias-110-v-ca-conexion-npt","status":"publish","type":"product","link":"https:\/\/soydeaqui.ddns.net\/pachuca\/index.php\/producto\/valvula-de-control-electrica-vs9-para-fan-coil-dn20-pn20-3-vias-110-v-ca-conexion-npt\/","title":{"rendered":"V\u00e1lvula de control el\u00e9ctrica VS9 para fan coil: DN20: PN20: 3 v\u00edas: 110 V CA: conexi\u00f3n NPT"},"content":{"rendered":"<div style='width: 100%; max-width: 1200px; margin: 0 auto; font-family: sans-serif; line-height: 1.6; color: inherit; background-color: transparent;'> <!-- Descripci\u00f3n principal --> <\/p>\n<div style='margin-bottom: 30px; font-size: 16px; color: inherit;'>\n<p style='margin: 0; padding: 0; color: inherit;'> Las v\u00e1lvulas de control el\u00e9ctricas de la serie VS9 son v\u00e1lvulas el\u00e9ctricas con retorno por resorte que normalmente est\u00e1n cerradas cuando se desenergizan. Disponibles en una variedad de opciones de rosca est\u00e1ndar y cuerpos de dos y tres v\u00edas&comma; que cubren la mayor\u00eda de las necesidades de las aplicaciones de control de edificios. <\/p>\n<\/p><\/div>\n<p> <!-- Secci\u00f3n de caracter\u00edsticas --> <\/p>\n<div style='display: flex; flex-wrap: wrap; gap: 30px; margin-bottom: 30px;'>\n<div style='flex: 1 1 300px; min-width: 280px;'>\n<h3 style='font-size: 22px; border-bottom: 2px solid currentColor; padding-bottom: 5px; margin-top: 0; color: inherit; opacity: 0.8;'>Caracter\u00edsticas principales<\/h3>\n<ul style='padding-left: 20px; font-size: 15px; color: inherit;'>\n<li style='margin-bottom: 5px;'>Control el\u00e9ctrico con retorno por resorte<\/li>\n<li style='margin-bottom: 5px;'>Normalmente cerradas cuando se desenergizan<\/li>\n<li style='margin-bottom: 5px;'>Opciones de rosca est\u00e1ndar disponibles<\/li>\n<li style='margin-bottom: 5px;'>Cuerpos de dos y tres v\u00edas<\/li>\n<li style='margin-bottom: 5px;'>Cubren necesidades de control de edificios<\/li>\n<\/ul><\/div>\n<\/p><\/div>\n<p> <!-- Separador --> <\/p>\n<hr style='border: 0; border-top: 1px solid rgba(150&comma; 150&comma; 150&comma; 0.3); margin: 30px 0;'> <\/div>\n","protected":false},"excerpt":{"rendered":"<p>V\u00e1lvula de control el\u00e9ctrica VS9 para fan coil: DN20: PN20: 3 v\u00edas: 110 V CA: conexi\u00f3n NPT<\/p>\n","protected":false},"featured_media":35178,"comment_status":"open","ping_status":"closed","template":"","meta":[],"product_brand":[],"product_cat":[1034],"product_tag":[1035,1036,1037],"class_list":{"0":"post-35179","1":"product","2":"type-product","3":"status-publish","4":"has-post-thumbnail","6":"product_cat-bms-bas","7":"product_tag-bms","8":"product_tag-bms-bas","9":"product_tag-honeywell-bms","11":"first","12":"instock","13":"sale","14":"shipping-taxable","15":"purchasable","16":"product-type-simple"},"_links":{"self":[{"href":"https:\/\/soydeaqui.ddns.net\/pachuca\/index.php\/wp-json\/wp\/v2\/product\/35179","targetHints":{"allow":["GET"]}}],"collection":[{"href":"https:\/\/soydeaqui.ddns.net\/pachuca\/index.php\/wp-json\/wp\/v2\/product"}],"about":[{"href":"https:\/\/soydeaqui.ddns.net\/pachuca\/index.php\/wp-json\/wp\/v2\/types\/product"}],"replies":[{"embeddable":true,"href":"https:\/\/soydeaqui.ddns.net\/pachuca\/index.php\/wp-json\/wp\/v2\/comments?post=35179"}],"wp:featuredmedia":[{"embeddable":true,"href":"https:\/\/soydeaqui.ddns.net\/pachuca\/index.php\/wp-json\/wp\/v2\/media\/35178"}],"wp:attachment":[{"href":"https:\/\/soydeaqui.ddns.net\/pachuca\/index.php\/wp-json\/wp\/v2\/media?parent=35179"}],"wp:term":[{"taxonomy":"product_brand","embeddable":true,"href":"https:\/\/soydeaqui.ddns.net\/pachuca\/index.php\/wp-json\/wp\/v2\/product_brand?post=35179"},{"taxonomy":"product_cat","embeddable":true,"href":"https:\/\/soydeaqui.ddns.net\/pachuca\/index.php\/wp-json\/wp\/v2\/product_cat?post=35179"},{"taxonomy":"product_tag","embeddable":true,"href":"https:\/\/soydeaqui.ddns.net\/pachuca\/index.php\/wp-json\/wp\/v2\/product_tag?post=35179"}],"curies":[{"name":"wp","href":"https:\/\/api.w.org\/{rel}","templated":true}]}}