{"id":35106,"date":"2026-03-18T15:37:12","date_gmt":"2026-03-18T15:37:12","guid":{"rendered":"https:\/\/soydeaqui.ddns.net\/pachuca\/index.php\/producto\/valvula-1-2-de-control-electrica-vs9-para-fan-coil-dn20-pn20-3-vias-110-v-ca-conexion-npt\/"},"modified":"2026-03-18T15:37:17","modified_gmt":"2026-03-18T15:37:17","slug":"valvula-1-2-de-control-electrica-vs9-para-fan-coil-dn20-pn20-3-vias-110-v-ca-conexion-npt","status":"publish","type":"product","link":"https:\/\/soydeaqui.ddns.net\/pachuca\/index.php\/producto\/valvula-1-2-de-control-electrica-vs9-para-fan-coil-dn20-pn20-3-vias-110-v-ca-conexion-npt\/","title":{"rendered":"V\u00e1lvula 1\/2&#8243; de control el\u00e9ctrica VS9 para fan coil: DN20: PN20: 3 v\u00edas: 110 V CA: conexi\u00f3n NPT"},"content":{"rendered":"<div style=\"width: 100%; max-width: 1200px; margin: 0 auto; font-family: sans-serif; line-height: 1.6; color: inherit; background-color: transparent;\"><!-- Secci\u00f3n de descripci\u00f3n --> <\/p>\n<div style=\"margin-bottom: 30px;\">\n<p style=\"font-size: 16px; color: inherit; opacity: 0.9;\">Las v&aacute;lvulas de control el&eacute;ctricas de la serie VS9 son v&aacute;lvulas el&eacute;ctricas con retorno por resorte que normalmente est&aacute;n cerradas cuando se desenergizan. Disponibles en una variedad de opciones de rosca est&aacute;ndar y cuerpos de dos y tres v&iacute;as&comma; que cubren la mayor&iacute;a de las necesidades de las aplicaciones de control de edificios.<\/p>\n<\/p><\/div>\n<p> <!-- Secci\u00f3n de caracter\u00edsticas --> <\/p>\n<div style=\"display: flex; flex-wrap: wrap; gap: 30px; margin-bottom: 30px;\">\n<div style=\"flex: 1 1 300px; min-width: 280px;\">\n<h3 style=\"font-size: 22px; border-bottom: 2px solid currentColor; padding-bottom: 5px; margin-top: 0; color: inherit; opacity: 0.8;\">Caracter&iacute;sticas principales<\/h3>\n<ul style=\"padding-left: 20px; font-size: 15px; color: inherit;\">\n<li style=\"margin-bottom: 5px;\">Retorno por resorte para cierre autom&aacute;tico seguro<\/li>\n<li style=\"margin-bottom: 5px;\">Cuerpos de dos y tres v&iacute;as disponibles<\/li>\n<li style=\"margin-bottom: 5px;\">Opciones de rosca est&aacute;ndar para f&aacute;cil instalaci&oacute;n<\/li>\n<li style=\"margin-bottom: 5px;\">V&aacute;lvulas normalmente cerradas en estado desenergizado<\/li>\n<li style=\"margin-bottom: 5px;\">Adecuadas para aplicaciones de control de edificios<\/li>\n<\/ul><\/div>\n<\/p><\/div>\n<p> <!-- Separador --><\/p>\n<hr style=\"border: 0; border-top: 1px solid rgba(150&comma; 150&comma; 150&comma; 0.3); margin: 30px 0;\" \/><\/div>\n","protected":false},"excerpt":{"rendered":"<p>V\u00e1lvula 1\/2&#8243; de control el\u00e9ctrica VS9 para fan coil: DN20: PN20: 3 v\u00edas: 110 V CA: conexi\u00f3n NPT<\/p>\n","protected":false},"featured_media":35105,"comment_status":"open","ping_status":"closed","template":"","meta":[],"product_brand":[],"product_cat":[1034],"product_tag":[1035,1036,1037],"class_list":{"0":"post-35106","1":"product","2":"type-product","3":"status-publish","4":"has-post-thumbnail","6":"product_cat-bms-bas","7":"product_tag-bms","8":"product_tag-bms-bas","9":"product_tag-honeywell-bms","11":"first","12":"instock","13":"sale","14":"shipping-taxable","15":"purchasable","16":"product-type-simple"},"_links":{"self":[{"href":"https:\/\/soydeaqui.ddns.net\/pachuca\/index.php\/wp-json\/wp\/v2\/product\/35106","targetHints":{"allow":["GET"]}}],"collection":[{"href":"https:\/\/soydeaqui.ddns.net\/pachuca\/index.php\/wp-json\/wp\/v2\/product"}],"about":[{"href":"https:\/\/soydeaqui.ddns.net\/pachuca\/index.php\/wp-json\/wp\/v2\/types\/product"}],"replies":[{"embeddable":true,"href":"https:\/\/soydeaqui.ddns.net\/pachuca\/index.php\/wp-json\/wp\/v2\/comments?post=35106"}],"wp:featuredmedia":[{"embeddable":true,"href":"https:\/\/soydeaqui.ddns.net\/pachuca\/index.php\/wp-json\/wp\/v2\/media\/35105"}],"wp:attachment":[{"href":"https:\/\/soydeaqui.ddns.net\/pachuca\/index.php\/wp-json\/wp\/v2\/media?parent=35106"}],"wp:term":[{"taxonomy":"product_brand","embeddable":true,"href":"https:\/\/soydeaqui.ddns.net\/pachuca\/index.php\/wp-json\/wp\/v2\/product_brand?post=35106"},{"taxonomy":"product_cat","embeddable":true,"href":"https:\/\/soydeaqui.ddns.net\/pachuca\/index.php\/wp-json\/wp\/v2\/product_cat?post=35106"},{"taxonomy":"product_tag","embeddable":true,"href":"https:\/\/soydeaqui.ddns.net\/pachuca\/index.php\/wp-json\/wp\/v2\/product_tag?post=35106"}],"curies":[{"name":"wp","href":"https:\/\/api.w.org\/{rel}","templated":true}]}}