{"id":35079,"date":"2026-03-18T15:36:38","date_gmt":"2026-03-18T15:36:38","guid":{"rendered":"https:\/\/soydeaqui.ddns.net\/pachuca\/index.php\/producto\/detector-de-flama-ultravioleta-infrarrojo-uv-ir-apto-para-zona-atex-2-22-fm-3611-clase-1-2-3-division-2-certificado-en54-10-alta-sensibilidad-color-blanco\/"},"modified":"2026-03-18T15:36:39","modified_gmt":"2026-03-18T15:36:39","slug":"detector-de-flama-ultravioleta-infrarrojo-uv-ir-apto-para-zona-atex-2-22-fm-3611-clase-1-2-3-division-2-certificado-en54-10-alta-sensibilidad-color-blanco","status":"publish","type":"product","link":"https:\/\/soydeaqui.ddns.net\/pachuca\/index.php\/producto\/detector-de-flama-ultravioleta-infrarrojo-uv-ir-apto-para-zona-atex-2-22-fm-3611-clase-1-2-3-division-2-certificado-en54-10-alta-sensibilidad-color-blanco\/","title":{"rendered":"Detector De Flama Ultravioleta\/Infrarrojo (UV\/IR), Apto Para Zona ATEX 2\/22; FM 3611 Clase 1, 2 &#038; 3, Divisi\u00f3n 2, Certificado EN54-10 Alta Sensibilidad, Color Blanco"},"content":{"rendered":"<div style='width: 100%; max-width: 1200px; margin: 0 auto; font-family: sans-serif; line-height: 1.6; color: inherit; background-color: transparent;'>\n<div style='display: flex; flex-wrap: wrap; gap: 30px; margin-bottom: 30px;'>\n<div style='flex: 1 1 300px; min-width: 280px;'>\n<h3 style='font-size: 22px; border-bottom: 2px solid currentColor; padding-bottom: 5px; margin-top: 0; color: inherit; opacity: 0.8;'>Caracter\u00edsticas Principales<\/h3>\n<ul style='padding-left: 20px; font-size: 15px; color: inherit;'>\n<li style='margin-bottom: 5px;'>Detector de flama ultravioleta\/infrarrojo (UV\/IR)<\/li>\n<li style='margin-bottom: 5px;'>Apto para zonas ATEX 2\/22<\/li>\n<li style='margin-bottom: 5px;'>Certificado FM 3611 Clase 1&comma; 2 &#038; 3&comma; Divisi\u00f3n 2<\/li>\n<li style='margin-bottom: 5px;'>Certificado EN54-10 con alta sensibilidad<\/li>\n<li style='margin-bottom: 5px;'>Color blanco<\/li>\n<li style='margin-bottom: 5px;'>Requiere montaje con FSL100-SM21<\/li>\n<\/ul><\/div>\n<div style='flex: 1 1 300px; min-width: 280px;'>\n<h3 style='font-size: 22px; border-bottom: 2px solid currentColor; padding-bottom: 5px; margin-top: 0; color: inherit; opacity: 0.8;'>Desempe\u00f1o<\/h3>\n<ul style='padding-left: 20px; font-size: 15px; color: inherit;'>\n<li style='margin-bottom: 5px;'>Aprobado bajo est\u00e1ndares EN54-10 y FM3260<\/li>\n<li style='margin-bottom: 5px;'>An\u00e1lisis de frecuencia de parpadeo de flama para rechazo de falsas alarmas<\/li>\n<li style='margin-bottom: 5px;'>Detecci\u00f3n r\u00e1pida de incendios (8-30 segundos)<\/li>\n<li style='margin-bottom: 5px;'>Monitoreo continuo de salud del dispositivo<\/li>\n<li style='margin-bottom: 5px;'>Detecci\u00f3n de flamas de hidrocarburos y no hidrocarburos<\/li>\n<\/ul><\/div>\n<div style='flex: 1 1 300px; min-width: 280px;'>\n<h3 style='font-size: 22px; border-bottom: 2px solid currentColor; padding-bottom: 5px; margin-top: 0; color: inherit; opacity: 0.8;'>Instalaci\u00f3n<\/h3>\n<ul style='padding-left: 20px; font-size: 15px; color: inherit;'>\n<li style='margin-bottom: 5px;'>Salidas est\u00e1ndar de rel\u00e9 y mA<\/li>\n<li style='margin-bottom: 5px;'>Vivienda de poli\u00e9ster reforzado con fibra de vidrio (GRP)<\/li>\n<li style='margin-bottom: 5px;'>Preformados para facilitar la entrada de cables<\/li>\n<li style='margin-bottom: 5px;'>Opcional: soporte de montaje giratorio<\/li>\n<li style='margin-bottom: 5px;'>Largo tiempo de inicio: <10 segundos<\/li>\n<\/ul><\/div>\n<\/p><\/div>\n<div style='display: flex; flex-wrap: wrap; gap: 20px; margin-bottom: 30px;'>\n<div style='flex: 1 1 250px; border: 1px solid rgba(150&comma; 150&comma; 150&comma; 0.4); border-radius: 8px; overflow: hidden; display: flex; flex-direction: column;'>\n<div style='padding: 15px; border-bottom: 1px solid rgba(150&comma; 150&comma; 150&comma; 0.2); font-weight: bold; font-size: 18px; color: inherit;'>Especificaciones T\u00e9cnicas<\/div>\n<div style='padding: 15px; color: inherit;'>\n<ul style='padding-left: 20px; margin: 0; font-size: 14px; list-style-type: disc;'>\n<li style='margin-bottom: 5px;'><strong>Rango:<\/strong> 25 m\/80 ft<\/li>\n<li style='margin-bottom: 5px;'><strong>Cono de visi\u00f3n:<\/strong> 90\u00b0 m\u00ednimo horizontal y vertical<\/li>\n<li style='margin-bottom: 5px;'><strong>Alimentaci\u00f3n:<\/strong> 10-28 VDC (12-24 VDC nominal)<\/li>\n<li style='margin-bottom: 5px;'><strong>Salida de corriente:<\/strong> 4\u201320 mA (stepped&comma; sinking&comma; no aislado)<\/li>\n<li style='margin-bottom: 5px;'><strong>Salida de rel\u00e9:<\/strong> SPDT&comma; 30 VDC \u2013 2 A&comma; 60 W m\u00e1x.<\/li>\n<li style='margin-bottom: 5px;'><strong>Protecci\u00f3n:<\/strong> IP65<\/li>\n<li style='margin-bottom: 5px;'><strong>Temperatura de operaci\u00f3n:<\/strong> -40 \u00b0F a +158 \u00b0F (-40 \u00b0C a +70 \u00b0C)<\/li>\n<\/ul><\/div>\n<\/p><\/div>\n<div style='flex: 1 1 250px; border: 1px solid rgba(150&comma; 150&comma; 150&comma; 0.4); border-radius: 8px; overflow: hidden; display: flex; flex-direction: column;'>\n<div style='padding: 15px; border-bottom: 1px solid rgba(150&comma; 150&comma; 150&comma; 0.2); font-weight: bold; font-size: 18px; color: inherit;'>Resistencia a Interferencias<\/div>\n<div style='padding: 15px; color: inherit;'>\n<ul style='padding-left: 20px; margin: 0; font-size: 14px; list-style-type: disc;'>\n<li style='margin-bottom: 5px;'>Luz solar directa y reflejada<\/li>\n<li style='margin-bottom: 5px;'>Luz artificial (tubos fluorescentes y l\u00e1mparas hal\u00f3genas con cubierta de vidrio)<\/li>\n<li style='margin-bottom: 5px;'>Arcos y descargas el\u00e9ctricas (est\u00e1ticas o de motores el\u00e9ctricos)<\/li>\n<li style='margin-bottom: 5px;'>Radiaci\u00f3n de soldadura el\u00e9ctrica (a m\u00e1s de 3 metros de distancia)<\/li>\n<\/ul><\/div>\n<\/p><\/div>\n<div style='flex: 1 1 250px; border: 1px solid rgba(150&comma; 150&comma; 150&comma; 0.4); border-radius: 8px; overflow: hidden; display: flex; flex-direction: column;'>\n<div style='padding: 15px; border-bottom: 1px solid rgba(150&comma; 150&comma; 150&comma; 0.2); font-weight: bold; font-size: 18px; color: inherit;'>Aplicaciones<\/div>\n<div style='padding: 15px; color: inherit;'>\n<ul style='padding-left: 20px; margin: 0; font-size: 14px; list-style-type: disc;'>\n<li style='margin-bottom: 5px;'>Cabinas de pintura<\/li>\n<li style='margin-bottom: 5px;'>Almacenes de hidr\u00f3geno<\/li>\n<li style='margin-bottom: 5px;'>Laboratorios<\/li>\n<li style='margin-bottom: 5px;'>Salas de m\u00e1quinas<\/li>\n<li style='margin-bottom: 5px;'>Estaciones de carga de gasolina<\/li>\n<li style='margin-bottom: 5px;'>Plantas de procesamiento de residuos<\/li>\n<\/ul><\/div>\n<\/p><\/div>\n<\/p><\/div>\n<div style='display: flex; flex-wrap: wrap; gap: 20px; margin-bottom: 30px;'>\n<div style='flex: 1 1 250px; border: 1px solid rgba(150&comma; 150&comma; 150&comma; 0.4); border-radius: 8px; overflow: hidden; display: flex; flex-direction: column;'>\n<div style='padding: 15px; border-bottom: 1px solid rgba(150&comma; 150&comma; 150&comma; 0.2); font-weight: bold; font-size: 18px; color: inherit;'>Certificaciones<\/div>\n<div style='padding: 15px; color: inherit;'>\n<ul style='padding-left: 20px; margin: 0; font-size: 14px; list-style-type: disc;'>\n<li style='margin-bottom: 5px;'>EN54-10 (Clase 2)<\/li>\n<li style='margin-bottom: 5px;'>FM 3611 Clase 1&comma; 2 &#038; 3&comma; Divisi\u00f3n 2<\/li>\n<li style='margin-bottom: 5px;'>ATEX Zona 2\/22<\/li>\n<\/ul><\/div>\n<\/p><\/div>\n<div style='flex: 1 1 250px; border: 1px solid rgba(150&comma; 150&comma; 150&comma; 0.4); border-radius: 8px; overflow: hidden; display: flex; flex-direction: column;'>\n<div style='padding: 15px; border-bottom: 1px solid rgba(150&comma; 150&comma; 150&comma; 0.2); font-weight: bold; font-size: 18px; color: inherit;'>Indicadores LED<\/div>\n<div style='padding: 15px; color: inherit;'>\n<ul style='padding-left: 20px; margin: 0; font-size: 14px; list-style-type: disc;'>\n<li style='margin-bottom: 5px;'>Verde continuo: operaci\u00f3n normal<\/li>\n<li style='margin-bottom: 5px;'>Amarillo continuo: fallo<\/li>\n<li style='margin-bottom: 5px;'>Amarillo intermitente: fallo y gu\u00eda para repetir autoprueba<\/li>\n<li style='margin-bottom: 5px;'>Rojo continuo: alarma<\/li>\n<\/ul><\/div>\n<\/p><\/div>\n<div style='flex: 1 1 250px; border: 1px solid rgba(150&comma; 150&comma; 150&comma; 0.4); border-radius: 8px; overflow: hidden; display: flex; flex-direction: column;'>\n<div style='padding: 15px; border-bottom: 1px solid rgba(150&comma; 150&comma; 150&comma; 0.2); font-weight: bold; font-size: 18px; color: inherit;'>Accesorios<\/div>\n<div style='padding: 15px; color: inherit;'>\n<ul style='padding-left: 20px; margin: 0; font-size: 14px; list-style-type: disc;'>\n<li style='margin-bottom: 5px;'>FSL100-SM21: Soporte de montaje giratorio<\/li>\n<li style='margin-bottom: 5px;'>FSL100-TL: L\u00e1mpara de prueba<\/li>\n<\/ul><\/div>\n<\/p><\/div>\n<\/p><\/div>\n<hr style='border: 0; border-top: 1px solid rgba(150&comma; 150&comma; 150&comma; 0.3); margin: 30px 0;'> <\/div>\n","protected":false},"excerpt":{"rendered":"<p>Detector De Flama Ultravioleta\/Infrarrojo (UV\/IR), Apto Para Zona ATEX 2\/22; FM 3611 Clase 1, 2 &#038; 3, Divisi\u00f3n 2, Certificado EN54-10 Alta Sensibilidad, Color Blanco<\/p>\n","protected":false},"featured_media":35078,"comment_status":"open","ping_status":"closed","template":"","meta":[],"product_brand":[],"product_cat":[985],"product_tag":[978,986,1014],"class_list":{"0":"post-35079","1":"product","2":"type-product","3":"status-publish","4":"has-post-thumbnail","6":"product_cat-detectores-de-flama","7":"product_tag-aplicaciones-especiales","8":"product_tag-detectores-de-flama","9":"product_tag-honeywell-analytics","11":"first","12":"outofstock","13":"sale","14":"shipping-taxable","15":"purchasable","16":"product-type-simple"},"_links":{"self":[{"href":"https:\/\/soydeaqui.ddns.net\/pachuca\/index.php\/wp-json\/wp\/v2\/product\/35079","targetHints":{"allow":["GET"]}}],"collection":[{"href":"https:\/\/soydeaqui.ddns.net\/pachuca\/index.php\/wp-json\/wp\/v2\/product"}],"about":[{"href":"https:\/\/soydeaqui.ddns.net\/pachuca\/index.php\/wp-json\/wp\/v2\/types\/product"}],"replies":[{"embeddable":true,"href":"https:\/\/soydeaqui.ddns.net\/pachuca\/index.php\/wp-json\/wp\/v2\/comments?post=35079"}],"wp:featuredmedia":[{"embeddable":true,"href":"https:\/\/soydeaqui.ddns.net\/pachuca\/index.php\/wp-json\/wp\/v2\/media\/35078"}],"wp:attachment":[{"href":"https:\/\/soydeaqui.ddns.net\/pachuca\/index.php\/wp-json\/wp\/v2\/media?parent=35079"}],"wp:term":[{"taxonomy":"product_brand","embeddable":true,"href":"https:\/\/soydeaqui.ddns.net\/pachuca\/index.php\/wp-json\/wp\/v2\/product_brand?post=35079"},{"taxonomy":"product_cat","embeddable":true,"href":"https:\/\/soydeaqui.ddns.net\/pachuca\/index.php\/wp-json\/wp\/v2\/product_cat?post=35079"},{"taxonomy":"product_tag","embeddable":true,"href":"https:\/\/soydeaqui.ddns.net\/pachuca\/index.php\/wp-json\/wp\/v2\/product_tag?post=35079"}],"curies":[{"name":"wp","href":"https:\/\/api.w.org\/{rel}","templated":true}]}}