{"id":35028,"date":"2026-03-18T15:35:27","date_gmt":"2026-03-18T15:35:27","guid":{"rendered":"https:\/\/soydeaqui.ddns.net\/pachuca\/index.php\/producto\/cilindro-para-calibracion-de-cloro-ci2-concentracion-2-ppm-capacidad-58-l-dimensiones-5-8-x-18-para-serie-xnx-xcd-s3k-gases-toxicos\/"},"modified":"2026-03-18T15:35:28","modified_gmt":"2026-03-18T15:35:28","slug":"cilindro-para-calibracion-de-cloro-ci2-concentracion-2-ppm-capacidad-58-l-dimensiones-5-8-x-18-para-serie-xnx-xcd-s3k-gases-toxicos","status":"publish","type":"product","link":"https:\/\/soydeaqui.ddns.net\/pachuca\/index.php\/producto\/cilindro-para-calibracion-de-cloro-ci2-concentracion-2-ppm-capacidad-58-l-dimensiones-5-8-x-18-para-serie-xnx-xcd-s3k-gases-toxicos\/","title":{"rendered":"Cilindro Para Calibraci\u00f3n De Cloro (CI2), Concentraci\u00f3n 2 ppm, Capacidad 58 L, Dimensiones 5\/8&#8243; x 18&#8243; Para Serie XNX\/XCD\/S3K Gases Toxicos"},"content":{"rendered":"<div style='width: 100%; max-width: 1200px; margin: 0 auto; font-family: sans-serif; line-height: 1.6; color: inherit; background-color: transparent;'> <!-- Secci\u00f3n de descripci\u00f3n principal --> <\/p>\n<div style='display: flex; flex-wrap: wrap; gap: 30px; margin-bottom: 30px;'>\n<div style='flex: 1 1 600px; min-width: 300px;'>\n<h3 style='font-size: 22px; border-bottom: 2px solid currentColor; padding-bottom: 5px; margin-top: 0; color: inherit; opacity: 0.8;'>Descripci\u00f3n<\/h3>\n<ul style='padding-left: 20px; font-size: 15px; color: inherit; list-style-type: disc;'>\n<li style='margin-bottom: 5px;'>Cilindro para calibraci\u00f3n de cloro (CI2)<\/li>\n<li style='margin-bottom: 5px;'>Concentraci\u00f3n: 2 ppm<\/li>\n<li style='margin-bottom: 5px;'>Capacidad: 58 L<\/li>\n<li style='margin-bottom: 5px;'>Dimensiones: 5\/8&#8242; x 18&#8242;<\/li>\n<li style='margin-bottom: 5px;'>Compatible con serie XNX\/XCD\/S3K para gases t\u00f3xicos<\/li>\n<\/ul><\/div>\n<\/p><\/div>\n<p> <!-- Secci\u00f3n de especificaciones t\u00e9cnicas --> <\/p>\n<div style='display: flex; flex-wrap: wrap; gap: 30px; margin-bottom: 30px;'>\n<div style='flex: 1 1 300px; min-width: 280px;'>\n<h3 style='font-size: 22px; border-bottom: 2px solid currentColor; padding-bottom: 5px; margin-top: 0; color: inherit; opacity: 0.8;'>Especificaciones T\u00e9cnicas<\/h3>\n<ul style='padding-left: 20px; font-size: 15px; color: inherit; list-style-type: disc;'>\n<li style='margin-bottom: 5px;'><strong>Tipo de calibraci\u00f3n:<\/strong> Para cloro (CI2)<\/li>\n<li style='margin-bottom: 5px;'><strong>Concentraci\u00f3n:<\/strong> 2 ppm<\/li>\n<li style='margin-bottom: 5px;'><strong>Capacidad:<\/strong> 58 litros<\/li>\n<li style='margin-bottom: 5px;'><strong>Dimensiones:<\/strong> 5\/8&#8242; x 18&#8242;<\/li>\n<li style='margin-bottom: 5px;'><strong>Compatibilidad:<\/strong> Serie XNX\/XCD\/S3K para gases t\u00f3xicos<\/li>\n<\/ul><\/div>\n<p> <!-- Secci\u00f3n de caracter\u00edsticas --> <\/p>\n<div style='flex: 1 1 300px; min-width: 280px;'>\n<h3 style='font-size: 22px; border-bottom: 2px solid currentColor; padding-bottom: 5px; margin-top: 0; color: inherit; opacity: 0.8;'>Caracter\u00edsticas<\/h3>\n<ul style='padding-left: 20px; font-size: 15px; color: inherit; list-style-type: disc;'>\n<li style='margin-bottom: 5px;'>Dise\u00f1ado para uso en calibraci\u00f3n de equipos de detecci\u00f3n de gases<\/li>\n<li style='margin-bottom: 5px;'>Construcci\u00f3n robusta para uso en ambientes industriales<\/li>\n<li style='margin-bottom: 5px;'>F\u00e1cil conexi\u00f3n y manejo<\/li>\n<li style='margin-bottom: 5px;'>Compatible con m\u00faltiples sistemas de detecci\u00f3n de Honeywell<\/li>\n<\/ul><\/div>\n<\/p><\/div>\n<p> <!-- Secci\u00f3n de aplicaciones --> <\/p>\n<div style='display: flex; flex-wrap: wrap; gap: 30px; margin-bottom: 30px;'>\n<div style='flex: 1 1 600px; min-width: 300px;'>\n<h3 style='font-size: 22px; border-bottom: 2px solid currentColor; padding-bottom: 5px; margin-top: 0; color: inherit; opacity: 0.8;'>Aplicaciones<\/h3>\n<ul style='padding-left: 20px; font-size: 15px; color: inherit; list-style-type: disc;'>\n<li style='margin-bottom: 5px;'>Plataformas de producci\u00f3n mar\u00edtimas de gas y petr\u00f3leo<\/li>\n<li style='margin-bottom: 5px;'>Terminales de petr\u00f3leo en tierra<\/li>\n<li style='margin-bottom: 5px;'>Refiner\u00edas<\/li>\n<li style='margin-bottom: 5px;'>Transmisi\u00f3n y distribuci\u00f3n de gases<\/li>\n<li style='margin-bottom: 5px;'>Terminales de gas natural licuado (LNG)<\/li>\n<li style='margin-bottom: 5px;'>Plantas qu\u00edmicas y petroqu\u00edmicas<\/li>\n<li style='margin-bottom: 5px;'>Operaciones de recuperaci\u00f3n de solventes<\/li>\n<\/ul><\/div>\n<\/p><\/div>\n<p> <!-- Secci\u00f3n de compatibilidad --> <\/p>\n<div style='display: flex; flex-wrap: wrap; gap: 30px; margin-bottom: 30px;'>\n<div style='flex: 1 1 600px; min-width: 300px;'>\n<h3 style='font-size: 22px; border-bottom: 2px solid currentColor; padding-bottom: 5px; margin-top: 0; color: inherit; opacity: 0.8;'>Compatibilidad<\/h3>\n<ul style='padding-left: 20px; font-size: 15px; color: inherit; list-style-type: disc;'>\n<li style='margin-bottom: 5px;'>Serie XNX de Honeywell Analytics<\/li>\n<li style='margin-bottom: 5px;'>Serie XCD de Honeywell Analytics<\/li>\n<li style='margin-bottom: 5px;'>Serie S3K de Honeywell Analytics<\/li>\n<\/ul><\/div>\n<\/p><\/div>\n<p> <!-- Separador final --> <\/p>\n<hr style='border: 0; border-top: 1px solid rgba(150&comma; 150&comma; 150&comma; 0.3); margin: 30px 0;'> <\/div>\n","protected":false},"excerpt":{"rendered":"<p>Cilindro Para Calibraci\u00f3n De Cloro (CI2), Concentraci\u00f3n 2 ppm, Capacidad 58 L, Dimensiones 5\/8&#8243; x 18&#8243; Para Serie XNX\/XCD\/S3K Gases Toxicos<\/p>\n","protected":false},"featured_media":35027,"comment_status":"open","ping_status":"closed","template":"","meta":[],"product_brand":[],"product_cat":[524],"product_tag":[93,522,1014],"class_list":{"0":"post-35028","1":"product","2":"type-product","3":"status-publish","4":"has-post-thumbnail","6":"product_cat-accesorios-dispositivos-convencionales","7":"product_tag-accesorios","8":"product_tag-dispositivos-convencionales","9":"product_tag-honeywell-analytics","11":"first","12":"outofstock","13":"sale","14":"shipping-taxable","15":"purchasable","16":"product-type-simple"},"_links":{"self":[{"href":"https:\/\/soydeaqui.ddns.net\/pachuca\/index.php\/wp-json\/wp\/v2\/product\/35028","targetHints":{"allow":["GET"]}}],"collection":[{"href":"https:\/\/soydeaqui.ddns.net\/pachuca\/index.php\/wp-json\/wp\/v2\/product"}],"about":[{"href":"https:\/\/soydeaqui.ddns.net\/pachuca\/index.php\/wp-json\/wp\/v2\/types\/product"}],"replies":[{"embeddable":true,"href":"https:\/\/soydeaqui.ddns.net\/pachuca\/index.php\/wp-json\/wp\/v2\/comments?post=35028"}],"wp:featuredmedia":[{"embeddable":true,"href":"https:\/\/soydeaqui.ddns.net\/pachuca\/index.php\/wp-json\/wp\/v2\/media\/35027"}],"wp:attachment":[{"href":"https:\/\/soydeaqui.ddns.net\/pachuca\/index.php\/wp-json\/wp\/v2\/media?parent=35028"}],"wp:term":[{"taxonomy":"product_brand","embeddable":true,"href":"https:\/\/soydeaqui.ddns.net\/pachuca\/index.php\/wp-json\/wp\/v2\/product_brand?post=35028"},{"taxonomy":"product_cat","embeddable":true,"href":"https:\/\/soydeaqui.ddns.net\/pachuca\/index.php\/wp-json\/wp\/v2\/product_cat?post=35028"},{"taxonomy":"product_tag","embeddable":true,"href":"https:\/\/soydeaqui.ddns.net\/pachuca\/index.php\/wp-json\/wp\/v2\/product_tag?post=35028"}],"curies":[{"name":"wp","href":"https:\/\/api.w.org\/{rel}","templated":true}]}}