{"id":35003,"date":"2026-03-18T15:34:17","date_gmt":"2026-03-18T15:34:17","guid":{"rendered":"https:\/\/soydeaqui.ddns.net\/pachuca\/index.php\/producto\/hikfire-camara-ip-de-deteccion-llama-y-humo-con-ia-4-megapixel-detector-de-llama-piroelectrico-compatible-con-hik-connect-microfono-y-bocina-para-audio-de-dos-vias\/"},"modified":"2026-03-18T15:34:20","modified_gmt":"2026-03-18T15:34:20","slug":"hikfire-camara-ip-de-deteccion-llama-y-humo-con-ia-4-megapixel-detector-de-llama-piroelectrico-compatible-con-hik-connect-microfono-y-bocina-para-audio-de-dos-vias","status":"publish","type":"product","link":"https:\/\/soydeaqui.ddns.net\/pachuca\/index.php\/producto\/hikfire-camara-ip-de-deteccion-llama-y-humo-con-ia-4-megapixel-detector-de-llama-piroelectrico-compatible-con-hik-connect-microfono-y-bocina-para-audio-de-dos-vias\/","title":{"rendered":"(HikFire) C\u00e1mara IP de Detecci\u00f3n Llama y Humo con IA \/ 4 Megapixel \/ Detector de llama piroel\u00e9ctrico \/ Compatible con Hik-Connect \/ Micr\u00f3fono y Bocina para Audio de dos V\u00edas"},"content":{"rendered":"<div style='width: 100%; max-width: 1200px; margin: 0 auto; font-family: sans-serif; line-height: 1.6; color: inherit; background-color: transparent;'> <!-- Logo --> <\/p>\n<div style='text-align: center; margin: 30px 0;'> <img style='width: 45%; height: auto; border: 1px solid rgba(150&comma;150&comma;150&comma;0.3); border-radius: 8px;' src='https:\/\/ftp3.syscom.mx\/usuarios\/jsosa\/HIKVISION\/imagenes\/logo\/hikvision%20see%20far.png' alt='Logo Hikvision'> <\/div>\n<hr style='border: 0; border-top: 1px solid rgba(150&comma; 150&comma; 150&comma; 0.3); margin: 30px 0;'> <!-- Consideraciones --> <\/p>\n<div style='margin-bottom: 30px;'>\n<div style='background-color: transparent;'>\n<div style='border: 1px solid rgba(150&comma; 150&comma; 150&comma; 0.4); border-radius: 8px; overflow: hidden;'>\n<div style='padding: 15px; background-color: #df001e; border-bottom: 1px solid #a80000;'> <span style='font-size: 14px; font-weight: bold; color: #ffffff; font-family: sans-serif;'>Consideraciones<\/span> <\/div>\n<div style='padding: 20px; background-color: #f7f8fa;'>\n<ul style='padding-left: 20px; font-size: 14px; color: inherit; list-style-type: disc;'>\n<li style='margin-bottom: 10px;'><span style='color: inherit; font-family: sans-serif;'>Aseg\u00farese de instalar el dispositivo en una ubicaci\u00f3n adecuada para maximizar su eficiencia.<\/span><\/li>\n<li style='margin-bottom: 10px;'><span style='color: inherit; font-family: sans-serif;'>Mantenga el dispositivo limpio y libre de obstrucciones para un rendimiento \u00f3ptimo.<\/span><\/li>\n<\/ul>\n<p> <!-- NVRs Compatibles --> <\/p>\n<p style='margin-top: 20px; margin-bottom: 10px;'><strong style='color: #ff0000;'><span style='font-family: sans-serif;'>NVRs Compatibles:<\/span><\/strong><\/p>\n<ul style='padding-left: 20px; font-size: 14px; color: inherit; list-style-type: disc;'>\n<li style='margin-bottom: 5px;'><span style='color: inherit; font-family: sans-serif;'><strong>Serie M-VPRO:<\/strong> DS-9600NX1-M8R\/VPro.<\/span><\/li>\n<li style='margin-bottom: 5px;'><span style='color: inherit; font-family: sans-serif;'><strong>Series M:<\/strong> DS-9600NI-M8\/R&comma; DS-9600NI-M16\/R&comma; DS-7604NI-M1&comma; DS-7600IN-M2&comma; DS-7700NI-M4.<\/span><\/li>\n<li style='margin-bottom: 5px;'><span style='color: inherit; font-family: sans-serif;'><strong>Series I:<\/strong> DS-7600NXI-I2\/S(E)&comma; DS-7700NXI-I4\/S(E).<\/span><\/li>\n<li style='margin-bottom: 5px;'><span style='color: inherit; font-family: sans-serif;'><strong>Series K:<\/strong> DS-7600NXI-K1(D)&comma; DS-7600NXI-K2(D)&comma; DS7700NXI-K4(D)&comma; DS-8600NXI-K8(D)&comma; DS-7600NXI-K1&comma; DS7600NXI-K2&comma; DS7700NXI-K4&comma; DS8600NXI-K8.<\/span><\/li>\n<li style='margin-bottom: 5px;'><span style='color: inherit; font-family: sans-serif;'><strong>Series Q:<\/strong> DS-7600NI-Q1(D)&comma; DS-7600NI-Q2(D)<\/span><\/li>\n<\/ul><\/div>\n<\/p><\/div>\n<\/p><\/div>\n<\/p><\/div>\n<hr style='border: 0; border-top: 1px solid rgba(150&comma; 150&comma; 150&comma; 0.3); margin: 30px 0;'> <!-- Especificaciones --> <\/p>\n<div style='margin-bottom: 30px;'>\n<h1 style='text-align: center; font-size: 24px; margin-bottom: 20px; color: #232a6f; font-family: sans-serif;'>Especif\u00edcaciones<\/h1>\n<div style='display: flex; flex-wrap: wrap; gap: 30px;'> <!-- Caracter\u00edsticas Principales --> <\/p>\n<div style='flex: 1 1 300px; min-width: 280px;'>\n<div style='border: 1px solid rgba(150&comma; 150&comma; 150&comma; 0.4); border-radius: 8px; overflow: hidden; display: flex; flex-direction: column;'>\n<div style='padding: 15px; border-bottom: 1px solid rgba(150&comma; 150&comma; 150&comma; 0.2); font-weight: bold; font-size: 18px; background-color: #df001e; color: #ffffff; font-family: sans-serif;'>Caracter\u00edsticas Principales<\/div>\n<div style='padding: 15px; color: inherit;'>\n<ul style='padding-left: 20px; margin: 0; font-size: 14px; list-style-type: disc;'>\n<li style='margin-bottom: 5px;'><span style='color: inherit; font-family: sans-serif;'>Detecci\u00f3n de humo y fuego<\/span><\/li>\n<li style='margin-bottom: 5px;'><span style='color: inherit; font-family: sans-serif;'>Soporta detecci\u00f3n inteligente con IA: detecci\u00f3n de humo y llamas&comma; alarma de acceso bloqueado en interiores&comma; alarma de servicio&comma; detecci\u00f3n de mercanc\u00edas peligrosas&comma; detecci\u00f3n de comportamiento peligroso&comma; detecci\u00f3n de extintores y detecci\u00f3n de invasi\u00f3n de \u00e1rea.<\/span><\/li>\n<li style='margin-bottom: 5px;'><span style='color: inherit; font-family: sans-serif;'>C\u00e1mara de 4 Megapixel (2560 x 1440)&comma; H.265&comma; H.264<\/span><\/li>\n<li style='margin-bottom: 5px;'><span style='color: inherit; font-family: sans-serif;'>An\u00e1lisis inteligente de video para detecci\u00f3n de fuentes de fuego<\/span><\/li>\n<li style='margin-bottom: 5px;'><span style='color: inherit; font-family: sans-serif;'>Alarma visual y audible<\/span><\/li>\n<li style='margin-bottom: 5px;'><span style='color: inherit; font-family: sans-serif;'>Compatible con Hik-Connect<\/span><\/li>\n<li style='margin-bottom: 5px;'><span style='color: inherit; font-family: sans-serif;'>Almacenamiento local en tarjeta microSD de hasta 256 GB<\/span><\/li>\n<li style='margin-bottom: 5px;'><span style='color: inherit; font-family: sans-serif;'>Soporta audio de dos v\u00edas<\/span><\/li>\n<li style='margin-bottom: 5px;'><span style='color: inherit; font-family: sans-serif;'>WDR 120dB<\/span><\/li>\n<li style='margin-bottom: 5px;'><span style='color: inherit; font-family: sans-serif;'>Modo D\u00eda\/Noche con filtro infrarrojo ICR<\/span><\/li>\n<\/ul><\/div>\n<\/p><\/div>\n<\/p><\/div>\n<p> <!-- Caracter\u00edsticas F\u00edsicas y El\u00e9ctricas --> <\/p>\n<div style='flex: 1 1 300px; min-width: 280px;'>\n<div style='border: 1px solid rgba(150&comma; 150&comma; 150&comma; 0.4); border-radius: 8px; overflow: hidden; display: flex; flex-direction: column;'>\n<div style='padding: 15px; border-bottom: 1px solid rgba(150&comma; 150&comma; 150&comma; 0.2); font-weight: bold; font-size: 18px; background-color: #df001e; color: #ffffff; font-family: sans-serif;'>Caracter\u00edsticas F\u00edsicas y El\u00e9ctricas<\/div>\n<div style='padding: 15px; color: inherit;'>\n<ul style='padding-left: 20px; margin: 0; font-size: 14px; list-style-type: disc;'>\n<li style='margin-bottom: 5px;'><span style='color: inherit; font-family: sans-serif;'>Resoluci\u00f3n: 2560 \u00d7 1440 p\u00edxeles<\/span><\/li>\n<li style='margin-bottom: 5px;'><span style='color: inherit; font-family: sans-serif;'>Sensor: 1\/2.7&#8242; CMOS de escaneo progresivo<\/span><\/li>\n<li style='margin-bottom: 5px;'><span style='color: inherit; font-family: sans-serif;'>Rango de luz IR: 30m<\/span><\/li>\n<li style='margin-bottom: 5px;'><span style='color: inherit; font-family: sans-serif;'>Protecci\u00f3n exterior: IP67<\/span><\/li>\n<li style='margin-bottom: 5px;'><span style='color: inherit; font-family: sans-serif;'>Consumo de energ\u00eda: \u226410 W<\/span><\/li>\n<li style='margin-bottom: 5px;'><span style='color: inherit; font-family: sans-serif;'>Alimentaci\u00f3n: 12 VCD o PoE<\/span><\/li>\n<li style='margin-bottom: 5px;'><span style='color: inherit; font-family: sans-serif;'>Temperatura de operaci\u00f3n: -30\u00b0C a 60\u00b0C<\/span><\/li>\n<li style='margin-bottom: 5px;'><span style='color: inherit; font-family: sans-serif;'>Humedad de operaci\u00f3n: \u226495% sin condensaci\u00f3n<\/span><\/li>\n<li style='margin-bottom: 5px;'><span style='color: inherit; font-family: sans-serif;'>Entradas de alarma: 2<\/span><\/li>\n<li style='margin-bottom: 5px;'><span style='color: inherit; font-family: sans-serif;'>Salidas de alarma: 2<\/span><\/li>\n<li style='margin-bottom: 5px;'><span style='color: inherit; font-family: sans-serif;'>Peso: 407 gramos<\/span><\/li>\n<li style='margin-bottom: 5px;'><span style='color: inherit; font-family: sans-serif;'>Dimensiones: 130 mm x 101 mm<\/span><\/li>\n<\/ul><\/div>\n<\/p><\/div>\n<\/p><\/div>\n<\/p><\/div>\n<\/p><\/div>\n<hr style='border: 0; border-top: 1px solid rgba(150&comma; 150&comma; 150&comma; 0.3); margin: 30px 0;'> <!-- HikCentral Professional --> <\/p>\n<div style='margin-bottom: 30px;'>\n<div style='background-color: transparent;'>\n<div style='border: 1px solid rgba(150&comma; 150&comma; 150&comma; 0.4); border-radius: 8px; overflow: hidden;'>\n<div style='padding: 15px; background-color: #df001e; border-bottom: 1px solid #a80000;'> <span style='font-size: 14px; font-weight: bold; color: #ffffff; font-family: sans-serif;'>Compatible con HikCentral Professional<\/span> <\/div>\n<div style='padding: 20px;'>\n<p style='margin-top: 0; margin-bottom: 15px;'><strong style='color: inherit; font-family: sans-serif;'>Para utilizar la c\u00e1mara con sus funciones de incendio con la plataforma de Hik-Central Profesional requiere las siguientes licencias:<\/strong><\/p>\n<ul style='padding-left: 20px; font-size: 14px; color: inherit; list-style-type: disc;'>\n<li style='margin-bottom: 10px;'><span style='color: inherit; font-family: sans-serif;'><a href='https:\/\/www.syscom.mx\/producto\/HC-P-VSS-B\/0C-HIKVISION-188079.html' target='_blank' rel='noopener' style='color: #0066cc; text-decoration: underline;'><strong>HC-P-VSS-B\/0C<\/strong><\/a>: Permite tener el acceso a la plataforma de Hik-Central Professional (si ya existe un sistema activo&comma; no se requiere esta licencia).<\/span><\/li>\n<li style='margin-bottom: 10px;'><span style='color: inherit; font-family: sans-serif;'><a href='https:\/\/www.syscom.mx\/producto\/HC-P-FIREDETECTION\/1C-HIKVISION-238214.html' target='_blank' rel='noopener' style='color: #0066cc; text-decoration: underline;'><strong>HC-P-FIREDETECTION\/1C<\/strong><\/a>: Permite agregar una c\u00e1mara con funciones de incendio&comma; se requiere una licencia por cada c\u00e1mara.<\/span><\/li>\n<\/ul><\/div>\n<\/p><\/div>\n<\/p><\/div>\n<\/p><\/div>\n<hr style='border: 0; border-top: 1px solid rgba(150&comma; 150&comma; 150&comma; 0.3); margin: 30px 0;'> <!-- Banner --> <\/p>\n<div style='margin: 30px 0;'> <img style='width: 100%; height: auto; border: 1px solid rgba(150&comma;150&comma;150&comma;0.3); border-radius: 8px;' src='https:\/\/ftp3.syscom.mx\/usuarios\/jsosa\/HIKVISION\/HikFire\/banners\/LINKEDIN%201200%20x%20627%20-%20Solucion%20Hikfire%20s.png' alt='Banner HikFire'> <\/div>\n<\/p><\/div>\n","protected":false},"excerpt":{"rendered":"<p>(HikFire) C\u00e1mara IP de Detecci\u00f3n Llama y Humo con IA \/ 4 Megapixel \/ Detector de llama piroel\u00e9ctrico \/ Compatible con Hik-Connect \/ Micr\u00f3fono y Bocina para Audio de dos V\u00edas<\/p>\n","protected":false},"featured_media":35002,"comment_status":"open","ping_status":"closed","template":"","meta":[],"product_brand":[],"product_cat":[1042],"product_tag":[1044,54,1043],"class_list":{"0":"post-35003","1":"product","2":"type-product","3":"status-publish","4":"has-post-thumbnail","6":"product_cat-camaras-ip-con-deteccion-de-fuego","7":"product_tag-camaras-ip-con-deteccion-de-fuego","8":"product_tag-hikvision","9":"product_tag-prevencion-de-incendio-by-hikvision","11":"first","12":"outofstock","13":"sale","14":"shipping-taxable","15":"purchasable","16":"product-type-simple"},"_links":{"self":[{"href":"https:\/\/soydeaqui.ddns.net\/pachuca\/index.php\/wp-json\/wp\/v2\/product\/35003","targetHints":{"allow":["GET"]}}],"collection":[{"href":"https:\/\/soydeaqui.ddns.net\/pachuca\/index.php\/wp-json\/wp\/v2\/product"}],"about":[{"href":"https:\/\/soydeaqui.ddns.net\/pachuca\/index.php\/wp-json\/wp\/v2\/types\/product"}],"replies":[{"embeddable":true,"href":"https:\/\/soydeaqui.ddns.net\/pachuca\/index.php\/wp-json\/wp\/v2\/comments?post=35003"}],"wp:featuredmedia":[{"embeddable":true,"href":"https:\/\/soydeaqui.ddns.net\/pachuca\/index.php\/wp-json\/wp\/v2\/media\/35002"}],"wp:attachment":[{"href":"https:\/\/soydeaqui.ddns.net\/pachuca\/index.php\/wp-json\/wp\/v2\/media?parent=35003"}],"wp:term":[{"taxonomy":"product_brand","embeddable":true,"href":"https:\/\/soydeaqui.ddns.net\/pachuca\/index.php\/wp-json\/wp\/v2\/product_brand?post=35003"},{"taxonomy":"product_cat","embeddable":true,"href":"https:\/\/soydeaqui.ddns.net\/pachuca\/index.php\/wp-json\/wp\/v2\/product_cat?post=35003"},{"taxonomy":"product_tag","embeddable":true,"href":"https:\/\/soydeaqui.ddns.net\/pachuca\/index.php\/wp-json\/wp\/v2\/product_tag?post=35003"}],"curies":[{"name":"wp","href":"https:\/\/api.w.org\/{rel}","templated":true}]}}