{"id":35001,"date":"2026-03-18T15:34:15","date_gmt":"2026-03-18T15:34:15","guid":{"rendered":"https:\/\/soydeaqui.ddns.net\/pachuca\/index.php\/producto\/hikfire-camara-ip-turret-de-deteccion-termica-de-incendios-deteccion-de-llamas-y-temperaturas-anormales-4-megapixel-lente-optico-1-megapixel-lente-termico-compatible-con-hik-connect\/"},"modified":"2026-03-18T15:34:15","modified_gmt":"2026-03-18T15:34:15","slug":"hikfire-camara-ip-turret-de-deteccion-termica-de-incendios-deteccion-de-llamas-y-temperaturas-anormales-4-megapixel-lente-optico-1-megapixel-lente-termico-compatible-con-hik-connect","status":"publish","type":"product","link":"https:\/\/soydeaqui.ddns.net\/pachuca\/index.php\/producto\/hikfire-camara-ip-turret-de-deteccion-termica-de-incendios-deteccion-de-llamas-y-temperaturas-anormales-4-megapixel-lente-optico-1-megapixel-lente-termico-compatible-con-hik-connect\/","title":{"rendered":"(HikFire) C\u00e1mara IP Turret de Detecci\u00f3n T\u00e9rmica de Incendios \/ Detecci\u00f3n de Llamas y Temperaturas Anormales \/ 4 Megap\u00edxel (Lente \u00d3ptico) + 1 Megap\u00edxel (Lente T\u00e9rmico) \/ Compatible con Hik-Connect"},"content":{"rendered":"<div style='width: 100%; max-width: 1200px; margin: 0 auto; font-family: sans-serif; line-height: 1.6; color: inherit; background-color: transparent;'> <!-- Logo --> <\/p>\n<div style='text-align: center; margin: 30px 0;'> <img style='width: 45%; height: auto; border: 1px solid rgba(150&comma;150&comma;150&comma;0.3); border-radius: 8px;' src='https:\/\/ftp3.syscom.mx\/usuarios\/jsosa\/HIKVISION\/imagenes\/logo\/hikvision%20see%20far.png' alt='Logo Hikvision'> <\/div>\n<hr style='border: 0; border-top: 1px solid rgba(150&comma;150&comma;150&comma;0.3); margin: 30px 0;'> <!-- Consideraciones --> <\/p>\n<div style='margin-bottom: 30px;'>\n<div style='border: 1px solid rgba(150&comma;150&comma;150&comma;0.4); border-radius: 16px; overflow: hidden; background-color: #f7f8fa;'>\n<div style='background: #df001e; border-bottom: 2px solid #a80000; padding: 15px;'> <span style='font-size: 18px; color: #ffffff; font-weight: bold; font-family: verdana&comma; geneva&comma; sans-serif;'>Consideraciones<\/span> <\/div>\n<div style='padding: 20px; color: #212529;'>\n<ul style='padding-left: 20px; font-size: 15px; color: inherit;'>\n<li style='margin-bottom: 10px;'><span style='color: inherit; font-family: verdana&comma; geneva&comma; sans-serif;'>Identifica temperatura anormal&comma; llamas y otras caracter\u00edsticas de objetos en el \u00e1rea detectada y emite alertas tempranas y alarmas.<\/span><\/li>\n<li style='margin-bottom: 10px;'><span style='color: inherit; font-family: verdana&comma; geneva&comma; sans-serif;'>Es ampliamente utilizado en hospitales&comma; escuelas&comma; museos&comma; bancos&comma; f\u00e1bricas&comma; subestaciones&comma; estaciones de servicio y otros lugares clave con necesidades de protecci\u00f3n contra incendios y seguridad<\/span><\/li>\n<\/ul>\n<p> <!-- NVRs Compatibles --> <\/p>\n<div style='margin-top: 20px;'>\n<p style='color: #ff0000; font-weight: bold; font-family: verdana&comma; geneva&comma; sans-serif; margin-bottom: 10px;'>NVRs Compatibles:<\/p>\n<ul style='padding-left: 20px; font-size: 15px; color: inherit;'>\n<li style='margin-bottom: 5px;'><strong style='color: inherit;'>Serie M-VPRO:<\/strong> DS-9600NX1-M8R\/VPro.<\/li>\n<li style='margin-bottom: 5px;'><strong style='color: inherit;'>Series M:<\/strong> DS-9600NI-M8\/R&comma; DS-9600NI-M16\/R&comma; DS-7604NI-M1&comma; DS-7600IN-M2&comma; DS-7700NI-M4.<\/li>\n<li style='margin-bottom: 5px;'><strong style='color: inherit;'>Series I:<\/strong> DS-7600NXI-I2\/S(E)&comma; DS-7700NXI-I4\/S(E).<\/li>\n<li style='margin-bottom: 5px;'><strong style='color: inherit;'>Series K:<\/strong> DS-7600NXI-K1(D)&comma; DS-7600NXI-K2(D)&comma; DS7700NXI-K4(D)&comma; DS-8600NXI-K8(D)&comma; DS-7600NXI-K1&comma; DS7600NXI-K2&comma; DS7700NXI-K4&comma; DS8600NXI-K8.<\/li>\n<li style='margin-bottom: 5px;'><strong style='color: inherit;'>Series Q:<\/strong> DS-7600NI-Q1(D)&comma; DS-7600NI-Q2(D)<\/li>\n<\/ul><\/div>\n<\/p><\/div>\n<\/p><\/div>\n<\/p><\/div>\n<hr style='border: 0; border-top: 1px solid rgba(150&comma;150&comma;150&comma;0.3); margin: 30px 0;'> <!-- Especificaciones --> <\/p>\n<div style='margin-bottom: 30px;'>\n<h2 style='text-align: center; color: #232a6f; font-family: verdana&comma; geneva&comma; sans-serif; margin-bottom: 20px;'>Especif\u00edcaciones<\/h2>\n<div style='display: flex; flex-wrap: wrap; gap: 20px;'> <!-- Caracter\u00edsticas Principales --> <\/p>\n<div style='flex: 1 1 300px; min-width: 280px;'>\n<div style='border: 1px solid rgba(150&comma;150&comma;150&comma;0.4); border-radius: 16px; overflow: hidden;'>\n<div style='background: #df001e; border-bottom: 2px solid #a80000; padding: 15px;'> <span style='font-size: 16px; color: #ffffff; font-weight: bold; font-family: verdana&comma; geneva&comma; sans-serif;'>Caracter\u00edsticas Principales:<\/span> <\/div>\n<div style='padding: 15px; color: #212529;'>\n<ul style='padding-left: 20px; font-size: 14px; color: inherit;'>\n<li style='margin-bottom: 8px;'><span style='color: inherit; font-family: verdana&comma; geneva&comma; sans-serif;'>C\u00e1mara inteligente que puede detectar la temperatura y permite verificar la alerta v\u00eda video<\/span><\/li>\n<li style='margin-bottom: 8px;'><span style='color: inherit; font-family: verdana&comma; geneva&comma; sans-serif;'>Alta sensibilidad&comma; seguridad y fiabilidad<\/span><\/li>\n<li style='margin-bottom: 8px;'><span style='color: inherit; font-family: verdana&comma; geneva&comma; sans-serif;'>Resoluci\u00f3n del lente \u00f3ptico: 2560 x 1440<\/span><\/li>\n<li style='margin-bottom: 8px;'><span style='color: inherit; font-family: verdana&comma; geneva&comma; sans-serif;'>Soporta almacenamiento en tarjeta Micro SD\/SDHC\/SDXC de hasta 256 GB<\/span><\/li>\n<li style='margin-bottom: 8px;'><span style='color: inherit; font-family: verdana&comma; geneva&comma; sans-serif;'>Soporta detecci\u00f3n de llamas y detecci\u00f3n de temperatura anormal<\/span><\/li>\n<li style='margin-bottom: 8px;'><span style='color: inherit; font-family: verdana&comma; geneva&comma; sans-serif;'>Protecci\u00f3n IP67 a prueba de agua y polvo<\/span><\/li>\n<li style='margin-bottom: 8px;'><span style='color: inherit; font-family: verdana&comma; geneva&comma; sans-serif;'>Entradas y Salidas de alarma: 2 Entradas&comma; 2 Salidas<\/span><\/li>\n<li style='margin-bottom: 8px;'><span style='color: inherit; font-family: verdana&comma; geneva&comma; sans-serif;'>Entrada y Salida de audio: 1 Entrada&comma; 1 Salida<\/span><\/li>\n<li style='margin-bottom: 8px;'><span style='color: inherit; font-family: verdana&comma; geneva&comma; sans-serif;'>Compatible con Hik-Connect<\/span><\/li>\n<li style='margin-bottom: 8px;'><span style='color: inherit; font-family: verdana&comma; geneva&comma; sans-serif;'>Detecci\u00f3n de llama: hasta 30m (cobertura del fuego 0.1m<sup>2<\/sup>)<\/span><\/li>\n<\/ul><\/div>\n<\/p><\/div>\n<\/p><\/div>\n<p> <!-- Caracter\u00edsticas F\u00edsicas y El\u00e9ctricas --> <\/p>\n<div style='flex: 1 1 300px; min-width: 280px;'>\n<div style='border: 1px solid rgba(150&comma;150&comma;150&comma;0.4); border-radius: 16px; overflow: hidden;'>\n<div style='background: #df001e; border-bottom: 2px solid #a80000; padding: 15px;'> <span style='font-size: 16px; color: #ffffff; font-weight: bold; font-family: verdana&comma; geneva&comma; sans-serif;'>Caracter\u00edsticas F\u00edsicas y El\u00e9ctricas:<\/span> <\/div>\n<div style='padding: 15px; color: #212529;'>\n<ul style='padding-left: 20px; font-size: 14px; color: inherit;'>\n<li style='margin-bottom: 8px;'><span style='color: inherit; font-family: verdana&comma; geneva&comma; sans-serif;'>Sensor \u00f3ptico: 1\/3&#8242; CMOS de escaneo progresivo<\/span><\/li>\n<li style='margin-bottom: 8px;'><span style='color: inherit; font-family: verdana&comma; geneva&comma; sans-serif;'>Sensor t\u00e9rmico: Microbol\u00f3metro de \u00f3xido de vanadio (VOx)<\/span><\/li>\n<li style='margin-bottom: 8px;'><span style='color: inherit; font-family: verdana&comma; geneva&comma; sans-serif;'>Rango de medici\u00f3n: -20\u00b0C a 550\u00b0C (precisi\u00f3n \u00b18\u00b0C o \u00b18%)<\/span><\/li>\n<li style='margin-bottom: 8px;'><span style='color: inherit; font-family: verdana&comma; geneva&comma; sans-serif;'>Alimentaci\u00f3n: 12 VDC \u00b125% \/ PoE: 802.3 at&comma; CLASS 4<\/span><\/li>\n<li style='margin-bottom: 8px;'><span style='color: inherit; font-family: verdana&comma; geneva&comma; sans-serif;'>Temperatura de operaci\u00f3n: -20\u00b0C~60\u00b0C&comma; humedad: menos de 95% (sin condensaci\u00f3n)<\/span><\/li>\n<li style='margin-bottom: 8px;'><span style='color: inherit; font-family: verdana&comma; geneva&comma; sans-serif;'>Peso: 677 gramos<\/span><\/li>\n<li style='margin-bottom: 8px;'><span style='color: inherit; font-family: verdana&comma; geneva&comma; sans-serif;'>Dimensiones: 130 x 101 mm<\/span><\/li>\n<\/ul><\/div>\n<\/p><\/div>\n<\/p><\/div>\n<\/p><\/div>\n<\/p><\/div>\n<hr style='border: 0; border-top: 1px solid rgba(150&comma;150&comma;150&comma;0.3); margin: 30px 0;'> <!-- HikCentral Professional --> <\/p>\n<div style='margin-bottom: 30px;'>\n<div style='border: 1px solid rgba(150&comma;150&comma;150&comma;0.4); border-radius: 16px; overflow: hidden; background-color: #f7f8fa;'>\n<div style='background: #df001e; border-bottom: 2px solid #a80000; padding: 15px;'> <span style='font-size: 16px; color: #ffffff; font-weight: bold; font-family: verdana&comma; geneva&comma; sans-serif;'>Compatible con HikCentral Professional<\/span> <\/div>\n<div style='padding: 20px; color: #212529;'>\n<p style='font-weight: bold; margin-bottom: 15px;'><span style='color: inherit; font-family: verdana&comma; geneva&comma; sans-serif;'>Para utilizar la c\u00e1mara con sus funciones de incendio con la plataforma de Hik-Central Profesional requiere las siguientes licencias:<\/span><\/p>\n<ul style='padding-left: 20px; font-size: 15px; color: inherit;'>\n<li style='margin-bottom: 10px;'><a href='https:\/\/www.syscom.mx\/producto\/HC-P-VSS-B\/0C-HIKVISION-188079.html' target='_blank' rel='noopener' style='color: #0066cc; text-decoration: underline;'><strong style='color: inherit;'>HC-P-VSS-B\/0C<\/strong><\/a>: Permite tener el acceso a la plataforma de Hik-Central Professional (si ya existe un sistema activo&comma; no se requiere esta licencia).<\/li>\n<li style='margin-bottom: 10px;'><a href='https:\/\/www.syscom.mx\/producto\/HC-P-FIREDETECTION\/1C-HIKVISION-238214.html' target='_blank' rel='noopener' style='color: #0066cc; text-decoration: underline;'><strong style='color: inherit;'>HC-P-FIREDETECTION\/1C<\/strong><\/a>: Permite agregar una c\u00e1mara con funciones de incendio&comma; se requiere una licencia por cada c\u00e1mara.<\/li>\n<\/ul><\/div>\n<\/p><\/div>\n<\/p><\/div>\n<hr style='border: 0; border-top: 1px solid rgba(150&comma;150&comma;150&comma;0.3); margin: 30px 0;'> <!-- Banner --> <\/p>\n<div style='margin: 30px 0;'> <a title='Serie AX PRO' href='https:\/\/www.syscom.mx\/producto\/HC-P-VSS-B\/0C-HIKVISION-188079.html' target='_blank' rel='noopener' style='display: block;'> <img style='width: 100%; height: auto; border: 1px solid rgba(150&comma;150&comma;150&comma;0.3); border-radius: 8px;' src='https:\/\/ftp3.syscom.mx\/usuarios\/jsosa\/HIKVISION\/HikFire\/banners\/LINKEDIN%201200%20x%20627%20-%20Solucion%20Hikfire%20s.png' alt='Banner Serie AX PRO'> <\/a> <\/div>\n<\/p><\/div>\n","protected":false},"excerpt":{"rendered":"<p>(HikFire) C\u00e1mara IP Turret de Detecci\u00f3n T\u00e9rmica de Incendios \/ Detecci\u00f3n de Llamas y Temperaturas Anormales \/ 4 Megap\u00edxel (Lente \u00d3ptico) + 1 Megap\u00edxel (Lente T\u00e9rmico) \/ Compatible con Hik-Connect<\/p>\n","protected":false},"featured_media":35000,"comment_status":"open","ping_status":"closed","template":"","meta":[],"product_brand":[],"product_cat":[1042],"product_tag":[1044,54,1043],"class_list":{"0":"post-35001","1":"product","2":"type-product","3":"status-publish","4":"has-post-thumbnail","6":"product_cat-camaras-ip-con-deteccion-de-fuego","7":"product_tag-camaras-ip-con-deteccion-de-fuego","8":"product_tag-hikvision","9":"product_tag-prevencion-de-incendio-by-hikvision","11":"first","12":"instock","13":"sale","14":"shipping-taxable","15":"purchasable","16":"product-type-simple"},"_links":{"self":[{"href":"https:\/\/soydeaqui.ddns.net\/pachuca\/index.php\/wp-json\/wp\/v2\/product\/35001","targetHints":{"allow":["GET"]}}],"collection":[{"href":"https:\/\/soydeaqui.ddns.net\/pachuca\/index.php\/wp-json\/wp\/v2\/product"}],"about":[{"href":"https:\/\/soydeaqui.ddns.net\/pachuca\/index.php\/wp-json\/wp\/v2\/types\/product"}],"replies":[{"embeddable":true,"href":"https:\/\/soydeaqui.ddns.net\/pachuca\/index.php\/wp-json\/wp\/v2\/comments?post=35001"}],"wp:featuredmedia":[{"embeddable":true,"href":"https:\/\/soydeaqui.ddns.net\/pachuca\/index.php\/wp-json\/wp\/v2\/media\/35000"}],"wp:attachment":[{"href":"https:\/\/soydeaqui.ddns.net\/pachuca\/index.php\/wp-json\/wp\/v2\/media?parent=35001"}],"wp:term":[{"taxonomy":"product_brand","embeddable":true,"href":"https:\/\/soydeaqui.ddns.net\/pachuca\/index.php\/wp-json\/wp\/v2\/product_brand?post=35001"},{"taxonomy":"product_cat","embeddable":true,"href":"https:\/\/soydeaqui.ddns.net\/pachuca\/index.php\/wp-json\/wp\/v2\/product_cat?post=35001"},{"taxonomy":"product_tag","embeddable":true,"href":"https:\/\/soydeaqui.ddns.net\/pachuca\/index.php\/wp-json\/wp\/v2\/product_tag?post=35001"}],"curies":[{"name":"wp","href":"https:\/\/api.w.org\/{rel}","templated":true}]}}