{"id":34950,"date":"2026-03-18T15:33:07","date_gmt":"2026-03-18T15:33:07","guid":{"rendered":"https:\/\/soydeaqui.ddns.net\/pachuca\/index.php\/producto\/cilindro-para-calibracion-de-detectores-de-gas-hidrogeno-h2-105l-a-50-lel-macurco\/"},"modified":"2026-03-18T15:33:08","modified_gmt":"2026-03-18T15:33:08","slug":"cilindro-para-calibracion-de-detectores-de-gas-hidrogeno-h2-105l-a-50-lel-macurco","status":"publish","type":"product","link":"https:\/\/soydeaqui.ddns.net\/pachuca\/index.php\/producto\/cilindro-para-calibracion-de-detectores-de-gas-hidrogeno-h2-105l-a-50-lel-macurco\/","title":{"rendered":"Cilindro Para Calibraci\u00f3n de Detectores de Gas Hidrogeno H2 105L a 50% LEL MACURCO"},"content":{"rendered":"<div style='width: 100%; max-width: 1200px; margin: 0 auto; font-family: sans-serif; line-height: 1.6; color: inherit; background-color: transparent;'>\n<div style='display: flex; flex-wrap: wrap; gap: 30px; margin-bottom: 30px;'>\n<div style='flex: 1 1 300px; min-width: 280px;'>\n<h3 style='font-size: 22px; border-bottom: 2px solid currentColor; padding-bottom: 5px; margin-top: 0; color: inherit; opacity: 0.8;'>Descripci\u00f3n del producto<\/h3>\n<p style='font-size: 15px; color: inherit; margin-top: 0; margin-bottom: 15px;'>La familia de detectores de las series Macurco 6 y 12 requiere pruebas y calibraci\u00f3n de rutina. Cada detector tiene un kit de prueba\/calibraci\u00f3n correspondiente para probar y calibrar los detectores en campo. Los sensores pueden ser menos precisos con el tiempo&comma; por lo que se recomienda tener un plan de mantenimiento para garantizar que los detectores respondan a la presencia del gas apropiadamente.<\/p>\n<p style='font-size: 15px; color: inherit; margin-top: 0; margin-bottom: 15px;'>Una calibraci\u00f3n de gas es el proceso de exponer un sensor a un gas objetivo a una concentraci\u00f3n espec\u00edfica y luego ajustar el detector de gas para leer esa concentraci\u00f3n correctamente. Macurco recomienda probar y calibrar al menos una vez al a\u00f1o en un m\u00ednimo&comma; pero dependiendo del sitio y el potencial de riesgo de la aplicaci\u00f3n&comma; puede ser necesario con mayor frecuencia. Consulte con las autoridades locales para conocer las reglamentaciones locales espec\u00edficas.<\/p>\n<ul style='padding-left: 20px; font-size: 15px; color: inherit; margin-top: 0;'>\n<li style='margin-bottom: 5px;'><strong>Uso exclusivo:<\/strong> Detectores MACURCO GD-6&comma; GD-12 y Cal-Kit 1<\/li>\n<li style='margin-bottom: 5px;'><strong>Contenido:<\/strong> Mezcla de gases de calibraci\u00f3n compuesta por metano y nitr\u00f3geno<\/li>\n<\/ul><\/div>\n<\/p><\/div>\n<div style='display: flex; flex-wrap: wrap; gap: 20px; margin-bottom: 30px;'>\n<div style='flex: 1 1 250px; border: 1px solid rgba(150&comma; 150&comma; 150&comma; 0.4); border-radius: 8px; overflow: hidden; display: flex; flex-direction: column;'>\n<div style='padding: 15px; border-bottom: 1px solid rgba(150&comma; 150&comma; 150&comma; 0.2); font-weight: bold; font-size: 18px; color: inherit;'>Advertencias<\/div>\n<div style='padding: 15px; color: inherit;'>\n<ul style='padding-left: 20px; margin: 0; font-size: 14px; list-style-type: disc;'>\n<li style='margin-bottom: 5px;'>H280 &#8211; Contiene GAS BAJO PRESION puede EXPLOTAR si se calienta<\/li>\n<li style='margin-bottom: 5px;'>Puede causar da\u00f1o a los \u00f3rganos<\/li>\n<li style='margin-bottom: 5px;'>En caso de liberaci\u00f3n del gas puede reemplazar al ox\u00edgeno y causar asfixia r\u00e1pidamente<\/li>\n<\/ul><\/div>\n<\/p><\/div>\n<div style='flex: 1 1 250px; border: 1px solid rgba(150&comma; 150&comma; 150&comma; 0.4); border-radius: 8px; overflow: hidden; display: flex; flex-direction: column;'>\n<div style='padding: 15px; border-bottom: 1px solid rgba(150&comma; 150&comma; 150&comma; 0.2); font-weight: bold; font-size: 18px; color: inherit;'>Instrucciones de almacenamiento<\/div>\n<div style='padding: 15px; color: inherit;'>\n<ul style='padding-left: 20px; margin: 0; font-size: 14px; list-style-type: disc;'>\n<li style='margin-bottom: 5px;'>P410+P403 Proteger de la luz solar<\/li>\n<li style='margin-bottom: 5px;'>Almacenar en un lugar bien ventilado<\/li>\n<\/ul><\/div>\n<\/p><\/div>\n<\/p><\/div>\n<hr style='border: 0; border-top: 1px solid rgba(150&comma; 150&comma; 150&comma; 0.3); margin: 30px 0;'> <\/div>\n","protected":false},"excerpt":{"rendered":"<p>Cilindro Para Calibraci\u00f3n de Detectores de Gas Hidrogeno H2 105L a 50% LEL MACURCO<\/p>\n","protected":false},"featured_media":32,"comment_status":"open","ping_status":"closed","template":"","meta":[],"product_brand":[],"product_cat":[987],"product_tag":[988,522,989],"class_list":{"0":"post-34950","1":"product","2":"type-product","3":"status-publish","4":"has-post-thumbnail","6":"product_cat-detectores-de-gases","7":"product_tag-detectores-de-gases","8":"product_tag-dispositivos-convencionales","9":"product_tag-macurco-aerionics","11":"first","12":"outofstock","13":"sale","14":"shipping-taxable","15":"purchasable","16":"product-type-simple"},"_links":{"self":[{"href":"https:\/\/soydeaqui.ddns.net\/pachuca\/index.php\/wp-json\/wp\/v2\/product\/34950","targetHints":{"allow":["GET"]}}],"collection":[{"href":"https:\/\/soydeaqui.ddns.net\/pachuca\/index.php\/wp-json\/wp\/v2\/product"}],"about":[{"href":"https:\/\/soydeaqui.ddns.net\/pachuca\/index.php\/wp-json\/wp\/v2\/types\/product"}],"replies":[{"embeddable":true,"href":"https:\/\/soydeaqui.ddns.net\/pachuca\/index.php\/wp-json\/wp\/v2\/comments?post=34950"}],"wp:featuredmedia":[{"embeddable":true,"href":"https:\/\/soydeaqui.ddns.net\/pachuca\/index.php\/wp-json\/wp\/v2\/media\/32"}],"wp:attachment":[{"href":"https:\/\/soydeaqui.ddns.net\/pachuca\/index.php\/wp-json\/wp\/v2\/media?parent=34950"}],"wp:term":[{"taxonomy":"product_brand","embeddable":true,"href":"https:\/\/soydeaqui.ddns.net\/pachuca\/index.php\/wp-json\/wp\/v2\/product_brand?post=34950"},{"taxonomy":"product_cat","embeddable":true,"href":"https:\/\/soydeaqui.ddns.net\/pachuca\/index.php\/wp-json\/wp\/v2\/product_cat?post=34950"},{"taxonomy":"product_tag","embeddable":true,"href":"https:\/\/soydeaqui.ddns.net\/pachuca\/index.php\/wp-json\/wp\/v2\/product_tag?post=34950"}],"curies":[{"name":"wp","href":"https:\/\/api.w.org\/{rel}","templated":true}]}}