{"id":3493,"date":"2026-03-18T06:08:40","date_gmt":"2026-03-18T06:08:40","guid":{"rendered":"https:\/\/soydeaqui.ddns.net\/pachuca\/index.php\/producto\/kit-altavoces-modulo-receptor-bt-montaje-en-pared-2x20w-rms-material-abs-y-reja-metalica-bracket-de-metal-color-blanco\/"},"modified":"2026-03-18T06:08:40","modified_gmt":"2026-03-18T06:08:40","slug":"kit-altavoces-modulo-receptor-bt-montaje-en-pared-2x20w-rms-material-abs-y-reja-metalica-bracket-de-metal-color-blanco","status":"publish","type":"product","link":"https:\/\/soydeaqui.ddns.net\/pachuca\/index.php\/producto\/kit-altavoces-modulo-receptor-bt-montaje-en-pared-2x20w-rms-material-abs-y-reja-metalica-bracket-de-metal-color-blanco\/","title":{"rendered":"Kit  Altavoces + Modulo Receptor BT | Montaje en Pared | 2x20W RMS | Material ABS y Reja Met\u00e1lica | Bracket de Metal | Color Blanco"},"content":{"rendered":"<div style='width: 100%; max-width: 1200px; margin: 0 auto; font-family: sans-serif; line-height: 1.6; color: inherit; background-color: transparent;'> <!-- Imagen principal --> <\/p>\n<div style='width: 100%; text-align: center; margin: 30px 0;'> <img style='width: 50%; height: auto; border: 1px solid rgba(150&comma;150&comma;150&comma;0.3); border-radius: 8px;' src='https:\/\/ftp3.syscom.mx\/usuarios\/luis.vargas\/EpcomProAudio\/epcom_proaudio.png' alt='Logo Epcom Proaudio'> <\/div>\n<p> <!-- Kit incluye --> <\/p>\n<div style='margin: 30px 0;'>\n<h3 style='font-size: 20px; border-bottom: 2px solid currentColor; padding-bottom: 5px; margin-top: 0; color: inherit; opacity: 0.8; text-align: center;'>El KIT incluye:<\/h3>\n<div style='display: flex; flex-wrap: wrap; justify-content: center; gap: 10px; margin-top: 15px;'>\n<div style='flex: 1 1 200px; min-width: 150px; text-align: center;'> <a href='https:\/\/www.syscom.mx\/producto\/SF-775AW-EPCOM-PROAUDIO-171507.html' style='color: inherit; text-decoration: none;'> <strong>SF775AW<\/strong> <\/a> <\/div>\n<div style='flex: 1 1 200px; min-width: 150px; text-align: center;'> <a href='https:\/\/www.syscom.mx\/producto\/30445-UGREEN-206931.html' style='color: inherit; text-decoration: none;'> <strong>30445<\/strong> <\/a> <\/div>\n<\/p><\/div>\n<\/p><\/div>\n<p> <!-- Secci\u00f3n de productos --> <\/p>\n<div style='display: flex; flex-wrap: wrap; gap: 30px; margin: 30px 0;'> <!-- Producto SF775AW --> <\/p>\n<div style='flex: 1 1 300px; min-width: 280px;'>\n<div style='border: 1px solid rgba(150&comma;150&comma;150&comma;0.4); border-radius: 8px; overflow: hidden; display: flex; flex-direction: column;'>\n<div style='background-color: #fff; padding: 15px;'> <img style='width: 100%; height: auto; border: none; border-radius: 0;' src='https:\/\/ftp3.syscom.mx\/usuarios\/fotos\/BancoFotografiasSyscom\/EPCOMPROAUDIO\/SF775AW\/SF775AW-p.PNG' alt='SF775AW'> <\/div>\n<div style='border-top: 5px solid #005a9c; padding: 0px 15px;'>\n<h3 style='font-size: 18px; margin-top: 15px; margin-bottom: 10px; color: inherit;'> <a href='https:\/\/www.syscom.mx\/producto\/SF-775AW-EPCOM-PROAUDIO-171507.html' target='_blank' rel='noopener' style='color: inherit; text-decoration: none;'> <strong>SF775AW<\/strong> <\/a> <\/h3>\n<p style='margin-bottom: 10px;'><strong>Caracter\u00edsticas principales:<\/strong><\/p>\n<ul style='padding-left: 20px; font-size: 14px; color: inherit;'>\n<li style='margin-bottom: 5px;'>RMS: 20W X 2@8\u03a9 Entrada: 0.5V<\/li>\n<li style='margin-bottom: 5px;'>Frecuencia: 80Hz-18KHz\/1W&comma; +\/-0.5dB<\/li>\n<li style='margin-bottom: 5px;'>THD: 20Hz-20KHz\/1W&comma; 0.05%<\/li>\n<li style='margin-bottom: 5px;'>Damping Factor >200@8\u03a9\/400Hz<\/li>\n<li style='margin-bottom: 5px;'>Conversion Rate: 30V\/US<\/li>\n<li style='margin-bottom: 5px;'>Channel Degree of Separation >75dB Radio: >95dB<\/li>\n<li style='margin-bottom: 5px;'>Amplificador: Clase AB<\/li>\n<li style='margin-bottom: 5px;'>Indicador: Alimentaci\u00f3n y energ\u00eda<\/li>\n<li style='margin-bottom: 5px;'>Consumo: 110VAC 50\/60Hz<\/li>\n<li style='margin-bottom: 5px;'>Dimensiones: 183 x 200 x 240mm<\/li>\n<li style='margin-bottom: 5px;'>Peso: 4.7KG (por par).<\/li>\n<\/ul><\/div>\n<\/p><\/div>\n<\/p><\/div>\n<p> <!-- Descripci\u00f3n SF775AW --> <\/p>\n<div style='flex: 1 1 300px; min-width: 280px;'>\n<div style='border: 1px solid rgba(150&comma;150&comma;150&comma;0.4); border-radius: 8px; overflow: hidden; display: flex; flex-direction: column;'>\n<div style='background-color: #fff; padding: 15px;'> <img style='width: 100%; height: auto; border: none; border-radius: 0;' src='https:\/\/ftp3.syscom.mx\/usuarios\/fotos\/BancoFotografiasSyscom\/EPCOMPROAUDIO\/SF775AW\/SF775AW-AD-2-p.PNG' alt='SF775AW'><\/div>\n<div style='border-top: 5px solid #005a9c; padding: 0px 15px;'>\n<h3 style='font-size: 18px; margin-top: 15px; margin-bottom: 10px; color: inherit;'> <a href='https:\/\/www.syscom.mx\/producto\/SF-775AW-EPCOM-PROAUDIO-171507.html' target='_blank' rel='noopener' style='color: inherit; text-decoration: none;'> <strong>SF775AW<\/strong> <\/a> <\/h3>\n<p style='margin-bottom: 10px;'><strong>Caracter\u00edsticas principales:<\/strong><\/p>\n<p style='margin-bottom: 10px;'>Altavoz amplificado con sonido stereo Sistema de altavoces &comma; woofer de 5&#8221; y tweeter de 1.5&#8221; Ideal para escuelas&comma; hospitales&comma; salas de reunion e incluso para computadoras port\u00e1tiles. Alta fidelidad en calidad de sonido.<\/p>\n<p>El paquete de altavoces activos est\u00e1 dise\u00f1ado con controles de vol\u00famen y tono.<\/p>\n<\/p><\/div>\n<\/p><\/div>\n<\/p><\/div>\n<p> <!-- M\u00f3dulo BT --> <\/p>\n<div style='flex: 1 1 300px; min-width: 280px;'>\n<div style='border: 1px solid rgba(150&comma;150&comma;150&comma;0.4); border-radius: 8px; overflow: hidden; display: flex; flex-direction: column;'>\n<div style='background-color: #fff; padding: 15px;'> <img style='width: 100%; height: auto; border: none; border-radius: 0;' src='https:\/\/ftp3.syscom.mx\/usuarios\/fotos\/BancoFotografiasSyscom\/SYSCOM\/30445\/30445-p.PNG' alt='M\u00f3dulo BT'> <\/div>\n<div style='border-top: 5px solid #005a9c; padding: 0px 15px;'>\n<h3 style='font-size: 18px; margin-top: 15px; margin-bottom: 10px; color: inherit;'> <a href='https:\/\/www.syscom.mx\/producto\/30445-UGREEN-206931.html' target='_blank' rel='noopener' style='color: inherit; text-decoration: none;'> <strong>M\u00f3dulo BT<\/strong> <\/a> <\/h3>\n<p style='margin-bottom: 10px;'><strong>Caracter\u00edsticas principales:<\/strong><\/p>\n<p style='margin-bottom: 10px;'>Con las opciones de conexi\u00f3n de 3&comma;5 mm y 2RCA&comma; puede disfrutar de la m\u00fasica de forma inal\u00e1mbrica en 2 altavoces simult\u00e1neamente.<\/p>\n<p>Duraci\u00f3n de la bater\u00eda extralarga: el adaptador Bluetooth viene con una bater\u00eda incorporada&comma; que admite 8 horas de tiempo de reproducci\u00f3n y solo necesita 2 horas para cargarse por completo. Utilice un adaptador de corriente de Vcc 5V\/2A Max para cargar el receptor.<\/p>\n<\/p><\/div>\n<\/p><\/div>\n<\/p><\/div>\n<\/p><\/div>\n<p> <!-- Videos --> <\/p>\n<div style='margin: 30px 0;'>\n<h3 style='font-size: 20px; border-bottom: 2px solid currentColor; padding-bottom: 5px; margin-top: 0; color: inherit; opacity: 0.8; margin-bottom: 20px;'>VIDEOS<\/h3>\n<div style='display: flex; flex-wrap: wrap; gap: 20px;'> <!-- Video 1 --> <\/p>\n<div style='flex: 1 1 300px; min-width: 280px;'>\n<div style='position: relative; padding-bottom: 56.25%; height: 0; overflow: hidden;'>   <\/div>\n<\/p><\/div>\n<p> <!-- Video 2 --> <\/p>\n<div style='flex: 1 1 300px; min-width: 280px;'>\n<div style='position: relative; padding-bottom: 56.25%; height: 0; overflow: hidden;'>   <\/div>\n<\/p><\/div>\n<p> <!-- Video 3 --> <\/p>\n<div style='flex: 1 1 300px; min-width: 280px;'>\n<div style='position: relative; padding-bottom: 56.25%; height: 0; overflow: hidden;'>   <\/div>\n<\/p><\/div>\n<\/p><\/div>\n<\/p><\/div>\n<p> <!-- Separador final --> <\/p>\n<hr style='border: 0; border-top: 1px solid rgba(150&comma;150&comma;150&comma;0.3); margin: 30px 0;'> <\/div>\n","protected":false},"excerpt":{"rendered":"<p>Kit  Altavoces + Modulo Receptor BT | Montaje en Pared | 2x20W RMS | Material ABS y Reja Met\u00e1lica | Bracket de Metal | Color Blanco<\/p>\n","protected":false},"featured_media":3492,"comment_status":"open","ping_status":"closed","template":"","meta":[],"product_brand":[],"product_cat":[108],"product_tag":[110,109],"class_list":{"0":"post-3493","1":"product","2":"type-product","3":"status-publish","4":"has-post-thumbnail","6":"product_cat-epcom-proaudio","7":"product_tag-epcom-proaudio","8":"product_tag-megafonia-y-audioevacuacion","10":"first","11":"instock","12":"sale","13":"shipping-taxable","14":"purchasable","15":"product-type-simple"},"_links":{"self":[{"href":"https:\/\/soydeaqui.ddns.net\/pachuca\/index.php\/wp-json\/wp\/v2\/product\/3493","targetHints":{"allow":["GET"]}}],"collection":[{"href":"https:\/\/soydeaqui.ddns.net\/pachuca\/index.php\/wp-json\/wp\/v2\/product"}],"about":[{"href":"https:\/\/soydeaqui.ddns.net\/pachuca\/index.php\/wp-json\/wp\/v2\/types\/product"}],"replies":[{"embeddable":true,"href":"https:\/\/soydeaqui.ddns.net\/pachuca\/index.php\/wp-json\/wp\/v2\/comments?post=3493"}],"wp:featuredmedia":[{"embeddable":true,"href":"https:\/\/soydeaqui.ddns.net\/pachuca\/index.php\/wp-json\/wp\/v2\/media\/3492"}],"wp:attachment":[{"href":"https:\/\/soydeaqui.ddns.net\/pachuca\/index.php\/wp-json\/wp\/v2\/media?parent=3493"}],"wp:term":[{"taxonomy":"product_brand","embeddable":true,"href":"https:\/\/soydeaqui.ddns.net\/pachuca\/index.php\/wp-json\/wp\/v2\/product_brand?post=3493"},{"taxonomy":"product_cat","embeddable":true,"href":"https:\/\/soydeaqui.ddns.net\/pachuca\/index.php\/wp-json\/wp\/v2\/product_cat?post=3493"},{"taxonomy":"product_tag","embeddable":true,"href":"https:\/\/soydeaqui.ddns.net\/pachuca\/index.php\/wp-json\/wp\/v2\/product_tag?post=3493"}],"curies":[{"name":"wp","href":"https:\/\/api.w.org\/{rel}","templated":true}]}}