{"id":34921,"date":"2026-03-18T15:32:28","date_gmt":"2026-03-18T15:32:28","guid":{"rendered":"https:\/\/soydeaqui.ddns.net\/pachuca\/index.php\/producto\/detector-vrf-para-gas-refrigerante-r410a-0-10000-ppm-24-vcd-modbus\/"},"modified":"2026-03-18T15:32:33","modified_gmt":"2026-03-18T15:32:33","slug":"detector-vrf-para-gas-refrigerante-r410a-0-10000-ppm-24-vcd-modbus","status":"publish","type":"product","link":"https:\/\/soydeaqui.ddns.net\/pachuca\/index.php\/producto\/detector-vrf-para-gas-refrigerante-r410a-0-10000-ppm-24-vcd-modbus\/","title":{"rendered":"Detector VRF  Para Gas Refrigerante R410A| 0 &#8211; 10,000 PPM | 24 VCD Modbus"},"content":{"rendered":"<div style='width: 100%; max-width: 1200px; margin: 0 auto; font-family: sans-serif; line-height: 1.6; color: inherit; background-color: transparent;'>\n<div style='display: flex; flex-wrap: wrap; gap: 30px; margin-bottom: 30px;'>\n<div style='flex: 1 1 300px; min-width: 280px;'>\n<h3 style='font-size: 22px; border-bottom: 2px solid currentColor; padding-bottom: 5px; margin-top: 0; color: inherit; opacity: 0.8;'>Descripci\u00f3n<\/h3>\n<p style='font-size: 15px; color: inherit; margin-top: 0;'>El detector de gas refrigerante Macurco RD-VRF est\u00e1 dise\u00f1ado para proporcionar monitoreo continuo de refrigerante en aplicaciones VRF (flujo de refrigerante variable). Dependiendo del tipo de refrigerante&comma; una fuga de gas refrigerante podr\u00eda generar un ambiente con deficiencia de ox\u00edgeno que podr\u00eda provocar asfixia&comma; o un refrigerante combustible podr\u00eda provocar una explosi\u00f3n. El detector de gas refrigerante RD-VRF viene de serie con dos niveles de alarma que proporcionan advertencias anticipadas mediante alarmas de detecci\u00f3n baja y notificaciones locales o a trav\u00e9s de un sistema de gesti\u00f3n de edificios (BMS).<\/p>\n<\/p><\/div>\n<\/p><\/div>\n<div style='display: flex; flex-wrap: wrap; gap: 20px; margin-bottom: 30px;'>\n<div style='flex: 1 1 250px; border: 1px solid rgba(150&comma; 150&comma; 150&comma; 0.4); border-radius: 8px; overflow: hidden; display: flex; flex-direction: column;'>\n<div style='padding: 15px; border-bottom: 1px solid rgba(150&comma; 150&comma; 150&comma; 0.2); font-weight: bold; font-size: 18px; color: inherit;'>Caracter\u00edsticas Principales<\/div>\n<div style='padding: 15px; color: inherit;'>\n<ul style='padding-left: 20px; margin: 0; font-size: 14px; list-style-type: disc;'>\n<li style='margin-bottom: 5px;'>Gas detectado: <strong>R-410A refrigerante<\/strong><\/li>\n<li style='margin-bottom: 5px;'>Tecnolog\u00eda del sensor: <strong>NDIR (Infrarrojo no dispersivo)<\/strong><\/li>\n<li style='margin-bottom: 5px;'>Rango de medici\u00f3n: <strong>0 a 10&comma;000 ppm<\/strong><\/li>\n<li style='margin-bottom: 5px;'>Voltaje de operaci\u00f3n: <strong>24 V DC o 120 V AC (seg\u00fan modelo)<\/strong><\/li>\n<li style='margin-bottom: 5px;'>Consumo de corriente: <strong>24 V: 48 mA (normal)&comma; 74 mA (alarma)<\/strong><\/li>\n<li style='margin-bottom: 5px;'>Consumo de corriente: <strong>120 V: 21 mA (normal)&comma; 36 mA (alarma)<\/strong><\/li>\n<\/ul><\/div>\n<\/p><\/div>\n<div style='flex: 1 1 250px; border: 1px solid rgba(150&comma; 150&comma; 150&comma; 0.4); border-radius: 8px; overflow: hidden; display: flex; flex-direction: column;'>\n<div style='padding: 15px; border-bottom: 1px solid rgba(150&comma; 150&comma; 150&comma; 0.2); font-weight: bold; font-size: 18px; color: inherit;'>Caracter\u00edsticas Adicionales<\/div>\n<div style='padding: 15px; color: inherit;'>\n<ul style='padding-left: 20px; margin: 0; font-size: 14px; list-style-type: disc;'>\n<li style='margin-bottom: 5px;'>Salidas: <strong>2 rel\u00e9s SPDT (2 A @ 30 V DC)<\/strong><\/li>\n<li style='margin-bottom: 5px;'>Comunicaci\u00f3n: <strong>RS-485 (Modbus RTU)<\/strong><\/li>\n<li style='margin-bottom: 5px;'>Opcional: <strong>BACnet MS\/TP<\/strong><\/li>\n<li style='margin-bottom: 5px;'>Alarmas: <strong>LED multicolor<\/strong><\/li>\n<li style='margin-bottom: 5px;'>Zumbador: <strong>80 dB a 30 cm<\/strong><\/li>\n<li style='margin-bottom: 5px;'>Condiciones de operaci\u00f3n: <strong>-1 \u00b0C a +50 \u00b0C&comma; 0\u201395% HR (sin condensaci\u00f3n)<\/strong><\/li>\n<\/ul><\/div>\n<\/p><\/div>\n<div style='flex: 1 1 250px; border: 1px solid rgba(150&comma; 150&comma; 150&comma; 0.4); border-radius: 8px; overflow: hidden; display: flex; flex-direction: column;'>\n<div style='padding: 15px; border-bottom: 1px solid rgba(150&comma; 150&comma; 150&comma; 0.2); font-weight: bold; font-size: 18px; color: inherit;'>Especificaciones F\u00edsicas<\/div>\n<div style='padding: 15px; color: inherit;'>\n<ul style='padding-left: 20px; margin: 0; font-size: 14px; list-style-type: disc;'>\n<li style='margin-bottom: 5px;'>Montaje: <strong>Superficial en pared<\/strong><\/li>\n<li style='margin-bottom: 5px;'>Vida \u00fatil del sensor: <strong>Aproximadamente 10 a\u00f1os<\/strong><\/li>\n<li style='margin-bottom: 5px;'>Dimensiones: <strong>13.1 \u00d7 12.9 \u00d7 4.7 cm (5.16&#8242; \u00d7 5.09&#8242; \u00d7 1.86&#8242;)<\/strong><\/li>\n<li style='margin-bottom: 5px;'>Certificaciones: <strong>UL 61010&comma; CAN\/CSA C22.2&comma; RoHS&comma; REACH<\/strong><\/li>\n<\/ul><\/div>\n<\/p><\/div>\n<div style='flex: 1 1 250px; border: 1px solid rgba(150&comma; 150&comma; 150&comma; 0.4); border-radius: 8px; overflow: hidden; display: flex; flex-direction: column;'>\n<div style='padding: 15px; border-bottom: 1px solid rgba(150&comma; 150&comma; 150&comma; 0.2); font-weight: bold; font-size: 18px; color: inherit;'>Caracter\u00edsticas de Aplicaci\u00f3n<\/div>\n<div style='padding: 15px; color: inherit;'>\n<ul style='padding-left: 20px; margin: 0; font-size: 14px; list-style-type: disc;'>\n<li style='margin-bottom: 5px;'>Sensor de larga vida (10 a\u00f1os) sin necesidad de recalibraci\u00f3n frecuente<\/li>\n<li style='margin-bottom: 5px;'>Dise\u00f1ado para sistemas de VRF con refrigerante R-410A<\/li>\n<li style='margin-bottom: 5px;'>Listo para integraci\u00f3n con sistemas de automatizaci\u00f3n (Modbus\/BACnet)<\/li>\n<li style='margin-bottom: 5px;'>Ideal para cuartos mec\u00e1nicos&comma; oficinas&comma; hoteles&comma; hospitales&comma; etc.<\/li>\n<\/ul><\/div>\n<\/p><\/div>\n<\/p><\/div>\n<hr style='border: 0; border-top: 1px solid rgba(150&comma; 150&comma; 150&comma; 0.3); margin: 30px 0;'> <\/div>\n","protected":false},"excerpt":{"rendered":"<p>Detector VRF  Para Gas Refrigerante R410A| 0 &#8211; 10,000 PPM | 24 VCD Modbus<\/p>\n","protected":false},"featured_media":34920,"comment_status":"open","ping_status":"closed","template":"","meta":[],"product_brand":[],"product_cat":[987],"product_tag":[988,522,989],"class_list":{"0":"post-34921","1":"product","2":"type-product","3":"status-publish","4":"has-post-thumbnail","6":"product_cat-detectores-de-gases","7":"product_tag-detectores-de-gases","8":"product_tag-dispositivos-convencionales","9":"product_tag-macurco-aerionics","11":"first","12":"outofstock","13":"sale","14":"shipping-taxable","15":"purchasable","16":"product-type-simple"},"_links":{"self":[{"href":"https:\/\/soydeaqui.ddns.net\/pachuca\/index.php\/wp-json\/wp\/v2\/product\/34921","targetHints":{"allow":["GET"]}}],"collection":[{"href":"https:\/\/soydeaqui.ddns.net\/pachuca\/index.php\/wp-json\/wp\/v2\/product"}],"about":[{"href":"https:\/\/soydeaqui.ddns.net\/pachuca\/index.php\/wp-json\/wp\/v2\/types\/product"}],"replies":[{"embeddable":true,"href":"https:\/\/soydeaqui.ddns.net\/pachuca\/index.php\/wp-json\/wp\/v2\/comments?post=34921"}],"wp:featuredmedia":[{"embeddable":true,"href":"https:\/\/soydeaqui.ddns.net\/pachuca\/index.php\/wp-json\/wp\/v2\/media\/34920"}],"wp:attachment":[{"href":"https:\/\/soydeaqui.ddns.net\/pachuca\/index.php\/wp-json\/wp\/v2\/media?parent=34921"}],"wp:term":[{"taxonomy":"product_brand","embeddable":true,"href":"https:\/\/soydeaqui.ddns.net\/pachuca\/index.php\/wp-json\/wp\/v2\/product_brand?post=34921"},{"taxonomy":"product_cat","embeddable":true,"href":"https:\/\/soydeaqui.ddns.net\/pachuca\/index.php\/wp-json\/wp\/v2\/product_cat?post=34921"},{"taxonomy":"product_tag","embeddable":true,"href":"https:\/\/soydeaqui.ddns.net\/pachuca\/index.php\/wp-json\/wp\/v2\/product_tag?post=34921"}],"curies":[{"name":"wp","href":"https:\/\/api.w.org\/{rel}","templated":true}]}}