{"id":34916,"date":"2026-03-18T15:32:23","date_gmt":"2026-03-18T15:32:23","guid":{"rendered":"https:\/\/soydeaqui.ddns.net\/pachuca\/index.php\/producto\/kit-de-calibracion-para-monitor-de-gases-refrigerantes\/"},"modified":"2026-03-18T15:32:23","modified_gmt":"2026-03-18T15:32:23","slug":"kit-de-calibracion-para-monitor-de-gases-refrigerantes","status":"publish","type":"product","link":"https:\/\/soydeaqui.ddns.net\/pachuca\/index.php\/producto\/kit-de-calibracion-para-monitor-de-gases-refrigerantes\/","title":{"rendered":"Kit de Calibraci\u00f3n Para Monitor de Gases Refrigerantes"},"content":{"rendered":"<div style='width: 100%; max-width: 1200px; margin: 0 auto; font-family: sans-serif; line-height: 1.6; color: inherit; background-color: transparent;'>\n<div style='display: flex; flex-wrap: wrap; gap: 30px; margin-bottom: 30px;'>\n<div style='flex: 1 1 300px; min-width: 280px;'>\n<h3 style='font-size: 22px; border-bottom: 2px solid currentColor; padding-bottom: 5px; margin-top: 0; color: inherit; opacity: 0.8;'>Caracter\u00edsticas Principales<\/h3>\n<ul style='padding-left: 20px; font-size: 15px; color: inherit;'>\n<li style='margin-bottom: 5px;'>Kit de calibraci\u00f3n para aplicaci\u00f3n en campo incluido<\/li>\n<li style='margin-bottom: 5px;'>Sensores que requieren calibraci\u00f3n rutinaria preventiva<\/li>\n<li style='margin-bottom: 5px;'>Exposici\u00f3n a gas espec\u00edfico para calibraci\u00f3n precisa<\/li>\n<li style='margin-bottom: 5px;'>Tecnolog\u00eda de sensor NDIR con compensaci\u00f3n de temperatura<\/li>\n<li style='margin-bottom: 5px;'>Caracter\u00edsticas de evento de registro y notificaci\u00f3n visual RGB LED<\/li>\n<li style='margin-bottom: 5px;'>Detecci\u00f3n configurable mediante interfaz de 4 botones<\/li>\n<\/ul><\/div>\n<div style='flex: 1 1 300px; min-width: 280px;'>\n<h3 style='font-size: 22px; border-bottom: 2px solid currentColor; padding-bottom: 5px; margin-top: 0; color: inherit; opacity: 0.8;'>Aplicaciones<\/h3>\n<ul style='padding-left: 20px; font-size: 15px; color: inherit;'>\n<li style='margin-bottom: 5px;'>Salas de m\u00e1quinas frigor\u00edficas<\/li>\n<li style='margin-bottom: 5px;'>C\u00e1maras frigor\u00edficas<\/li>\n<li style='margin-bottom: 5px;'>Salas mec\u00e1nicas<\/li>\n<li style='margin-bottom: 5px;'>Retail alimentario<\/li>\n<li style='margin-bottom: 5px;'>Refrigeraci\u00f3n industrial<\/li>\n<li style='margin-bottom: 5px;'>Pistas de hielo<\/li>\n<\/ul><\/div>\n<\/p><\/div>\n<div style='display: flex; flex-wrap: wrap; gap: 20px; margin-bottom: 30px;'>\n<div style='flex: 1 1 250px; border: 1px solid rgba(150&comma; 150&comma; 150&comma; 0.4); border-radius: 8px; overflow: hidden; display: flex; flex-direction: column;'>\n<div style='padding: 15px; border-bottom: 1px solid rgba(150&comma; 150&comma; 150&comma; 0.2); font-weight: bold; font-size: 18px; color: inherit;'>Especificaciones T\u00e9cnicas<\/div>\n<div style='padding: 15px; color: inherit;'>\n<ul style='padding-left: 20px; margin: 0; font-size: 14px; list-style-type: disc;'>\n<li style='margin-bottom: 5px;'><strong>Tama\u00f1o:<\/strong> 8.25&#8242; x 2 5\/8&#8242; x 5 3\/4&#8242;<\/li>\n<li style='margin-bottom: 5px;'><strong>Peso:<\/strong> 1 lb<\/li>\n<li style='margin-bottom: 5px;'><strong>Voltaje:<\/strong> 12-24VAC&comma; 12-32VDC<\/li>\n<li style='margin-bottom: 5px;'><strong>Consumo:<\/strong> 4.08 W (m\u00e1ximo)<\/li>\n<li style='margin-bottom: 5px;'><strong>Salidas:<\/strong> 4-20mA&comma; 0-20mA&comma; Modbus RTU<\/li>\n<li style='margin-bottom: 5px;'><strong>Rel\u00e9s:<\/strong> 5A SPDT y 0.5A<\/li>\n<\/ul><\/div>\n<\/p><\/div>\n<div style='flex: 1 1 250px; border: 1px solid rgba(150&comma; 150&comma; 150&comma; 0.4); border-radius: 8px; overflow: hidden; display: flex; flex-direction: column;'>\n<div style='padding: 15px; border-bottom: 1px solid rgba(150&comma; 150&comma; 150&comma; 0.2); font-weight: bold; font-size: 18px; color: inherit;'>Caracter\u00edsticas Adicionales<\/div>\n<div style='padding: 15px; color: inherit;'>\n<ul style='padding-left: 20px; margin: 0; font-size: 14px; list-style-type: disc;'>\n<li style='margin-bottom: 5px;'>Vida \u00fatil prolongada del sensor<\/li>\n<li style='margin-bottom: 5px;'>Gu\u00eda de sensores AireShield para rangos espec\u00edficos<\/li>\n<li style='margin-bottom: 5px;'>Temperatura operativa seg\u00fan sensor espec\u00edfico<\/li>\n<li style='margin-bottom: 5px;'>Humedad ambiente: 0-95% RH sin condensaci\u00f3n<\/li>\n<li style='margin-bottom: 5px;'>Garant\u00eda: 2 a\u00f1os limitada<\/li>\n<\/ul><\/div>\n<\/p><\/div>\n<div style='flex: 1 1 250px; border: 1px solid rgba(150&comma; 150&comma; 150&comma; 0.4); border-radius: 8px; overflow: hidden; display: flex; flex-direction: column;'>\n<div style='padding: 15px; border-bottom: 1px solid rgba(150&comma; 150&comma; 150&comma; 0.2); font-weight: bold; font-size: 18px; color: inherit;'>Opciones de Configuraci\u00f3n<\/div>\n<div style='padding: 15px; color: inherit;'>\n<ul style='padding-left: 20px; margin: 0; font-size: 14px; list-style-type: disc;'>\n<li style='margin-bottom: 5px;'>Comunicaci\u00f3n: Anal\u00f3gica\/Digital<\/li>\n<li style='margin-bottom: 5px;'>Configuraci\u00f3n de sensores: Sin remoto \/ Un remoto \/ Doble remoto<\/li>\n<li style='margin-bottom: 5px;'>Gases detectables: R-22&comma; R-32&comma; R-125&comma; R-134a&comma; R-143a&comma; R-227ea&comma; R-290&comma; R-404A&comma; R-407A&comma; R-407C&comma; R-407F&comma; R-410A&comma; R-417A&comma; R-422A&comma; R-422D&comma; R-424A&comma; R-427A&comma; R-434A&comma; R-438A&comma; R-442A&comma; R-448A&comma; R-449A&comma; R-450A&comma; R-452A&comma; R-452B&comma; R-453A&comma; R-454A&comma; R-454B&comma; R-454C&comma; R-455A&comma; R-507&comma; R-513A&comma; R-600&comma; R-717&comma; R-744&comma; R-1233zd&comma; R-1234yf&comma; R-1234ze&comma; SF6<\/li>\n<\/ul><\/div>\n<\/p><\/div>\n<\/p><\/div>\n<div style='display: flex; flex-wrap: wrap; gap: 30px; margin-bottom: 30px;'>\n<div style='flex: 1 1 300px; min-width: 280px;'>\n<h3 style='font-size: 22px; border-bottom: 2px solid currentColor; padding-bottom: 5px; margin-top: 0; color: inherit; opacity: 0.8;'>Accesorios Compatibles<\/h3>\n<ul style='padding-left: 20px; font-size: 15px; color: inherit;'>\n<li style='margin-bottom: 5px;'>Cabinas remotas AireShield<\/li>\n<li style='margin-bottom: 5px;'>Sensores remotos (hasta 2 por transmisor)<\/li>\n<li style='margin-bottom: 5px;'>Controladoras DVP-120M&comma; DVP-120B&comma; DVP-1200<\/li>\n<li style='margin-bottom: 5px;'>Transformadores PS-24&comma; PS-24-H&comma; MAC6AMP&comma; MAC10AMP<\/li>\n<li style='margin-bottom: 5px;'>Kits de calibraci\u00f3n seg\u00fan tipo de gas<\/li>\n<li style='margin-bottom: 5px;'>Sensores de reemplazo inteligentes seg\u00fan tipo de gas<\/li>\n<li style='margin-bottom: 5px;'>Bocina >90 dBA a 10ft (opcional)<\/li>\n<li style='margin-bottom: 5px;'>Fuente de alimentaci\u00f3n de emergencia<\/li>\n<\/ul><\/div>\n<div style='flex: 1 1 300px; min-width: 280px;'>\n<h3 style='font-size: 22px; border-bottom: 2px solid currentColor; padding-bottom: 5px; margin-top: 0; color: inherit; opacity: 0.8;'>Certificaciones y Normas<\/h3>\n<ul style='padding-left: 20px; font-size: 15px; color: inherit;'>\n<li style='margin-bottom: 5px;'>Carcasa NEMA4X\/IP65<\/li>\n<li style='margin-bottom: 5px;'>Cumple con normas de seguridad industriales<\/li>\n<li style='margin-bottom: 5px;'>Certificaci\u00f3n CE<\/li>\n<li style='margin-bottom: 5px;'>Conformidad con RoHS<\/li>\n<\/ul><\/div>\n<\/p><\/div>\n<hr style='border: 0; border-top: 1px solid rgba(150&comma; 150&comma; 150&comma; 0.3); margin: 30px 0;'>\n<div style='font-size: 14px; color: inherit; opacity: 0.8; text-align: center; margin-top: 30px;'> Macurco Inc. | Sioux Falls&comma; South Dakota | Tel\u00e9fono: 1-877-367-7891 | Sitio web: www.macurco.com <\/div>\n<\/p><\/div>\n","protected":false},"excerpt":{"rendered":"<p>Kit de Calibraci\u00f3n Para Monitor de Gases Refrigerantes<\/p>\n","protected":false},"featured_media":32,"comment_status":"open","ping_status":"closed","template":"","meta":[],"product_brand":[],"product_cat":[987],"product_tag":[988,522,989],"class_list":{"0":"post-34916","1":"product","2":"type-product","3":"status-publish","4":"has-post-thumbnail","6":"product_cat-detectores-de-gases","7":"product_tag-detectores-de-gases","8":"product_tag-dispositivos-convencionales","9":"product_tag-macurco-aerionics","11":"first","12":"outofstock","13":"sale","14":"shipping-taxable","15":"purchasable","16":"product-type-simple"},"_links":{"self":[{"href":"https:\/\/soydeaqui.ddns.net\/pachuca\/index.php\/wp-json\/wp\/v2\/product\/34916","targetHints":{"allow":["GET"]}}],"collection":[{"href":"https:\/\/soydeaqui.ddns.net\/pachuca\/index.php\/wp-json\/wp\/v2\/product"}],"about":[{"href":"https:\/\/soydeaqui.ddns.net\/pachuca\/index.php\/wp-json\/wp\/v2\/types\/product"}],"replies":[{"embeddable":true,"href":"https:\/\/soydeaqui.ddns.net\/pachuca\/index.php\/wp-json\/wp\/v2\/comments?post=34916"}],"wp:featuredmedia":[{"embeddable":true,"href":"https:\/\/soydeaqui.ddns.net\/pachuca\/index.php\/wp-json\/wp\/v2\/media\/32"}],"wp:attachment":[{"href":"https:\/\/soydeaqui.ddns.net\/pachuca\/index.php\/wp-json\/wp\/v2\/media?parent=34916"}],"wp:term":[{"taxonomy":"product_brand","embeddable":true,"href":"https:\/\/soydeaqui.ddns.net\/pachuca\/index.php\/wp-json\/wp\/v2\/product_brand?post=34916"},{"taxonomy":"product_cat","embeddable":true,"href":"https:\/\/soydeaqui.ddns.net\/pachuca\/index.php\/wp-json\/wp\/v2\/product_cat?post=34916"},{"taxonomy":"product_tag","embeddable":true,"href":"https:\/\/soydeaqui.ddns.net\/pachuca\/index.php\/wp-json\/wp\/v2\/product_tag?post=34916"}],"curies":[{"name":"wp","href":"https:\/\/api.w.org\/{rel}","templated":true}]}}