{"id":34914,"date":"2026-03-18T15:32:20","date_gmt":"2026-03-18T15:32:20","guid":{"rendered":"https:\/\/soydeaqui.ddns.net\/pachuca\/index.php\/producto\/monitor-airshield-analogico-para-gas-refrigerante-r410a-10000-ppm-con-buzzer\/"},"modified":"2026-03-18T15:32:22","modified_gmt":"2026-03-18T15:32:22","slug":"monitor-airshield-analogico-para-gas-refrigerante-r410a-10000-ppm-con-buzzer","status":"publish","type":"product","link":"https:\/\/soydeaqui.ddns.net\/pachuca\/index.php\/producto\/monitor-airshield-analogico-para-gas-refrigerante-r410a-10000-ppm-con-buzzer\/","title":{"rendered":"Monitor Airshield Anal\u00f3gico Para Gas Refrigerante R410A| 10,000 ppm Con Buzzer"},"content":{"rendered":"<div style='width: 100%; max-width: 1200px; margin: 0 auto; font-family: sans-serif; line-height: 1.6; color: inherit; background-color: transparent;'> <!-- Descripci\u00f3n principal --> <\/p>\n<div style='margin-bottom: 30px; font-size: 15px; color: inherit;'>\n<p style='margin-bottom: 15px;'>El Macurco AireShield es su soluci\u00f3n integral para la detecci\u00f3n avanzada de refrigerantes&comma; ofreciendo una flexibilidad inigualable en una amplia gama de aplicaciones. Equipado con tecnolog\u00eda de sensor NDIR de vanguardia y compensaci\u00f3n de temperatura integrada&comma; ofrece una precisi\u00f3n l\u00edder en la industria a la vez que reduce dr\u00e1sticamente las falsas alarmas&comma; superando as\u00ed a tecnolog\u00edas anteriores como los sensores MOS&comma; conocidos por sus altas tasas de error y su constante mantenimiento. Con una larga vida \u00fatil del sensor y un bajo coste de propiedad&comma; el AireShield est\u00e1 dise\u00f1ado para ofrecer un rendimiento excepcional sin comprometer el rendimiento. No solo cumple&comma; sino que supera los c\u00f3digos regulatorios y las normas de cumplimiento. La instalaci\u00f3n&comma; la puesta en marcha y el mantenimiento son r\u00e1pidos y sencillos gracias a la integraci\u00f3n inteligente de sensores&comma; que proporciona diagn\u00f3sticos en tiempo real y un conjunto completo de alertas para el usuario.<\/p>\n<h3 style='font-size: 20px; border-bottom: 2px solid currentColor; padding-bottom: 5px; margin-top: 0; color: inherit; opacity: 0.8; margin-bottom: 15px;'>Detecta una amplia gama de refrigerantes&comma; incluyendo:<\/h3>\n<ul style='padding-left: 20px; margin: 15px 0; font-size: 14px; list-style-type: disc; color: inherit;'>\n<li style='margin-bottom: 5px;'><strong style='font-weight: bold;'>R-410A&comma; R-134a&comma; R-32&comma; R-404A&comma; R-407C&comma; R-290&comma; R-744 (CO\u2082)&comma; R-1234yf&comma; R-717 (amoniaco)&comma; SF6&comma;<\/strong> entre muchos otros.<\/li>\n<\/ul><\/div>\n<p> <!-- Secci\u00f3n de caracter\u00edsticas --> <\/p>\n<div style='display: flex; flex-wrap: wrap; gap: 30px; margin-bottom: 30px;'>\n<div style='flex: 1 1 300px; min-width: 280px;'>\n<h3 style='font-size: 20px; border-bottom: 2px solid currentColor; padding-bottom: 5px; margin-top: 0; color: inherit; opacity: 0.8; margin-bottom: 15px;'>Caracter\u00edsticas Clave:<\/h3>\n<ul style='padding-left: 20px; font-size: 14px; color: inherit; list-style-type: disc;'>\n<li style='margin-bottom: 10px;'><strong style='font-weight: bold;'>Carcasa resistente:<\/strong> NEMA 4X \/ IP65&comma; adecuada para ambientes industriales y h\u00famedos.<\/li>\n<li style='margin-bottom: 10px;'><strong style='font-weight: bold;'>Sensor NDIR inteligente<\/strong> con compensaci\u00f3n de temperatura.<\/li>\n<li style='margin-bottom: 10px;'><strong style='font-weight: bold;'>Sensor reemplazable en campo<\/strong> (modular).<\/li>\n<li style='margin-bottom: 10px;'><strong style='font-weight: bold;'>Opcional buzzer<\/strong> (>90 dB a 10 pies).<\/li>\n<li style='margin-bottom: 10px;'><strong style='font-weight: bold;'>Registro de eventos<\/strong>.<\/li>\n<li style='margin-bottom: 10px;'><strong style='font-weight: bold;'>LED RGB<\/strong> multicolor para estados: Alarma&comma; Advertencia&comma; Falla&comma; Calibraci\u00f3n&comma; Bluetooth.<\/li>\n<li style='margin-bottom: 10px;'><strong style='font-weight: bold;'>Interfaz de usuario con 4 botones<\/strong>: configuraciones ajustables (niveles de alarma&comma; rel\u00e9s&comma; se\u00f1al de salida).<\/li>\n<li style='margin-bottom: 10px;'><strong style='font-weight: bold;'>Salidas:<\/strong>\n<ul style='padding-left: 25px; margin: 10px 0; list-style-type: disc;'>\n<li style='margin-bottom: 5px;'>Anal\u00f3gica: 4-20 mA o 0-20 mA.<\/li>\n<li style='margin-bottom: 5px;'>Digital: Modbus RTU.<\/li>\n<\/ul>\n<\/li>\n<li style='margin-bottom: 10px;'><strong style='font-weight: bold;'>Rel\u00e9s:<\/strong>\n<ul style='padding-left: 25px; margin: 10px 0; list-style-type: disc;'>\n<li style='margin-bottom: 5px;'>5 A SPDT (conmutaci\u00f3n est\u00e1ndar)<\/li>\n<li style='margin-bottom: 5px;'>0.5 A para control de extractores&comma; v\u00e1lvulas&comma; alarmas&comma; estrobos&comma; etc.<\/li>\n<\/ul>\n<\/li>\n<li style='margin-bottom: 10px;'><strong style='font-weight: bold;'>Sensor remoto<\/strong> opcional: hasta 2 sensores por transmisor.<\/li>\n<li style='margin-bottom: 10px;'><strong style='font-weight: bold;'>Proceso de calibraci\u00f3n intuitivo<\/strong>.<\/li>\n<\/ul><\/div>\n<\/p><\/div>\n<p> <!-- Separador --> <\/p>\n<hr style='border: 0; border-top: 1px solid rgba(150&comma; 150&comma; 150&comma; 0.3); margin: 30px 0;'> <!-- Secci\u00f3n de aplicaciones --> <\/p>\n<div style='display: flex; flex-wrap: wrap; gap: 30px; margin-bottom: 30px;'>\n<div style='flex: 1 1 300px; min-width: 280px;'>\n<h3 style='font-size: 20px; border-bottom: 2px solid currentColor; padding-bottom: 5px; margin-top: 0; color: inherit; opacity: 0.8; margin-bottom: 15px;'>Aplicaciones t\u00edpicas:<\/h3>\n<ul style='padding-left: 20px; font-size: 14px; color: inherit; list-style-type: disc;'>\n<li style='margin-bottom: 10px;'>Cuartos de m\u00e1quinas de refrigeraci\u00f3n<\/li>\n<li style='margin-bottom: 10px;'>C\u00e1maras fr\u00edas \/ Walk-ins<\/li>\n<li style='margin-bottom: 10px;'>Almacenamiento en fr\u00edo<\/li>\n<li style='margin-bottom: 10px;'>Supermercados<\/li>\n<li style='margin-bottom: 10px;'>Rinks de hielo<\/li>\n<li style='margin-bottom: 10px;'>Buques \/ barcos<\/li>\n<li style='margin-bottom: 10px;'>Refrigeraci\u00f3n industrial<\/li>\n<li style='margin-bottom: 10px;'>HVAC y automatizaci\u00f3n de edificios<\/li>\n<\/ul><\/div>\n<\/p><\/div>\n<\/p><\/div>\n","protected":false},"excerpt":{"rendered":"<p>Monitor Airshield Anal\u00f3gico Para Gas Refrigerante R410A| 10,000 ppm Con Buzzer<\/p>\n","protected":false},"featured_media":34913,"comment_status":"open","ping_status":"closed","template":"","meta":[],"product_brand":[],"product_cat":[987],"product_tag":[988,522,989],"class_list":{"0":"post-34914","1":"product","2":"type-product","3":"status-publish","4":"has-post-thumbnail","6":"product_cat-detectores-de-gases","7":"product_tag-detectores-de-gases","8":"product_tag-dispositivos-convencionales","9":"product_tag-macurco-aerionics","11":"first","12":"outofstock","13":"sale","14":"shipping-taxable","15":"purchasable","16":"product-type-simple"},"_links":{"self":[{"href":"https:\/\/soydeaqui.ddns.net\/pachuca\/index.php\/wp-json\/wp\/v2\/product\/34914","targetHints":{"allow":["GET"]}}],"collection":[{"href":"https:\/\/soydeaqui.ddns.net\/pachuca\/index.php\/wp-json\/wp\/v2\/product"}],"about":[{"href":"https:\/\/soydeaqui.ddns.net\/pachuca\/index.php\/wp-json\/wp\/v2\/types\/product"}],"replies":[{"embeddable":true,"href":"https:\/\/soydeaqui.ddns.net\/pachuca\/index.php\/wp-json\/wp\/v2\/comments?post=34914"}],"wp:featuredmedia":[{"embeddable":true,"href":"https:\/\/soydeaqui.ddns.net\/pachuca\/index.php\/wp-json\/wp\/v2\/media\/34913"}],"wp:attachment":[{"href":"https:\/\/soydeaqui.ddns.net\/pachuca\/index.php\/wp-json\/wp\/v2\/media?parent=34914"}],"wp:term":[{"taxonomy":"product_brand","embeddable":true,"href":"https:\/\/soydeaqui.ddns.net\/pachuca\/index.php\/wp-json\/wp\/v2\/product_brand?post=34914"},{"taxonomy":"product_cat","embeddable":true,"href":"https:\/\/soydeaqui.ddns.net\/pachuca\/index.php\/wp-json\/wp\/v2\/product_cat?post=34914"},{"taxonomy":"product_tag","embeddable":true,"href":"https:\/\/soydeaqui.ddns.net\/pachuca\/index.php\/wp-json\/wp\/v2\/product_tag?post=34914"}],"curies":[{"name":"wp","href":"https:\/\/api.w.org\/{rel}","templated":true}]}}