{"id":34909,"date":"2026-03-18T15:32:14","date_gmt":"2026-03-18T15:32:14","guid":{"rendered":"https:\/\/soydeaqui.ddns.net\/pachuca\/index.php\/producto\/carrete-de-305-metros-1000-pies-de-alambre-2-x-12-awg-riser-blindado-para-aplicaciones-de-incendio-fplr-slido-color-rojo\/"},"modified":"2026-03-18T15:32:14","modified_gmt":"2026-03-18T15:32:14","slug":"carrete-de-305-metros-1000-pies-de-alambre-2-x-12-awg-riser-blindado-para-aplicaciones-de-incendio-fplr-slido-color-rojo","status":"publish","type":"product","link":"https:\/\/soydeaqui.ddns.net\/pachuca\/index.php\/producto\/carrete-de-305-metros-1000-pies-de-alambre-2-x-12-awg-riser-blindado-para-aplicaciones-de-incendio-fplr-slido-color-rojo\/","title":{"rendered":"Carrete de 305 Metros (1000 Pies) de Alambre \/ 2 x 12 AWG \/ Riser \/ Blindado \/ Para Aplicaciones de Incendio FPLR \/ S?lido Color Rojo"},"content":{"rendered":"<div style='width: 100%; max-width: 1200px; margin: 0 auto; font-family: sans-serif; line-height: 1.6; color: inherit; background-color: transparent;'> <!-- Icons --> <\/p>\n<div style='display: flex; gap: 15px; margin-bottom: 20px;'> <img style='width: auto; height: 42px; border: 1px solid rgba(150&comma;150&comma;150&comma;0.3); border-radius: 4px;' src='http:\/\/ftp3.syscom.mx\/usuarios\/maguilar\/Icons\/RoHS%20Icon.png' alt=''> <img style='width: auto; height: 65px; border: 1px solid rgba(150&comma;150&comma;150&comma;0.3); border-radius: 4px;' src='http:\/\/ftp3.syscom.mx\/usuarios\/maguilar\/Icons\/Riser%20Icon.png' alt=''> <\/div>\n<p> <!-- Descripci\u00f3n general --> <\/p>\n<div style='margin-bottom: 30px;'>\n<p style='margin: 0 0 15px 0;'>ALAMBRE DE 2 CONDUCTORES CALIBRE 12 CON BLINDAJE GENERAL Y FORRO ROJO. APLICACIONES EN ALARMAS DE DETECCION DE INCENDIO&comma; SISTEMAS DE VOCEO.<\/p>\n<p style='margin: 0 0 15px 0;'>Conductores de cobre suave s\u00f3lido aislamiento de PVC&comma; identificado por c\u00f3digo de colores&comma; y forro total de PVC.<\/p>\n<p style='margin: 0 0 15px 0;'>Uso en aplicaciones de alarmas con tecnolog\u00edas convencionales y an\u00e1logo direccionables cableado de sensores&comma; cableado de sirenas&comma; cableado de detectores con tecnolog\u00eda an\u00e1logo direccionable&comma; sistemas de evacuaci\u00f3n por audio.<\/p>\n<\/p><\/div>\n<p> <!-- Grid de secciones --> <\/p>\n<div style='display: flex; flex-wrap: wrap; gap: 30px;'> <!-- Aplicaciones --> <\/p>\n<div style='flex: 1 1 300px; min-width: 280px;'>\n<h3 style='font-size: 22px; border-bottom: 2px solid currentColor; padding-bottom: 5px; margin-top: 0; color: inherit; opacity: 0.8;'>Aplicaciones<\/h3>\n<ul style='padding-left: 20px; font-size: 15px; color: inherit;'>\n<li style='margin-bottom: 5px;'>Alarmas de detecci\u00f3n de incendio<\/li>\n<li style='margin-bottom: 5px;'>Paneles con tecnolog\u00eda convencional<\/li>\n<li style='margin-bottom: 5px;'>Paneles con tecnolog\u00eda analogo direccionable<\/li>\n<li style='margin-bottom: 5px;'>Paneles de evacuaci\u00f3n<\/li>\n<\/ul><\/div>\n<p> <!-- Caracter\u00edsticas --> <\/p>\n<div style='flex: 1 1 300px; min-width: 280px;'>\n<h3 style='font-size: 22px; border-bottom: 2px solid currentColor; padding-bottom: 5px; margin-top: 0; color: inherit; opacity: 0.8;'>Caracter\u00edsticas<\/h3>\n<ul style='padding-left: 20px; font-size: 15px; color: inherit;'>\n<li style='margin-bottom: 5px;'><strong>Tipo:<\/strong> Cable (1 par)<\/li>\n<li style='margin-bottom: 5px;'><strong>Impedancia (\u03a9):<\/strong> 29<\/li>\n<li style='margin-bottom: 5px;'><strong>Calibre:<\/strong> 12<\/li>\n<li style='margin-bottom: 5px;'><strong>Color externo:<\/strong> Rojo<\/li>\n<li style='margin-bottom: 5px;'><strong>Color interno:<\/strong> Negro&comma; Rojo<\/li>\n<li style='margin-bottom: 5px;'><strong>Di\u00e1metro exterior (mm):<\/strong> 5.86<\/li>\n<\/ul><\/div>\n<p> <!-- Certificaciones --> <\/p>\n<div style='flex: 1 1 300px; min-width: 280px;'>\n<h3 style='font-size: 22px; border-bottom: 2px solid currentColor; padding-bottom: 5px; margin-top: 0; color: inherit; opacity: 0.8;'>Certificaciones<\/h3>\n<ul style='padding-left: 20px; font-size: 15px; color: inherit;'>\n<li style='margin-bottom: 5px;'>UL 1666 (Riser)<\/li>\n<li style='margin-bottom: 5px;'>CSA C22.2 No. 2556 (FT4)<\/li>\n<li style='margin-bottom: 5px;'>RoHS Compliant<\/li>\n<\/ul><\/div>\n<p> <!-- Tipos --> <\/p>\n<div style='flex: 1 1 300px; min-width: 280px;'>\n<h3 style='font-size: 22px; border-bottom: 2px solid currentColor; padding-bottom: 5px; margin-top: 0; color: inherit; opacity: 0.8;'>Tipo<\/h3>\n<ul style='padding-left: 20px; font-size: 15px; color: inherit;'>\n<li style='margin-bottom: 5px;'>FPLR= Cables potencia limitada plenum para alarmas contra incendio<\/li>\n<li style='margin-bottom: 5px;'>CL3R= Clase 3&comma; Cables de alimentaci\u00f3n limitada&comma; riser control remota y se\u00f1alizaci\u00f3n<\/li>\n<\/ul><\/div>\n<p> <!-- Temperatura de operaci\u00f3n --> <\/p>\n<div style='flex: 1 1 300px; min-width: 280px;'>\n<h3 style='font-size: 22px; border-bottom: 2px solid currentColor; padding-bottom: 5px; margin-top: 0; color: inherit; opacity: 0.8;'>Temperatura de operaci\u00f3n<\/h3>\n<ul style='padding-left: 20px; font-size: 15px; color: inherit;'>\n<li style='margin-bottom: 5px;'>-20 \u00b0C a 75 \u00b0C<\/li>\n<\/ul><\/div>\n<\/p><\/div>\n<p> <!-- Nota de precio --> <\/p>\n<div style='margin-top: 30px; padding: 15px; border-left: 3px solid currentColor; background-color: rgba(150&comma;150&comma;150&comma;0.05);'>\n<p style='margin: 0; font-weight: bold; font-size: 16px; color: inherit;'>* Precio por Carrete de 305 mts<\/p>\n<\/p><\/div>\n<\/p><\/div>\n","protected":false},"excerpt":{"rendered":"<p>Carrete de 305 Metros (1000 Pies) de Alambre \/ 2 x 12 AWG \/ Riser \/ Blindado \/ Para Aplicaciones de Incendio FPLR \/ S?lido Color Rojo<\/p>\n","protected":false},"featured_media":34908,"comment_status":"open","ping_status":"closed","template":"","meta":[],"product_brand":[],"product_cat":[982],"product_tag":[138,139,225],"class_list":{"0":"post-34909","1":"product","2":"type-product","3":"status-publish","4":"has-post-thumbnail","6":"product_cat-todo-cables-deteccion-de-fuego","7":"product_tag-cables","8":"product_tag-genesis","9":"product_tag-todo","11":"first","12":"outofstock","13":"sale","14":"shipping-taxable","15":"purchasable","16":"product-type-simple"},"_links":{"self":[{"href":"https:\/\/soydeaqui.ddns.net\/pachuca\/index.php\/wp-json\/wp\/v2\/product\/34909","targetHints":{"allow":["GET"]}}],"collection":[{"href":"https:\/\/soydeaqui.ddns.net\/pachuca\/index.php\/wp-json\/wp\/v2\/product"}],"about":[{"href":"https:\/\/soydeaqui.ddns.net\/pachuca\/index.php\/wp-json\/wp\/v2\/types\/product"}],"replies":[{"embeddable":true,"href":"https:\/\/soydeaqui.ddns.net\/pachuca\/index.php\/wp-json\/wp\/v2\/comments?post=34909"}],"wp:featuredmedia":[{"embeddable":true,"href":"https:\/\/soydeaqui.ddns.net\/pachuca\/index.php\/wp-json\/wp\/v2\/media\/34908"}],"wp:attachment":[{"href":"https:\/\/soydeaqui.ddns.net\/pachuca\/index.php\/wp-json\/wp\/v2\/media?parent=34909"}],"wp:term":[{"taxonomy":"product_brand","embeddable":true,"href":"https:\/\/soydeaqui.ddns.net\/pachuca\/index.php\/wp-json\/wp\/v2\/product_brand?post=34909"},{"taxonomy":"product_cat","embeddable":true,"href":"https:\/\/soydeaqui.ddns.net\/pachuca\/index.php\/wp-json\/wp\/v2\/product_cat?post=34909"},{"taxonomy":"product_tag","embeddable":true,"href":"https:\/\/soydeaqui.ddns.net\/pachuca\/index.php\/wp-json\/wp\/v2\/product_tag?post=34909"}],"curies":[{"name":"wp","href":"https:\/\/api.w.org\/{rel}","templated":true}]}}