{"id":34904,"date":"2026-03-18T15:32:06","date_gmt":"2026-03-18T15:32:06","guid":{"rendered":"https:\/\/soydeaqui.ddns.net\/pachuca\/index.php\/producto\/bateria-lxt-litio-ion-de-18v-6-0-ah-con-led-indicador-de-nivel-de-carga\/"},"modified":"2026-03-18T15:32:07","modified_gmt":"2026-03-18T15:32:07","slug":"bateria-lxt-litio-ion-de-18v-6-0-ah-con-led-indicador-de-nivel-de-carga","status":"publish","type":"product","link":"https:\/\/soydeaqui.ddns.net\/pachuca\/index.php\/producto\/bateria-lxt-litio-ion-de-18v-6-0-ah-con-led-indicador-de-nivel-de-carga\/","title":{"rendered":"Bater\u00eda LXT Litio-Ion de 18V 6.0 Ah, con led indicador de nivel de carga."},"content":{"rendered":"<ul class='key-features' style='box-sizing: border-box; margin: 0px 0px 1em; padding: 0px; border: 0px; font-variant-numeric: inherit; font-variant-east-asian: inherit; font-weight: bold; font-stretch: inherit; line-height: 1.46667em; font-family: Arial&comma; sans-serif; font-size: 14px; vertical-align: baseline; list-style-type: none; color: #404040; background-color: #ffffff;'>\n<li style='box-sizing: border-box; margin: 0px; padding: 0px; border: 0px; font-style: inherit; font-variant: inherit; font-weight: normal; font-stretch: inherit; line-height: inherit; font-family: inherit; vertical-align: baseline; text-align: center;'><img src='data:image\/png;base64&comma;iVBORw0KGgoAAAANSUhEUgAAALYAAAA+CAYAAACGE+GxAAAAAXNSR0IArs4c6QAAAARnQU1BAACxjwv8YQUAAAAJcEhZcwAADsMAAA7DAcdvqGQAABUrSURBVHhe7Zx3eFRV2sB\/585M+kwaIQkhQAiEFqSJgFQLTRBx7b3ruqtrd3Wb63YbK6uuLrviimIvqAiI0hQU6aJYqCEB0iAE0jMz93x\/3JuQufdMus\/yzTO\/5zn68J7z5pz7nvee8p5zR9TVeyVhwoQYmlUQJkwoEHbsMCFJ2LHDhCRhxw4TkoQdO0xIEnbsMCFJ2LHDhCRhxw4TkoQdO0xIEnbsMCFJ2LHDhCRhxw4TkoQdOxSRUp1ai1WvMVkLnryI8O2+0KK2sJCag4VWMQBCCOL69cUZF2fNaqQ6L4+6w2VWMQBaZATunL5okZHWrJOONjm2v7qamoIDSL\/fmtU+BCA0ortnNGvsUED6\/ex44LeUb\/vKmoXQNEa+8iIRyUnWrDYhdZ3td95L0QdLrFkAaFGRTPhsJZFdkq1ZYPbvlpt+Rtnn661ZIMCTm8vIl+fj9HisuScdrXdsKSn7ciObrrwWX2WVNbfdRCQnMfqd14nrl2PNCilqi4r5dPyZeMuPBWYIQfKYUYx69w2E1rGVYf2RMtaMnUT9EfWI2+Paq8h95M9B66nOy2PdtPOoP3LEmgVC0OeeO8i57+6g+icTbWuhlEi\/jvT7OyfpOjFZWcT2ybbWFHLk\/Wc+vuMVVjFCE6TNmokQwprVZgoWvor3aLlVDIBwOhnw6weC1yMlhe9\/iPfoUWsOAMLhoNd1VwfXP8lom2P\/CGTffuv\/ixGgI3jLj5H\/4kKkrluzcMa5STptpFXcZnyVlRS88rqyDoSgy\/hxODxuCOKY\/tpa8p7\/b1D99FkziExJCap\/stG2pcj6DWy8\/Bp8lZXW3HahRUfR+5YbQbTSsQW4c3JIn30uwuGw5p6cSEnRko\/Ycv3NdqcRAvfAAYxfuaxjL7eUlH3xpdE3VfZlotA0Bv7p9\/S68Tq1Y0pJ8bLlbL72JnsbAS0igpGvLqDL+LFq\/ZOQ\/6ljg9G5rTGWwCib++if6XHVFa3SORmQus6O+3\/F\/gULbSE3oWkMfe4pup1\/XoC8zUjJnrnPsOepfyodU2gaYz\/+kNisXkq76V4vX991PwfeeMvWRoDYPtmMXvQGUamp1qyTlrY79pXX4m\/l5lG2NX7aAs7YWM78agOu+Hhr1kmL7vWyZsxEqvMLbLaI7t6dMzauRTidAfI2I6Xh0MFizZo4McNJafRLE7xlR\/l8xmyq9uXZ2ogQZF5xKYMf\/1vjSyFaORj9L2m9YwM1Bw9RtHgJen29NUuBpGpvHgULX7Mbqz0IQY+rryD30b+0bQPTUtnOaBtB6pGS4o+Ws+mqG6w5AGTdciMD\/\/iQXbc1bWqi46+pwV9TE5DdgHA4cHk8jeWLlizj4Btv0\/QN8FfXcHjNZ8rRHiGIHzKY6Ixu5r81el57FV0mjreWbF27W8Jqi3bSJseG1jde6jp75j7DzkceVxusrQhB6rQpRHdLx1yYtIjQBJlXXYG7f47SYN7yco5t\/YqK3XvsYbjWIiCmRw+6nT8LzeUKyNLr6\/l8+iyObf8mQA6gRUYy4oV5dJ18VoBcr6\/n0NuL2H7XfUpba1FRZFwwm8FPPAJCIH0+Nl93MyXLP7EWBSBp7BhGvfkKwuFA+v1svelnFC5WxLkVdTXSxHbO2FgmrltFVLf0E\/m6TnV+ARXff0\/lzt3461oz8CkQ4O6XQ\/rMc5T91Rba7titRPp11s++iLIvNzRvtLbQMBVa5SqEQDidnLV9k\/3gQ0pKV6\/hu4f+SOXuPeDvwIsnBFk\/vYn+v\/uVbQNYvnUbX8w4H93rDZADRHZJZsK61UQkJTbKpM\/Hrjlz2ffPeepNoNNJzv13k3XrzTiiogCo2rOXL869gLrSUmtxEIJ+v\/4lfX7xcxACf3UNK4edRn2ZOqTXGjIu\/AlDnnmy8VmlrnPg9TfZ+bfHqSsqthZvM8NfmEfa9KkdduwObMWbQUpqCws5unmL0qmFpiGcTktytPww5ppdtjJ1v+Qiu1ObDrf9F\/dS8f1OpNeH1PV2J4C0GdPsyyMpOfLpOnSfL1Bu0v3Si3ElnNgr+Cor2fGrh9g9Z67dqYXAlZjI4Mf+SvYdtzU6NVJSvnUb9c3EnlMnn91o1\/0vvtT+mcmMjnS\/9KLGZ5W6Tv6CV\/j6rvupPVRos02bkpREdUsnderklv2gFfwoji2lZNejc5CKkUo4HQz4w++YuG5VQBr70WI8gwZai7cbzeUi54F7rWL8NTVsuvJ6aouLlS9dmxAC94D+JAwfZusMqeuUrlqtrEM4nfS+4+fGqCclel0dGy+\/hvyXFiKts4cQaC4XI16YR\/dLLw6YFaSUFC1eigzy8nQZP5a4nD5gbmJ3z\/mHbePYaoQgpkcmcTl9jWeVULlzF7seewLZCVcshBCkz55lHyDayY\/i2HXFJRx69z2rGABnbBypU84mtndWQHJER1NTUGAt3m4STzs1YJoHY4QrXvqRcWTc3g5ugjCXIdYlCED1\/nyObtpiFYMQpJw5ydjQAbXFJXx50eWUrd+gdNCYHpmc\/uEikk8fbcxqTag9VEjpqjUBsgaEw0Hf++42oiFSUvbFemMmEMJor6bZXkYbmmbMrmZKOHU4kV1TzEzJ4U\/Xqo\/f24EWFUnKpAktt6mV2HukEziy9vOgkZPkcWOI7pEZIJO6TtHiJXiPHQ+Qtxsh6DJurO0QR\/r9lHyyKvioZXZ609ScoSPT04IeWux+Yq7SBkLTSJ1ibBir9+ez5vRJlK1X7EOEILpnD8atWEr8kMHKOvbPf1EdDREC98D+eHIHGnpCkDxmDFN2fs3U3TuYsnsHU3fvIPOyS5R\/FyGIHzqEKbu+YYpZfsquHQx+4pETa2spOfDam0hdYUuzzrbY0uXxkDBsaLNl2kKnO7bUdUpXf4pUREKEptH3njttI5y\/qpr8F18OkDUijBisLTVjKKFppJx9hi3fX1dH2ReKm2tmlGLIU39n+AvzTqTn\/0XKmZNsfwfMzh+cS4TiplxtUTFFS5fZnRXj6mfS6NGUfb6eDZdcaRx2WcsJQcqkCYxZ9GZAqK4p3vJyipao6wBImTgBLSKi8d\/C5cQZF4fT7cbpdqPX11P4\/mKlvtA0Mi+7GJdZ1khxxt8Twljbb9zM8W92KPVjs3ox7F9P22wZP2SwtSiY9WVcfCFOj9ua1W4637F9PkpXrrKKDUcYcgruQeYo0oSSlauoLSoKkIE58k4Yx5Q93zIt74fGNDXvB0a+\/jKO6GirBgCewbl4cgcFCqWkdMUqag4cVHZGl3FjybjwfNLOmdaYkseNof6weqoVQtB18lkBzgNGPWVffIm\/ti5QbuLu35+KH37gywsvo2rvPltbhMNBxk\/O49RXFxixY4VTIyXHv\/2OuuISaw6YjpJ6zjTbANKIlJR8sgp\/dbU1B4CIpESSxoyyihuRus6+ec9bxQZCkDx+LOnnnRtgy65Tz6am4IC1NGDsObJvv9Uq7hBBnrz9FLz0Cl5FOEkIQeq0yQhLsE56fRQv+ci+aTLJvPIynDExaFFRjckRGWk4T5CO6ffgfbZOlT4fux5\/MkDWgHA4SJs1w7Z0qc4\/QNWevTbnA3B6PKSeM9UqRpovkGq9jHk19Kvb7jI2XFan1jSyb\/8ZuY\/9Fc3RfJSoZPkK9fOb908Shgef1nWfj5JPVqqXZKZ+bJ\/soPo1Bw9RvnWbrf2Yz5BmfamkpGDha0Gv03adfGan3\/HuVMfW673sevIppcFERATJ48fagtD1ZWWGkawIQURSEunnzrAZWK+vp3DR+wEyMHRie2eRNPo0m075tu1U7twVIGvAlZhAwohhATKp6xQvXRb0XkzGhecTkWQPJep19cZhicIGAPVlR5XrYs3lYuCffk\/Og\/fhdDc\/Jev19Rx8+121nR0aOffcaXtJm+KvrlGv603H7HXjdbbDpqZUfPsdtYXqr3SiUlNJnjAuQKbX17PzsTkBsgaEptF18tm2gaijdN5fk5LyTZuN+8BWg5mhovhT7Jugo5u2KKcoIQQ9rr5c+cAlK1ZRvT\/fKgYgacxotAjLp0tSUrpytXLdjxB4cgcZF4SaoNfWkf\/SqwGyBhzR0WRcfIE9NCUlB155jfpyxZ1oIXAP6Bd0Hen0uEmeME75vAFISdEHS4xliNXOQEzPniSNO90qPoGUFH24lLpi9WFKXN8+xr4iCFLXOfjmO0ifOsTX5547jNmmCUc3bFLO4gCOuDgSTzvVKu4wLVixDUjJ4c\/WqWPXQpB92622b+Wk38\/eZ+cp46COuFhSp02xipE+H\/uD3BsWQtB1ylkIh2UZ4vdzeO06pSMIIOum620jVPHSZdQHOc2Ly+lDTM+etpfUX1vL3uf+ra7H4WDAQ7+hxzVXWrMA8B2vCDqjNEWv9xo3BVUIQdKYUTjjYq05jfjr6tgz92llGxGCbhecb7NFU+qKSyhettwqBiCyawpdp1kOWKTk8GdrlX0MkDD0FGJ7Z1nFHabTHFuaMWLV9BjVLZ302ecGCs0NUPmmzUojx2RmEpttX+dV7cuj4oedSh1nQrwyFlqdl8\/xr7YHyMCcSbJ60eWMiQE6utfLoUUfKF8egKTRo3DF29eEx7Ztp65EvaFzJSWSOGokPa+9WnmbT\/d6OfLp2qB1NlC1bx9Ve\/Yon19ogrTpU5tdhpRv3Bx0tnN53EHDlw3s\/+8C9f5BCBKGDyPCcvNS6jqlK9QHVQhhxNpbmqXaQef8RSkp37KV499+p3yALpMmnDgGNpG6TtF7i5Ud2bDusjmPlJRv3qrchAhNI+vmG3DExFiz2DVnrjJKIYQgfdZMNEego9UWFnF8x7cBsgaEppFx4fn2zpCSI+u+wF9TGyg3yb7tVpwxMUSmpOAZOEDpPKUrVilj341ISfnmLdSVHrbmABDVrRtdJihu3TUgJSXBlmRAbO8s3AP7W8WNeI8dp2T5CqW+EILUqZNtUaJj277i+LcKWwqBu38\/EkeOUNqio3SKY0sp2fX435VOLRwOUiYFjoiYX0QfXvd5gKwB4XDQ87qrrGKklMamSTGtOeM9dL\/sEquY2qLioPFaLTrKuH7ZtGlSUr5pC7WF6vBjwrCheAbn2p7H2Gx+pKzHlZhIz6uvAE1Di3ARP2yotQgANYcKObJWbRPMOgpee1NZB0CfO25Di7SEH5ug+3wc+WytWl8Iet10g20AakRKqvbsCTraC6eTNMVGf+cjTygjXkaUbIqtfGfRKY5dtXcf5Zu2WsUAOONiSRpzWqBQSmoKDlCxQz3Cd51yNpFplq81pKR6X57R8QqdhKFDiEhIQDa9WOP3c3j1p8p1P4DL7cbl8VC9v4Dq\/fmNKe\/5F5Qvj9A0elx9BUhp+zD56MZN6lFeCLqMH4tmxtyFppE8\/nT7xrPBcRe+hq+iAl9lpS2Vb95KueqY3jxg0r1eDr7zHgffXqRMB155g+M7vrOqghmVkX5\/cP13FrF\/\/gL8qiiREKROn4r36NETdszLp2z9huDRF6eT5NNHg9lPAanho4kO0CnXVgtefZ2v77pf6Qy9bryOgX9+OGDqlrrOjl\/+hv3\/XRBQFnO0Hj5\/HmnTA99mqet899uH2ffv+cqHju2bjWdA\/0AdKan45lv1lyFmXaqli7+qSjndIgQutxvhcmKNW\/pra424sqUeoWkMnvMomZefOL72lh3l44FDlfYSTqc63CeMUKKqjgZsy6MGGmzS8KVNEILrG\/8J6nBCoEVE2JYh0u83QpsqHU3D5fGYG\/1AWwpNY8z7b3Xo1ws67NhS19ly\/S0UfbjUmoUjOpqJ69cQ3c38+sKkrriE1aPHK3+fJDojg9GL3iCmV88AeV1pKevPu4jKXbsD5J2NFhmJXmdfjzeHy+PBV1WldlSXizM2rjvxBYrJ5utvoWjxEnWnK3AlJCD9fnwV9p9waBEh6DJxPEfWrgsapmsW8\/rAse1fW3OaRbhcQWfL5hAOB+NXL8fdv581q9UEeUVbj\/fYMUo+WWEVgxAknnYqUalp1hyKl3+Cv9p+SIEQeHIHEp3Z3ZpD5c7dxnF4KxGaRnRGBrF9+7RuHScEkV1T6HPn7a0rj6HjdLvpfVuQ42AhSJ853ebUmCHGoCNkU8xrq6c8+Rhx7RnBhMAZH8+w557CEW2fnVpECDyDBjDgD79rk12iMzPJvu2nrdfpZFph2ebZ+\/RzSK89\/CPM65lCC3wwvd4b\/LAE6HWzvcMbNmaqEzsl5h2TcSuXEZ\/bujve0ZndGf6fZ+l+yYVoinCcDSFIGHoK4z5ZQvnWbcrn0SIj6HP3HVYxAO6B\/ZUvcABC4EqIZ+iz\/yBt+lQSRgQ\/JldijrQTVi8nIjmZbrPPNa6rthYhSBw5ghEv\/NsI5SUnt1y\/ECSNGsnYpe\/hyR3UOlv+CLThKe34jh\/n4FvvGLFrYX653JA0jZQzJlhV8FVUUL55q6280DTcOX1IHmePo+p1dRx8612bjioJTSMuO4uhzz5FRGICqdOmGMZVlG1IEUlJDJn7BEmjRxHdPYOMiy4wYs2Ksg11xPTswYgF83HFx1O6crXRUEu5+MGDic3uHfAsDThiYog\/xYyuBEmO6Cj6\/\/oB0mfNBE0j+xc\/JyIpEWG5DqpKaBqu+HgG\/\/0x8ztR6P\/bB4lMTrKVDZZis3oxZO4TxPTsgSMqkl43XNOiLaMzujHsX88Q2TWF5LFjiEjpYrRHUba51MLr0yIdWmNX\/rCTnY\/NwV8bGLsVQFR6OoMUvxN3dMMm9jxt\/\/0LIQRpM2fQ\/eILjIdrQtmGTex96p9IaR8VmyKAyLQ0+j14nzG6mAcfB994m8NrPsWnuDQkNAe9rr8m4Di7\/sgR9s9fwLGvtiMtv2cggMiuXelzz51Ed0un5OMV5C9YqCyXOm0qmVdcanueBg699wGH3nzHpovZrm6zzzW+KmmwoZQc2\/41JR+vbHkfoGmkzZxOfO6gE\/Wbv794ZM1nQT9Za0QTpM+cceJOt7nsLHj5VeOjCEtfCASuxAT63nsXMT17NMorvv+B\/BdfproNH5EIzcGgvzxMdPcWZrRm6JBjg2Es+wZIGD2r6tCGsladhrJt0bERpN7m9IPVG1THUkdry6kIqktwfWXZZuiIvlWX5tpstrfx\/yZByzdDsD5pAx137DBhTkI6tMYOE+ZkJezYYUKSsGOHCUnCjh0mJAk7dpiQJOzYYUKSsGOHCUnCjh0mJAk7dpiQJOzYYUKSsGOHCUnCjh0mJAk7dpiQJOzYYUKSsGOHCUn+D3bsXXsEyEtDAAAAAElFTkSuQmCC' alt='' \/><\/li>\n<li style='box-sizing: border-box; margin: 0px; padding: 0px; border: 0px; font-style: inherit; font-variant: inherit; font-weight: normal; font-stretch: inherit; line-height: inherit; font-family: inherit; vertical-align: baseline;'> <\/li>\n<li style='box-sizing: border-box; margin: 0px; padding: 0px; border: 0px; font-style: inherit; font-variant: inherit; font-weight: normal; font-stretch: inherit; line-height: inherit; font-family: inherit; vertical-align: baseline;'><span class='feature-header' style='box-sizing: border-box; margin: 0px; padding: 0px; border: 0px; font-style: inherit; font-variant: inherit; font-weight: inherit; font-stretch: inherit; line-height: 1.46667em; font-family: 'Helvetica Neue LT W01_65 Mediu'; font-size: 15px; vertical-align: baseline; color: #008290;'>DURACI\u00d3N<\/span> : Presenta un indicador L.E.D. de nivel de carga de la bater\u00eda que permite al usuario monitorear la carga<\/li>\n<li style='box-sizing: border-box; margin: 0px; padding: 0px; border: 0px; font-style: inherit; font-variant: inherit; font-weight: normal; font-stretch: inherit; line-height: inherit; font-family: inherit; vertical-align: baseline;'><span class='feature-header' style='box-sizing: border-box; margin: 0px; padding: 0px; border: 0px; font-style: inherit; font-variant: inherit; font-weight: inherit; font-stretch: inherit; line-height: 1.46667em; font-family: 'Helvetica Neue LT W01_65 Mediu'; font-size: 15px; vertical-align: baseline; color: #008290;'>TECNOLOG\u00cdA<\/span> : Alcanza su carga completa en 45 minutos o menos<\/li>\n<li style='box-sizing: border-box; margin: 0px; padding: 0px; border: 0px; font-style: inherit; font-variant: inherit; font-weight: normal; font-stretch: inherit; line-height: inherit; font-family: inherit; vertical-align: baseline;'><span class='feature-header' style='box-sizing: border-box; margin: 0px; padding: 0px; border: 0px; font-style: inherit; font-variant: inherit; font-weight: inherit; font-stretch: inherit; line-height: 1.46667em; font-family: 'Helvetica Neue LT W01_65 Mediu'; font-size: 15px; vertical-align: baseline; color: #008290;'>INCLUYE<\/span> : Bater\u00eda LXT\u00ae Litio-Ion de 18V 6.0Ah<\/li>\n<\/ul>\n<p><strong>Caracter\u00edsticas.<\/strong><\/p>\n<ul class='ul-features' style='box-sizing: border-box; margin: 0px 0px 15px 20px; padding: 0px; border: 0px; font-variant-numeric: inherit; font-variant-east-asian: inherit; font-stretch: inherit; line-height: 1.46667em; font-family: Arial&comma; sans-serif; font-size: 0.9375em; vertical-align: baseline; list-style-position: initial; list-style-image: initial; color: #404040; background-color: #ffffff;'>\n<li class='dyn-expand dyn-show' style='box-sizing: border-box; margin: 0px; padding: 0px; border: 0px; font-style: inherit; font-variant: inherit; font-weight: inherit; font-stretch: inherit; line-height: inherit; font-family: inherit; font-size: 13.125px; vertical-align: baseline;'>Integrada con un indicador L.E.D. de nivel de carga de la bater\u00eda que permite al usuario monitorear la carga de la bater\u00eda<\/li>\n<li class='dyn-expand dyn-show' style='box-sizing: border-box; margin: 0px; padding: 0px; border: 0px; font-style: inherit; font-variant: inherit; font-weight: inherit; font-stretch: inherit; line-height: inherit; font-family: inherit; font-size: 13.125px; vertical-align: baseline;'>Compatible s\u00f3lo con las herramientas con Protecci\u00f3n Star\u2122&comma; se\u00f1aladas con el s\u00edmbolo Star\u2122 y\/o el Receptor de Bater\u00eda Amarillo debajo de la herramienta<\/li>\n<li class='dyn-expand dyn-show' style='box-sizing: border-box; margin: 0px; padding: 0px; border: 0px; font-style: inherit; font-variant: inherit; font-weight: inherit; font-stretch: inherit; line-height: inherit; font-family: inherit; font-size: 13.125px; vertical-align: baseline;'>La bater\u00eda entrega potencia y duraci\u00f3n en temperaturas extremas&comma; a\u00fan durante el invierno (-4\u00b0F\/-20\u00b0C)<\/li>\n<li class='dyn-expand dyn-show' style='box-sizing: border-box; margin: 0px; padding: 0px; border: 0px; font-style: inherit; font-variant: inherit; font-weight: inherit; font-stretch: inherit; line-height: inherit; font-family: inherit; font-size: 13.125px; vertical-align: baseline;'>Equipada con controles por computadora de Protecci\u00f3n Star\u2122 para proteger contra sobrecarga&comma; sobredescarga y sobrecalentamiento<\/li>\n<li class='dyn-expand dyn-show' style='box-sizing: border-box; margin: 0px; padding: 0px; border: 0px; font-style: inherit; font-variant: inherit; font-weight: inherit; font-stretch: inherit; line-height: inherit; font-family: inherit; font-size: 13.125px; vertical-align: baseline;'>El estuche externo resistente a impactos y el revestimiento interior absorbente de impactos est\u00e1n dise\u00f1ados para proteger la bater\u00eda<\/li>\n<li class='dyn-expand dyn-show' style='box-sizing: border-box; margin: 0px; padding: 0px; border: 0px; font-style: inherit; font-variant: inherit; font-weight: inherit; font-stretch: inherit; line-height: inherit; font-family: inherit; font-size: 13.125px; vertical-align: baseline;'>Las diecis\u00e9is terminales de contacto mantienen una conexi\u00f3n constante con la herramienta para ayudar a prevenir una p\u00e9rdida de potencia o fluctuaci\u00f3n&comma; a\u00fan durante aplicaciones de alta vibraci\u00f3n<\/li>\n<li class='dyn-expand dyn-show' style='box-sizing: border-box; margin: 0px; padding: 0px; border: 0px; font-style: inherit; font-variant: inherit; font-weight: inherit; font-stretch: inherit; line-height: inherit; font-family: inherit; font-size: 13.125px; vertical-align: baseline;'>La bater\u00eda resiste autodescargas y se mantiene lista a\u00fan despu\u00e9s de per\u00edodos largos de almacenamiento<\/li>\n<li class='dyn-expand dyn-show' style='box-sizing: border-box; margin: 0px; padding: 0px; border: 0px; font-style: inherit; font-variant: inherit; font-weight: inherit; font-stretch: inherit; line-height: inherit; font-family: inherit; font-size: 13.125px; vertical-align: baseline;'>Makita Litio-Ion de 18V es la l\u00ednea m\u00e1s grande de herramientas inal\u00e1mbricas alimentadas por una bater\u00eda Litio-Ion de 18V estilo deslizable en el mundo<\/li>\n<li class='dyn-expand dyn-hide dyn-show' style='box-sizing: border-box; margin: 0px; padding: 0px; border: 0px; font-style: inherit; font-variant: inherit; font-weight: inherit; font-stretch: inherit; line-height: inherit; font-family: inherit; font-size: 13.125px; vertical-align: baseline;'>La tecnolog\u00eda de Makita entrega tiempo de carga l\u00edder en su categor\u00eda&comma; para que la bater\u00eda pase m\u00e1s tiempo en el trabajo y menos tiempo en el cargador (no incluye cargador)<\/li>\n<li class='dyn-expand dyn-hide dyn-show' style='box-sizing: border-box; margin: 0px; padding: 0px; border: 0px; font-style: inherit; font-variant: inherit; font-weight: inherit; font-stretch: inherit; line-height: inherit; font-family: inherit; font-size: 13.125px; vertical-align: baseline;'>limitada<\/li>\n<\/ul>\n<p class='MsoNormal'><span style='font-family: georgia&comma; palatino&comma; serif;'>Los cargadores de bater\u00edas Makita est\u00e1n dise\u00f1ados especialmente para ser compatibles con las bater\u00edas Makita correspondientes. Esto significa que cada cargador est\u00e1 dise\u00f1ado para proporcionar la corriente y el voltaje para cada modelo.<\/span><\/p>\n<\/p>\n<p class='MsoNormal'><span style='font-family: georgia&comma; palatino&comma; serif;'>Es importante destacar que no todos los cargadores Makita son compatibles con todas las bater\u00edas Makita. Makita ofrece una amplia variedad de bater\u00edas con diferentes capacidades y tecnolog\u00edas&comma; a continuaci\u00f3n se presenta una tabla de compatibilidad:<\/span><\/p>\n<p><span style='font-family: georgia&comma; palatino&comma; serif;'><img src='https:\/\/ftp3.syscom.mx\/usuarios\/mtopete\/Imagen%20Pagina\/Makita\/COMPATIBILIDAD%20MAKITA%20BAT.JPG' alt='' width='615' height='400' \/><\/span><\/p>\n<p class='MsoNormal'><span style='font-size: 13.5pt; line-height: 107%; color: black; font-family: georgia&comma; palatino&comma; serif;'>Nota: La serie &#8216;G&#8217; es solo compatible con equipos que manejan bater\u00eda blanca de f\u00e1brica.<\/span><\/p>\n","protected":false},"excerpt":{"rendered":"<p>Bater\u00eda LXT Litio-Ion de 18V 6.0 Ah, con led indicador de nivel de carga.<\/p>\n","protected":false},"featured_media":34903,"comment_status":"open","ping_status":"closed","template":"","meta":[],"product_brand":[],"product_cat":[130],"product_tag":[25,131,252],"class_list":{"0":"post-34904","1":"product","2":"type-product","3":"status-publish","4":"has-post-thumbnail","6":"product_cat-herramientas-electricas","7":"product_tag-herramientas","8":"product_tag-herramientas-electricas","9":"product_tag-makita","11":"first","12":"instock","13":"sale","14":"shipping-taxable","15":"purchasable","16":"product-type-simple"},"_links":{"self":[{"href":"https:\/\/soydeaqui.ddns.net\/pachuca\/index.php\/wp-json\/wp\/v2\/product\/34904","targetHints":{"allow":["GET"]}}],"collection":[{"href":"https:\/\/soydeaqui.ddns.net\/pachuca\/index.php\/wp-json\/wp\/v2\/product"}],"about":[{"href":"https:\/\/soydeaqui.ddns.net\/pachuca\/index.php\/wp-json\/wp\/v2\/types\/product"}],"replies":[{"embeddable":true,"href":"https:\/\/soydeaqui.ddns.net\/pachuca\/index.php\/wp-json\/wp\/v2\/comments?post=34904"}],"wp:featuredmedia":[{"embeddable":true,"href":"https:\/\/soydeaqui.ddns.net\/pachuca\/index.php\/wp-json\/wp\/v2\/media\/34903"}],"wp:attachment":[{"href":"https:\/\/soydeaqui.ddns.net\/pachuca\/index.php\/wp-json\/wp\/v2\/media?parent=34904"}],"wp:term":[{"taxonomy":"product_brand","embeddable":true,"href":"https:\/\/soydeaqui.ddns.net\/pachuca\/index.php\/wp-json\/wp\/v2\/product_brand?post=34904"},{"taxonomy":"product_cat","embeddable":true,"href":"https:\/\/soydeaqui.ddns.net\/pachuca\/index.php\/wp-json\/wp\/v2\/product_cat?post=34904"},{"taxonomy":"product_tag","embeddable":true,"href":"https:\/\/soydeaqui.ddns.net\/pachuca\/index.php\/wp-json\/wp\/v2\/product_tag?post=34904"}],"curies":[{"name":"wp","href":"https:\/\/api.w.org\/{rel}","templated":true}]}}