{"id":34900,"date":"2026-03-18T15:32:01","date_gmt":"2026-03-18T15:32:01","guid":{"rendered":"https:\/\/soydeaqui.ddns.net\/pachuca\/index.php\/producto\/escalera-de-tijera-3-en-1-de-1-5-metros-fibra-de-vidrio-sku13906-001-hecha-en-e-u-a-version-2-0\/"},"modified":"2026-03-18T15:32:05","modified_gmt":"2026-03-18T15:32:05","slug":"escalera-de-tijera-3-en-1-de-1-5-metros-fibra-de-vidrio-sku13906-001-hecha-en-e-u-a-version-2-0","status":"publish","type":"product","link":"https:\/\/soydeaqui.ddns.net\/pachuca\/index.php\/producto\/escalera-de-tijera-3-en-1-de-1-5-metros-fibra-de-vidrio-sku13906-001-hecha-en-e-u-a-version-2-0\/","title":{"rendered":"Escalera de Tijera 3 en 1 de 1.5 Metros, Fibra de Vidrio (SKU13906-001). Hecha en E.U.A. (Versi\u00f3n 2.0)"},"content":{"rendered":"<div style='width: 100%; max-width: 1200px; margin: 0 auto; font-family: sans-serif; line-height: 1.6; color: inherit; background-color: transparent;'> <!-- Descripci\u00f3n principal --> <\/p>\n<div style='margin-bottom: 30px; font-size: 15px; color: inherit;'>\n<p>La escalera <strong>King kombo<\/strong> profesional de 6&#8242; (1.82 m)&comma; es una escalera combinada 3 en 1 de acceso total&comma; con accesorios de almohadilla de pared giratoria&comma; bisagra de liberaci\u00f3n a una mano y una capacidad de carga de 375 lb (170 kg).<\/p>\n<p><strong>King Kombo\u2122<\/strong><\/p>\n<p>Eres un profesional&comma; as\u00ed que necesitas una escalera que te ayude a hacer las cosas m\u00e1s r\u00e1pido que nunca. La Little Giant\u00ae King Kombo\u2122 es el pin\u00e1culo de la tecnolog\u00eda de escaleras&comma; ofreciendo una variedad de caracter\u00edsticas beneficiosas que hacen que tu escalera sea m\u00e1s segura y vers\u00e1til que nunca.<\/p>\n<p>La King Kombo es la ganadora del Premio al Nuevo Producto del A\u00f1o 2019 de OH&#038;S y tambi\u00e9n es la ganadora del Premio a la Innovaci\u00f3n 2019 de Pro Tool. En ambos premios&comma; la escalera fue reconocida por su innovaci\u00f3n y seguridad.<\/p>\n<\/p><\/div>\n<p> <!-- Secciones de caracter\u00edsticas --> <\/p>\n<div style='display: flex; flex-wrap: wrap; gap: 30px; margin-bottom: 30px;'>\n<div style='flex: 1 1 300px; min-width: 280px;'>\n<h3 style='font-size: 22px; border-bottom: 2px solid currentColor; padding-bottom: 5px; margin-top: 0; color: inherit; opacity: 0.8;'>Escalera combinada<\/h3>\n<p style='font-size: 15px; color: inherit;'>Esta escalera combinada 3 en 1 se convierte f\u00e1cilmente de escalera de tijera a configuraciones de extensi\u00f3n e inclinaci\u00f3n&comma; ofreci\u00e9ndole la herramienta perfecta para cualquier trabajo.<\/p>\n<\/p><\/div>\n<div style='flex: 1 1 300px; min-width: 280px;'>\n<h3 style='font-size: 22px; border-bottom: 2px solid currentColor; padding-bottom: 5px; margin-top: 0; color: inherit; opacity: 0.8;'>Almohadilla de pared giratoria<\/h3>\n<p style='font-size: 15px; color: inherit;'>La joya de la corona del King Kombo es su almohadilla de pared giratoria. Ahora puede colocar su escalera de forma segura en esquinas interiores y exteriores&comma; paredes y montantes.<\/p>\n<\/p><\/div>\n<div style='flex: 1 1 300px; min-width: 280px;'>\n<h3 style='font-size: 22px; border-bottom: 2px solid currentColor; padding-bottom: 5px; margin-top: 0; color: inherit; opacity: 0.8;'>Patas de doble uso<\/h3>\n<p style='font-size: 15px; color: inherit;'>El lado de escalada de la escalera cuenta con patas anchas y acampanadas para aumentar la estabilidad de las puntas laterales. El lado de extensi\u00f3n de la escalera tiene una secci\u00f3n trasera funcional para encajar entre los montantes y acceder a espacios de trabajo estrechos entre los montantes de la pared&comma; las vigas del techo y los puertos de acceso al tejado o al \u00e1tico.<\/p>\n<\/p><\/div>\n<div style='flex: 1 1 300px; min-width: 280px;'>\n<h3 style='font-size: 22px; border-bottom: 2px solid currentColor; padding-bottom: 5px; margin-top: 0; color: inherit; opacity: 0.8;'>Fibra de vidrio no conductora y de color verde intenso<\/h3>\n<p style='font-size: 15px; color: inherit;'>Es el sue\u00f1o de un electricista hecho realidad. Fabricado con fibra de vidrio ligera y duradera&comma; puede trabajar cerca de la electricidad sin temor a la conductividad. El color verde de alta visibilidad tambi\u00e9n promueve una mayor visibilidad para disminuir los golpes de la escalera.<\/p>\n<\/p><\/div>\n<div style='flex: 1 1 300px; min-width: 280px;'>\n<h3 style='font-size: 22px; border-bottom: 2px solid currentColor; padding-bottom: 5px; margin-top: 0; color: inherit; opacity: 0.8;'>Taco de tierra<\/h3>\n<p style='font-size: 15px; color: inherit;'>En los modelos King Kombo Industrial y Technical&comma; puede disfrutar de las ventajas de Ground Cue\u00ae&comma; el sistema de alerta del pelda\u00f1o inferior. Cuando llega al pelda\u00f1o inferior&comma; Ground Cue hace un &#8216;clic&#8217; audible para hacerle saber que ha llegado al suelo de forma segura.<\/p>\n<\/p><\/div>\n<div style='flex: 1 1 300px; min-width: 280px;'>\n<h3 style='font-size: 22px; border-bottom: 2px solid currentColor; padding-bottom: 5px; margin-top: 0; color: inherit; opacity: 0.8;'>Barra en V<\/h3>\n<p style='font-size: 15px; color: inherit;'>Las escaleras industriales y t\u00e9cnicas King Kombo incorporan una revolucionaria barra en V. Cuando est\u00e1 en su configuraci\u00f3n de extensi\u00f3n&comma; la barra en V&comma; que no deja marcas&comma; puede agarrar las esquinas exteriores&comma; las paredes y los postes.<\/p>\n<\/p><\/div>\n<div style='flex: 1 1 300px; min-width: 280px;'>\n<h3 style='font-size: 22px; border-bottom: 2px solid currentColor; padding-bottom: 5px; margin-top: 0; color: inherit; opacity: 0.8;'>Clasificaci\u00f3n<\/h3>\n<p style='font-size: 15px; color: inherit;'>Cumpliendo o superando todas las normas OSHA y ANSI&comma; esta escalera de tipo IAA est\u00e1 clasificada para soportar 375 lbs.<\/p>\n<\/p><\/div>\n<\/p><\/div>\n<p> <!-- Secci\u00f3n de especificaciones --> <\/p>\n<div style='display: flex; flex-wrap: wrap; gap: 20px; margin-bottom: 30px;'>\n<div style='flex: 1 1 250px; border: 1px solid rgba(150&comma; 150&comma; 150&comma; 0.4); border-radius: 8px; overflow: hidden; display: flex; flex-direction: column;'>\n<div style='padding: 15px; border-bottom: 1px solid rgba(150&comma; 150&comma; 150&comma; 0.2); font-weight: bold; font-size: 18px; color: inherit;'>ESPECIFICACIONES<\/div>\n<div style='padding: 15px; color: inherit;'>\n<ul style='padding-left: 20px; margin: 0; font-size: 14px; list-style-type: disc;'>\n<li style='margin-bottom: 5px;'><strong>Categor\u00eda del producto:<\/strong> King Kombo 2.0<\/li>\n<li style='margin-bottom: 5px;'><strong>Bloqueo de extensi\u00f3n:<\/strong> Ninguno<\/li>\n<li style='margin-bottom: 5px;'><strong>Pa\u00eds de ensamble:<\/strong> USA<\/li>\n<li style='margin-bottom: 5px;'><strong>Clasificaci\u00f3n:<\/strong> Tipo IAA &#8211; Servicio Especial<\/li>\n<li style='margin-bottom: 5px;'><strong>Pie:<\/strong> Est\u00e1ndar no-marcado (atornillado)<\/li>\n<li style='margin-bottom: 5px;'><strong>Bloqueo de bisagra:<\/strong> Ninguno<\/li>\n<li style='margin-bottom: 5px;'><strong>Material:<\/strong> Fibra de Vidrio<\/li>\n<li style='margin-bottom: 5px;'><strong>Capacidad de carga:<\/strong> 375 lbs (170 kg)<\/li>\n<li style='margin-bottom: 5px;'><strong>Sistema de separaci\u00f3n:<\/strong> Bloqueo de bisagra<\/li>\n<li style='margin-bottom: 5px;'><strong>Tipo de escalera:<\/strong> Multiprop\u00f3sitos<\/li>\n<li style='margin-bottom: 5px;'><strong>Garant\u00eda:<\/strong> 1 A\u00f1o<\/li>\n<li style='margin-bottom: 5px;'><strong>Tama\u00f1o:<\/strong> 6&#8242; (1.83 m)<\/li>\n<li style='margin-bottom: 5px;'><strong>Anchura interior libre:<\/strong> 1 ft. (31 cm)<\/li>\n<li style='margin-bottom: 5px;'><strong>Altura de almacenamiento:<\/strong> 6 ft. 1 in. (1.85 m)<\/li>\n<li style='margin-bottom: 5px;'><strong>Ancho de almacenamiento en la base:<\/strong> 2 ft. 1 in. (64 cm)<\/li>\n<li style='margin-bottom: 5px;'><strong>Profundidad de almacenamiento:<\/strong> 7 in. (18 cm)<\/li>\n<li style='margin-bottom: 5px;'><strong>Profundidad de pelda\u00f1o interior:<\/strong> 3 in. (8 cm)<\/li>\n<li style='margin-bottom: 5px;'><strong>Profundidad de pelda\u00f1o exterior:<\/strong> 3 in. (8 cm)<\/li>\n<li style='margin-bottom: 5px;'><strong>Profundidad de pelda\u00f1o doble:<\/strong> 6 in. (15 cm)<\/li>\n<li style='margin-bottom: 5px;'><strong>Ancho de la parte superior:<\/strong> 1 ft. 3 in. (38 cm)<\/li>\n<li style='margin-bottom: 5px;'><strong>Peso de producto:<\/strong> 24 lbs. (10.88 kg)<\/li>\n<\/ul><\/div>\n<\/p><\/div>\n<div style='flex: 1 1 250px; border: 1px solid rgba(150&comma; 150&comma; 150&comma; 0.4); border-radius: 8px; overflow: hidden; display: flex; flex-direction: column;'>\n<div style='padding: 15px; border-bottom: 1px solid rgba(150&comma; 150&comma; 150&comma; 0.2); font-weight: bold; font-size: 18px; color: inherit;'>CARACTER\u00cdSTICAS<\/div>\n<div style='padding: 15px; color: inherit;'>\n<ul style='padding-left: 20px; margin: 0; font-size: 14px; list-style-type: disc;'>\n<li style='margin-bottom: 5px;'><strong>Posici\u00f3n del andamio:<\/strong> No<\/li>\n<li style='margin-bottom: 5px;'><strong>Ruedas Tip-N-Glide:<\/strong> No<\/li>\n<li style='margin-bottom: 5px;'><strong>Posici\u00f3n de 90\u00b0:<\/strong> No<\/li>\n<\/ul><\/div>\n<\/p><\/div>\n<div style='flex: 1 1 250px; border: 1px solid rgba(150&comma; 150&comma; 150&comma; 0.4); border-radius: 8px; overflow: hidden; display: flex; flex-direction: column;'>\n<div style='padding: 15px; border-bottom: 1px solid rgba(150&comma; 150&comma; 150&comma; 0.2); font-weight: bold; font-size: 18px; color: inherit;'>ESCALERA<\/div>\n<div style='padding: 15px; color: inherit;'>\n<ul style='padding-left: 20px; margin: 0; font-size: 14px; list-style-type: disc;'>\n<li style='margin-bottom: 5px;'><strong>Tama\u00f1o de la escalera:<\/strong> 6&#8242; (1.83 m)<\/li>\n<li style='margin-bottom: 5px;'><strong>Nivel m\u00e1ximo:<\/strong> 3 ft. 9 in. (1.14 m)<\/li>\n<li style='margin-bottom: 5px;'><strong>Nivel m\u00ednimo:<\/strong> 3 ft. 9 in. (1.14 m)<\/li>\n<li style='margin-bottom: 5px;'><strong>Huella m\u00e1xima:<\/strong> 3 ft. 8 in. (1.12 m)<\/li>\n<li style='margin-bottom: 5px;'><strong>Huella m\u00ednima:<\/strong> 3 ft. 8 in. (1.12 m)<\/li>\n<li style='margin-bottom: 5px;'><strong>Alcance m\u00e1ximo:<\/strong> 10 ft. 3 in. (3.12 m)<\/li>\n<\/ul><\/div>\n<\/p><\/div>\n<div style='flex: 1 1 250px; border: 1px solid rgba(150&comma; 150&comma; 150&comma; 0.4); border-radius: 8px; overflow: hidden; display: flex; flex-direction: column;'>\n<div style='padding: 15px; border-bottom: 1px solid rgba(150&comma; 150&comma; 150&comma; 0.2); font-weight: bold; font-size: 18px; color: inherit;'>SIMPLE \/ EXTENSI\u00d3N<\/div>\n<div style='padding: 15px; color: inherit;'>\n<ul style='padding-left: 20px; margin: 0; font-size: 14px; list-style-type: disc;'>\n<li style='margin-bottom: 5px;'><strong>Longitud total de las secciones:<\/strong> 9 ft. 11 in. (3.02 m)<\/li>\n<li style='margin-bottom: 5px;'><strong>Alcance m\u00e1ximo de la extensi\u00f3n:<\/strong> 13 ft. 1 in. (3.99 m)<\/li>\n<li style='margin-bottom: 5px;'><strong>Simple \/ Extensi\u00f3n nivel m\u00e1s alto:<\/strong> 6 ft. 7 in. (2.01 m)<\/li>\n<li style='margin-bottom: 5px;'><strong>Simple\/ Extensi\u00f3n nivel m\u00e1s alto:<\/strong> 3 ft. 9 in. (1.14 m)<\/li>\n<li style='margin-bottom: 5px;'><strong>Longitud de trabajo m\u00e1xima:<\/strong> 9 ft. 11 in. (3.02 m)<\/li>\n<li style='margin-bottom: 5px;'><strong>Longitud de trabajo m\u00ednima:<\/strong> 6 ft. (1.83 m)<\/li>\n<\/ul><\/div>\n<\/p><\/div>\n<\/p><\/div>\n<p> <!-- Separador --> <\/p>\n<hr style='border: 0; border-top: 1px solid rgba(150&comma; 150&comma; 150&comma; 0.3); margin: 30px 0;'> <\/div>\n","protected":false},"excerpt":{"rendered":"<p>Escalera de Tijera 3 en 1 de 1.5 Metros, Fibra de Vidrio (SKU13906-001). Hecha en E.U.A. (Versi\u00f3n 2.0)<\/p>\n","protected":false},"featured_media":34899,"comment_status":"open","ping_status":"closed","template":"","meta":[],"product_brand":[],"product_cat":[24],"product_tag":[26,25,492],"class_list":{"0":"post-34900","1":"product","2":"type-product","3":"status-publish","4":"has-post-thumbnail","6":"product_cat-accesorios-de-instalacion","7":"product_tag-accesorios-de-instalacion","8":"product_tag-herramientas","9":"product_tag-little-giant-ladder-systems","11":"first","12":"instock","13":"sale","14":"shipping-taxable","15":"purchasable","16":"product-type-simple"},"_links":{"self":[{"href":"https:\/\/soydeaqui.ddns.net\/pachuca\/index.php\/wp-json\/wp\/v2\/product\/34900","targetHints":{"allow":["GET"]}}],"collection":[{"href":"https:\/\/soydeaqui.ddns.net\/pachuca\/index.php\/wp-json\/wp\/v2\/product"}],"about":[{"href":"https:\/\/soydeaqui.ddns.net\/pachuca\/index.php\/wp-json\/wp\/v2\/types\/product"}],"replies":[{"embeddable":true,"href":"https:\/\/soydeaqui.ddns.net\/pachuca\/index.php\/wp-json\/wp\/v2\/comments?post=34900"}],"wp:featuredmedia":[{"embeddable":true,"href":"https:\/\/soydeaqui.ddns.net\/pachuca\/index.php\/wp-json\/wp\/v2\/media\/34899"}],"wp:attachment":[{"href":"https:\/\/soydeaqui.ddns.net\/pachuca\/index.php\/wp-json\/wp\/v2\/media?parent=34900"}],"wp:term":[{"taxonomy":"product_brand","embeddable":true,"href":"https:\/\/soydeaqui.ddns.net\/pachuca\/index.php\/wp-json\/wp\/v2\/product_brand?post=34900"},{"taxonomy":"product_cat","embeddable":true,"href":"https:\/\/soydeaqui.ddns.net\/pachuca\/index.php\/wp-json\/wp\/v2\/product_cat?post=34900"},{"taxonomy":"product_tag","embeddable":true,"href":"https:\/\/soydeaqui.ddns.net\/pachuca\/index.php\/wp-json\/wp\/v2\/product_tag?post=34900"}],"curies":[{"name":"wp","href":"https:\/\/api.w.org\/{rel}","templated":true}]}}