{"id":34892,"date":"2026-03-18T15:31:51","date_gmt":"2026-03-18T15:31:51","guid":{"rendered":"https:\/\/soydeaqui.ddns.net\/pachuca\/index.php\/producto\/detector-de-monoxido-de-carbono-co-y-dioxido-de-nitrogeno-no2\/"},"modified":"2026-03-18T15:31:53","modified_gmt":"2026-03-18T15:31:53","slug":"detector-de-monoxido-de-carbono-co-y-dioxido-de-nitrogeno-no2","status":"publish","type":"product","link":"https:\/\/soydeaqui.ddns.net\/pachuca\/index.php\/producto\/detector-de-monoxido-de-carbono-co-y-dioxido-de-nitrogeno-no2\/","title":{"rendered":"Detector de Monoxido de Carbono (CO) y Dioxido de Nitrogeno (NO2)"},"content":{"rendered":"<div style='width: 100%; max-width: 1200px; margin: 0 auto; font-family: sans-serif; line-height: 1.6; color: inherit; background-color: transparent;'>\n<div style='display: flex; flex-direction: column; gap: 15px; margin-bottom: 30px;'>\n<h1 style='font-size: 24px; margin: 0; color: inherit; opacity: 0.9;'><\/h1>\n<h2 style='font-size: 20px; margin: 0; color: #2880b9; opacity: 0.95;'>Detector de Monoxido de Carbono (CO) y Dioxido de Nitrogeno (NO2)<\/h2>\n<\/p><\/div>\n<div style='margin-bottom: 30px; font-size: 15px; color: inherit;'>\n<p style='margin: 0 0 15px 0;'>Los detectores de gas fijos de las series 6 y 12 de Macurco brindan soluciones para salvar vidas destinadas a proteger<\/p>\n<p style='margin: 0 0 15px 0;'>personas y propiedades. Estos detectores de gas fijos est\u00e1n dise\u00f1ados para detecci\u00f3n de bajo nivel&comma; mitigaci\u00f3n&comma;<\/p>\n<p style='margin: 0 0 15px 0;'>y notificaci\u00f3n. Deje que estos detectores hagan el trabajo por usted cerrando v\u00e1lvulas&comma; encendiendo ventiladores&comma;<\/p>\n<p style='margin: 0;'>activar bocinas y luces estrobosc\u00f3picas&comma; y proporcionar notificaciones a paneles de incendios y automatizaci\u00f3n de edificios<\/p>\n<p style='margin: 0;'>sistemas cuando los gases alcanzan los l\u00edmites clave.<\/p>\n<\/p><\/div>\n<hr style='border: 0; border-top: 1px solid rgba(150&comma; 150&comma; 150&comma; 0.3); margin: 30px 0;'> <\/div>\n","protected":false},"excerpt":{"rendered":"<p>Detector de Monoxido de Carbono (CO) y Dioxido de Nitrogeno (NO2)<\/p>\n","protected":false},"featured_media":34891,"comment_status":"open","ping_status":"closed","template":"","meta":[],"product_brand":[],"product_cat":[987],"product_tag":[988,522,989],"class_list":{"0":"post-34892","1":"product","2":"type-product","3":"status-publish","4":"has-post-thumbnail","6":"product_cat-detectores-de-gases","7":"product_tag-detectores-de-gases","8":"product_tag-dispositivos-convencionales","9":"product_tag-macurco-aerionics","11":"first","12":"outofstock","13":"sale","14":"shipping-taxable","15":"purchasable","16":"product-type-simple"},"_links":{"self":[{"href":"https:\/\/soydeaqui.ddns.net\/pachuca\/index.php\/wp-json\/wp\/v2\/product\/34892","targetHints":{"allow":["GET"]}}],"collection":[{"href":"https:\/\/soydeaqui.ddns.net\/pachuca\/index.php\/wp-json\/wp\/v2\/product"}],"about":[{"href":"https:\/\/soydeaqui.ddns.net\/pachuca\/index.php\/wp-json\/wp\/v2\/types\/product"}],"replies":[{"embeddable":true,"href":"https:\/\/soydeaqui.ddns.net\/pachuca\/index.php\/wp-json\/wp\/v2\/comments?post=34892"}],"wp:featuredmedia":[{"embeddable":true,"href":"https:\/\/soydeaqui.ddns.net\/pachuca\/index.php\/wp-json\/wp\/v2\/media\/34891"}],"wp:attachment":[{"href":"https:\/\/soydeaqui.ddns.net\/pachuca\/index.php\/wp-json\/wp\/v2\/media?parent=34892"}],"wp:term":[{"taxonomy":"product_brand","embeddable":true,"href":"https:\/\/soydeaqui.ddns.net\/pachuca\/index.php\/wp-json\/wp\/v2\/product_brand?post=34892"},{"taxonomy":"product_cat","embeddable":true,"href":"https:\/\/soydeaqui.ddns.net\/pachuca\/index.php\/wp-json\/wp\/v2\/product_cat?post=34892"},{"taxonomy":"product_tag","embeddable":true,"href":"https:\/\/soydeaqui.ddns.net\/pachuca\/index.php\/wp-json\/wp\/v2\/product_tag?post=34892"}],"curies":[{"name":"wp","href":"https:\/\/api.w.org\/{rel}","templated":true}]}}