{"id":34890,"date":"2026-03-18T15:31:49","date_gmt":"2026-03-18T15:31:49","guid":{"rendered":"https:\/\/soydeaqui.ddns.net\/pachuca\/index.php\/producto\/bobina-de-305-metros-1000-pies-de-alambre-2-x-18-awg-color-rojo-fplr-incendio-hecho-en-mxico\/"},"modified":"2026-03-18T15:31:50","modified_gmt":"2026-03-18T15:31:50","slug":"bobina-de-305-metros-1000-pies-de-alambre-2-x-18-awg-color-rojo-fplr-incendio-hecho-en-mxico","status":"publish","type":"product","link":"https:\/\/soydeaqui.ddns.net\/pachuca\/index.php\/producto\/bobina-de-305-metros-1000-pies-de-alambre-2-x-18-awg-color-rojo-fplr-incendio-hecho-en-mxico\/","title":{"rendered":"Bobina de 305 Metros (1000 Pies) de Alambre, 2 x 18 AWG, Color Rojo, FPLR Incendio, Hecho en M?xico"},"content":{"rendered":"<div style='width: 100%; max-width: 1200px; margin: 0 auto; font-family: sans-serif; line-height: 1.6; color: inherit; background-color: transparent;'>\n<div style='display: flex; flex-wrap: wrap; gap: 30px; margin-bottom: 30px;'>\n<div style='flex: 1 1 300px; min-width: 280px;'>\n<h3 style='font-size: 22px; border-bottom: 2px solid currentColor; padding-bottom: 5px; margin-top: 0; color: inherit; opacity: 0.8;'>Descripci\u00f3n<\/h3>\n<p style='font-size: 15px; color: inherit;'> ALAMBRE DE 2 CONDUCTORES CALIBRE 18 CON FORRO ROJO APLICACIONES EN ALARMAS DE DETECCION DE INCENDIO&comma; Y SISTEMAS DE VOCEO. Los cables de alarma contra incendio VIAKON est\u00e1n dise\u00f1ados para utilizarse en la conexi\u00f3n de equipos contra incendio&comma; tales como: Panel de control&comma; estaciones manuales&comma; sirenas&comma; estrobos&comma; sensores y detectores de humo y calor. Cable multiconductor&comma; formado por conductores de cobre s\u00f3lido (alambre)&comma; aislamiento individual de Policloruro de Vinilo (PVC)&comma; cubierta de Policloruro de Vinilo (PVC) color rojo con propiedades antiflama. <\/p>\n<\/p><\/div>\n<\/p><\/div>\n<div style='display: flex; flex-wrap: wrap; gap: 20px; margin-bottom: 30px;'>\n<div style='flex: 1 1 250px; border: 1px solid rgba(150&comma; 150&comma; 150&comma; 0.4); border-radius: 8px; overflow: hidden; display: flex; flex-direction: column;'>\n<div style='padding: 15px; border-bottom: 1px solid rgba(150&comma; 150&comma; 150&comma; 0.2); font-weight: bold; font-size: 18px; color: inherit;'>Aplicaciones<\/div>\n<div style='padding: 15px; color: inherit;'>\n<ul style='padding-left: 20px; margin: 0; font-size: 14px; list-style-type: disc;'>\n<li style='margin-bottom: 5px;'>Alarmas de detecci\u00f3n de incendio<\/li>\n<li style='margin-bottom: 5px;'>Paneles con tecnolog\u00eda convencional<\/li>\n<li style='margin-bottom: 5px;'>Paneles con tecnolog\u00eda anal\u00f3gico direccionable<\/li>\n<li style='margin-bottom: 5px;'>Paneles de evacuaci\u00f3n<\/li>\n<\/ul><\/div>\n<\/p><\/div>\n<div style='flex: 1 1 250px; border: 1px solid rgba(150&comma; 150&comma; 150&comma; 0.4); border-radius: 8px; overflow: hidden; display: flex; flex-direction: column;'>\n<div style='padding: 15px; border-bottom: 1px solid rgba(150&comma; 150&comma; 150&comma; 0.2); font-weight: bold; font-size: 18px; color: inherit;'>Caracter\u00edsticas<\/div>\n<div style='padding: 15px; color: inherit;'>\n<ul style='padding-left: 20px; margin: 0; font-size: 14px; list-style-type: disc;'>\n<li style='margin-bottom: 5px;'><strong>Cable tipo:<\/strong> RISER<\/li>\n<li style='margin-bottom: 5px;'><strong>N\u00famero de conductores:<\/strong> 2<\/li>\n<li style='margin-bottom: 5px;'><strong>Calibre:<\/strong> 18<\/li>\n<li style='margin-bottom: 5px;'><strong>Tipo de Conductor:<\/strong> Alambre S\u00f3lido<\/li>\n<li style='margin-bottom: 5px;'><strong>Color externo:<\/strong> Rojo<\/li>\n<li style='margin-bottom: 5px;'><strong>Color interno:<\/strong> Rojo&comma; Negro<\/li>\n<li style='margin-bottom: 5px;'><strong>Cubierta:<\/strong> Grado FPLR (Riser)<\/li>\n<\/ul><\/div>\n<\/p><\/div>\n<div style='flex: 1 1 250px; border: 1px solid rgba(150&comma; 150&comma; 150&comma; 0.4); border-radius: 8px; overflow: hidden; display: flex; flex-direction: column;'>\n<div style='padding: 15px; border-bottom: 1px solid rgba(150&comma; 150&comma; 150&comma; 0.2); font-weight: bold; font-size: 18px; color: inherit;'>Especificaciones<\/div>\n<div style='padding: 15px; color: inherit;'>\n<ul style='padding-left: 20px; margin: 0; font-size: 14px; list-style-type: disc;'>\n<li style='margin-bottom: 5px;'><strong>Tipo:<\/strong> FPLR = <strong>F<\/strong>ire <strong>P<\/strong>ower <strong>L<\/strong>imited <strong>R<\/strong>iser<\/li>\n<li style='margin-bottom: 5px;'><strong>Temperatura de operaci\u00f3n:<\/strong> -20 \u00b0C a 105 \u00b0C<\/li>\n<li style='margin-bottom: 5px;'><strong>Certificaciones:<\/strong> UL 1424&comma; NEC 760<\/li>\n<li style='margin-bottom: 5px;'><strong>Longitud:<\/strong> Caja de 305 metros<\/li>\n<\/ul><\/div>\n<\/p><\/div>\n<\/p><\/div>\n<div style='display: flex; flex-wrap: wrap; gap: 30px; margin-bottom: 30px;'>\n<div style='flex: 1 1 300px; min-width: 280px;'>\n<h3 style='font-size: 22px; border-bottom: 2px solid currentColor; padding-bottom: 5px; margin-top: 0; color: inherit; opacity: 0.8;'>Detalles adicionales<\/h3>\n<p style='font-size: 15px; color: inherit;'> Cables certificados por UL y que cumplen con la prueba RISER que garantiza que el cable no va a ser propagador del incendio de manera vertical (de un piso a otro). <\/p>\n<\/p><\/div>\n<\/p><\/div>\n<div style='position: relative; padding-bottom: 56.25%; height: 0; overflow: hidden; margin-bottom: 30px;'>   <\/div>\n<hr style='border: 0; border-top: 1px solid rgba(150&comma; 150&comma; 150&comma; 0.3); margin: 30px 0;'> <\/div>\n","protected":false},"excerpt":{"rendered":"<p>Bobina de 305 Metros (1000 Pies) de Alambre, 2 x 18 AWG, Color Rojo, FPLR Incendio, Hecho en M?xico<\/p>\n","protected":false},"featured_media":34889,"comment_status":"open","ping_status":"closed","template":"","meta":[],"product_brand":[],"product_cat":[982],"product_tag":[138,225,242],"class_list":{"0":"post-34890","1":"product","2":"type-product","3":"status-publish","4":"has-post-thumbnail","6":"product_cat-todo-cables-deteccion-de-fuego","7":"product_tag-cables","8":"product_tag-todo","9":"product_tag-viakon","11":"first","12":"outofstock","13":"sale","14":"shipping-taxable","15":"purchasable","16":"product-type-simple"},"_links":{"self":[{"href":"https:\/\/soydeaqui.ddns.net\/pachuca\/index.php\/wp-json\/wp\/v2\/product\/34890","targetHints":{"allow":["GET"]}}],"collection":[{"href":"https:\/\/soydeaqui.ddns.net\/pachuca\/index.php\/wp-json\/wp\/v2\/product"}],"about":[{"href":"https:\/\/soydeaqui.ddns.net\/pachuca\/index.php\/wp-json\/wp\/v2\/types\/product"}],"replies":[{"embeddable":true,"href":"https:\/\/soydeaqui.ddns.net\/pachuca\/index.php\/wp-json\/wp\/v2\/comments?post=34890"}],"wp:featuredmedia":[{"embeddable":true,"href":"https:\/\/soydeaqui.ddns.net\/pachuca\/index.php\/wp-json\/wp\/v2\/media\/34889"}],"wp:attachment":[{"href":"https:\/\/soydeaqui.ddns.net\/pachuca\/index.php\/wp-json\/wp\/v2\/media?parent=34890"}],"wp:term":[{"taxonomy":"product_brand","embeddable":true,"href":"https:\/\/soydeaqui.ddns.net\/pachuca\/index.php\/wp-json\/wp\/v2\/product_brand?post=34890"},{"taxonomy":"product_cat","embeddable":true,"href":"https:\/\/soydeaqui.ddns.net\/pachuca\/index.php\/wp-json\/wp\/v2\/product_cat?post=34890"},{"taxonomy":"product_tag","embeddable":true,"href":"https:\/\/soydeaqui.ddns.net\/pachuca\/index.php\/wp-json\/wp\/v2\/product_tag?post=34890"}],"curies":[{"name":"wp","href":"https:\/\/api.w.org\/{rel}","templated":true}]}}