{"id":34888,"date":"2026-03-18T15:31:47","date_gmt":"2026-03-18T15:31:47","guid":{"rendered":"https:\/\/soydeaqui.ddns.net\/pachuca\/index.php\/producto\/boton-multiproposito-salida-de-emergencia-girar-para-reset-espanol-cubierta-de-policarbonato-2-relevadores-no-nc-interior-exterior\/"},"modified":"2026-03-18T15:31:48","modified_gmt":"2026-03-18T15:31:48","slug":"boton-multiproposito-salida-de-emergencia-girar-para-reset-espanol-cubierta-de-policarbonato-2-relevadores-no-nc-interior-exterior","status":"publish","type":"product","link":"https:\/\/soydeaqui.ddns.net\/pachuca\/index.php\/producto\/boton-multiproposito-salida-de-emergencia-girar-para-reset-espanol-cubierta-de-policarbonato-2-relevadores-no-nc-interior-exterior\/","title":{"rendered":"Bot\u00f3n Multiprop\u00f3sito, Salida De Emergencia, Girar Para Reset, Espa\u00f1ol, Cubierta De Policarbonato, 2 Relevadores NO\/NC, Interior\/Exterior"},"content":{"rendered":"<div style='width: 100%; max-width: 1200px; margin: 0 auto; font-family: sans-serif; line-height: 1.6; color: inherit; background-color: transparent;'> <!-- T\u00edtulos de producto --> <\/p>\n<div style='text-align: center; margin-bottom: 30px;'>\n<h2 style='font-size: 22px; color: inherit; opacity: 0.8; margin: 0 0 10px 0;'>Botones Multiproposito con Relevadores<\/h2>\n<h3 style='font-size: 18px; color: inherit; opacity: 0.7; margin: 0;'>Serie Stopper\u00ae Station<\/h3>\n<\/p><\/div>\n<p> <!-- Descripci\u00f3n general --> <\/p>\n<div style='margin-bottom: 30px;'>\n<p style='font-size: 15px; color: inherit; margin-bottom: 15px; text-align: justify;'> Estos interruptores de bot\u00f3n pulsador multiusos son <strong>ADA compatibles<\/strong> y cubren una amplia gama de aplicaciones tanto en interiores como en exteriores. Se llaman <strong>Stopper Stations o estaciones de parada<\/strong>. Incorporan un exclusivo dise\u00f1o patentado que ayuda dram\u00e1ticamente a evitar la activaci\u00f3n accidental. Un n\u00famero de modelos est\u00e1ndar est\u00e1n disponibles o podemos crear unidades personalizadas para satisfacer sus necesidades. Usted tiene la elecci\u00f3n de cualquiera de los cinco colores universales del exterior&comma; varios estilos de bot\u00f3n&comma; as\u00ed como textos e idiomas est\u00e1ndar o personalizados. <\/p>\n<p style='font-size: 15px; color: inherit; margin-bottom: 15px; text-align: justify;'> Debido a su dise\u00f1o patentado superior&comma; combinado con la calidad de construcci\u00f3n integral&comma; usted puede esperar un rendimiento excepcional para los a\u00f1os venideros. De hecho&comma; muchos clientes de STI se sorprenden al encontrar que toda esta calidad est\u00e1 disponible sin aumento de precio. Adem\u00e1s&comma; los clientes aprecian la opci\u00f3n para proteger los interruptores con las tapas protectoras de STI que llevan tres a\u00f1os de garant\u00eda contra la rotura en condiciones normales de uso&comma; un a\u00f1o en componentes electromec\u00e1nicos y electr\u00f3nicos. Para aplicaciones de interior&comma; usted podr\u00e1 pedir su Stopper Station con una tapa de pre-alarma para ayudar a evitar la activaci\u00f3n accidental o maliciosa. <\/p>\n<\/p><\/div>\n<p> <!-- Caracter\u00edsticas generales --> <\/p>\n<div style='display: flex; flex-wrap: wrap; gap: 30px; margin-bottom: 30px;'>\n<div style='flex: 1 1 300px; min-width: 280px;'>\n<h3 style='font-size: 20px; border-bottom: 2px solid currentColor; padding-bottom: 5px; margin-top: 0; color: inherit; opacity: 0.8;'>Caracter\u00edsticas Generales Serie Stopper\u00ae Station<\/h3>\n<ul style='padding-left: 20px; font-size: 15px; color: inherit; list-style-type: disc;'>\n<li style='margin-bottom: 5px;'>Ayudan a prevenir activaciones accidentales gracias a su dise\u00f1o curvo y tapa protectora de policarbonato.<\/li>\n<li style='margin-bottom: 5px;'><strong>Listados UL\/cUL&comma; Cumplimiento ADA&comma; CE<\/strong>.<\/li>\n<li style='margin-bottom: 5px;'>Botones multiproposito con relevadores <strong>NO\/NC tipo C<\/strong> para activaciones.<\/li>\n<li style='margin-bottom: 5px;'>Disponibles en seis diferentes colores&comma; textos personalizables y cualquier idioma.<\/li>\n<li style='margin-bottom: 5px;'>Iluminaci\u00f3n con LED opcional para indicar la activaci\u00f3n.<\/li>\n<li style='margin-bottom: 5px;'>Diferentes modos de restablecimiento como: Momentaneo&comma; Girar para Restablecer&comma; Llave para Restablecer.<\/li>\n<li style='margin-bottom: 5px;'>Con o sin cubierta de policarbonato.<\/li>\n<li style='margin-bottom: 5px;'>Tres a\u00f1os de garant\u00eda contra rotura del policarbonato en uso normal. Un a\u00f1o en los componentes electr\u00f3nicos y electromec\u00e1nicos.<\/li>\n<li style='margin-bottom: 5px;'>Carcasa de policarbonato super resistente.<\/li>\n<li style='margin-bottom: 5px;'>Placa posterior de acero inoxidable.<\/li>\n<li style='margin-bottom: 5px;'>Propiedades de trabajo t\u00edpicas del policarbonato son de -40 a 121\u00baC.<\/li>\n<li style='margin-bottom: 5px;'>El policarbonato cumple con las normas de la <strong>FDA<\/strong> para aplicaciones en contacto con alimentos.<\/li>\n<\/ul><\/div>\n<\/p><\/div>\n<p> <!-- Caracter\u00edsticas espec\u00edficas --> <\/p>\n<div style='display: flex; flex-wrap: wrap; gap: 30px; margin-bottom: 30px;'>\n<div style='flex: 1 1 300px; min-width: 280px;'>\n<h3 style='font-size: 20px; border-bottom: 2px solid currentColor; padding-bottom: 5px; margin-top: 0; color: inherit; opacity: 0.8;'>Caracter\u00edsticas del Bot\u00f3n<\/h3>\n<ul style='padding-left: 20px; font-size: 15px; color: inherit; list-style-type: disc;'>\n<li style='margin-bottom: 5px;'><strong>Serie:<\/strong> SS2xy1<\/li>\n<li style='margin-bottom: 5px;'><strong>Color:<\/strong> Verde<\/li>\n<li style='margin-bottom: 5px;'><strong>Frase de texto:<\/strong> SALIDA DE EMERGENCIA<\/li>\n<li style='margin-bottom: 5px;'><strong>Cubierta protectora:<\/strong> Policarbonato para interior\/exterior<\/li>\n<li style='margin-bottom: 5px;'><strong>Bocina de advertencia integrada:<\/strong> No<\/li>\n<li style='margin-bottom: 5px;'><strong>Funcionamiento de bot\u00f3n:<\/strong> Girar para restablecer<\/li>\n<li style='margin-bottom: 5px;'><strong>Idioma:<\/strong> Espa\u00f1ol<\/li>\n<\/ul><\/div>\n<\/p><\/div>\n<p> <!-- Separador final --> <\/p>\n<hr style='border: 0; border-top: 1px solid rgba(150&comma; 150&comma; 150&comma; 0.3); margin: 30px 0;'> <\/div>\n","protected":false},"excerpt":{"rendered":"<p>Bot\u00f3n Multiprop\u00f3sito, Salida De Emergencia, Girar Para Reset, Espa\u00f1ol, Cubierta De Policarbonato, 2 Relevadores NO\/NC, Interior\/Exterior<\/p>\n","protected":false},"featured_media":34887,"comment_status":"open","ping_status":"closed","template":"","meta":[],"product_brand":[],"product_cat":[448],"product_tag":[449,169,225],"class_list":{"0":"post-34888","1":"product","2":"type-product","3":"status-publish","4":"has-post-thumbnail","6":"product_cat-todo-accesorios-y-dispositivos-direccionables","7":"product_tag-accesorios-y-dispositivos-direccionables","8":"product_tag-sti","9":"product_tag-todo","11":"first","12":"outofstock","13":"sale","14":"shipping-taxable","15":"purchasable","16":"product-type-simple"},"_links":{"self":[{"href":"https:\/\/soydeaqui.ddns.net\/pachuca\/index.php\/wp-json\/wp\/v2\/product\/34888","targetHints":{"allow":["GET"]}}],"collection":[{"href":"https:\/\/soydeaqui.ddns.net\/pachuca\/index.php\/wp-json\/wp\/v2\/product"}],"about":[{"href":"https:\/\/soydeaqui.ddns.net\/pachuca\/index.php\/wp-json\/wp\/v2\/types\/product"}],"replies":[{"embeddable":true,"href":"https:\/\/soydeaqui.ddns.net\/pachuca\/index.php\/wp-json\/wp\/v2\/comments?post=34888"}],"wp:featuredmedia":[{"embeddable":true,"href":"https:\/\/soydeaqui.ddns.net\/pachuca\/index.php\/wp-json\/wp\/v2\/media\/34887"}],"wp:attachment":[{"href":"https:\/\/soydeaqui.ddns.net\/pachuca\/index.php\/wp-json\/wp\/v2\/media?parent=34888"}],"wp:term":[{"taxonomy":"product_brand","embeddable":true,"href":"https:\/\/soydeaqui.ddns.net\/pachuca\/index.php\/wp-json\/wp\/v2\/product_brand?post=34888"},{"taxonomy":"product_cat","embeddable":true,"href":"https:\/\/soydeaqui.ddns.net\/pachuca\/index.php\/wp-json\/wp\/v2\/product_cat?post=34888"},{"taxonomy":"product_tag","embeddable":true,"href":"https:\/\/soydeaqui.ddns.net\/pachuca\/index.php\/wp-json\/wp\/v2\/product_tag?post=34888"}],"curies":[{"name":"wp","href":"https:\/\/api.w.org\/{rel}","templated":true}]}}