{"id":34876,"date":"2026-03-18T15:31:31","date_gmt":"2026-03-18T15:31:31","guid":{"rendered":"https:\/\/soydeaqui.ddns.net\/pachuca\/index.php\/producto\/kit-de-cable-y-chapa-para-puerta-de-enlace-hon-cgw-mbb-incluye-cable-nup-de-30-pulgadas-chapa-y-juego-de-llaves\/"},"modified":"2026-03-18T15:31:34","modified_gmt":"2026-03-18T15:31:34","slug":"kit-de-cable-y-chapa-para-puerta-de-enlace-hon-cgw-mbb-incluye-cable-nup-de-30-pulgadas-chapa-y-juego-de-llaves","status":"publish","type":"product","link":"https:\/\/soydeaqui.ddns.net\/pachuca\/index.php\/producto\/kit-de-cable-y-chapa-para-puerta-de-enlace-hon-cgw-mbb-incluye-cable-nup-de-30-pulgadas-chapa-y-juego-de-llaves\/","title":{"rendered":"Kit de Cable y Chapa para Puerta de Enlace HON-CGW-MBB, Incluye Cable NUP de 30 Pulgadas, Chapa y Juego de Llaves"},"content":{"rendered":"<div style='width: 100%; max-width: 1200px; margin: 0 auto; font-family: sans-serif; line-height: 1.6; color: inherit; background-color: transparent;'> <!-- Secci\u00f3n de compatibilidad --> <\/p>\n<div style='display: flex; flex-wrap: wrap; gap: 30px; margin-bottom: 30px;'>\n<div style='flex: 1 1 300px; min-width: 280px;'>\n<h3 style='font-size: 22px; border-bottom: 2px solid currentColor; padding-bottom: 5px; margin-top: 0; color: inherit; opacity: 0.8;'>Compatibilidad<\/h3>\n<ul style='padding-left: 20px; font-size: 15px; color: inherit;'>\n<li style='margin-bottom: 5px;'>Compatible con: HON-CGW-MBB<\/li>\n<\/ul><\/div>\n<\/p><\/div>\n<p> <!-- Secci\u00f3n de caracter\u00edsticas --> <\/p>\n<div style='display: flex; flex-wrap: wrap; gap: 30px; margin-bottom: 30px;'>\n<div style='flex: 1 1 300px; min-width: 280px;'>\n<h3 style='font-size: 22px; border-bottom: 2px solid currentColor; padding-bottom: 5px; margin-top: 0; color: inherit; opacity: 0.8;'>Caracter\u00edsticas Principales<\/h3>\n<ul style='padding-left: 20px; font-size: 15px; color: inherit;'>\n<li style='margin-bottom: 5px;'>Se conecta directamente al panel o red de paneles de control contra incendios Honeywell FACP<\/li>\n<li style='margin-bottom: 5px;'>Opciones de conexi\u00f3n: panel independiente o en red<\/li>\n<li style='margin-bottom: 5px;'>F\u00e1cil conexi\u00f3n entre el gateway y la aplicaci\u00f3n m\u00f3vil CLSS CheckPoint<\/li>\n<li style='margin-bottom: 5px;'>Conexi\u00f3n inal\u00e1mbrica o por cable desde el gateway a la nube CLSS<\/li>\n<li style='margin-bottom: 5px;'>Sincronizaci\u00f3n m\u00f3vil BlueTooth\u00ae para configuraci\u00f3n y control del gateway<\/li>\n<li style='margin-bottom: 5px;'>El panel al que se conecta el gateway act\u00faa como el panel maestro<\/li>\n<li style='margin-bottom: 5px;'>Dise\u00f1ado para uso port\u00e1til o permanente en aplicaciones instaladas<\/li>\n<\/ul><\/div>\n<\/p><\/div>\n<p> <!-- Secci\u00f3n de especificaciones t\u00e9cnicas --> <\/p>\n<div style='display: flex; flex-wrap: wrap; gap: 20px; margin-bottom: 30px;'>\n<div style='flex: 1 1 250px; border: 1px solid rgba(150&comma; 150&comma; 150&comma; 0.4); border-radius: 8px; overflow: hidden; display: flex; flex-direction: column;'>\n<div style='padding: 15px; border-bottom: 1px solid rgba(150&comma; 150&comma; 150&comma; 0.2); font-weight: bold; font-size: 18px; color: inherit;'>Alimentaci\u00f3n<\/div>\n<div style='padding: 15px; color: inherit;'>\n<ul style='padding-left: 20px; margin: 0; font-size: 14px; list-style-type: disc;'>\n<li style='margin-bottom: 5px;'><strong>Rango de voltaje:<\/strong> 12V a 32V CC<\/li>\n<li style='margin-bottom: 5px;'><strong>Fuente:<\/strong> Panel de control de alarma contra incendios (FACP) o fuente de alimentaci\u00f3n externa<\/li>\n<li style='margin-bottom: 5px;'><strong>Consumo t\u00edpico:<\/strong> 0.1A a 24V (con conexi\u00f3n inal\u00e1mbrica)<\/li>\n<li style='margin-bottom: 5px;'><strong>Carga m\u00e1xima:<\/strong> 0.25A a 24V<\/li>\n<\/ul><\/div>\n<\/p><\/div>\n<div style='flex: 1 1 250px; border: 1px solid rgba(150&comma; 150&comma; 150&comma; 0.4); border-radius: 8px; overflow: hidden; display: flex; flex-direction: column;'>\n<div style='padding: 15px; border-bottom: 1px solid rgba(150&comma; 150&comma; 150&comma; 0.2); font-weight: bold; font-size: 18px; color: inherit;'>Especificaciones F\u00edsicas<\/div>\n<div style='padding: 15px; color: inherit;'>\n<ul style='padding-left: 20px; margin: 0; font-size: 14px; list-style-type: disc;'>\n<li style='margin-bottom: 5px;'><strong>Dimensiones:<\/strong> 26.03 cm x 20.32 cm x 9.53 cm (10.25&#8242; x 8&#8242; x 3.75&#8242;)<\/li>\n<li style='margin-bottom: 5px;'><strong>Peso:<\/strong> 0.73 kg (1.6 lb)<\/li>\n<\/ul><\/div>\n<\/p><\/div>\n<div style='flex: 1 1 250px; border: 1px solid rgba(150&comma; 150&comma; 150&comma; 0.4); border-radius: 8px; overflow: hidden; display: flex; flex-direction: column;'>\n<div style='padding: 15px; border-bottom: 1px solid rgba(150&comma; 150&comma; 150&comma; 0.2); font-weight: bold; font-size: 18px; color: inherit;'>Ambiente<\/div>\n<div style='padding: 15px; color: inherit;'>\n<ul style='padding-left: 20px; margin: 0; font-size: 14px; list-style-type: disc;'>\n<li style='margin-bottom: 5px;'><strong>Temperatura:<\/strong> -10\u00b0C a 60\u00b0C (14\u00b0F a 140\u00b0F)<\/li>\n<li style='margin-bottom: 5px;'><strong>Humedad:<\/strong> 1% &#8211; 94% (sin condensaci\u00f3n)<\/li>\n<\/ul><\/div>\n<\/p><\/div>\n<div style='flex: 1 1 250px; border: 1px solid rgba(150&comma; 150&comma; 150&comma; 0.4); border-radius: 8px; overflow: hidden; display: flex; flex-direction: column;'>\n<div style='padding: 15px; border-bottom: 1px solid rgba(150&comma; 150&comma; 150&comma; 0.2); font-weight: bold; font-size: 18px; color: inherit;'>Transmisi\u00f3n Inal\u00e1mbrica<\/div>\n<div style='padding: 15px; color: inherit;'>\n<ul style='padding-left: 20px; margin: 0; font-size: 14px; list-style-type: disc;'>\n<li style='margin-bottom: 5px;'><strong>Temperatura ambiente:<\/strong> 25\u00b0C (77\u00b0F)<\/li>\n<li style='margin-bottom: 5px;'><strong>Potencia de salida:<\/strong> Puerto de antena de RF<\/li>\n<\/ul><\/div>\n<\/p><\/div>\n<div style='flex: 1 1 250px; border: 1px solid rgba(150&comma; 150&comma; 150&comma; 0.4); border-radius: 8px; overflow: hidden; display: flex; flex-direction: column;'>\n<div style='padding: 15px; border-bottom: 1px solid rgba(150&comma; 150&comma; 150&comma; 0.2); font-weight: bold; font-size: 18px; color: inherit;'>Conformidad<\/div>\n<div style='padding: 15px; color: inherit;'>\n<ul style='padding-left: 20px; margin: 0; font-size: 14px; list-style-type: disc;'>\n<li style='margin-bottom: 5px;'>FCC ID: PV3CGWMBB &#8211; WEEE Directive 2012\/19\/EU<\/li>\n<li style='margin-bottom: 5px;'>Intertek ID: 104270338NYM-001<\/li>\n<li style='margin-bottom: 5px;'>EFSG [BRE&comma; AFNOR\/CNPP&comma; y VdS]<\/li>\n<li style='margin-bottom: 5px;'>Certificaci\u00f3n CE conforme a:<\/li>\n<ul style='padding-left: 25px; margin: 0; list-style-type: circle;'>\n<li style='margin-bottom: 5px;'>Incert<\/li>\n<li style='margin-bottom: 5px;'>EMC Directive 2014\/30\/EU<\/li>\n<li style='margin-bottom: 5px;'>SBSC<\/li>\n<li style='margin-bottom: 5px;'>Low Voltage Directive (LVD) 2014\/35\/EU<\/li>\n<li style='margin-bottom: 5px;'>EMEA<\/li>\n<li style='margin-bottom: 5px;'>Radio Equipment Directive 2014\/53\/EU<\/li>\n<li style='margin-bottom: 5px;'>EAC<\/li>\n<li style='margin-bottom: 5px;'>RoHS Directive 2011\/65\/EU<\/li>\n<\/ul>\n<\/ul><\/div>\n<\/p><\/div>\n<div style='flex: 1 1 250px; border: 1px solid rgba(150&comma; 150&comma; 150&comma; 0.4); border-radius: 8px; overflow: hidden; display: flex; flex-direction: column;'>\n<div style='padding: 15px; border-bottom: 1px solid rgba(150&comma; 150&comma; 150&comma; 0.2); font-weight: bold; font-size: 18px; color: inherit;'>Especificaciones de Energ\u00eda Inal\u00e1mbrica<\/div>\n<div style='padding: 15px; color: inherit;'>\n<ul style='padding-left: 20px; margin: 0; font-size: 14px; list-style-type: disc;'>\n<li style='margin-bottom: 5px;'><strong>2.4 GHz:<\/strong> 17.5 dBM \u00b12.0 (11b CCK&comma; 1-11 Mbps)<\/li>\n<li style='margin-bottom: 5px;'><strong>2.4 GHz:<\/strong> 15 dBM \u00b12.0 (11g OFDM 6-54 Mbps)<\/li>\n<li style='margin-bottom: 5px;'><strong>5 GHz:<\/strong> 15 dBM \u00b12.0 (11a OFDM 6-54 Mbps)<\/li>\n<li style='margin-bottom: 5px;'><strong>5 GHz:<\/strong> 14 dBM \u00b12.0 (11ac OFDM MCS 0-8&comma; 80 MHz)<\/li>\n<\/ul><\/div>\n<\/p><\/div>\n<\/p><\/div>\n<p> <!-- Secci\u00f3n de informaci\u00f3n adicional --> <\/p>\n<div style='display: flex; flex-wrap: wrap; gap: 30px; margin-bottom: 30px;'>\n<div style='flex: 1 1 300px; min-width: 280px;'>\n<h3 style='font-size: 22px; border-bottom: 2px solid currentColor; padding-bottom: 5px; margin-top: 0; color: inherit; opacity: 0.8;'>Informaci\u00f3n Adicional<\/h3>\n<ul style='padding-left: 20px; font-size: 15px; color: inherit;'>\n<li style='margin-bottom: 5px;'><strong>Pa\u00eds de origen:<\/strong> China<\/li>\n<li style='margin-bottom: 5px;'><strong>Notas:<\/strong> No deben instalarse dispositivos de radio adyacentes que funcionen en las mismas frecuencias<\/li>\n<\/ul><\/div>\n<\/p><\/div>\n<p> <!-- Separador --> <\/p>\n<hr style='border: 0; border-top: 1px solid rgba(150&comma; 150&comma; 150&comma; 0.3); margin: 30px 0;'> <\/div>\n","protected":false},"excerpt":{"rendered":"<p>Kit de Cable y Chapa para Puerta de Enlace HON-CGW-MBB, Incluye Cable NUP de 30 Pulgadas, Chapa y Juego de Llaves<\/p>\n","protected":false},"featured_media":34875,"comment_status":"open","ping_status":"closed","template":"","meta":[],"product_brand":[],"product_cat":[448],"product_tag":[449,1032,225],"class_list":{"0":"post-34876","1":"product","2":"type-product","3":"status-publish","4":"has-post-thumbnail","6":"product_cat-todo-accesorios-y-dispositivos-direccionables","7":"product_tag-accesorios-y-dispositivos-direccionables","8":"product_tag-notifier","9":"product_tag-todo","11":"first","12":"instock","13":"sale","14":"shipping-taxable","15":"purchasable","16":"product-type-simple"},"_links":{"self":[{"href":"https:\/\/soydeaqui.ddns.net\/pachuca\/index.php\/wp-json\/wp\/v2\/product\/34876","targetHints":{"allow":["GET"]}}],"collection":[{"href":"https:\/\/soydeaqui.ddns.net\/pachuca\/index.php\/wp-json\/wp\/v2\/product"}],"about":[{"href":"https:\/\/soydeaqui.ddns.net\/pachuca\/index.php\/wp-json\/wp\/v2\/types\/product"}],"replies":[{"embeddable":true,"href":"https:\/\/soydeaqui.ddns.net\/pachuca\/index.php\/wp-json\/wp\/v2\/comments?post=34876"}],"wp:featuredmedia":[{"embeddable":true,"href":"https:\/\/soydeaqui.ddns.net\/pachuca\/index.php\/wp-json\/wp\/v2\/media\/34875"}],"wp:attachment":[{"href":"https:\/\/soydeaqui.ddns.net\/pachuca\/index.php\/wp-json\/wp\/v2\/media?parent=34876"}],"wp:term":[{"taxonomy":"product_brand","embeddable":true,"href":"https:\/\/soydeaqui.ddns.net\/pachuca\/index.php\/wp-json\/wp\/v2\/product_brand?post=34876"},{"taxonomy":"product_cat","embeddable":true,"href":"https:\/\/soydeaqui.ddns.net\/pachuca\/index.php\/wp-json\/wp\/v2\/product_cat?post=34876"},{"taxonomy":"product_tag","embeddable":true,"href":"https:\/\/soydeaqui.ddns.net\/pachuca\/index.php\/wp-json\/wp\/v2\/product_tag?post=34876"}],"curies":[{"name":"wp","href":"https:\/\/api.w.org\/{rel}","templated":true}]}}