{"id":34862,"date":"2026-03-18T15:31:11","date_gmt":"2026-03-18T15:31:11","guid":{"rendered":"https:\/\/soydeaqui.ddns.net\/pachuca\/index.php\/producto\/kit-de-unidad-principal-fijo-para-probar-detectores-puntuales-de-humo-de-dificil-acceso-se-usa-con-el-controlador-portatil-scorp7000\/"},"modified":"2026-03-18T15:31:12","modified_gmt":"2026-03-18T15:31:12","slug":"kit-de-unidad-principal-fijo-para-probar-detectores-puntuales-de-humo-de-dificil-acceso-se-usa-con-el-controlador-portatil-scorp7000","status":"publish","type":"product","link":"https:\/\/soydeaqui.ddns.net\/pachuca\/index.php\/producto\/kit-de-unidad-principal-fijo-para-probar-detectores-puntuales-de-humo-de-dificil-acceso-se-usa-con-el-controlador-portatil-scorp7000\/","title":{"rendered":"Kit de unidad principal fijo para probar detectores puntuales de humo de dif\u00edcil acceso, se usa con el Controlador Portatil SCORP7000"},"content":{"rendered":"<div style='width: 100%; max-width: 1200px; margin: 0 auto; font-family: sans-serif; line-height: 1.6; color: inherit; background-color: transparent;'> <!-- T\u00edtulos principales --> <\/p>\n<div style='text-align: center; margin-bottom: 30px;'>\n<h1 style='font-size: 24px; margin: 5px 0; color: inherit;'>Scorpion es la mejor soluci\u00f3n para probar<\/h1>\n<h1 style='font-size: 24px; margin: 5px 0; color: inherit;'>detectores puntuales de humo de dif\u00edcil acceso<\/h1>\n<\/p><\/div>\n<p> <!-- Descripci\u00f3n principal --> <\/p>\n<div style='margin-bottom: 30px;'>\n<p style='font-size: 15px; color: inherit; text-align: justify;'> Scorpion es la soluci\u00f3n para edificios con detectores de dif\u00edcil acceso. Adecuado para detectores tipo puntual y para sistemas de detecci\u00f3n de humo por aspiraci\u00f3n (ASD). Scorpion garantiza que todos los detectores de humo puedan probarse independientemente de su ubicaci\u00f3n. La unidad principal Scorpion se instala de forma permanente junto a un detector puntual o a un orificio de muestreo en una tuber\u00eda de detecci\u00f3n de humo por aspiraci\u00f3n (ASD). El generador de humo est\u00e1 conectado a un punto de acceso SCORP25 montado en un lugar conveniente y de f\u00e1cil acceso. Luego&comma; la prueba funcional del detector se logra de manera f\u00e1cil y segura&comma; conectando un controlador port\u00e1til SCORP7000 al punto de acceso. Alternativamente&comma; se pueden conectar hasta 8 unidades principales a un panel de control montado en la pared SCORP8000. Scorpion puede adaptarse a un sistema existente o instalarse con nuevos sistemas. El tiempo y el esfuerzo necesarios para instalar Scorpion en un sistema existente se absorben r\u00e1pidamente por el tiempo y el esfuerzo necesarios para probar el sistema sin Scorpion. <\/p>\n<\/p><\/div>\n<p> <!-- Caracter\u00edsticas principales --> <\/p>\n<div style='display: flex; flex-wrap: wrap; gap: 20px; margin-bottom: 30px;'>\n<div style='flex: 1 1 300px; min-width: 280px;'>\n<h3 style='font-size: 20px; border-bottom: 2px solid currentColor; padding-bottom: 5px; margin-top: 0; color: inherit; opacity: 0.8;'>Caracter\u00edsticas principales<\/h3>\n<ul style='padding-left: 20px; font-size: 15px; color: inherit;'>\n<li style='margin-bottom: 8px;'><span style='font-size: 14px;'>Prueba f\u00e1cilmente detectores puntuales de dif\u00edcil acceso.<\/span><\/li>\n<li style='margin-bottom: 8px;'><span style='font-size: 14px;'>Ideal para probar detectores en huecos de ascensores&comma; techos abiertos&comma; habitaciones seguras y atrios altos.<\/span><\/li>\n<li style='margin-bottom: 8px;'><span style='font-size: 14px;'>Ahorro de costos&comma; no se necesitan equipos de acceso adicionales ni personal externo.<\/span><\/li>\n<li style='margin-bottom: 8px;'><span style='font-size: 14px;'>Ahorro de tiempo&comma; menos tiempo dedicado a organizar y realizar pruebas.<\/span><\/li>\n<li style='margin-bottom: 8px;'><span style='font-size: 14px;'>Cumplimiento&comma; garantiza que todos los detectores se puedan probar seg\u00fan lo exijan las normas.<\/span><\/li>\n<li style='margin-bottom: 8px;'><span style='font-size: 14px;'>Se conecta al controlador port\u00e1til SCORP7000<\/span><\/li>\n<li style='margin-bottom: 8px;'><span style='font-size: 14px;'>F\u00e1cil de usar&comma; almacenar y transportar<\/span><\/li>\n<\/ul><\/div>\n<p> <!-- Razones de necesidad --> <\/p>\n<div style='flex: 1 1 300px; min-width: 280px;'>\n<h3 style='font-size: 20px; border-bottom: 2px solid currentColor; padding-bottom: 5px; margin-top: 0; color: inherit; opacity: 0.8;'>\u00bfAlgunas razones porque son necesarios?<\/h3>\n<ul style='padding-left: 20px; font-size: 14px; color: inherit;'>\n<li style='margin-bottom: 8px;'>Garantiza la prueba de funcionamiento del 100% de los detectores seg\u00fan requieren las normas.<\/li>\n<li style='margin-bottom: 8px;'>Puede probar los detectores en \u00e1reas sensibles o inaccesibles.<\/li>\n<li style='margin-bottom: 8px;'>No se necesitan equipos de acceso adicionales ni personal subcontratado.<\/li>\n<li style='margin-bottom: 8px;'>Reduce el riesgo de ca\u00eddas o accidentes de los ingenieros.<\/li>\n<li style='margin-bottom: 8px;'>Reduce el tiempo de prueba evitando visitas fuera de horario con acceso directo a los detectores<\/li>\n<\/ul><\/div>\n<\/p><\/div>\n<p> <!-- Aplicaciones --> <\/p>\n<div style='margin-bottom: 30px;'>\n<h3 style='font-size: 20px; border-bottom: 2px solid currentColor; padding-bottom: 5px; margin-top: 0; margin-bottom: 15px; color: inherit; opacity: 0.8;'>Ideal para \u00e1reas p\u00fablicas 24\/7&comma; \u00e1reas con accesos restringidos&comma; o \u00e1reas con operaciones continuas<\/h3>\n<div style='display: flex; flex-wrap: wrap; gap: 10px 20px;'>\n<ul style='flex: 1 1 200px; font-size: 14px; color: inherit; padding-left: 20px;'>\n<li style='margin-bottom: 5px;'>\u00c1reas p\u00fablicas 24\/7<\/li>\n<li style='margin-bottom: 5px;'>Hospitales<\/li>\n<li style='margin-bottom: 5px;'>Hoteles<\/li>\n<li style='margin-bottom: 5px;'>Asilos<\/li>\n<li style='margin-bottom: 5px;'>Universidades<\/li>\n<li style='margin-bottom: 5px;'>Penales<\/li>\n<\/ul>\n<ul style='flex: 1 1 200px; font-size: 14px; color: inherit; padding-left: 20px;'>\n<li style='margin-bottom: 5px;'>Aeropuertos<\/li>\n<li style='margin-bottom: 5px;'>Bases militares<\/li>\n<li style='margin-bottom: 5px;'>Bancos<\/li>\n<li style='margin-bottom: 5px;'>Centrales el\u00e9ctricas<\/li>\n<li style='margin-bottom: 5px;'>Plantas manufactureras<\/li>\n<li style='margin-bottom: 5px;'>Almacenes<\/li>\n<li style='margin-bottom: 5px;'>Call centres<\/li>\n<li style='margin-bottom: 5px;'>etc.<\/li>\n<\/ul><\/div>\n<\/p><\/div>\n<p> <!-- Im\u00e1genes --> <\/p>\n<div style='display: flex; flex-wrap: wrap; gap: 20px; justify-content: center; margin-bottom: 30px;'>\n<div style='flex: 1 1 100%; max-width: 701px;'> <img style='width: 100%; height: auto; border: 1px solid rgba(150&comma;150&comma;150&comma;0.3); border-radius: 8px;' src='https:\/\/ftp3.syscom.mx\/usuarios\/fotos\/SCORP1001\/210687-captura_de_pantalla_2022-08-05_a_la(s)_16.40.54.png' alt=''> <\/div>\n<div style='flex: 1 1 100%; max-width: 598px;'> <img style='width: 100%; height: auto; border: 1px solid rgba(150&comma;150&comma;150&comma;0.3); border-radius: 8px;' src='https:\/\/ftp3.syscom.mx\/usuarios\/fotos\/SCORP1001\/210687-captura_de_pantalla_2022-08-05_a_la(s)_17.10.46.png' alt=''> <\/div>\n<div style='flex: 1 1 100%; max-width: 528px;'> <img style='width: 100%; height: auto; border: 1px solid rgba(150&comma;150&comma;150&comma;0.3); border-radius: 8px;' src='https:\/\/ftp3.syscom.mx\/usuarios\/fotos\/SCORP1001\/210687-captura_de_pantalla_2022-08-12_a_la(s)_15.53.53.png' alt=''> <\/div>\n<\/p><\/div>\n<p> <!-- Video --> <\/p>\n<div style='margin-bottom: 30px;'>\n<div style='position: relative; padding-bottom: 56.25%; height: 0; overflow: hidden; margin-bottom: 30px;'>   <\/div>\n<\/p><\/div>\n<p> <!-- T\u00edtulo final --> <\/p>\n<div style='text-align: center; margin-bottom: 30px;'>\n<h2 style='font-size: 20px; margin: 5px 0; color: inherit;'>SIN EXCUSAS PARA PROBAR DETECTORES DE HUMO<\/h2>\n<h2 style='font-size: 20px; margin: 5px 0; color: inherit;'>CON DIFICIL ACCESO<\/h2>\n<\/p><\/div>\n<\/p><\/div>\n","protected":false},"excerpt":{"rendered":"<p>Kit de unidad principal fijo para probar detectores puntuales de humo de dif\u00edcil acceso, se usa con el Controlador Portatil SCORP7000<\/p>\n","protected":false},"featured_media":34861,"comment_status":"open","ping_status":"closed","template":"","meta":[],"product_brand":[],"product_cat":[977],"product_tag":[978,979,403],"class_list":{"0":"post-34862","1":"product","2":"type-product","3":"status-publish","4":"has-post-thumbnail","6":"product_cat-detectores-por-aspiracion","7":"product_tag-aplicaciones-especiales","8":"product_tag-detectores-por-aspiracion","9":"product_tag-sdi","11":"first","12":"outofstock","13":"sale","14":"shipping-taxable","15":"purchasable","16":"product-type-simple"},"_links":{"self":[{"href":"https:\/\/soydeaqui.ddns.net\/pachuca\/index.php\/wp-json\/wp\/v2\/product\/34862","targetHints":{"allow":["GET"]}}],"collection":[{"href":"https:\/\/soydeaqui.ddns.net\/pachuca\/index.php\/wp-json\/wp\/v2\/product"}],"about":[{"href":"https:\/\/soydeaqui.ddns.net\/pachuca\/index.php\/wp-json\/wp\/v2\/types\/product"}],"replies":[{"embeddable":true,"href":"https:\/\/soydeaqui.ddns.net\/pachuca\/index.php\/wp-json\/wp\/v2\/comments?post=34862"}],"wp:featuredmedia":[{"embeddable":true,"href":"https:\/\/soydeaqui.ddns.net\/pachuca\/index.php\/wp-json\/wp\/v2\/media\/34861"}],"wp:attachment":[{"href":"https:\/\/soydeaqui.ddns.net\/pachuca\/index.php\/wp-json\/wp\/v2\/media?parent=34862"}],"wp:term":[{"taxonomy":"product_brand","embeddable":true,"href":"https:\/\/soydeaqui.ddns.net\/pachuca\/index.php\/wp-json\/wp\/v2\/product_brand?post=34862"},{"taxonomy":"product_cat","embeddable":true,"href":"https:\/\/soydeaqui.ddns.net\/pachuca\/index.php\/wp-json\/wp\/v2\/product_cat?post=34862"},{"taxonomy":"product_tag","embeddable":true,"href":"https:\/\/soydeaqui.ddns.net\/pachuca\/index.php\/wp-json\/wp\/v2\/product_tag?post=34862"}],"curies":[{"name":"wp","href":"https:\/\/api.w.org\/{rel}","templated":true}]}}