{"id":34856,"date":"2026-03-18T15:31:05","date_gmt":"2026-03-18T15:31:05","guid":{"rendered":"https:\/\/soydeaqui.ddns.net\/pachuca\/index.php\/producto\/kit-de-unidad-principal-fijo-para-probar-sistemas-por-aspiracion-de-humo-asd-de-dificil-acceso-se-usa-con-el-controlador-portatil-scorp7000\/"},"modified":"2026-03-18T15:31:06","modified_gmt":"2026-03-18T15:31:06","slug":"kit-de-unidad-principal-fijo-para-probar-sistemas-por-aspiracion-de-humo-asd-de-dificil-acceso-se-usa-con-el-controlador-portatil-scorp7000","status":"publish","type":"product","link":"https:\/\/soydeaqui.ddns.net\/pachuca\/index.php\/producto\/kit-de-unidad-principal-fijo-para-probar-sistemas-por-aspiracion-de-humo-asd-de-dificil-acceso-se-usa-con-el-controlador-portatil-scorp7000\/","title":{"rendered":"Kit de unidad principal fijo para probar sistemas por aspiraci\u00f3n de humo (ASD) de dif\u00edcil acceso, se usa con el Controlador Portatil SCORP7000"},"content":{"rendered":"<div style='width: 100%; max-width: 1200px; margin: 0 auto; font-family: sans-serif; line-height: 1.6; color: inherit; background-color: transparent;'>\n<div style='margin-bottom: 30px; text-align: center;'>\n<h1 style='font-size: 24px; color: inherit; margin: 0 0 20px; background-color: transparent;'>Scorpion es la mejor soluci\u00f3n para probar detectores de humo en instalaciones de dif\u00edcil acceso<\/h1>\n<h4 style='font-size: 16px; color: inherit; margin: 0; background-color: transparent;'>Scorpion permite hacer la prueba de detectores de humo en huecos de ascensores&comma; grandes almacenes&comma; centros comerciales&comma; aeropuertos&comma; \u00e1reas de operaciones continuas como la industria manufacturera&comma; \u00e1reas con accesos restringidos&comma; etc. facilitando que la prueba sea r\u00e1pida&comma; precisa&comma; eficiente y reduciendo los costos por prueba de detectores de humo de dif\u00edcil acceso. Ya sea en un detector puntual o un sistema de detecci\u00f3n de humo por aspiraci\u00f3n por tuber\u00eda (ASD).<\/h4>\n<\/p><\/div>\n<div style='margin-bottom: 30px; font-size: 15px;'>\n<p style='margin: 0 0 15px; background-color: transparent;'>La unidad principal Scorpion es un generador de humo que se instala de forma permanente junto a un detector y&comma; en la prueba&comma; genera humo para una prueba funcional del dispositivo.<\/p>\n<p style='margin: 0 0 15px; background-color: transparent;'>El sistema Scorpion tiene un temporizador de transporte incorporado para ayudar a evaluar la integridad continua del sistema ASD desde el final de la tuber\u00eda hasta el detector mismo. Se utiliza una funci\u00f3n de limpieza para eliminar el humo de los detectores puntuales y reducir la posibilidad de que se repitan las alarmas&comma; lo que aumenta la productividad en el sitio.<\/p>\n<p style='margin: 0 0 15px; background-color: transparent;'>Scorpion puede adaptarse a sistemas existentes o instalarse con sistemas nuevos. Cada unidad principal tiene una capacidad de prueba de m\u00e1s de 240 pruebas de 15 segundos de humo cada una. Se pueden conectar hasta 8 cabezales Scorpion a un solo panel de control montado en la pared&comma; o para menos detectores en m\u00faltiples ubicaciones usando puntos de acceso junto con el controlador del ingeniero.<\/p>\n<\/p><\/div>\n<div style='margin-bottom: 30px; font-size: 15px; background-color: transparent;'>\n<h3 style='font-size: 20px; border-bottom: 2px solid currentColor; padding-bottom: 5px; margin-top: 0; margin-bottom: 15px; color: inherit; opacity: 0.8;'>Caracter\u00edsticas Generales<\/h3>\n<p style='margin: 0 0 15px; background-color: transparent;'>Kit de cabezal principal para sistema de tuber\u00eda por aspiraci\u00f3n ASD (<strong>Se usa con el controlador de pared SCORP7000<\/strong>)<\/p>\n<\/p><\/div>\n<div style='margin-bottom: 30px; font-size: 15px; background-color: transparent;'>\n<h3 style='font-size: 20px; border-bottom: 2px solid currentColor; padding-bottom: 5px; margin-top: 0; margin-bottom: 15px; color: inherit; opacity: 0.8;'>Razones de necesidad<\/h3>\n<ul style='padding-left: 20px; margin: 0 0 20px; background-color: transparent;'>\n<li style='margin-bottom: 8px; background-color: transparent;'><strong>Garantiza la prueba de funcionamiento del 100% de los detectores<\/strong> seg\u00fan requieren las normas.<\/li>\n<li style='margin-bottom: 8px; background-color: transparent;'>Puede probar los detectores en <strong>\u00e1reas sensibles o inaccesibles<\/strong>.<\/li>\n<li style='margin-bottom: 8px; background-color: transparent;'><strong>No se necesitan equipos de acceso adicionales<\/strong> ni personal subcontratado.<\/li>\n<li style='margin-bottom: 8px; background-color: transparent;'><strong>Reduce el riesgo de ca\u00eddas o accidentes<\/strong> de los ingenieros.<\/li>\n<li style='margin-bottom: 8px; background-color: transparent;'><strong>Reduce el tiempo de prueba<\/strong> evitando visitas fuera de horario con acceso director a los detectores.<\/li>\n<\/ul><\/div>\n<div style='margin-bottom: 30px; font-size: 15px; background-color: transparent;'>\n<h3 style='font-size: 20px; border-bottom: 2px solid currentColor; padding-bottom: 5px; margin-top: 0; margin-bottom: 15px; color: inherit; opacity: 0.8;'>Aplicaciones ideales<\/h3>\n<p style='margin: 0 0 15px; background-color: transparent;'><strong>Ideal para \u00e1reas p\u00fablicas 24\/7&comma; \u00e1reas con accesos restringidos&comma; o \u00e1reas con operaciones continuas<\/strong><\/p>\n<ul style='padding-left: 20px; margin: 0; background-color: transparent;'>\n<li style='margin-bottom: 8px; background-color: transparent;'>\u00c1reas p\u00fablicas 24\/7<\/li>\n<li style='margin-bottom: 8px; background-color: transparent;'>Hospitales<\/li>\n<li style='margin-bottom: 8px; background-color: transparent;'>Hoteles<\/li>\n<li style='margin-bottom: 8px; background-color: transparent;'>Asilos<\/li>\n<li style='margin-bottom: 8px; background-color: transparent;'>Universidades<\/li>\n<li style='margin-bottom: 8px; background-color: transparent;'>Penales<\/li>\n<li style='margin-bottom: 8px; background-color: transparent;'>Aeropuertos<\/li>\n<li style='margin-bottom: 8px; background-color: transparent;'>Bases militares<\/li>\n<li style='margin-bottom: 8px; background-color: transparent;'>Bancos<\/li>\n<li style='margin-bottom: 8px; background-color: transparent;'>Centrales el\u00e9ctricas<\/li>\n<li style='margin-bottom: 8px; background-color: transparent;'>Plantas manufactureras<\/li>\n<li style='margin-bottom: 8px; background-color: transparent;'>Almacenes<\/li>\n<li style='margin-bottom: 8px; background-color: transparent;'>Call centres<\/li>\n<li style='margin-bottom: 8px; background-color: transparent;'>Etc.<\/li>\n<\/ul><\/div>\n<div style='margin-bottom: 30px; text-align: center;'> <img style='width: 100%; height: auto; border: 1px solid rgba(150&comma;150&comma;150&comma;0.3); border-radius: 8px;' src='https:\/\/ftp3.syscom.mx\/usuarios\/fotos\/SCORP1001\/210687-captura_de_pantalla_2022-08-05_a_la(s)_16.40.54.png' alt=''> <\/div>\n<div style='margin-bottom: 30px; text-align: center;'> <img style='width: 100%; height: auto; border: 1px solid rgba(150&comma;150&comma;150&comma;0.3); border-radius: 8px;' src='https:\/\/ftp3.syscom.mx\/usuarios\/fotos\/SCORP1001\/210687-captura_de_pantalla_2022-08-05_a_la(s)_17.10.46.png' alt=''> <\/div>\n<div style='margin-bottom: 30px; text-align: center;'>\n<h2 style='font-size: 20px; margin: 0 0 15px; background-color: transparent; color: inherit;'>SIN EXCUSAS PARA PROBAR DETECTORES DE HUMO<\/h2>\n<h2 style='font-size: 20px; margin: 0 0 20px; background-color: transparent; color: inherit;'>CON DIFICIL ACCESO<\/h2>\n<div style='position: relative; padding-bottom: 56.25%; height: 0; overflow: hidden; margin-bottom: 30px;'>   <\/div>\n<\/p><\/div>\n<\/p><\/div>\n","protected":false},"excerpt":{"rendered":"<p>Kit de unidad principal fijo para probar sistemas por aspiraci\u00f3n de humo (ASD) de dif\u00edcil acceso, se usa con el Controlador Portatil SCORP7000<\/p>\n","protected":false},"featured_media":34855,"comment_status":"open","ping_status":"closed","template":"","meta":[],"product_brand":[],"product_cat":[977],"product_tag":[978,979,403],"class_list":{"0":"post-34856","1":"product","2":"type-product","3":"status-publish","4":"has-post-thumbnail","6":"product_cat-detectores-por-aspiracion","7":"product_tag-aplicaciones-especiales","8":"product_tag-detectores-por-aspiracion","9":"product_tag-sdi","11":"first","12":"outofstock","13":"sale","14":"shipping-taxable","15":"purchasable","16":"product-type-simple"},"_links":{"self":[{"href":"https:\/\/soydeaqui.ddns.net\/pachuca\/index.php\/wp-json\/wp\/v2\/product\/34856","targetHints":{"allow":["GET"]}}],"collection":[{"href":"https:\/\/soydeaqui.ddns.net\/pachuca\/index.php\/wp-json\/wp\/v2\/product"}],"about":[{"href":"https:\/\/soydeaqui.ddns.net\/pachuca\/index.php\/wp-json\/wp\/v2\/types\/product"}],"replies":[{"embeddable":true,"href":"https:\/\/soydeaqui.ddns.net\/pachuca\/index.php\/wp-json\/wp\/v2\/comments?post=34856"}],"wp:featuredmedia":[{"embeddable":true,"href":"https:\/\/soydeaqui.ddns.net\/pachuca\/index.php\/wp-json\/wp\/v2\/media\/34855"}],"wp:attachment":[{"href":"https:\/\/soydeaqui.ddns.net\/pachuca\/index.php\/wp-json\/wp\/v2\/media?parent=34856"}],"wp:term":[{"taxonomy":"product_brand","embeddable":true,"href":"https:\/\/soydeaqui.ddns.net\/pachuca\/index.php\/wp-json\/wp\/v2\/product_brand?post=34856"},{"taxonomy":"product_cat","embeddable":true,"href":"https:\/\/soydeaqui.ddns.net\/pachuca\/index.php\/wp-json\/wp\/v2\/product_cat?post=34856"},{"taxonomy":"product_tag","embeddable":true,"href":"https:\/\/soydeaqui.ddns.net\/pachuca\/index.php\/wp-json\/wp\/v2\/product_tag?post=34856"}],"curies":[{"name":"wp","href":"https:\/\/api.w.org\/{rel}","templated":true}]}}