{"id":34851,"date":"2026-03-18T15:30:57","date_gmt":"2026-03-18T15:30:57","guid":{"rendered":"https:\/\/soydeaqui.ddns.net\/pachuca\/index.php\/producto\/kit-de-unidad-principal-fijo-para-probar-detectores-puntuales-de-humo-de-dificil-acceso-se-usa-con-el-controlador-de-pared-scorp8000\/"},"modified":"2026-03-18T15:30:59","modified_gmt":"2026-03-18T15:30:59","slug":"kit-de-unidad-principal-fijo-para-probar-detectores-puntuales-de-humo-de-dificil-acceso-se-usa-con-el-controlador-de-pared-scorp8000","status":"publish","type":"product","link":"https:\/\/soydeaqui.ddns.net\/pachuca\/index.php\/producto\/kit-de-unidad-principal-fijo-para-probar-detectores-puntuales-de-humo-de-dificil-acceso-se-usa-con-el-controlador-de-pared-scorp8000\/","title":{"rendered":"Kit de unidad principal fijo para probar detectores puntuales de humo de dif\u00edcil acceso, se usa con el Controlador de Pared SCORP8000"},"content":{"rendered":"<div style='width: 100%; max-width: 1200px; margin: 0 auto; font-family: sans-serif; line-height: 1.6; color: inherit; background-color: transparent;'>\n<div style='display: flex; flex-direction: column; gap: 30px;'> <!-- Secci\u00f3n de descripci\u00f3n principal --> <\/p>\n<div style='text-align: center;'>\n<h1 style='margin: 0; font-size: 24px; color: inherit;'>Scorpion es la mejor soluci\u00f3n para probar<\/h1>\n<h1 style='margin: 0; font-size: 24px; color: inherit;'>detectores puntuales de humo de dif\u00edcil acceso<\/h1>\n<\/p><\/div>\n<p> <!-- Secci\u00f3n de descripci\u00f3n detallada --> <\/p>\n<div style='display: flex; flex-direction: column; gap: 15px;'>\n<p style='margin: 0; font-size: 15px; color: inherit; text-align: justify;'> Scorpion es la soluci\u00f3n para edificios con detectores de dif\u00edcil acceso. Adecuado para detectores tipo puntual y para sistemas de detecci\u00f3n de humo por aspiraci\u00f3n (ASD). Scorpion garantiza que todos los detectores de humo puedan probarse independientemente de su ubicaci\u00f3n. La unidad principal Scorpion se instala de forma permanente junto a un detector puntual o a un orificio de muestreo en una tuber\u00eda de detecci\u00f3n de humo por aspiraci\u00f3n (ASD). El generador de humo est\u00e1 conectado a un punto de acceso SCORP25 montado en un lugar conveniente y de f\u00e1cil acceso. Luego&comma; la prueba funcional del detector se logra de manera f\u00e1cil y segura&comma; conectando un controlador port\u00e1til SCORP7000 al punto de acceso. Alternativamente&comma; se pueden conectar hasta 8 unidades principales a un panel de control montado en la pared SCORP8000. Scorpion puede adaptarse a un sistema existente o instalarse con nuevos sistemas. El tiempo y el esfuerzo necesarios para instalar Scorpion en un sistema existente se absorben r\u00e1pidamente por el tiempo y el esfuerzo necesarios para probar el sistema sin Scorpion. <\/p>\n<\/p><\/div>\n<p> <!-- Secci\u00f3n de caracter\u00edsticas --> <\/p>\n<div style='display: flex; flex-direction: column; gap: 15px;'>\n<h3 style='font-size: 20px; border-bottom: 2px solid currentColor; padding-bottom: 5px; margin-top: 0; color: inherit; opacity: 0.8;'>Caracter\u00edsticas<\/h3>\n<ul style='padding-left: 20px; font-size: 15px; color: inherit; list-style-type: disc; margin: 0;'>\n<li style='margin-bottom: 8px;'>Prueba facilmente detectores puntuales de dif\u00edcil acceso.<\/li>\n<li style='margin-bottom: 8px;'>Ideal para probar detectores en huecos de ascensores&comma; techos abiertos&comma; habitaciones seguras y atrios altos.<\/li>\n<li style='margin-bottom: 8px;'>Ahorro de costos&comma; no se necesitan equipos de acceso adicionales ni personal externo.<\/li>\n<li style='margin-bottom: 8px;'>Ahorro de tiempo&comma; menos tiempo dedicado a organizar y realizar pruebas.<\/li>\n<li style='margin-bottom: 8px;'>Cumplimiento&comma; garantiza que todos los detectores se puedan probar seg\u00fan lo exijan las normas.<\/li>\n<li style='margin-bottom: 8px;'>Se conecta al controlador de pared SCOR8000<\/li>\n<li style='margin-bottom: 8px;'>F\u00e1cil de usar&comma; almacenar y transportar<\/li>\n<\/ul><\/div>\n<p> <!-- Secci\u00f3n de razones de necesidad --> <\/p>\n<div style='display: flex; flex-direction: column; gap: 15px;'>\n<h3 style='font-size: 20px; border-bottom: 2px solid currentColor; padding-bottom: 5px; margin-top: 0; color: inherit; opacity: 0.8;'>\u00bfAlgunas razones porque son necesarios?<\/h3>\n<ul style='padding-left: 20px; font-size: 15px; color: inherit; list-style-type: circle; margin: 0;'>\n<li style='margin-bottom: 8px; text-align: justify;'>Garantiza la prueba de funcionamiento del 100% de los detectores seg\u00fan requieren las normas.<\/li>\n<li style='margin-bottom: 8px; text-align: justify;'>Puede probar los detectores en \u00e1reas sensibles o inaccesibles.<\/li>\n<li style='margin-bottom: 8px; text-align: justify;'>No se necesitan equipos de acceso adicionales ni personal subcontratado.<\/li>\n<li style='margin-bottom: 8px; text-align: justify;'>Reduce el riesgo de ca\u00eddas o accidentes de los ingenieros.<\/li>\n<li style='margin-bottom: 8px; text-align: justify;'>Reduce el tiempo de prueba evitando visitas fuera de horario con acceso directo a los detectores<\/li>\n<\/ul><\/div>\n<p> <!-- Secci\u00f3n de aplicaciones --> <\/p>\n<div style='display: flex; flex-direction: column; gap: 15px;'>\n<h3 style='font-size: 20px; border-bottom: 2px solid currentColor; padding-bottom: 5px; margin-top: 0; color: inherit; opacity: 0.8;'>Ideal para \u00e1reas p\u00fablicas 24\/7&comma; \u00e1reas con accesos restringidos&comma; o \u00e1reas con operaciones continuas<\/h3>\n<ul style='padding-left: 20px; font-size: 15px; color: inherit; list-style-type: square; margin: 0;'>\n<li style='margin-bottom: 8px; text-align: justify;'>\u00c1reas p\u00fablicas 24\/7<\/li>\n<li style='margin-bottom: 8px; text-align: justify;'>Hospitales<\/li>\n<li style='margin-bottom: 8px; text-align: justify;'>Hoteles<\/li>\n<li style='margin-bottom: 8px; text-align: justify;'>Asilos<\/li>\n<li style='margin-bottom: 8px; text-align: justify;'>Universidades<\/li>\n<li style='margin-bottom: 8px; text-align: justify;'>Penales<\/li>\n<li style='margin-bottom: 8px; text-align: justify;'>Aeropuertos<\/li>\n<li style='margin-bottom: 8px; text-align: justify;'>Bases militares<\/li>\n<li style='margin-bottom: 8px; text-align: justify;'>Bancos<\/li>\n<li style='margin-bottom: 8px; text-align: justify;'>Centrales el\u00e9ctricas<\/li>\n<li style='margin-bottom: 8px;'>Plantas manufactureras<\/li>\n<li style='margin-bottom: 8px;'>Almacenes<\/li>\n<li style='margin-bottom: 8px;'>Call centres<\/li>\n<li style='margin-bottom: 8px;'>etc.<\/li>\n<\/ul><\/div>\n<p> <!-- Secci\u00f3n de im\u00e1genes --> <\/p>\n<div style='display: flex; flex-wrap: wrap; gap: 20px; justify-content: center;'>\n<div style='flex: 1 1 300px; min-width: 280px;'> <img style='width: 100%; height: auto; border: 1px solid rgba(150&comma;150&comma;150&comma;0.3); border-radius: 8px;' src='https:\/\/ftp3.syscom.mx\/usuarios\/fotos\/SCORP1001\/210687-captura_de_pantalla_2022-08-05_a_la(s)_16.40.54.png' alt=''> <\/div>\n<div style='flex: 1 1 300px; min-width: 280px;'> <img style='width: 100%; height: auto; border: 1px solid rgba(150&comma;150&comma;150&comma;0.3); border-radius: 8px;' src='https:\/\/ftp3.syscom.mx\/usuarios\/fotos\/SCORP1001\/210687-captura_de_pantalla_2022-08-05_a_la(s)_17.10.46.png' alt=''> <\/div>\n<div style='flex: 1 1 300px; min-width: 280px;'> <img style='width: 100%; height: auto; border: 1px solid rgba(150&comma;150&comma;150&comma;0.3); border-radius: 8px;' src='https:\/\/ftp3.syscom.mx\/usuarios\/fotos\/SCORP1001\/210687-captura_de_pantalla_2022-08-12_a_la(s)_15.53.53.png' alt=''> <\/div>\n<div style='flex: 1 1 300px; min-width: 280px;'> <img style='width: 100%; height: auto; border: 1px solid rgba(150&comma;150&comma;150&comma;0.3); border-radius: 8px;' src='https:\/\/www.detectortesters.com\/wp-content\/uploads\/2016\/10\/scorpion-hero.png' alt='scorpion-hero'> <\/div>\n<\/p><\/div>\n<p> <!-- Secci\u00f3n de video --> <\/p>\n<div style='display: flex; justify-content: center; margin: 30px 0;'>\n<div style='position: relative; padding-bottom: 56.25%; height: 0; overflow: hidden; width: 100%; max-width: 640px;'>   <\/div>\n<\/p><\/div>\n<p> <!-- T\u00edtulos finales --> <\/p>\n<div style='text-align: center;'>\n<h2 style='margin: 0; font-size: 20px; color: inherit;'>SIN EXCUSAS PARA PROBAR DETECTORES DE HUMO<\/h2>\n<h2 style='margin: 0; font-size: 20px; color: inherit;'>CON DIFICIL ACCESO<\/h2>\n<\/p><\/div>\n<\/p><\/div>\n<\/p><\/div>\n","protected":false},"excerpt":{"rendered":"<p>Kit de unidad principal fijo para probar detectores puntuales de humo de dif\u00edcil acceso, se usa con el Controlador de Pared SCORP8000<\/p>\n","protected":false},"featured_media":34850,"comment_status":"open","ping_status":"closed","template":"","meta":[],"product_brand":[],"product_cat":[448],"product_tag":[449,403,225],"class_list":{"0":"post-34851","1":"product","2":"type-product","3":"status-publish","4":"has-post-thumbnail","6":"product_cat-todo-accesorios-y-dispositivos-direccionables","7":"product_tag-accesorios-y-dispositivos-direccionables","8":"product_tag-sdi","9":"product_tag-todo","11":"first","12":"outofstock","13":"sale","14":"shipping-taxable","15":"purchasable","16":"product-type-simple"},"_links":{"self":[{"href":"https:\/\/soydeaqui.ddns.net\/pachuca\/index.php\/wp-json\/wp\/v2\/product\/34851","targetHints":{"allow":["GET"]}}],"collection":[{"href":"https:\/\/soydeaqui.ddns.net\/pachuca\/index.php\/wp-json\/wp\/v2\/product"}],"about":[{"href":"https:\/\/soydeaqui.ddns.net\/pachuca\/index.php\/wp-json\/wp\/v2\/types\/product"}],"replies":[{"embeddable":true,"href":"https:\/\/soydeaqui.ddns.net\/pachuca\/index.php\/wp-json\/wp\/v2\/comments?post=34851"}],"wp:featuredmedia":[{"embeddable":true,"href":"https:\/\/soydeaqui.ddns.net\/pachuca\/index.php\/wp-json\/wp\/v2\/media\/34850"}],"wp:attachment":[{"href":"https:\/\/soydeaqui.ddns.net\/pachuca\/index.php\/wp-json\/wp\/v2\/media?parent=34851"}],"wp:term":[{"taxonomy":"product_brand","embeddable":true,"href":"https:\/\/soydeaqui.ddns.net\/pachuca\/index.php\/wp-json\/wp\/v2\/product_brand?post=34851"},{"taxonomy":"product_cat","embeddable":true,"href":"https:\/\/soydeaqui.ddns.net\/pachuca\/index.php\/wp-json\/wp\/v2\/product_cat?post=34851"},{"taxonomy":"product_tag","embeddable":true,"href":"https:\/\/soydeaqui.ddns.net\/pachuca\/index.php\/wp-json\/wp\/v2\/product_tag?post=34851"}],"curies":[{"name":"wp","href":"https:\/\/api.w.org\/{rel}","templated":true}]}}