{"id":3485,"date":"2026-03-18T06:08:36","date_gmt":"2026-03-18T06:08:36","guid":{"rendered":"https:\/\/soydeaqui.ddns.net\/pachuca\/index.php\/producto\/kit-de-alarma-inalambrico-incluye-1-hub-1-sensor-pir-1-contacto-magnetico-y-1-smart-boton-configuracion-y-visualizacion-por-app-movil-ezviz-protocolo-zigbee\/"},"modified":"2026-03-18T06:08:36","modified_gmt":"2026-03-18T06:08:36","slug":"kit-de-alarma-inalambrico-incluye-1-hub-1-sensor-pir-1-contacto-magnetico-y-1-smart-boton-configuracion-y-visualizacion-por-app-movil-ezviz-protocolo-zigbee","status":"publish","type":"product","link":"https:\/\/soydeaqui.ddns.net\/pachuca\/index.php\/producto\/kit-de-alarma-inalambrico-incluye-1-hub-1-sensor-pir-1-contacto-magnetico-y-1-smart-boton-configuracion-y-visualizacion-por-app-movil-ezviz-protocolo-zigbee\/","title":{"rendered":"Kit de Alarma Inalambrico \/ Incluye: 1 Hub, 1 Sensor PIR, 1 Contacto Magn\u00e9tico y 1 Smart Boton \/ Configuraci\u00f3n y Visualizaci\u00f3n por App M\u00f3vil EZVIZ \/ Protocolo Zigbee"},"content":{"rendered":"<div style='width: 100%; max-width: 1200px; margin: 0 auto; font-family: sans-serif; line-height: 1.6; color: inherit; background-color: transparent;'> <!-- Imagen principal --> <\/p>\n<div style='margin-bottom: 20px;'> <a href='#link' target='_blank' rel='noopener' style='text-decoration: none; color: inherit;'> <img style='width: 100%; height: auto; border: 1px solid rgba(150&comma;150&comma;150&comma;0.3); border-radius: 8px;' src='https:\/\/ftp3.syscom.mx\/usuarios\/rcovarrubias\/EZVIZ\/Manual%20esp-ing\/CS-B1\/banner-sensores.jpg' alt=''> <\/a> <\/div>\n<p> <!-- Contenido principal --> <\/p>\n<div style='display: flex; flex-wrap: wrap; gap: 30px; margin-bottom: 30px;'> <!-- Secci\u00f3n 1 --> <\/p>\n<div style='flex: 1 1 300px; min-width: 280px;'>\n<div style='border-left: 5px solid #42BB1A; border-radius: 5px; padding: 15px; box-shadow: 2px 2px 10px rgba(150&comma;150&comma;150&comma;0.2); background-color: rgba(66&comma; 187&comma; 26&comma; 0.05);'>\n<p style='font-weight: bold; margin-top: 0; margin-bottom: 15px; color: inherit;'>Kit de sensores de alarma&comma; incluye:<\/p>\n<p style='margin: 8px 0;'>1 HUB <a href='https:\/\/www.syscom.mx\/producto\/CS-A3-EZVIZ-202830.html' style='color: #42BB1A; text-decoration: none; font-weight: bold;'>CS-A3<\/a> Compatible con la cerradura <a href='https:\/\/www.syscom.mx\/producto\/CS-L2S-EZVIZ-209379.html' style='color: #42BB1A; text-decoration: none; font-weight: bold;'>CS-L2S<\/a><\/p>\n<p style='margin: 8px 0;'>1 Sensor PIR <a href='https:\/\/www.syscom.mx\/producto\/CS-T1C-EZVIZ-204364.html' style='color: #42BB1A; text-decoration: none; font-weight: bold;'>CS-T1C<\/a><\/p>\n<p style='margin: 8px 0;'>1 Contacto Magn\u00e9tico <a href='https:\/\/www.syscom.mx\/producto\/CST2C-EZVIZ-204358.html' style='color: #42BB1A; text-decoration: none; font-weight: bold;'>CST2C<\/a><\/p>\n<p style='margin: 8px 0;'>1 Bot\u00f3n inteligente <a href='https:\/\/www.syscom.mx\/producto\/CST3C-EZVIZ-204362.html' style='color: #42BB1A; text-decoration: none; font-weight: bold;'>CS-T3C<\/a><\/p>\n<h3 style='font-size: 20px; border-bottom: 2px solid currentColor; padding-bottom: 5px; margin-top: 20px; margin-bottom: 15px; color: inherit; opacity: 0.8;'>Caracter\u00edsticas principales:<\/h3>\n<ul style='padding-left: 20px; font-size: 15px; color: inherit;'>\n<li style='margin-bottom: 8px;'>Soporta hasta 32 dispositivos (sensores)<\/li>\n<li style='margin-bottom: 8px;'>HUB A3 conexi\u00f3n a Wifi o por cable<\/li>\n<li style='margin-bottom: 8px;'>F\u00e1cil configuraci\u00f3n mediante EZVIZ app<\/li>\n<li style='margin-bottom: 8px;'>Dise\u00f1o compacto<\/li>\n<li style='margin-bottom: 8px;'>Se puede integrar c\u00e1mara EZVIZ a los sensores T1C&comma; T2C y T3C para v\u00ednculos de video<\/li>\n<li style='margin-bottom: 8px;'>Alertas de eventos en tiempo real<\/li>\n<\/ul><\/div>\n<\/p><\/div>\n<p> <!-- Secci\u00f3n 2 --> <\/p>\n<div style='flex: 1 1 300px; min-width: 280px;'>\n<div style='border-left: 5px solid #42BB1A; border-radius: 5px; padding: 15px; box-shadow: 2px 2px 10px rgba(150&comma;150&comma;150&comma;0.2); background-color: rgba(66&comma; 187&comma; 26&comma; 0.05);'>\n<h3 style='font-size: 20px; border-bottom: 2px solid currentColor; padding-bottom: 5px; margin-top: 0; margin-bottom: 15px; color: inherit; opacity: 0.8;'>Caracter\u00edsticas F\u00edsicas y El\u00e9ctricas:<\/h3>\n<ul style='padding-left: 20px; font-size: 15px; color: inherit;'>\n<li style='margin-bottom: 8px;'>Alimentaci\u00f3n: 5V 3W max<\/li>\n<li style='margin-bottom: 8px;'>Temperatura de operaci\u00f3n: -10 a 55\u00b0C<\/li>\n<li style='margin-bottom: 8px;'>Dimensiones: 70 x 25 mm<\/li>\n<li style='margin-bottom: 8px;'>Peso: 55.9gr<\/li>\n<\/ul>\n<h3 style='font-size: 20px; margin-top: 20px; margin-bottom: 15px; color: inherit; opacity: 0.8;'>Notas:<\/h3>\n<ul style='padding-left: 20px; font-size: 15px; color: inherit;'>\n<li style='margin-bottom: 8px; color: #f44336;'>Configuraci\u00f3n \u00fanicamente mediante aplicaci\u00f3n EZVIZ<\/li>\n<\/ul><\/div>\n<\/p><\/div>\n<\/p><\/div>\n<p> <!-- Separador --> <\/p>\n<hr style='border: 0; border-top: 1px solid rgba(150&comma; 150&comma; 150&comma; 0.3); margin: 30px 0;'> <!-- Productos individuales --> <\/p>\n<div style='display: flex; flex-wrap: wrap; gap: 20px; justify-content: center; margin-bottom: 30px;'> <!-- Producto CS-A3 --> <\/p>\n<div style='flex: 1 1 200px; max-width: 24%;'>\n<div style='background: #eeeeee; border: 1px solid rgba(150&comma;150&comma;150&comma;0.3); border-radius: 8px; overflow: hidden; box-shadow: 2px 2px 10px rgba(150&comma;150&comma;150&comma;0.2); display: flex; flex-direction: column; height: 100%;'> <img style='width: 100%; height: auto; border: 1px solid rgba(150&comma;150&comma;150&comma;0.3);' src='https:\/\/ftp3.syscom.mx\/usuarios\/rcovarrubias\/EZVIZ\/Manual%20esp-ing\/A3%20KIT%20ALARMA\/KIT%20CS-B1\/IP\/a3.png?ver=20220901' alt='CS-A3'> <\/p>\n<div style='padding: 15px; border-bottom: 1px solid rgba(150&comma;150&comma;150&comma;0.2); font-weight: bold; font-size: 18px; color: inherit; text-align: center;'>CS-A3<\/div>\n<div style='padding: 15px; color: inherit; flex-grow: 1; display: flex; flex-direction: column; justify-content: space-between;'>\n<div style='margin-bottom: 15px; font-size: 14px; text-align: center;'> <a href='https:\/\/www.syscom.mx\/producto\/ezviz-cs-a3-202830.html' style='background: #5a9fff; padding: 8px 15px; border-radius: 4px; color: white; text-decoration: none; display: inline-block; margin-top: 10px;'>Leer m\u00e1s<\/a> <\/div>\n<\/p><\/div>\n<\/p><\/div>\n<\/p><\/div>\n<p> <!-- Producto CS-T1C --> <\/p>\n<div style='flex: 1 1 200px; max-width: 24%;'>\n<div style='background: #eeeeee; border: 1px solid rgba(150&comma;150&comma;150&comma;0.3); border-radius: 8px; overflow: hidden; box-shadow: 2px 2px 10px rgba(150&comma;150&comma;150&comma;0.2); display: flex; flex-direction: column; height: 100%;'> <img style='width: 100%; height: auto; border: 1px solid rgba(150&comma;150&comma;150&comma;0.3);' src='https:\/\/ftp3.syscom.mx\/usuarios\/rcovarrubias\/EZVIZ\/Manual%20esp-ing\/A3%20KIT%20ALARMA\/KIT%20CS-B1\/IP\/t1c.png?ver=20220901' alt='CS-T1C'> <\/p>\n<div style='padding: 15px; border-bottom: 1px solid rgba(150&comma;150&comma;150&comma;0.2); font-weight: bold; font-size: 18px; color: inherit; text-align: center;'>CS-T1C<\/div>\n<div style='padding: 15px; color: inherit; flex-grow: 1; display: flex; flex-direction: column; justify-content: space-between;'>\n<div style='margin-bottom: 15px; font-size: 14px; text-align: center;'> <a href='https:\/\/www.syscom.mx\/producto\/ezviz-cs-t1c-204364.html' style='background: #5a9fff; padding: 8px 15px; border-radius: 4px; color: white; text-decoration: none; display: inline-block; margin-top: 10px;'>Leer m\u00e1s<\/a> <\/div>\n<\/p><\/div>\n<\/p><\/div>\n<\/p><\/div>\n<p> <!-- Producto CS-T2C --> <\/p>\n<div style='flex: 1 1 200px; max-width: 24%;'>\n<div style='background: #eeeeee; border: 1px solid rgba(150&comma;150&comma;150&comma;0.3); border-radius: 8px; overflow: hidden; box-shadow: 2px 2px 10px rgba(150&comma;150&comma;150&comma;0.2); display: flex; flex-direction: column; height: 100%;'> <img style='width: 100%; height: auto; border: 1px solid rgba(150&comma;150&comma;150&comma;0.3);' src='https:\/\/ftp3.syscom.mx\/usuarios\/rcovarrubias\/EZVIZ\/Manual%20esp-ing\/A3%20KIT%20ALARMA\/KIT%20CS-B1\/IP\/t2c.png?ver=20220901' alt='CS-T2C'> <\/p>\n<div style='padding: 15px; border-bottom: 1px solid rgba(150&comma;150&comma;150&comma;0.2); font-weight: bold; font-size: 18px; color: inherit; text-align: center;'>CS-T2C<\/div>\n<div style='padding: 15px; color: inherit; flex-grow: 1; display: flex; flex-direction: column; justify-content: space-between;'>\n<div style='margin-bottom: 15px; font-size: 14px; text-align: center;'> <a href='https:\/\/www.syscom.mx\/producto\/ezviz-cst2c-204358.html' style='background: #5a9fff; padding: 8px 15px; border-radius: 4px; color: white; text-decoration: none; display: inline-block; margin-top: 10px;'>Leer m\u00e1s<\/a> <\/div>\n<\/p><\/div>\n<\/p><\/div>\n<\/p><\/div>\n<p> <!-- Producto CS-T3C --> <\/p>\n<div style='flex: 1 1 200px; max-width: 24%;'>\n<div style='background: #eeeeee; border: 1px solid rgba(150&comma;150&comma;150&comma;0.3); border-radius: 8px; overflow: hidden; box-shadow: 2px 2px 10px rgba(150&comma;150&comma;150&comma;0.2); display: flex; flex-direction: column; height: 100%;'> <img style='width: 100%; height: auto; border: 1px solid rgba(150&comma;150&comma;150&comma;0.3);' src='https:\/\/ftp3.syscom.mx\/usuarios\/rcovarrubias\/EZVIZ\/Manual%20esp-ing\/A3%20KIT%20ALARMA\/KIT%20CS-B1\/IP\/t3c.png?ver=20220901' alt='CS-T3C'> <\/p>\n<div style='padding: 15px; border-bottom: 1px solid rgba(150&comma;150&comma;150&comma;0.2); font-weight: bold; font-size: 18px; color: inherit; text-align: center;'>CS-T3C<\/div>\n<div style='padding: 15px; color: inherit; flex-grow: 1; display: flex; flex-direction: column; justify-content: space-between;'>\n<div style='margin-bottom: 15px; font-size: 14px; text-align: center;'> <a href='https:\/\/www.syscom.mx\/producto\/ezviz-cst3c-204362.html' style='background: #5a9fff; padding: 8px 15px; border-radius: 4px; color: white; text-decoration: none; display: inline-block; margin-top: 10px;'>Leer m\u00e1s<\/a> <\/div>\n<\/p><\/div>\n<\/p><\/div>\n<\/p><\/div>\n<\/p><\/div>\n<p> <!-- Im\u00e1genes adicionales --> <\/p>\n<div style='display: flex; flex-wrap: wrap; gap: 20px; margin-bottom: 30px;'>\n<div style='flex: 1 1 100%;'> <img style='width: 100%; height: auto; border: 1px solid rgba(150&comma;150&comma;150&comma;0.3); border-radius: 8px;' src='https:\/\/ftp3.syscom.mx\/usuarios\/rcovarrubias\/EZVIZ\/Manual%20esp-ing\/A3%20KIT%20ALARMA\/KIT%20CS-B1\/IP\/kitB1.png' alt=''> <\/div>\n<\/p><\/div>\n<div style='display: flex; flex-wrap: wrap; gap: 20px; margin-bottom: 30px;'>\n<div style='flex: 1 1 100%;'> <img style='width: 100%; height: auto; border: 1px solid rgba(150&comma;150&comma;150&comma;0.3); border-radius: 8px;' src='https:\/\/ftp3.syscom.mx\/usuarios\/rcovarrubias\/EZVIZ\/Manual%20esp-ing\/A3%20KIT%20ALARMA\/KIT%20CS-B1\/IP\/accesorios%20kitb1.png' alt=''> <\/div>\n<\/p><\/div>\n<div style='display: flex; flex-wrap: wrap; gap: 20px; margin-bottom: 30px;'>\n<div style='flex: 1 1 100%;'> <img style='width: 100%; height: auto; border: 1px solid rgba(150&comma;150&comma;150&comma;0.3); border-radius: 8px;' src='https:\/\/ftp3.syscom.mx\/usuarios\/rcovarrubias\/EZVIZ\/Manual%20esp-ing\/A3%20KIT%20ALARMA\/KIT%20CS-B1\/IP\/Pir%20entrada.png' alt=''> <\/div>\n<\/p><\/div>\n<p> <!-- Nota final --> <\/p>\n<div style='margin-top: 30px; padding: 15px; border-left: 5px solid #42BB1A; background-color: rgba(66&comma; 187&comma; 26&comma; 0.05);'>\n<p style='margin: 0; font-size: 14px; color: inherit;'>* Producto exclusivo para clientes de Seguridad Electr\u00f3nica.<\/p>\n<\/p><\/div>\n<\/p><\/div>\n","protected":false},"excerpt":{"rendered":"<p>Kit de Alarma Inalambrico \/ Incluye: 1 Hub, 1 Sensor PIR, 1 Contacto Magn\u00e9tico y 1 Smart Boton \/ Configuraci\u00f3n y Visualizaci\u00f3n por App M\u00f3vil EZVIZ \/ Protocolo Zigbee<\/p>\n","protected":false},"featured_media":3484,"comment_status":"open","ping_status":"closed","template":"","meta":[],"product_brand":[],"product_cat":[60],"product_tag":[111,61,62],"class_list":{"0":"post-3485","1":"product","2":"type-product","3":"status-publish","4":"has-post-thumbnail","6":"product_cat-todos","7":"product_tag-ezviz","8":"product_tag-paneles-de-alarma","9":"product_tag-todos","11":"first","12":"instock","13":"sale","14":"shipping-taxable","15":"purchasable","16":"product-type-simple"},"_links":{"self":[{"href":"https:\/\/soydeaqui.ddns.net\/pachuca\/index.php\/wp-json\/wp\/v2\/product\/3485","targetHints":{"allow":["GET"]}}],"collection":[{"href":"https:\/\/soydeaqui.ddns.net\/pachuca\/index.php\/wp-json\/wp\/v2\/product"}],"about":[{"href":"https:\/\/soydeaqui.ddns.net\/pachuca\/index.php\/wp-json\/wp\/v2\/types\/product"}],"replies":[{"embeddable":true,"href":"https:\/\/soydeaqui.ddns.net\/pachuca\/index.php\/wp-json\/wp\/v2\/comments?post=3485"}],"wp:featuredmedia":[{"embeddable":true,"href":"https:\/\/soydeaqui.ddns.net\/pachuca\/index.php\/wp-json\/wp\/v2\/media\/3484"}],"wp:attachment":[{"href":"https:\/\/soydeaqui.ddns.net\/pachuca\/index.php\/wp-json\/wp\/v2\/media?parent=3485"}],"wp:term":[{"taxonomy":"product_brand","embeddable":true,"href":"https:\/\/soydeaqui.ddns.net\/pachuca\/index.php\/wp-json\/wp\/v2\/product_brand?post=3485"},{"taxonomy":"product_cat","embeddable":true,"href":"https:\/\/soydeaqui.ddns.net\/pachuca\/index.php\/wp-json\/wp\/v2\/product_cat?post=3485"},{"taxonomy":"product_tag","embeddable":true,"href":"https:\/\/soydeaqui.ddns.net\/pachuca\/index.php\/wp-json\/wp\/v2\/product_tag?post=3485"}],"curies":[{"name":"wp","href":"https:\/\/api.w.org\/{rel}","templated":true}]}}