{"id":34849,"date":"2026-03-18T15:30:55","date_gmt":"2026-03-18T15:30:55","guid":{"rendered":"https:\/\/soydeaqui.ddns.net\/pachuca\/index.php\/producto\/cilindro-para-calibracion-de-hidrogeno-h2-air-balance-aire-concentracion-50-lel-capacidad-103-l-dimensiones-5-8-x-18-para-serie-xnx-xcd-s3k-gases-combustibles\/"},"modified":"2026-03-18T15:30:55","modified_gmt":"2026-03-18T15:30:55","slug":"cilindro-para-calibracion-de-hidrogeno-h2-air-balance-aire-concentracion-50-lel-capacidad-103-l-dimensiones-5-8-x-18-para-serie-xnx-xcd-s3k-gases-combustibles","status":"publish","type":"product","link":"https:\/\/soydeaqui.ddns.net\/pachuca\/index.php\/producto\/cilindro-para-calibracion-de-hidrogeno-h2-air-balance-aire-concentracion-50-lel-capacidad-103-l-dimensiones-5-8-x-18-para-serie-xnx-xcd-s3k-gases-combustibles\/","title":{"rendered":"Cilindro Para Calibraci\u00f3n De Hidrogeno H2\/Air, Balance Aire, Concentraci\u00f3n 50% LEL, Capacidad 103 L, Dimensiones 5\/8&#8243; x 18&#8243; Para Serie XNX\/XCD\/S3K Gases Combustibles"},"content":{"rendered":"<div style='width: 100%; max-width: 1200px; margin: 0 auto; font-family: sans-serif; line-height: 1.6; color: inherit; background-color: transparent;'>\n<div style='display: flex; flex-wrap: wrap; gap: 30px; margin-bottom: 30px;'>\n<div style='flex: 1 1 300px; min-width: 280px;'>\n<h3 style='font-size: 22px; border-bottom: 2px solid currentColor; padding-bottom: 5px; margin-top: 0; color: inherit; opacity: 0.8;'>Caracter\u00edsticas Principales<\/h3>\n<ul style='padding-left: 20px; font-size: 15px; color: inherit;'>\n<li style='margin-bottom: 5px;'>Concentraci\u00f3n de 50% LEL para calibraci\u00f3n precisa<\/li>\n<li style='margin-bottom: 5px;'>Capacidad de 103 litros para uso prolongado<\/li>\n<li style='margin-bottom: 5px;'>Dimensiones compactas: 5\/8&#8242; x 18&#8242;<\/li>\n<li style='margin-bottom: 5px;'>Compatible con serie XNX\/XCD\/S3K gases combustibles<\/li>\n<li style='margin-bottom: 5px;'>Balance de aire ideal para seguridad<\/li>\n<\/ul>\n<\/div>\n<div style='flex: 1 1 300px; min-width: 280px;'>\n<h3 style='font-size: 22px; border-bottom: 2px solid currentColor; padding-bottom: 5px; margin-top: 0; color: inherit; opacity: 0.8;'>Especificaciones T\u00e9cnicas<\/h3>\n<ul style='padding-left: 20px; font-size: 15px; color: inherit;'>\n<li style='margin-bottom: 5px;'><strong>Concentraci\u00f3n:<\/strong> 50% LEL<\/li>\n<li style='margin-bottom: 5px;'><strong>Capacidad:<\/strong> 103 litros<\/li>\n<li style='margin-bottom: 5px;'><strong>Dimensiones:<\/strong> 5\/8&#8242; x 18&#8242;<\/li>\n<li style='margin-bottom: 5px;'><strong>Compatibilidad:<\/strong> Serie XNX\/XCD\/S3K para gases combustibles<\/li>\n<li style='margin-bottom: 5px;'><strong>Composici\u00f3n:<\/strong> Hidr\u00f3geno (H2)\/Aire<\/li>\n<\/ul>\n<\/div>\n<\/div>\n<div style='display: flex; flex-wrap: wrap; gap: 20px; margin-bottom: 30px;'>\n<div style='flex: 1 1 250px; border: 1px solid rgba(150&comma; 150&comma; 150&comma; 0.4); border-radius: 8px; overflow: hidden; display: flex; flex-direction: column;'>\n<div style='padding: 15px; border-bottom: 1px solid rgba(150&comma; 150&comma; 150&comma; 0.2); font-weight: bold; font-size: 18px; color: inherit;'>Aplicaciones<\/div>\n<div style='padding: 15px; color: inherit;'>\n<ul style='padding-left: 20px; margin: 0; font-size: 14px; list-style-type: disc;'>\n<li style='margin-bottom: 5px;'>Plataformas de producci\u00f3n mar\u00edtimas de gas y petr\u00f3leo<\/li>\n<li style='margin-bottom: 5px;'>Terminales de petr\u00f3leo en tierra<\/li>\n<li style='margin-bottom: 5px;'>Refiner\u00edas<\/li>\n<li style='margin-bottom: 5px;'>Transmisi\u00f3n de gases<\/li>\n<li style='margin-bottom: 5px;'>Distribuci\u00f3n de gases<\/li>\n<\/ul>\n<\/div>\n<\/div>\n<div style='flex: 1 1 250px; border: 1px solid rgba(150&comma; 150&comma; 150&comma; 0.4); border-radius: 8px; overflow: hidden; display: flex; flex-direction: column;'>\n<div style='padding: 15px; border-bottom: 1px solid rgba(150&comma; 150&comma; 150&comma; 0.2); font-weight: bold; font-size: 18px; color: inherit;'>Compatibilidad<\/div>\n<div style='padding: 15px; color: inherit;'>\n<ul style='padding-left: 20px; margin: 0; font-size: 14px; list-style-type: disc;'>\n<li style='margin-bottom: 5px;'>Serie XNX<\/li>\n<li style='margin-bottom: 5px;'>Serie XCD<\/li>\n<li style='margin-bottom: 5px;'>Serie S3K<\/li>\n<\/ul>\n<\/div>\n<\/div>\n<div style='flex: 1 1 250px; border: 1px solid rgba(150&comma; 150&comma; 150&comma; 0.4); border-radius: 8px; overflow: hidden; display: flex; flex-direction: column;'>\n<div style='padding: 15px; border-bottom: 1px solid rgba(150&comma; 150&comma; 150&comma; 0.2); font-weight: bold; font-size: 18px; color: inherit;'>Caracter\u00edsticas de Dise\u00f1o<\/div>\n<div style='padding: 15px; color: inherit;'>\n<ul style='padding-left: 20px; margin: 0; font-size: 14px; list-style-type: disc;'>\n<li style='margin-bottom: 5px;'>Dise\u00f1o compacto para instalaci\u00f3n en espacios reducidos<\/li>\n<li style='margin-bottom: 5px;'>Conexi\u00f3n est\u00e1ndar de 5\/8&#8242;<\/li>\n<li style='margin-bottom: 5px;'>Construcci\u00f3n robusta para uso industrial<\/li>\n<\/ul>\n<\/div>\n<\/div>\n<\/div>\n<hr style='border: 0; border-top: 1px solid rgba(150&comma; 150&comma; 150&comma; 0.3); margin: 30px 0;'><\/div>\n","protected":false},"excerpt":{"rendered":"<p>Cilindro Para Calibraci\u00f3n De Hidrogeno H2\/Air, Balance Aire, Concentraci\u00f3n 50% LEL, Capacidad 103 L, Dimensiones 5\/8&#8243; x 18&#8243; Para Serie XNX\/XCD\/S3K Gases Combustibles<\/p>\n","protected":false},"featured_media":34848,"comment_status":"open","ping_status":"closed","template":"","meta":[],"product_brand":[],"product_cat":[987],"product_tag":[988,522,1014],"class_list":{"0":"post-34849","1":"product","2":"type-product","3":"status-publish","4":"has-post-thumbnail","6":"product_cat-detectores-de-gases","7":"product_tag-detectores-de-gases","8":"product_tag-dispositivos-convencionales","9":"product_tag-honeywell-analytics","11":"first","12":"instock","13":"sale","14":"shipping-taxable","15":"purchasable","16":"product-type-simple"},"_links":{"self":[{"href":"https:\/\/soydeaqui.ddns.net\/pachuca\/index.php\/wp-json\/wp\/v2\/product\/34849","targetHints":{"allow":["GET"]}}],"collection":[{"href":"https:\/\/soydeaqui.ddns.net\/pachuca\/index.php\/wp-json\/wp\/v2\/product"}],"about":[{"href":"https:\/\/soydeaqui.ddns.net\/pachuca\/index.php\/wp-json\/wp\/v2\/types\/product"}],"replies":[{"embeddable":true,"href":"https:\/\/soydeaqui.ddns.net\/pachuca\/index.php\/wp-json\/wp\/v2\/comments?post=34849"}],"wp:featuredmedia":[{"embeddable":true,"href":"https:\/\/soydeaqui.ddns.net\/pachuca\/index.php\/wp-json\/wp\/v2\/media\/34848"}],"wp:attachment":[{"href":"https:\/\/soydeaqui.ddns.net\/pachuca\/index.php\/wp-json\/wp\/v2\/media?parent=34849"}],"wp:term":[{"taxonomy":"product_brand","embeddable":true,"href":"https:\/\/soydeaqui.ddns.net\/pachuca\/index.php\/wp-json\/wp\/v2\/product_brand?post=34849"},{"taxonomy":"product_cat","embeddable":true,"href":"https:\/\/soydeaqui.ddns.net\/pachuca\/index.php\/wp-json\/wp\/v2\/product_cat?post=34849"},{"taxonomy":"product_tag","embeddable":true,"href":"https:\/\/soydeaqui.ddns.net\/pachuca\/index.php\/wp-json\/wp\/v2\/product_tag?post=34849"}],"curies":[{"name":"wp","href":"https:\/\/api.w.org\/{rel}","templated":true}]}}