{"id":34839,"date":"2026-03-18T15:30:42","date_gmt":"2026-03-18T15:30:42","guid":{"rendered":"https:\/\/soydeaqui.ddns.net\/pachuca\/index.php\/producto\/relevador-rs485-modbus-para-detector-805111100010n\/"},"modified":"2026-03-18T15:30:49","modified_gmt":"2026-03-18T15:30:49","slug":"relevador-rs485-modbus-para-detector-805111100010n","status":"publish","type":"product","link":"https:\/\/soydeaqui.ddns.net\/pachuca\/index.php\/producto\/relevador-rs485-modbus-para-detector-805111100010n\/","title":{"rendered":"Relevador RS485 &#8211; Modbus Para Detector 805111100010N"},"content":{"rendered":"<div style='width: 100%; max-width: 1200px; margin: 0 auto; font-family: sans-serif; line-height: 1.6; color: inherit; background-color: transparent;'> <!-- Secci\u00f3n de caracter\u00edsticas principales --> <\/p>\n<div style='display: flex; flex-wrap: wrap; gap: 30px; margin-bottom: 30px;'>\n<div style='flex: 1 1 300px; min-width: 280px;'>\n<h3 style='font-size: 22px; border-bottom: 2px solid currentColor; padding-bottom: 5px; margin-top: 0; color: inherit; opacity: 0.8;'>Caracter\u00edsticas Principales<\/h3>\n<ul style='padding-left: 20px; font-size: 15px; color: inherit;'>\n<li style='margin-bottom: 5px;'>Certificado para Clase 1&comma; Div 1 o Div 2<\/li>\n<li style='margin-bottom: 5px;'>Pantalla TFT en color con retroiluminaci\u00f3n QVGA n\u00edtida<\/li>\n<li style='margin-bottom: 5px;'>Pantalla de color indicadora de estado (verde\/amarillo\/rojo)<\/li>\n<li style='margin-bottom: 5px;'>Indicaci\u00f3n visual de calibraci\u00f3n vencida o mantenimiento requerido (color p\u00farpura)<\/li>\n<li style='margin-bottom: 5px;'>Puerto Ethernet est\u00e1ndar con servidor web integrado<\/li>\n<li style='margin-bottom: 5px;'>Comunicaci\u00f3n Modbus TCP<\/li>\n<li style='margin-bottom: 5px;'>Soporte para dos sensores inteligentes<\/li>\n<li style='margin-bottom: 5px;'>Calibraci\u00f3n no intrusiva de un solo hombre<\/li>\n<li style='margin-bottom: 5px;'>3 rel\u00e9s programables y rel\u00e9 de falla dedicado<\/li>\n<\/ul><\/div>\n<div style='flex: 1 1 300px; min-width: 280px;'>\n<h3 style='font-size: 22px; border-bottom: 2px solid currentColor; padding-bottom: 5px; margin-top: 0; color: inherit; opacity: 0.8;'>Aplicaciones<\/h3>\n<ul style='padding-left: 20px; font-size: 15px; color: inherit;'>\n<li style='margin-bottom: 5px;'>Gas de petr\u00f3leo<\/li>\n<li style='margin-bottom: 5px;'>Instalaciones de Tratamiento de Agua<\/li>\n<li style='margin-bottom: 5px;'>Instalaciones de alimentos y bebidas<\/li>\n<li style='margin-bottom: 5px;'>Refinaci\u00f3n y Producci\u00f3n Qu\u00edmica<\/li>\n<li style='margin-bottom: 5px;'>Compresi\u00f3n de tuber\u00edas<\/li>\n<li style='margin-bottom: 5px;'>Almacenamiento de combustible<\/li>\n<li style='margin-bottom: 5px;'>Papel de pulpa<\/li>\n<li style='margin-bottom: 5px;'>Generaci\u00f3n de energ\u00eda<\/li>\n<li style='margin-bottom: 5px;'>Industria general<\/li>\n<\/ul><\/div>\n<\/p><\/div>\n<p> <!-- Secci\u00f3n de especificaciones t\u00e9cnicas --> <\/p>\n<div style='display: flex; flex-wrap: wrap; gap: 30px; margin-bottom: 30px;'>\n<div style='flex: 1 1 300px; min-width: 280px;'>\n<h3 style='font-size: 22px; border-bottom: 2px solid currentColor; padding-bottom: 5px; margin-top: 0; color: inherit; opacity: 0.8;'>Especificaciones T\u00e9cnicas<\/h3>\n<ul style='padding-left: 20px; font-size: 15px; color: inherit;'>\n<li style='margin-bottom: 5px;'><strong>Dimensiones:<\/strong> 5&#8242; (largo) x 5.4&#8242; (ancho) x 8&#8242; (alto)<\/li>\n<li style='margin-bottom: 5px;'><strong>Peso:<\/strong> 6.5 lbs (3 kg) carcasa aluminio \/ 3 lbs (2 kg) carcasa polietileno<\/li>\n<li style='margin-bottom: 5px;'><strong>Alimentaci\u00f3n:<\/strong> 10-30 VCC a < 10 watts<\/li>\n<li style='margin-bottom: 5px;'><strong>Temperatura operaci\u00f3n:<\/strong> -40\u00b0F a 140\u00b0F (-40\u00b0C a +60\u00b0C)<\/li>\n<li style='margin-bottom: 5px;'><strong>Humedad:<\/strong> 95% HR sensor infrarrojo \/ 85% HR sensor electroqu\u00edmico sin condensaci\u00f3n<\/li>\n<li style='margin-bottom: 5px;'><strong>Consumo:<\/strong> M\u00e1ximo 600 ohmios a 24 VCC<\/li>\n<li style='margin-bottom: 5px;'><strong>Comunicaci\u00f3n:<\/strong> Ethernet R-45 con servidor web&comma; Modbus\/TCP<\/li>\n<\/ul><\/div>\n<div style='flex: 1 1 300px; min-width: 280px;'>\n<h3 style='font-size: 22px; border-bottom: 2px solid currentColor; padding-bottom: 5px; margin-top: 0; color: inherit; opacity: 0.8;'>Opciones de Sensores<\/h3>\n<ul style='padding-left: 20px; font-size: 15px; color: inherit;'>\n<li style='margin-bottom: 5px;'>Electroqu\u00edmico<\/li>\n<li style='margin-bottom: 5px;'>Perla catal\u00edtica<\/li>\n<li style='margin-bottom: 5px;'>Infrarrojo<\/li>\n<li style='margin-bottom: 5px;'>Detector de fotoionizaci\u00f3n<\/li>\n<\/ul><\/div>\n<\/p><\/div>\n<p> <!-- Secci\u00f3n de aprobaciones y materiales --> <\/p>\n<div style='display: flex; flex-wrap: wrap; gap: 30px; margin-bottom: 30px;'>\n<div style='flex: 1 1 300px; min-width: 280px;'>\n<h3 style='font-size: 22px; border-bottom: 2px solid currentColor; padding-bottom: 5px; margin-top: 0; color: inherit; opacity: 0.8;'>Aprobaciones<\/h3>\n<ul style='padding-left: 20px; font-size: 15px; color: inherit;'>\n<li style='margin-bottom: 5px;'>Caja aluminio fundido: A prueba de explosi\u00f3n Cl.1 Div.1 Gr ABCD<\/li>\n<li style='margin-bottom: 5px;'>No inflamable Cl.1 Div.2 Gr ABCD<\/li>\n<\/ul><\/div>\n<div style='flex: 1 1 300px; min-width: 280px;'>\n<h3 style='font-size: 22px; border-bottom: 2px solid currentColor; padding-bottom: 5px; margin-top: 0; color: inherit; opacity: 0.8;'>Materiales de Carcasa<\/h3>\n<ul style='padding-left: 20px; font-size: 15px; color: inherit;'>\n<li style='margin-bottom: 5px;'>Aluminio fundido<\/li>\n<li style='margin-bottom: 5px;'>Poli\u00e9ster<\/li>\n<li style='margin-bottom: 5px;'>Polietileno<\/li>\n<\/ul><\/div>\n<\/p><\/div>\n<p> <!-- Secci\u00f3n de opciones de gas detectable --> <\/p>\n<div style='margin-bottom: 30px;'>\n<h3 style='font-size: 22px; border-bottom: 2px solid currentColor; padding-bottom: 5px; margin-top: 0; color: inherit; opacity: 0.8;'>Gases Detectables<\/h3>\n<div style='display: flex; flex-wrap: wrap; gap: 20px;'>\n<div style='flex: 1 1 200px;'>\n<ul style='padding-left: 20px; font-size: 15px; color: inherit;'>\n<li style='margin-bottom: 5px;'>Amon\u00edaco (NH\u2083)<\/li>\n<li style='margin-bottom: 5px;'>Arsina (AsH\u2083)<\/li>\n<li style='margin-bottom: 5px;'>Cianuro de Hidr\u00f3geno (HCN)<\/li>\n<li style='margin-bottom: 5px;'>Di\u00f3xido de Carbono (CO\u2082)<\/li>\n<li style='margin-bottom: 5px;'>Fluoruro de hidr\u00f3geno (HF)<\/li>\n<li style='margin-bottom: 5px;'>Mon\u00f3xido de carbono (CO)<\/li>\n<li style='margin-bottom: 5px;'>Cloro (Cl\u2082)<\/li>\n<li style='margin-bottom: 5px;'>Di\u00f3xido de Cloro (ClO\u2082)<\/li>\n<\/ul><\/div>\n<div style='flex: 1 1 200px;'>\n<ul style='padding-left: 20px; font-size: 15px; color: inherit;'>\n<li style='margin-bottom: 5px;'>\u00d3xido N\u00edtrico (NO)<\/li>\n<li style='margin-bottom: 5px;'>Di\u00f3xido de Nitr\u00f3geno (NO\u2082)<\/li>\n<li style='margin-bottom: 5px;'>Ox\u00edgeno (O\u2082)<\/li>\n<li style='margin-bottom: 5px;'>Ozono (O\u2083)<\/li>\n<li style='margin-bottom: 5px;'>\u00d3xido de etileno (C\u2082H\u2084O)<\/li>\n<li style='margin-bottom: 5px;'>Fosfina (PH\u2083)<\/li>\n<li style='margin-bottom: 5px;'>Formaldeh\u00eddo (CH\u2082O)<\/li>\n<li style='margin-bottom: 5px;'>Di\u00f3xido de azufre (SO\u2082)<\/li>\n<\/ul><\/div>\n<div style='flex: 1 1 200px;'>\n<ul style='padding-left: 20px; font-size: 15px; color: inherit;'>\n<li style='margin-bottom: 5px;'>Hidr\u00f3geno (H\u2082)<\/li>\n<li style='margin-bottom: 5px;'>Cloruro de vinilo (C\u2082H\u2083Cl)<\/li>\n<li style='margin-bottom: 5px;'>Cloruro de hidr\u00f3geno (HCl)<\/li>\n<li style='margin-bottom: 5px;'>Combustibles (IR)<\/li>\n<li style='margin-bottom: 5px;'>Combustibles (perlas de gato)<\/li>\n<\/ul><\/div>\n<\/p><\/div>\n<\/p><\/div>\n<p> <!-- Separador --> <\/p>\n<hr style='border: 0; border-top: 1px solid rgba(150&comma; 150&comma; 150&comma; 0.3); margin: 30px 0;'> <\/div>\n","protected":false},"excerpt":{"rendered":"<p>Relevador RS485 &#8211; Modbus Para Detector 805111100010N<\/p>\n","protected":false},"featured_media":34838,"comment_status":"open","ping_status":"closed","template":"","meta":[],"product_brand":[],"product_cat":[987],"product_tag":[988,522,989],"class_list":{"0":"post-34839","1":"product","2":"type-product","3":"status-publish","4":"has-post-thumbnail","6":"product_cat-detectores-de-gases","7":"product_tag-detectores-de-gases","8":"product_tag-dispositivos-convencionales","9":"product_tag-macurco-aerionics","11":"first","12":"instock","13":"sale","14":"shipping-taxable","15":"purchasable","16":"product-type-simple"},"_links":{"self":[{"href":"https:\/\/soydeaqui.ddns.net\/pachuca\/index.php\/wp-json\/wp\/v2\/product\/34839","targetHints":{"allow":["GET"]}}],"collection":[{"href":"https:\/\/soydeaqui.ddns.net\/pachuca\/index.php\/wp-json\/wp\/v2\/product"}],"about":[{"href":"https:\/\/soydeaqui.ddns.net\/pachuca\/index.php\/wp-json\/wp\/v2\/types\/product"}],"replies":[{"embeddable":true,"href":"https:\/\/soydeaqui.ddns.net\/pachuca\/index.php\/wp-json\/wp\/v2\/comments?post=34839"}],"wp:featuredmedia":[{"embeddable":true,"href":"https:\/\/soydeaqui.ddns.net\/pachuca\/index.php\/wp-json\/wp\/v2\/media\/34838"}],"wp:attachment":[{"href":"https:\/\/soydeaqui.ddns.net\/pachuca\/index.php\/wp-json\/wp\/v2\/media?parent=34839"}],"wp:term":[{"taxonomy":"product_brand","embeddable":true,"href":"https:\/\/soydeaqui.ddns.net\/pachuca\/index.php\/wp-json\/wp\/v2\/product_brand?post=34839"},{"taxonomy":"product_cat","embeddable":true,"href":"https:\/\/soydeaqui.ddns.net\/pachuca\/index.php\/wp-json\/wp\/v2\/product_cat?post=34839"},{"taxonomy":"product_tag","embeddable":true,"href":"https:\/\/soydeaqui.ddns.net\/pachuca\/index.php\/wp-json\/wp\/v2\/product_tag?post=34839"}],"curies":[{"name":"wp","href":"https:\/\/api.w.org\/{rel}","templated":true}]}}