{"id":34837,"date":"2026-03-18T15:30:39","date_gmt":"2026-03-18T15:30:39","guid":{"rendered":"https:\/\/soydeaqui.ddns.net\/pachuca\/index.php\/producto\/pertiga-telescopica-smart-de-extension-0-50-m-1-65-ft-para-prueba-de-detectores-compacta-armable-portatil-incrementa-la-altura-de-la-solo-110-smart\/"},"modified":"2026-03-18T15:30:40","modified_gmt":"2026-03-18T15:30:40","slug":"pertiga-telescopica-smart-de-extension-0-50-m-1-65-ft-para-prueba-de-detectores-compacta-armable-portatil-incrementa-la-altura-de-la-solo-110-smart","status":"publish","type":"product","link":"https:\/\/soydeaqui.ddns.net\/pachuca\/index.php\/producto\/pertiga-telescopica-smart-de-extension-0-50-m-1-65-ft-para-prueba-de-detectores-compacta-armable-portatil-incrementa-la-altura-de-la-solo-110-smart\/","title":{"rendered":"P\u00e9rtiga telesc\u00f3pica SMART de extensi\u00f3n 0.50 m (1.65 ft) para prueba de detectores, compacta, armable, port\u00e1til, incrementa la altura de la Solo 110 SMART."},"content":{"rendered":"<div style='width: 100%; max-width: 1200px; margin: 0 auto; font-family: sans-serif; line-height: 1.6; color: inherit; background-color: transparent;'> <!-- Secci\u00f3n de t\u00edtulo --> <\/p>\n<div style='text-align: center; margin-bottom: 30px;'>\n<h2 style='font-size: 24px; margin: 0 0 10px 0; color: inherit;'>Pertigas Telescopicas Super Resistentes Serie<\/h2>\n<h3 style='font-size: 20px; margin: 0; color: inherit;'>Solo\u2122 Detector Testers<\/h3>\n<\/p><\/div>\n<p> <!-- Secci\u00f3n de contenido con flex --> <\/p>\n<div style='display: flex; flex-wrap: wrap; gap: 30px; margin-bottom: 30px;'>\n<div style='flex: 1 1 300px; min-width: 280px;'>\n<p style='font-size: 15px; color: inherit; text-align: justify;'> En la mayor\u00eda de los casos&comma; los techos son demasiado altos de 9m para alcanzar a poder hacer la prueba que exige la norma NFPA72 de los detectores de humo&comma; temperatura&comma; mon\u00f3xido de carbono&comma; etc. lo cual implica usar andamios&comma; escaleras o plataformas el\u00e9ctricas&comma; aumentando el riesgo de accidentes al trabajar en grandes alturas&comma; perdiendo mucho tiempo en los mantenimientos y elevando los costos del servicio. <\/p>\n<\/p><\/div>\n<div style='flex: 1 1 300px; min-width: 280px;'>\n<p style='font-size: 15px; color: inherit; text-align: justify;'> Las p\u00e9rtigas telesc\u00f3picas seccionales de fibra de vidrio&comma; son totalmente portables para el veh\u00edculo&comma; sumamente ligeras donde una sola persona puede realizar el mantenimiento de los detectores y altamente duraderas. Son la soluci\u00f3n ideal para los integradores dedicados en el ramo y servicio de los sistemas de detecci\u00f3n de incendios. <\/p>\n<\/p><\/div>\n<div style='flex: 1 1 300px; min-width: 280px;'>\n<p style='font-size: 15px; color: inherit; text-align: justify;'> Tambi\u00e9n se ofrecen en conjunto con las p\u00e9rtigas una amplia gama de dispensadores manuales y electr\u00f3nicos&comma; para probar los detectores de humo\/temperatura y mon\u00f3xido de carbono de una manera muy sencilla&comma; r\u00e1pida&comma; y totalmente segura sin despegar los pies del suelo. Evitando as\u00ed el riesgo de accidentes por ca\u00eddas del t\u00e9cnico&comma; reduciendo costos y tiempo del mantenimiento. <\/p>\n<\/p><\/div>\n<\/p><\/div>\n<p> <!-- Secci\u00f3n de caracter\u00edsticas --> <\/p>\n<div style='display: flex; flex-wrap: wrap; gap: 20px; margin-bottom: 30px;'>\n<div style='flex: 1 1 250px; border: 1px solid rgba(150&comma; 150&comma; 150&comma; 0.4); border-radius: 8px; overflow: hidden; display: flex; flex-direction: column;'>\n<div style='padding: 15px; border-bottom: 1px solid rgba(150&comma; 150&comma; 150&comma; 0.2); font-weight: bold; font-size: 18px; color: inherit;'>Caracter\u00edsticas<\/div>\n<div style='padding: 15px; color: inherit;'>\n<ul style='padding-left: 20px; margin: 0; font-size: 14px; list-style-type: disc; color: inherit;'>\n<li style='margin-bottom: 5px; color: inherit;'>Certificados como No Conductivos<\/li>\n<li style='margin-bottom: 5px; color: inherit;'>Super ligeros<\/li>\n<li style='margin-bottom: 5px; color: inherit;'>F\u00e1ciles de usar y manipular<\/li>\n<li style='margin-bottom: 5px; color: inherit;'>Protege al ingeniero\/tecnico y a los detectores de cortocircuitos<\/li>\n<li style='margin-bottom: 5px; color: inherit;'>Compatible con todos los cabezales de la serie Solo&comma; Testifire&comma; Trusted&comma; etc.<\/li>\n<li style='margin-bottom: 5px; color: inherit;'>Garant\u00eda limitada de por vida<\/li>\n<li style='margin-bottom: 5px; color: inherit;'>Se puede compactar en partes peque\u00f1as<\/li>\n<li style='margin-bottom: 5px; color: inherit;'>Super f\u00e1ciles de transportar<\/li>\n<li style='margin-bottom: 5px; color: inherit;'>Perfecto para inspecciones r\u00e1pidas<\/li>\n<li style='color: inherit;'>Cabe en la mochila de transporte Solo 611 SMART<\/li>\n<\/ul><\/div>\n<\/p><\/div>\n<\/p><\/div>\n<p> <!-- Video --> <\/p>\n<div style='margin-bottom: 30px;'>\n<div style='position: relative; padding-bottom: 56.25%; height: 0; overflow: hidden;'>   <\/div>\n<\/p><\/div>\n<\/p><\/div>\n","protected":false},"excerpt":{"rendered":"<p>P\u00e9rtiga telesc\u00f3pica SMART de extensi\u00f3n 0.50 m (1.65 ft) para prueba de detectores, compacta, armable, port\u00e1til, incrementa la altura de la Solo 110 SMART.<\/p>\n","protected":false},"featured_media":34836,"comment_status":"open","ping_status":"closed","template":"","meta":[],"product_brand":[],"product_cat":[731],"product_tag":[26,25,403],"class_list":{"0":"post-34837","1":"product","2":"type-product","3":"status-publish","4":"has-post-thumbnail","6":"product_cat-accesorios-de-instalacion-herramientas-deteccion-de-fuego","7":"product_tag-accesorios-de-instalacion","8":"product_tag-herramientas","9":"product_tag-sdi","11":"first","12":"instock","13":"sale","14":"shipping-taxable","15":"purchasable","16":"product-type-simple"},"_links":{"self":[{"href":"https:\/\/soydeaqui.ddns.net\/pachuca\/index.php\/wp-json\/wp\/v2\/product\/34837","targetHints":{"allow":["GET"]}}],"collection":[{"href":"https:\/\/soydeaqui.ddns.net\/pachuca\/index.php\/wp-json\/wp\/v2\/product"}],"about":[{"href":"https:\/\/soydeaqui.ddns.net\/pachuca\/index.php\/wp-json\/wp\/v2\/types\/product"}],"replies":[{"embeddable":true,"href":"https:\/\/soydeaqui.ddns.net\/pachuca\/index.php\/wp-json\/wp\/v2\/comments?post=34837"}],"wp:featuredmedia":[{"embeddable":true,"href":"https:\/\/soydeaqui.ddns.net\/pachuca\/index.php\/wp-json\/wp\/v2\/media\/34836"}],"wp:attachment":[{"href":"https:\/\/soydeaqui.ddns.net\/pachuca\/index.php\/wp-json\/wp\/v2\/media?parent=34837"}],"wp:term":[{"taxonomy":"product_brand","embeddable":true,"href":"https:\/\/soydeaqui.ddns.net\/pachuca\/index.php\/wp-json\/wp\/v2\/product_brand?post=34837"},{"taxonomy":"product_cat","embeddable":true,"href":"https:\/\/soydeaqui.ddns.net\/pachuca\/index.php\/wp-json\/wp\/v2\/product_cat?post=34837"},{"taxonomy":"product_tag","embeddable":true,"href":"https:\/\/soydeaqui.ddns.net\/pachuca\/index.php\/wp-json\/wp\/v2\/product_tag?post=34837"}],"curies":[{"name":"wp","href":"https:\/\/api.w.org\/{rel}","templated":true}]}}