{"id":34826,"date":"2026-03-18T15:30:17","date_gmt":"2026-03-18T15:30:17","guid":{"rendered":"https:\/\/soydeaqui.ddns.net\/pachuca\/index.php\/producto\/carrete-de-cable-305-metros-1000-pies-2-x-16-awg-cable-direct-burial-fpl-para-uso-en-intemperie-uso-en-aplicaciones-en-sistemas-de-deteccin-de-incendio-y-sistemas-de-evacuacin\/"},"modified":"2026-03-18T15:30:28","modified_gmt":"2026-03-18T15:30:28","slug":"carrete-de-cable-305-metros-1000-pies-2-x-16-awg-cable-direct-burial-fpl-para-uso-en-intemperie-uso-en-aplicaciones-en-sistemas-de-deteccin-de-incendio-y-sistemas-de-evacuacin","status":"publish","type":"product","link":"https:\/\/soydeaqui.ddns.net\/pachuca\/index.php\/producto\/carrete-de-cable-305-metros-1000-pies-2-x-16-awg-cable-direct-burial-fpl-para-uso-en-intemperie-uso-en-aplicaciones-en-sistemas-de-deteccin-de-incendio-y-sistemas-de-evacuacin\/","title":{"rendered":"Carrete de Cable 305 Metros (1000 Pies) \/ 2 x 16 AWG \/ Cable DIRECT BURIAL FPL \/ Para Uso en Intemperie \/ Uso en Aplicaciones en Sistemas de Detecci?n de Incendio y Sistemas de Evacuaci?n"},"content":{"rendered":"<div style='width: 100%; max-width: 1200px; margin: 0 auto; font-family: sans-serif; line-height: 1.6; color: inherit; background-color: transparent;'> <!-- Descripci\u00f3n principal --> <\/p>\n<div style='margin-bottom: 30px;'>\n<p style='font-weight: bold; margin: 0 0 15px 0; color: inherit;'>CABLE PARA ENTERRADO DIRECTO DE 2 CONDUCTORES CALIBRE 16 CON FORRO NEGRO APLICACIONES EN ALARMAS&comma; SISTEMAS DE SEGURIDAD. AUTOMATIZACI\u00d3N&comma; MULTIPROP\u00d3SITO.<\/p>\n<p style='font-weight: bold; margin: 0 0 15px 0; color: inherit;'>Los cables para enterrado directo de la serie Genesis est\u00e1n especialmente dise\u00f1ados para ser enterrados bajo tierra. Fabricados con una funda m\u00e1s estriada&comma; estos cables presentan un umbral m\u00e1s elevado de resistencia al estrujamiento y al impacto. Nuestros cables de exterior&comma; no solo est\u00e1n dise\u00f1ados para ser enterrados&comma; sino que tambi\u00e9n se prueban de manera independiente; adem\u00e1s&comma; est\u00e1n aprobados para cumplir con los requisitos de enterrado directo y lugares h\u00famedos.<\/p>\n<p style='font-weight: bold; margin: 0; color: inherit;'><span style='line-height: 20.8px;'>* Precio por bobina de 305 metros.<\/span><\/p>\n<\/p><\/div>\n<p> <!-- Secci\u00f3n de caracter\u00edsticas --> <\/p>\n<div style='display: flex; flex-wrap: wrap; gap: 30px; margin-bottom: 30px;'>\n<div style='flex: 1 1 300px; min-width: 280px;'>\n<div style='border-left: 5px solid #F52207; border-radius: 5px; padding: 5px; box-shadow: 2px 2px 10px rgba(216&comma;216&comma;216&comma;0.5);'>\n<h3 style='font-size: 22px; border-bottom: 2px solid currentColor; padding-bottom: 5px; margin-top: 0; margin-bottom: 15px; color: inherit; opacity: 0.8;'>Caracteristicas<\/h3>\n<ul style='padding-left: 20px; font-size: 15px; color: inherit; list-style-type: disc;'>\n<li style='margin-bottom: 5px;'>Alarmas de detecci\u00f3n de robo<\/li>\n<li style='margin-bottom: 5px;'>Paneles con tecnolog\u00eda convencional<\/li>\n<li style='margin-bottom: 5px;'>Sistemas de seguridad<\/li>\n<li style='margin-bottom: 5px;'>Aplicaci\u00f3n multiprop\u00f3sito<\/li>\n<\/ul><\/div>\n<\/p><\/div>\n<div style='flex: 1 1 300px; min-width: 280px;'>\n<div style='border-left: 5px solid #F52207; border-radius: 5px; padding: 5px; box-shadow: 2px 2px 10px rgba(216&comma;216&comma;216&comma;0.5);'>\n<h3 style='font-size: 22px; border-bottom: 2px solid currentColor; padding-bottom: 5px; margin-top: 0; margin-bottom: 15px; color: inherit; opacity: 0.8;'>Caracteristicas fisicas y electricas<\/h3>\n<ul style='padding-left: 20px; font-size: 15px; color: inherit; list-style-type: disc;'>\n<li style='margin-bottom: 5px;'><strong>Tipo:<\/strong> 2 x 16 AWG<\/li>\n<li style='margin-bottom: 5px;'><strong>Color externo:<\/strong> Negro<\/li>\n<li style='margin-bottom: 5px;'><strong>Color interno:<\/strong> Negro&comma; Rojo<\/li>\n<li style='margin-bottom: 5px;'><strong>Di\u00e1metro exterior (mm):<\/strong> 7.49<\/li>\n<li style='margin-bottom: 5px;'><strong>FPL<\/strong> = (Fire Power Limited): Cable de uso general en aplicaci\u00f3n de incendio<\/li>\n<li style='margin-bottom: 5px;'><strong>Temperatura de operaci\u00f3n:<\/strong> -20\u00b0C a 75\u00b0C<\/li>\n<\/ul><\/div>\n<\/p><\/div>\n<div style='flex: 1 1 300px; min-width: 280px;'>\n<div style='border-left: 5px solid #F52207; border-radius: 5px; padding: 5px; box-shadow: 2px 2px 10px rgba(216&comma;216&comma;216&comma;0.5);'>\n<h3 style='font-size: 22px; border-bottom: 2px solid currentColor; padding-bottom: 5px; margin-top: 0; margin-bottom: 15px; color: inherit; opacity: 0.8;'>Est\u00e1ndares<\/h3>\n<ul style='padding-left: 20px; font-size: 15px; color: inherit; list-style-type: disc;'>\n<li style='margin-bottom: 5px;'>UL<\/li>\n<li style='margin-bottom: 5px;'>FPL&comma; CL2&comma; Enterrado Directo<\/li>\n<\/ul><\/div>\n<\/p><\/div>\n<\/p><\/div>\n<p> <!-- Separador --> <\/p>\n<hr style='border: 0; border-top: 1px solid rgba(150&comma; 150&comma; 150&comma; 0.3); margin: 30px 0;'> <\/div>\n","protected":false},"excerpt":{"rendered":"<p>Carrete de Cable 305 Metros (1000 Pies) \/ 2 x 16 AWG \/ Cable DIRECT BURIAL FPL \/ Para Uso en Intemperie \/ Uso en Aplicaciones en Sistemas de Detecci?n de Incendio y Sistemas de Evacuaci?n<\/p>\n","protected":false},"featured_media":34825,"comment_status":"open","ping_status":"closed","template":"","meta":[],"product_brand":[],"product_cat":[982],"product_tag":[138,139,225],"class_list":{"0":"post-34826","1":"product","2":"type-product","3":"status-publish","4":"has-post-thumbnail","6":"product_cat-todo-cables-deteccion-de-fuego","7":"product_tag-cables","8":"product_tag-genesis","9":"product_tag-todo","11":"first","12":"instock","13":"sale","14":"shipping-taxable","15":"purchasable","16":"product-type-simple"},"_links":{"self":[{"href":"https:\/\/soydeaqui.ddns.net\/pachuca\/index.php\/wp-json\/wp\/v2\/product\/34826","targetHints":{"allow":["GET"]}}],"collection":[{"href":"https:\/\/soydeaqui.ddns.net\/pachuca\/index.php\/wp-json\/wp\/v2\/product"}],"about":[{"href":"https:\/\/soydeaqui.ddns.net\/pachuca\/index.php\/wp-json\/wp\/v2\/types\/product"}],"replies":[{"embeddable":true,"href":"https:\/\/soydeaqui.ddns.net\/pachuca\/index.php\/wp-json\/wp\/v2\/comments?post=34826"}],"wp:featuredmedia":[{"embeddable":true,"href":"https:\/\/soydeaqui.ddns.net\/pachuca\/index.php\/wp-json\/wp\/v2\/media\/34825"}],"wp:attachment":[{"href":"https:\/\/soydeaqui.ddns.net\/pachuca\/index.php\/wp-json\/wp\/v2\/media?parent=34826"}],"wp:term":[{"taxonomy":"product_brand","embeddable":true,"href":"https:\/\/soydeaqui.ddns.net\/pachuca\/index.php\/wp-json\/wp\/v2\/product_brand?post=34826"},{"taxonomy":"product_cat","embeddable":true,"href":"https:\/\/soydeaqui.ddns.net\/pachuca\/index.php\/wp-json\/wp\/v2\/product_cat?post=34826"},{"taxonomy":"product_tag","embeddable":true,"href":"https:\/\/soydeaqui.ddns.net\/pachuca\/index.php\/wp-json\/wp\/v2\/product_tag?post=34826"}],"curies":[{"name":"wp","href":"https:\/\/api.w.org\/{rel}","templated":true}]}}