{"id":34824,"date":"2026-03-18T15:30:15","date_gmt":"2026-03-18T15:30:15","guid":{"rendered":"https:\/\/soydeaqui.ddns.net\/pachuca\/index.php\/producto\/controlador-de-pared-hasta-8-unidades-principales-fijas-individuales-o-sistemas-de-aspiracion-asd-scorpion\/"},"modified":"2026-03-18T15:30:15","modified_gmt":"2026-03-18T15:30:15","slug":"controlador-de-pared-hasta-8-unidades-principales-fijas-individuales-o-sistemas-de-aspiracion-asd-scorpion","status":"publish","type":"product","link":"https:\/\/soydeaqui.ddns.net\/pachuca\/index.php\/producto\/controlador-de-pared-hasta-8-unidades-principales-fijas-individuales-o-sistemas-de-aspiracion-asd-scorpion\/","title":{"rendered":"Controlador de pared hasta 8 unidades principales fijas individuales o sistemas de aspiraci\u00f3n ASD SCORPION"},"content":{"rendered":"<div style='width: 100%; max-width: 1200px; margin: 0 auto; font-family: sans-serif; line-height: 1.6; color: inherit; background-color: transparent;'>\n<div style='display: flex; flex-wrap: wrap; gap: 30px; margin-bottom: 30px;'>\n<div style='flex: 1 1 300px; min-width: 280px;'>\n<h3 style='font-size: 22px; border-bottom: 2px solid currentColor; padding-bottom: 5px; margin-top: 0; color: inherit; opacity: 0.8;'>Caracter\u00edsticas principales<\/h3>\n<ul style='padding-left: 20px; font-size: 15px; color: inherit;'>\n<li style='margin-bottom: 5px;'>Scorpion es la soluci\u00f3n para edificios con detectores de dif\u00edcil acceso<\/li>\n<li style='margin-bottom: 5px;'>Adecuado para detectores tipo puntual y para sistemas de detecci\u00f3n de humo por aspiraci\u00f3n (ASD)<\/li>\n<li style='margin-bottom: 5px;'>Garantiza que todos los detectores de humo puedan probarse independientemente de su ubicaci\u00f3n<\/li>\n<li style='margin-bottom: 5px;'>La unidad principal Scorpion se instala de forma permanente junto a un detector puntual o a un orificio de muestreo en una tuber\u00eda de detecci\u00f3n de humo por aspiraci\u00f3n (ASD)<\/li>\n<li style='margin-bottom: 5px;'>El generador de humo est\u00e1 conectado a un punto de acceso SCORP25 montado en un lugar conveniente y de f\u00e1cil acceso<\/li>\n<li style='margin-bottom: 5px;'>La prueba funcional del detector se logra de manera f\u00e1cil y segura&comma; conectando un controlador port\u00e1til SCORP7000 al punto de acceso<\/li>\n<li style='margin-bottom: 5px;'>Se pueden conectar hasta 8 unidades principales a un panel de control montado en la pared SCORP8000<\/li>\n<li style='margin-bottom: 5px;'>Scorpion puede adaptarse a un sistema existente o instalarse con nuevos sistemas<\/li>\n<li style='margin-bottom: 5px;'>El tiempo y el esfuerzo necesarios para instalar Scorpion en un sistema existente se absorben r\u00e1pidamente por el tiempo y el esfuerzo necesarios para probar el sistema sin Scorpion<\/li>\n<\/ul><\/div>\n<\/p><\/div>\n<div style='display: flex; flex-wrap: wrap; gap: 20px; margin-bottom: 30px;'>\n<div style='flex: 1 1 250px; border: 1px solid rgba(150&comma; 150&comma; 150&comma; 0.4); border-radius: 8px; overflow: hidden; display: flex; flex-direction: column;'>\n<div style='padding: 15px; border-bottom: 1px solid rgba(150&comma; 150&comma; 150&comma; 0.2); font-weight: bold; font-size: 18px; color: inherit;'>Beneficios<\/div>\n<div style='padding: 15px; color: inherit;'>\n<ul style='padding-left: 20px; margin: 0; font-size: 14px; list-style-type: disc;'>\n<li style='margin-bottom: 5px;'>Prueba detectores de dif\u00edcil acceso<\/li>\n<li style='margin-bottom: 5px;'>Ideal para huecos de ascensores&comma; huecos de techo&comma; habitaciones seguras y atrios altos<\/li>\n<li style='margin-bottom: 5px;'>Ahorro de costos: no se necesitan equipos de acceso adicionales ni personal externo<\/li>\n<li style='margin-bottom: 5px;'>Ahorro de tiempo: menos tiempo dedicado a organizar y realizar pruebas<\/li>\n<li style='margin-bottom: 5px;'>Cumplimiento: garantiza que todos los detectores se puedan probar seg\u00fan lo exijan las normas<\/li>\n<\/ul><\/div>\n<\/p><\/div>\n<div style='flex: 1 1 250px; border: 1px solid rgba(150&comma; 150&comma; 150&comma; 0.4); border-radius: 8px; overflow: hidden; display: flex; flex-direction: column;'>\n<div style='padding: 15px; border-bottom: 1px solid rgba(150&comma; 150&comma; 150&comma; 0.2); font-weight: bold; font-size: 18px; color: inherit;'>Especificaciones<\/div>\n<div style='padding: 15px; color: inherit;'>\n<ul style='padding-left: 20px; margin: 0; font-size: 14px; list-style-type: disc;'>\n<li style='margin-bottom: 5px;'>Activa el sistema Scorpion instalado<\/li>\n<li style='margin-bottom: 5px;'>Puede controlar hasta 8 unidades principales Scorpion<\/li>\n<li style='margin-bottom: 5px;'>Instalado permanentemente (montado en la pared)<\/li>\n<li style='margin-bottom: 5px;'>Alimentado a trav\u00e9s de SOLO 770 Battery Baton<\/li>\n<\/ul><\/div>\n<\/p><\/div>\n<div style='flex: 1 1 250px; border: 1px solid rgba(150&comma; 150&comma; 150&comma; 0.4); border-radius: 8px; overflow: hidden; display: flex; flex-direction: column;'>\n<div style='padding: 15px; border-bottom: 1px solid rgba(150&comma; 150&comma; 150&comma; 0.2); font-weight: bold; font-size: 18px; color: inherit;'>Razones para su uso<\/div>\n<div style='padding: 15px; color: inherit;'>\n<ul style='padding-left: 20px; margin: 0; font-size: 14px; list-style-type: disc;'>\n<li style='margin-bottom: 5px;'>Garantiza la prueba de funcionamiento del 100% de los detectores seg\u00fan requieren las normas<\/li>\n<li style='margin-bottom: 5px;'>Puede probar los detectores en \u00e1reas sensibles o inaccesibles<\/li>\n<li style='margin-bottom: 5px;'>No se necesitan equipos de acceso adicionales ni personal subcontratado<\/li>\n<li style='margin-bottom: 5px;'>Reduce el riesgo de ca\u00eddas o accidentes de los ingenieros<\/li>\n<li style='margin-bottom: 5px;'>Reduce el tiempo de prueba evitando visitas fuera de horario con acceso directo a los detectores<\/li>\n<\/ul><\/div>\n<\/p><\/div>\n<\/p><\/div>\n<div style='display: flex; flex-wrap: wrap; gap: 20px; margin-bottom: 30px;'>\n<div style='flex: 1 1 250px; border: 1px solid rgba(150&comma; 150&comma; 150&comma; 0.4); border-radius: 8px; overflow: hidden; display: flex; flex-direction: column;'>\n<div style='padding: 15px; border-bottom: 1px solid rgba(150&comma; 150&comma; 150&comma; 0.2); font-weight: bold; font-size: 18px; color: inherit;'>Aplicaciones<\/div>\n<div style='padding: 15px; color: inherit;'>\n<ul style='padding-left: 20px; margin: 0; font-size: 14px; list-style-type: square;'>\n<li style='margin-bottom: 5px;'>\u00c1reas p\u00fablicas 24\/7<\/li>\n<li style='margin-bottom: 5px;'>Hospitales<\/li>\n<li style='margin-bottom: 5px;'>Hoteles<\/li>\n<li style='margin-bottom: 5px;'>Asilos<\/li>\n<li style='margin-bottom: 5px;'>Universidades<\/li>\n<li style='margin-bottom: 5px;'>Penales<\/li>\n<li style='margin-bottom: 5px;'>Aeropuertos<\/li>\n<li style='margin-bottom: 5px;'>Bases militares<\/li>\n<li style='margin-bottom: 5px;'>Bancos<\/li>\n<li style='margin-bottom: 5px;'>Centrales el\u00e9ctricas<\/li>\n<li style='margin-bottom: 5px;'>Plantas manufactureras<\/li>\n<li style='margin-bottom: 5px;'>Almacenes<\/li>\n<li style='margin-bottom: 5px;'>Call centres<\/li>\n<li style='margin-bottom: 5px;'>etc.<\/li>\n<\/ul><\/div>\n<\/p><\/div>\n<\/p><\/div>\n<div style='display: flex; flex-wrap: wrap; gap: 30px; margin-bottom: 30px;'>\n<div style='flex: 1 1 300px; min-width: 280px;'>\n<h3 style='font-size: 22px; border-bottom: 2px solid currentColor; padding-bottom: 5px; margin-top: 0; color: inherit; opacity: 0.8;'>Accesorio ideal<\/h3>\n<p style='font-size: 15px; color: inherit;'>El accesorio ideal para la gama Scorpion de productos de comprobaci\u00f3n de detectores. Scorpion 8000 funciona con bater\u00eda y es capaz de conectarse a 8 puntos Scorpion o unidades principales ASD desde una ubicaci\u00f3n.<\/p>\n<\/p><\/div>\n<\/p><\/div>\n<div style='display: flex; flex-wrap: wrap; gap: 30px; margin-bottom: 30px;'>\n<div style='flex: 1 1 300px; min-width: 280px;'>\n<h3 style='font-size: 22px; border-bottom: 2px solid currentColor; padding-bottom: 5px; margin-top: 0; color: inherit; opacity: 0.8;'>\u00c1reas de aplicaci\u00f3n<\/h3>\n<p style='font-size: 15px; color: inherit;'>Ideal para \u00e1reas p\u00fablicas 24\/7&comma; \u00e1reas con accesos restringidos&comma; o \u00e1reas con operaciones continuas<\/p>\n<\/p><\/div>\n<\/p><\/div>\n<div style='display: flex; flex-wrap: wrap; gap: 30px; margin-bottom: 30px;'>\n<div style='flex: 1 1 300px; min-width: 280px;'>\n<h3 style='font-size: 22px; border-bottom: 2px solid currentColor; padding-bottom: 5px; margin-top: 0; color: inherit; opacity: 0.8;'>Im\u00e1genes del producto<\/h3>\n<div style='margin-bottom: 30px;'> <img style='width: 100%; height: auto; border: 1px solid rgba(150&comma;150&comma;150&comma;0.3); border-radius: 8px;' src='https:\/\/ftp3.syscom.mx\/usuarios\/fotos\/SCORP1001\/210687-captura_de_pantalla_2022-08-05_a_la(s)_16.40.54.png' alt='Captura de pantalla 2022-08-05 a las 16.40.54'> <\/div>\n<div style='margin-bottom: 30px;'> <img style='width: 100%; height: auto; border: 1px solid rgba(150&comma;150&comma;150&comma;0.3); border-radius: 8px;' src='https:\/\/ftp3.syscom.mx\/usuarios\/fotos\/SCORP1001\/210687-captura_de_pantalla_2022-08-05_a_la(s)_17.10.46.png' alt='Captura de pantalla 2022-08-05 a las 17.10.46'> <\/div>\n<\/p><\/div>\n<\/p><\/div>\n<div style='display: flex; flex-wrap: wrap; gap: 30px; margin-bottom: 30px;'>\n<div style='flex: 1 1 300px; min-width: 280px;'>\n<h3 style='font-size: 22px; border-bottom: 2px solid currentColor; padding-bottom: 5px; margin-top: 0; color: inherit; opacity: 0.8;'>Video explicativo<\/h3>\n<div style='position: relative; padding-bottom: 56.25%; height: 0; overflow: hidden; margin-bottom: 30px;'>   <\/div>\n<\/p><\/div>\n<\/p><\/div>\n<div style='display: flex; flex-wrap: wrap; gap: 30px; margin-bottom: 30px;'>\n<div style='flex: 1 1 300px; min-width: 280px;'>\n<h3 style='font-size: 22px; border-bottom: 2px solid currentColor; padding-bottom: 5px; margin-top: 0; color: inherit; opacity: 0.8;'>Conclusi\u00f3n<\/h3>\n<p style='font-size: 15px; color: inherit; text-align: center;'>SIN EXCUSAS PARA PROBAR DETECTORES DE HUMO<br \/>CON DIFICIL ACCESO<\/p>\n<\/p><\/div>\n<\/p><\/div>\n<\/p><\/div>\n","protected":false},"excerpt":{"rendered":"<p>Controlador de pared hasta 8 unidades principales fijas individuales o sistemas de aspiraci\u00f3n ASD SCORPION<\/p>\n","protected":false},"featured_media":34823,"comment_status":"open","ping_status":"closed","template":"","meta":[],"product_brand":[],"product_cat":[977],"product_tag":[978,979,403],"class_list":{"0":"post-34824","1":"product","2":"type-product","3":"status-publish","4":"has-post-thumbnail","6":"product_cat-detectores-por-aspiracion","7":"product_tag-aplicaciones-especiales","8":"product_tag-detectores-por-aspiracion","9":"product_tag-sdi","11":"first","12":"outofstock","13":"sale","14":"shipping-taxable","15":"purchasable","16":"product-type-simple"},"_links":{"self":[{"href":"https:\/\/soydeaqui.ddns.net\/pachuca\/index.php\/wp-json\/wp\/v2\/product\/34824","targetHints":{"allow":["GET"]}}],"collection":[{"href":"https:\/\/soydeaqui.ddns.net\/pachuca\/index.php\/wp-json\/wp\/v2\/product"}],"about":[{"href":"https:\/\/soydeaqui.ddns.net\/pachuca\/index.php\/wp-json\/wp\/v2\/types\/product"}],"replies":[{"embeddable":true,"href":"https:\/\/soydeaqui.ddns.net\/pachuca\/index.php\/wp-json\/wp\/v2\/comments?post=34824"}],"wp:featuredmedia":[{"embeddable":true,"href":"https:\/\/soydeaqui.ddns.net\/pachuca\/index.php\/wp-json\/wp\/v2\/media\/34823"}],"wp:attachment":[{"href":"https:\/\/soydeaqui.ddns.net\/pachuca\/index.php\/wp-json\/wp\/v2\/media?parent=34824"}],"wp:term":[{"taxonomy":"product_brand","embeddable":true,"href":"https:\/\/soydeaqui.ddns.net\/pachuca\/index.php\/wp-json\/wp\/v2\/product_brand?post=34824"},{"taxonomy":"product_cat","embeddable":true,"href":"https:\/\/soydeaqui.ddns.net\/pachuca\/index.php\/wp-json\/wp\/v2\/product_cat?post=34824"},{"taxonomy":"product_tag","embeddable":true,"href":"https:\/\/soydeaqui.ddns.net\/pachuca\/index.php\/wp-json\/wp\/v2\/product_tag?post=34824"}],"curies":[{"name":"wp","href":"https:\/\/api.w.org\/{rel}","templated":true}]}}