{"id":34822,"date":"2026-03-18T15:30:10","date_gmt":"2026-03-18T15:30:10","guid":{"rendered":"https:\/\/soydeaqui.ddns.net\/pachuca\/index.php\/producto\/controlador-portatil-para-unidades-principales-fijas-individuales-o-sistemas-de-aspiracion-asd-scorpion-a-traves-de-puntos-de-acceso\/"},"modified":"2026-03-18T15:30:11","modified_gmt":"2026-03-18T15:30:11","slug":"controlador-portatil-para-unidades-principales-fijas-individuales-o-sistemas-de-aspiracion-asd-scorpion-a-traves-de-puntos-de-acceso","status":"publish","type":"product","link":"https:\/\/soydeaqui.ddns.net\/pachuca\/index.php\/producto\/controlador-portatil-para-unidades-principales-fijas-individuales-o-sistemas-de-aspiracion-asd-scorpion-a-traves-de-puntos-de-acceso\/","title":{"rendered":"Controlador port\u00e1til para unidades principales fijas individuales o sistemas de aspiraci\u00f3n ASD SCORPION a trav\u00e9s de puntos de acceso"},"content":{"rendered":"<div style='width: 100%; max-width: 1200px; margin: 0 auto; font-family: sans-serif; line-height: 1.6; color: inherit; background-color: transparent;'>\n<div style='display: flex; flex-direction: column; gap: 20px; margin-bottom: 30px;'>\n<h1 style='text-align: center; font-size: 24px; margin: 0; color: inherit;'>Scorpion es la mejor soluci\u00f3n para probar<\/h1>\n<h1 style='text-align: center; font-size: 24px; margin: 0; color: inherit;'>detectores de humo en instalaciones de dif\u00edcil acceso<\/h1>\n<\/p><\/div>\n<div style='margin-bottom: 30px;'>\n<p style='font-size: 15px; color: inherit; text-align: justify; margin: 0 0 15px 0;'> Scorpion es la soluci\u00f3n para edificios con detectores de dif\u00edcil acceso. Adecuado para detectores tipo puntual y para sistemas de detecci\u00f3n de humo por aspiraci\u00f3n (ASD). Scorpion garantiza que todos los detectores de humo puedan probarse independientemente de su ubicaci\u00f3n. La unidad principal Scorpion se instala de forma permanente junto a un detector puntual o a un orificio de muestreo en una tuber\u00eda de detecci\u00f3n de humo por aspiraci\u00f3n (ASD). El generador de humo est\u00e1 conectado a un punto de acceso SCORP25 montado en un lugar conveniente y de f\u00e1cil acceso. Luego&comma; la prueba funcional del detector se logra de manera f\u00e1cil y segura&comma; conectando un controlador port\u00e1til SCORP7000 al punto de acceso. Alternativamente&comma; se pueden conectar hasta 8 unidades principales a un panel de control montado en la pared SCORP8000. Scorpion puede adaptarse a un sistema existente o instalarse con nuevos sistemas. El tiempo y el esfuerzo necesarios para instalar Scorpion en un sistema existente se absorben r\u00e1pidamente por el tiempo y el esfuerzo necesarios para probar el sistema sin Scorpion. <\/p>\n<\/p><\/div>\n<div style='margin-bottom: 30px;'>\n<h3 style='font-size: 20px; border-bottom: 2px solid currentColor; padding-bottom: 5px; margin-top: 0; margin-bottom: 15px; color: inherit; opacity: 0.8;'>Caracter\u00edsticas principales<\/h3>\n<ul style='padding-left: 20px; font-size: 15px; color: inherit; margin: 0;'>\n<li style='margin-bottom: 10px;'>Prueba facilmente detectores de dif\u00edcil acceso.<\/li>\n<li style='margin-bottom: 10px;'>Ideal para probar detectores en huecos de ascensores&comma; techos abiertos&comma; habitaciones seguras y atrios altos.<\/li>\n<li style='margin-bottom: 10px;'>Ahorro de costos&comma; no se necesitan equipos de acceso adicionales ni personal externo.<\/li>\n<li style='margin-bottom: 10px;'>Ahorro de tiempo&comma; menos tiempo dedicado a organizar y realizar pruebas.<\/li>\n<li style='margin-bottom: 10px;'>Cumplimiento&comma; garantiza que todos los detectores se puedan probar seg\u00fan lo exijan las normas.<\/li>\n<\/ul><\/div>\n<div style='margin-bottom: 30px;'>\n<h3 style='font-size: 20px; border-bottom: 2px solid currentColor; padding-bottom: 5px; margin-top: 0; margin-bottom: 15px; color: inherit; opacity: 0.8;'>Funcionamiento<\/h3>\n<p style='font-size: 15px; color: inherit; margin: 0 0 15px 0;'>El controlador port\u00e1til SCORP7000 se conecta a un punto de acceso SCORP25 para permitir la generaci\u00f3n de humo y la realizaci\u00f3n de una prueba funcional.<\/p>\n<ul style='padding-left: 20px; font-size: 15px; color: inherit; margin: 0;'>\n<li style='margin-bottom: 10px;'>Activa el sistema Scorpion instalado<\/li>\n<li style='margin-bottom: 10px;'>Se conecta al punto de acceso SCORP25<\/li>\n<li style='margin-bottom: 10px;'>F\u00e1cil de usar&comma; almacenar y transportar<\/li>\n<li style='margin-bottom: 10px;'>Port\u00e1til: permite su uso en m\u00faltiples sitios<\/li>\n<li style='margin-bottom: 10px;'>Alimentado a trav\u00e9s de SOLO 770 Battery Baton<\/li>\n<\/ul><\/div>\n<div style='margin-bottom: 30px;'>\n<h3 style='font-size: 20px; border-bottom: 2px solid currentColor; padding-bottom: 5px; margin-top: 0; margin-bottom: 15px; color: inherit; opacity: 0.8;'>Razones para su uso<\/h3>\n<ul style='padding-left: 20px; font-size: 15px; color: inherit; margin: 0;'>\n<li style='margin-bottom: 10px;'>Garantiza la prueba de funcionamiento del 100% de los detectores seg\u00fan requieren las normas.<\/li>\n<li style='margin-bottom: 10px;'>Puede probar los detectores en \u00e1reas sensibles o inaccesibles.<\/li>\n<li style='margin-bottom: 10px;'>No se necesitan equipos de acceso adicionales ni personal subcontratado.<\/li>\n<li style='margin-bottom: 10px;'>Reduce el riesgo de ca\u00eddas o accidentes de los ingenieros.<\/li>\n<li style='margin-bottom: 10px;'>Reduce el tiempo de prueba evitando visitas fuera de horario con acceso directo a los detectores<\/li>\n<\/ul><\/div>\n<div style='margin-bottom: 30px;'>\n<h3 style='font-size: 20px; border-bottom: 2px solid currentColor; padding-bottom: 5px; margin-top: 0; margin-bottom: 15px; color: inherit; opacity: 0.8;'>Aplicaciones t\u00edpicas<\/h3>\n<ul style='padding-left: 20px; font-size: 15px; color: inherit; margin: 0;'>\n<li style='margin-bottom: 10px;'>\u00c1reas p\u00fablicas 24\/7<\/li>\n<li style='margin-bottom: 10px;'>Hospitales<\/li>\n<li style='margin-bottom: 10px;'>Hoteles<\/li>\n<li style='margin-bottom: 10px;'>Asilos<\/li>\n<li style='margin-bottom: 10px;'>Universidades<\/li>\n<li style='margin-bottom: 10px;'>Penales<\/li>\n<li style='margin-bottom: 10px;'>Aeropuertos<\/li>\n<li style='margin-bottom: 10px;'>Bases militares<\/li>\n<li style='margin-bottom: 10px;'>Bancos<\/li>\n<li style='margin-bottom: 10px;'>Centrales el\u00e9ctricas<\/li>\n<li style='margin-bottom: 10px;'>Plantas manufactureras<\/li>\n<li style='margin-bottom: 10px;'>Almacenes<\/li>\n<li style='margin-bottom: 10px;'>Call centres<\/li>\n<li style='margin-bottom: 10px;'>etc.<\/li>\n<\/ul><\/div>\n<div style='margin-bottom: 30px;'>\n<div style='display: flex; flex-direction: column; gap: 15px; align-items: center; text-align: center;'>\n<p style='font-size: 16px; font-weight: bold; color: inherit; margin: 0 0 10px 0;'>SIN EXCUSAS PARA PROBAR DETECTORES DE HUMO<\/p>\n<p style='font-size: 16px; font-weight: bold; color: inherit; margin: 0;'>CON DIFICIL ACCESO<\/p>\n<\/p><\/div>\n<\/p><\/div>\n<div style='margin-bottom: 30px;'>\n<div style='position: relative; padding-bottom: 56.25%; height: 0; overflow: hidden; margin-bottom: 30px;'>   <\/div>\n<\/p><\/div>\n<div style='display: flex; flex-wrap: wrap; gap: 20px; margin-bottom: 30px; justify-content: center;'>\n<div style='flex: 1 1 300px; max-width: 700px;'> <img style='width: 100%; height: auto; border: 1px solid rgba(150&comma;150&comma;150&comma;0.3); border-radius: 8px;' src='https:\/\/ftp3.syscom.mx\/usuarios\/fotos\/SCORP1001\/210687-captura_de_pantalla_2022-08-05_a_la(s)_16.40.54.png' alt=''> <\/div>\n<div style='flex: 1 1 300px; max-width: 600px;'> <img style='width: 100%; height: auto; border: 1px solid rgba(150&comma;150&comma;150&comma;0.3); border-radius: 8px;' src='https:\/\/ftp3.syscom.mx\/usuarios\/fotos\/SCORP1001\/210687-captura_de_pantalla_2022-08-05_a_la(s)_17.10.46.png' alt=''> <\/div>\n<\/p><\/div>\n<hr style='border: 0; border-top: 1px solid rgba(150&comma; 150&comma; 150&comma; 0.3); margin: 30px 0;'> <\/div>\n","protected":false},"excerpt":{"rendered":"<p>Controlador port\u00e1til para unidades principales fijas individuales o sistemas de aspiraci\u00f3n ASD SCORPION a trav\u00e9s de puntos de acceso<\/p>\n","protected":false},"featured_media":34821,"comment_status":"open","ping_status":"closed","template":"","meta":[],"product_brand":[],"product_cat":[448],"product_tag":[449,403,225],"class_list":{"0":"post-34822","1":"product","2":"type-product","3":"status-publish","4":"has-post-thumbnail","6":"product_cat-todo-accesorios-y-dispositivos-direccionables","7":"product_tag-accesorios-y-dispositivos-direccionables","8":"product_tag-sdi","9":"product_tag-todo","11":"first","12":"outofstock","13":"sale","14":"shipping-taxable","15":"purchasable","16":"product-type-simple"},"_links":{"self":[{"href":"https:\/\/soydeaqui.ddns.net\/pachuca\/index.php\/wp-json\/wp\/v2\/product\/34822","targetHints":{"allow":["GET"]}}],"collection":[{"href":"https:\/\/soydeaqui.ddns.net\/pachuca\/index.php\/wp-json\/wp\/v2\/product"}],"about":[{"href":"https:\/\/soydeaqui.ddns.net\/pachuca\/index.php\/wp-json\/wp\/v2\/types\/product"}],"replies":[{"embeddable":true,"href":"https:\/\/soydeaqui.ddns.net\/pachuca\/index.php\/wp-json\/wp\/v2\/comments?post=34822"}],"wp:featuredmedia":[{"embeddable":true,"href":"https:\/\/soydeaqui.ddns.net\/pachuca\/index.php\/wp-json\/wp\/v2\/media\/34821"}],"wp:attachment":[{"href":"https:\/\/soydeaqui.ddns.net\/pachuca\/index.php\/wp-json\/wp\/v2\/media?parent=34822"}],"wp:term":[{"taxonomy":"product_brand","embeddable":true,"href":"https:\/\/soydeaqui.ddns.net\/pachuca\/index.php\/wp-json\/wp\/v2\/product_brand?post=34822"},{"taxonomy":"product_cat","embeddable":true,"href":"https:\/\/soydeaqui.ddns.net\/pachuca\/index.php\/wp-json\/wp\/v2\/product_cat?post=34822"},{"taxonomy":"product_tag","embeddable":true,"href":"https:\/\/soydeaqui.ddns.net\/pachuca\/index.php\/wp-json\/wp\/v2\/product_tag?post=34822"}],"curies":[{"name":"wp","href":"https:\/\/api.w.org\/{rel}","templated":true}]}}