{"id":34802,"date":"2026-03-18T15:29:48","date_gmt":"2026-03-18T15:29:48","guid":{"rendered":"https:\/\/soydeaqui.ddns.net\/pachuca\/index.php\/producto\/detector-infrarrojo-avanzado-de-gases-combustibles-version-para-hidrocarburos-salida-4-a-20-ma-certificado-ul-inmetro-espiga-de-rosca-de-entrada-npt-3-4-acero-inoxidable-316ss-electro-pulido-se\/"},"modified":"2026-03-18T15:29:49","modified_gmt":"2026-03-18T15:29:49","slug":"detector-infrarrojo-avanzado-de-gases-combustibles-version-para-hidrocarburos-salida-4-a-20-ma-certificado-ul-inmetro-espiga-de-rosca-de-entrada-npt-3-4-acero-inoxidable-316ss-electro-pulido-se","status":"publish","type":"product","link":"https:\/\/soydeaqui.ddns.net\/pachuca\/index.php\/producto\/detector-infrarrojo-avanzado-de-gases-combustibles-version-para-hidrocarburos-salida-4-a-20-ma-certificado-ul-inmetro-espiga-de-rosca-de-entrada-npt-3-4-acero-inoxidable-316ss-electro-pulido-se\/","title":{"rendered":"Detector Infrarrojo Avanzado De Gases Combustibles, Versi\u00f3n Para Hidrocarburos, Salida 4 a 20 mA, Certificado UL\/INMETRO, Espiga De Rosca De Entrada NPT 3\/4&#8243;, Acero Inoxidable 316SS Electro Pulido, Serie Searchpoint Optima Plus"},"content":{"rendered":"<div style='width: 100%; max-width: 1200px; margin: 0 auto; font-family: sans-serif; line-height: 1.6; color: inherit; background-color: transparent;'> <!-- Descripci\u00f3n b\u00e1sica --> <\/p>\n<div style='margin-bottom: 30px;'>\n<p style='margin: 0 0 15px 0; color: inherit;'>Detector Infrarrojo De Gases inflamables Serie Searchpoint Optima Plus Versi\u00f3n Para Hidrocarburos&comma; Salida 4 a 20 mA&comma; Certificado UL\/INMETRO&comma; Espiga Con Rosca Entrada NPT 3\/4&#8217;&comma; Acero Inoxidable 316SS Electropulido<\/p>\n<p style='margin: 0 0 15px 0; color: inherit;'>Detector de gas Optima Plus&comma; versi\u00f3n para hidrocarburos&comma; salida de 4 a 20 mA&comma; UL\/INMETRO&comma; espiga con rosca NPT de 3\/4&#8217;&comma; acero inoxidable 316 electropulido&comma; incluye barrera contra el polvo de malla de poli\u00e9ster&comma; carcasa de nailon para protecci\u00f3n contra la intemperie y sombrilla\/parasol LNP Faradex<\/p>\n<\/p><\/div>\n<p> <!-- Secci\u00f3n de calibraci\u00f3n --> <\/p>\n<div style='margin-bottom: 30px;'>\n<h3 style='font-size: 20px; border-bottom: 2px solid currentColor; padding-bottom: 5px; margin-top: 0; color: inherit; opacity: 0.8;'>Calibraci\u00f3n y Accesorios<\/h3>\n<p style='margin: 0 0 15px 0; color: inherit;'>Se debe ordenar su curva de calibraci\u00f3n de gas objetivo para <strong>gases est\u00e1ndar<\/strong>:<\/p>\n<ul style='padding-left: 20px; margin: 0 0 15px 0; color: inherit;'>\n<li style='margin-bottom: 5px;'><a href='https:\/\/www.syscom.mx\/principal\/searchcont?route=2108D3001-HONEYWELL-ANALYTICS-212055&#038;autodetect=2108D3001' style='color: inherit; text-decoration: none; font-weight: 600;'>2108D3001<\/a> 100%LEL p\/metano<\/li>\n<li style='margin-bottom: 5px;'><a href='https:\/\/www.syscom.mx\/principal\/searchcont?route=2108D3002-HONEYWELL-ANALYTICS-226040&#038;autodetect=2108D3002' style='color: inherit; text-decoration: none; font-weight: 600;'>2108D3002<\/a> 100%LEL p\/etano<\/li>\n<li style='margin-bottom: 5px;'><a href='https:\/\/www.syscom.mx\/principal\/searchcont?route=2108D3004-HONEYWELL-ANALYTICS-225301&#038;autodetect=2108D3002' style='color: inherit; text-decoration: none; font-weight: 600;'>2108D3004<\/a> 100%LEL p\/propano<\/li>\n<li style='margin-bottom: 5px;'><a href='https:\/\/www.syscom.mx\/principal\/searchcont?route=2108D3005-HONEYWELL-ANALYTICS-225273&#038;autodetect=2108D3002' style='color: inherit; text-decoration: none; font-weight: 600;'>2108D3005<\/a> 100%LEL p\/butano<\/li>\n<\/ul>\n<p style='margin: 0 0 15px 0; color: inherit;'>O curva de calibraci\u00f3n para <strong>gases especiales<\/strong><\/p>\n<p style='margin: 0 0 15px 0; color: inherit;'><a href='https:\/\/www.syscom.mx\/producto\/OPTIMACALKIT-HONEYWELL-ANALYTICS-212775.html' style='color: inherit; text-decoration: none; font-weight: 600;'>OPTIMACALKIT<\/a> Kit de calibraci\u00f3n para gases combustibles para Searchpoint Optima Plus<\/p>\n<p style='margin: 0 0 15px 0; color: inherit;'><strong>Nota:<\/strong> Se requiere ordenar el cilindro de gas objetivo para su calibraci\u00f3n en sitio<\/p>\n<\/p><\/div>\n<p> <!-- Descripci\u00f3n general del producto --> <\/p>\n<div style='margin-bottom: 30px;'>\n<h2 style='font-size: 1.5rem; margin-top: 0; margin-bottom: 24px; color: inherit; opacity: 0.9;'>Descripci\u00f3n general del producto<\/h2>\n<p style='margin: 0 0 15px 0; color: inherit;'>Con m\u00e1s de 40 a\u00f1os de experiencia en el dise\u00f1o&comma; la fabricaci\u00f3n&comma; la instalaci\u00f3n y el mantenimiento de sistemas de detecci\u00f3n de gas infrarrojos de punto&comma; Honeywell Analytics cuenta actualmente con una base de m\u00e1s de 100&comma;000 detectores de gases de hidrocarburos de punto infrarrojo instalados en el mundo en un amplio espectro de aplicaciones&comma; desde ambientes industriales livianos hasta los m\u00e1s demandantes entornos mar\u00edtimos.<\/p>\n<p style='margin: 0 0 15px 0; color: inherit;'>Searchpoint Optima Plus es un detector de gases de hidrocarburos de punto infrarrojo certificado para usos en atm\u00f3sferas potencialmente explosivas. El principio de detecci\u00f3n infrarroja de la unidad ofrece la velocidad de respuesta m\u00e1s alta y un funcionamiento a prueba de fallas&comma; lo que garantiza que su planta cumpla con las normas&comma; que su personal est\u00e9 protegido y que proceso de producci\u00f3n pueda brindar una m\u00e1xima disponibilidad.<\/p>\n<p style='margin: 0 0 15px 0; color: inherit;'>El mantenimiento de rutina reducido&comma; en comparaci\u00f3n con el de los detectores de gases electrocatal\u00edticos convencionales&comma; proporciona un costo de propiedad continuo bajo. El desarrollo de algoritmos avanzados de diagn\u00f3sticos de fallas internas y rechazo de falsas alarmas garantiza que el Searchpoint Optima Plus brinde el m\u00e1s alto nivel de integridad operativa.<\/p>\n<\/p><\/div>\n<p> <!-- Aplicaciones comunes --> <\/p>\n<div style='margin-bottom: 30px;'>\n<h3 style='font-size: 20px; border-bottom: 2px solid currentColor; padding-bottom: 5px; margin-top: 0; color: inherit; opacity: 0.8;'>Aplicaciones comunes<\/h3>\n<p style='margin: 0 0 15px 0; color: inherit;'>Plataformas mar\u00edtimas de gas y petr\u00f3leo&comma; embarcaciones flotantes de producci\u00f3n&comma; almacenamiento y descarga (FPSO)&comma; buques petroleros&comma; terminales de petr\u00f3leo y gas en tierra&comma; refiner\u00edas: plantas de envasado de GNL\/GLP&comma; estaciones de compresi\u00f3n y medici\u00f3n de gas&comma; centrales el\u00e9ctricas con turbina de gas&comma; y plantas de impresi\u00f3n y revestimiento con solvente.<\/p>\n<p style='margin: 0 0 15px 0; color: inherit;'>M\u00e1s de 100 calibraciones de gas y vapor disponibles. Comun\u00edquese con su representante local para obtener una lista de los gases y vapores que puede detectar Searchpoint Optima Plus.<\/p>\n<\/p><\/div>\n<p> <!-- Caracter\u00edsticas y beneficios --> <\/p>\n<div style='margin-bottom: 30px;'>\n<h3 style='font-size: 20px; border-bottom: 2px solid currentColor; padding-bottom: 5px; margin-top: 0; color: inherit; opacity: 0.8;'>Caracter\u00edsticas y beneficios<\/h3>\n<ul style='padding-left: 20px; margin: 0 0 15px 0; color: inherit;'>\n<li style='margin-bottom: 5px;'>Experiencia obtenida gracias a m\u00e1s de 100&comma;000 unidades instaladas en todo el mundo<\/li>\n<li style='margin-bottom: 5px;'>Mayor confiabilidad<\/li>\n<li style='margin-bottom: 5px;'>Salida opcional HART\u00ae de m\u00e1s de 4 a 20 mA<\/li>\n<li style='margin-bottom: 5px;'>Puede detectar una amplia variedad de gases inflamables&comma; incluidos los solventes<\/li>\n<li style='margin-bottom: 5px;'>Mayor confiabilidad sin piezas m\u00f3viles<\/li>\n<li style='margin-bottom: 5px;'>Mayor estabilidad en las lentes de autocompensaci\u00f3n<\/li>\n<li style='margin-bottom: 5px;'>Inmunidad a la desviaci\u00f3n prolongada de componentes<\/li>\n<li style='margin-bottom: 5px;'>Instalaciones remotas para pruebas de gas funcionales<\/li>\n<li style='margin-bottom: 5px;'>Certificado para \u00e1reas peligrosas en Am\u00e9rica del Norte y Europa<\/li>\n<li style='margin-bottom: 5px;'>Mayor rechazo de falsas alarmas<\/li>\n<li style='margin-bottom: 5px;'>Mayor disponibilidad con advertencia de lentes contaminadas<\/li>\n<li style='margin-bottom: 5px;'>El control de calentamiento din\u00e1mico garantiza que las lentes est\u00e9n libres de condensaci\u00f3n<\/li>\n<li style='margin-bottom: 5px;'>Sin fallas no detectadas<\/li>\n<li style='margin-bottom: 5px;'>Diagn\u00f3sticos mejorados<\/li>\n<li style='margin-bottom: 5px;'>Registro integral de eventos<\/li>\n<li style='margin-bottom: 5px;'>Consumo de energ\u00eda reducido<\/li>\n<li style='margin-bottom: 5px;'>Certificado para muchos planes de clasificaci\u00f3n de \u00e1reas peligrosas&comma; que incluyen: UL&comma; CSA&comma; ATEX&comma; IECEx y m\u00e1s<\/li>\n<\/ul><\/div>\n<p> <!-- Ventajas de la tecnolog\u00eda infrarroja --> <\/p>\n<div style='margin-bottom: 30px;'>\n<h3 style='font-size: 20px; border-bottom: 2px solid currentColor; padding-bottom: 5px; margin-top: 0; color: inherit; opacity: 0.8;'>\u00bfPor qu\u00e9 elegir la tecnolog\u00eda infrarroja?<\/h3>\n<ul style='padding-left: 20px; margin: 0 0 15px 0; color: inherit;'>\n<li style='margin-bottom: 5px;'>Funcionamiento a prueba de fallas<\/li>\n<li style='margin-bottom: 5px;'>Velocidad de respuesta alta<\/li>\n<li style='margin-bottom: 5px;'>Mantenimiento de rutina reducido<\/li>\n<li style='margin-bottom: 5px;'>Inmunidad a los venenos catal\u00edticos<\/li>\n<li style='margin-bottom: 5px;'>Vida \u00fatil prolongada<\/li>\n<li style='margin-bottom: 5px;'>Funcionamiento posible en atm\u00f3sferas inertes<\/li>\n<\/ul><\/div>\n<p> <!-- Separador final --> <\/p>\n<hr style='border: 0; border-top: 1px solid rgba(150&comma; 150&comma; 150&comma; 0.3); margin: 30px 0;'> <\/div>\n","protected":false},"excerpt":{"rendered":"<p>Detector Infrarrojo Avanzado De Gases Combustibles, Versi\u00f3n Para Hidrocarburos, Salida 4 a 20 mA, Certificado UL\/INMETRO, Espiga De Rosca De Entrada NPT 3\/4&#8243;, Acero Inoxidable 316SS Electro Pulido, Serie Searchpoint Optima Plus<\/p>\n","protected":false},"featured_media":34801,"comment_status":"open","ping_status":"closed","template":"","meta":[],"product_brand":[],"product_cat":[987],"product_tag":[988,522,1014],"class_list":{"0":"post-34802","1":"product","2":"type-product","3":"status-publish","4":"has-post-thumbnail","6":"product_cat-detectores-de-gases","7":"product_tag-detectores-de-gases","8":"product_tag-dispositivos-convencionales","9":"product_tag-honeywell-analytics","11":"first","12":"instock","13":"sale","14":"shipping-taxable","15":"purchasable","16":"product-type-simple"},"_links":{"self":[{"href":"https:\/\/soydeaqui.ddns.net\/pachuca\/index.php\/wp-json\/wp\/v2\/product\/34802","targetHints":{"allow":["GET"]}}],"collection":[{"href":"https:\/\/soydeaqui.ddns.net\/pachuca\/index.php\/wp-json\/wp\/v2\/product"}],"about":[{"href":"https:\/\/soydeaqui.ddns.net\/pachuca\/index.php\/wp-json\/wp\/v2\/types\/product"}],"replies":[{"embeddable":true,"href":"https:\/\/soydeaqui.ddns.net\/pachuca\/index.php\/wp-json\/wp\/v2\/comments?post=34802"}],"wp:featuredmedia":[{"embeddable":true,"href":"https:\/\/soydeaqui.ddns.net\/pachuca\/index.php\/wp-json\/wp\/v2\/media\/34801"}],"wp:attachment":[{"href":"https:\/\/soydeaqui.ddns.net\/pachuca\/index.php\/wp-json\/wp\/v2\/media?parent=34802"}],"wp:term":[{"taxonomy":"product_brand","embeddable":true,"href":"https:\/\/soydeaqui.ddns.net\/pachuca\/index.php\/wp-json\/wp\/v2\/product_brand?post=34802"},{"taxonomy":"product_cat","embeddable":true,"href":"https:\/\/soydeaqui.ddns.net\/pachuca\/index.php\/wp-json\/wp\/v2\/product_cat?post=34802"},{"taxonomy":"product_tag","embeddable":true,"href":"https:\/\/soydeaqui.ddns.net\/pachuca\/index.php\/wp-json\/wp\/v2\/product_tag?post=34802"}],"curies":[{"name":"wp","href":"https:\/\/api.w.org\/{rel}","templated":true}]}}