{"id":34795,"date":"2026-03-18T15:29:42","date_gmt":"2026-03-18T15:29:42","guid":{"rendered":"https:\/\/soydeaqui.ddns.net\/pachuca\/index.php\/producto\/curso-tecnico-comercial-macurco-en-deteccion-de-gases\/"},"modified":"2026-03-18T15:29:42","modified_gmt":"2026-03-18T15:29:42","slug":"curso-tecnico-comercial-macurco-en-deteccion-de-gases","status":"publish","type":"product","link":"https:\/\/soydeaqui.ddns.net\/pachuca\/index.php\/producto\/curso-tecnico-comercial-macurco-en-deteccion-de-gases\/","title":{"rendered":"Curso T\u00e9cnico &#8211; Comercial Macurco en Detecci\u00f3n de Gases"},"content":{"rendered":"<div style='width: 100%; max-width: 1200px; margin: 0 auto; font-family: sans-serif; line-height: 1.6; color: inherit; background-color: transparent;'>\n<div style='display: flex; flex-wrap: wrap; gap: 30px; margin-bottom: 30px;'>\n<div style='flex: 1 1 300px; min-width: 280px;'>\n<h3 style='font-size: 22px; border-bottom: 2px solid currentColor; padding-bottom: 5px; margin-top: 0; color: inherit; opacity: 0.8;'>Curso en detecci\u00f3n de gases y sus aplicaciones<\/h3>\n<p style='font-size: 15px; color: inherit; margin-bottom: 15px;'>Este curso est\u00e1 dise\u00f1ado para t\u00e9cnicos&comma; ingenieros que distribuyen o piensan entrar al ramo de la detecci\u00f3n de gases. Obtenga los conocimientos necesarios para recomendar&comma; instalar y planificar un sistema en detecci\u00f3n de gases.<\/p>\n<h4 style='font-size: 18px; color: inherit; margin-top: 20px; margin-bottom: 10px;'>Temario:<\/h4>\n<ul style='padding-left: 20px; font-size: 15px; color: inherit;'>\n<li style='margin-bottom: 5px;'>Importancia de la Detecci\u00f3n de Gases<\/li>\n<li style='margin-bottom: 5px;'>\u00bfQu\u00e9 es gas?<\/li>\n<li style='margin-bottom: 5px;'>\u00bfQu\u00e9 es Aire?\n<ul style='padding-left: 20px; margin-top: 5px; margin-bottom: 5px; font-size: 14px;'>\n<li style='margin-bottom: 5px;'>Composici\u00f3n del aire<\/li>\n<\/ul>\n<\/li>\n<li style='margin-bottom: 5px;'>Riesgos Asociados<\/li>\n<li style='margin-bottom: 5px;'>L\u00edmites de Exposici\u00f3n<\/li>\n<li style='margin-bottom: 5px;'>Unidades de Medici\u00f3n\n<ul style='padding-left: 20px; margin-top: 5px; margin-bottom: 5px; font-size: 14px;'>\n<li style='margin-bottom: 5px;'>% Vol<\/li>\n<li style='margin-bottom: 5px;'>PPM<\/li>\n<\/ul>\n<\/li>\n<li style='margin-bottom: 5px;'>La Escala de LEL<\/li>\n<li style='margin-bottom: 5px;'>Principales Gases T\u00f3xicos y Combustibles<\/li>\n<li style='margin-bottom: 5px;'>Componentes de un Sistema de Detecci\u00f3n de Gas<\/li>\n<li style='margin-bottom: 5px;'>Riesgos en la Industria<\/li>\n<li style='margin-bottom: 5px;'>Aplicaciones<\/li>\n<li style='margin-bottom: 5px;'>Tecnolog\u00edas de los Sensores<\/li>\n<li style='margin-bottom: 5px;'>Clasificaciones\n<ul style='padding-left: 20px; margin-top: 5px; margin-bottom: 5px; font-size: 14px;'>\n<li style='margin-bottom: 5px;'>IP<\/li>\n<li style='margin-bottom: 5px;'>Nema<\/li>\n<\/ul>\n<\/li>\n<li style='margin-bottom: 5px;'>Productos Fire &#038; Security. Residencial<\/li>\n<li style='margin-bottom: 5px;'>GD-2A&comma; GD-2B&comma; CM-E1<\/li>\n<li style='margin-bottom: 5px;'>Productos HVAC\/R&comma; Electrical. Comercial\n<ul style='padding-left: 20px; margin-top: 5px; margin-bottom: 5px; font-size: 14px;'>\n<li style='margin-bottom: 5px;'>Serie 6 y Serie 12<\/li>\n<li style='margin-bottom: 5px;'>GD-6<\/li>\n<li style='margin-bottom: 5px;'>CM-6<\/li>\n<\/ul>\n<\/li>\n<li style='margin-bottom: 5px;'>Paneles de Control<\/li>\n<li style='margin-bottom: 5px;'>Detecci\u00f3n Fija. Aplicaciones Industriales Trac XP<\/li>\n<li style='margin-bottom: 5px;'>Detecci\u00f3n de Flama<\/li>\n<li style='margin-bottom: 5px;'>Aim Safety\/Detecci\u00f3n de Gas Port\u00e1til<\/li>\n<li style='margin-bottom: 5px;'>Aplicaciones<\/li>\n<li style='margin-bottom: 5px;'>Caso Pr\u00e1ctico. Estacionamientos<\/li>\n<li style='margin-bottom: 5px;'>Hands On<\/li>\n<li style='margin-bottom: 5px;'>Calibraci\u00f3n<\/li>\n<\/ul><\/div>\n<\/p><\/div>\n<\/p><\/div>\n","protected":false},"excerpt":{"rendered":"<p>Curso T\u00e9cnico &#8211; Comercial Macurco en Detecci\u00f3n de Gases<\/p>\n","protected":false},"featured_media":34794,"comment_status":"open","ping_status":"closed","template":"","meta":[],"product_brand":[],"product_cat":[987],"product_tag":[988,522,989],"class_list":{"0":"post-34795","1":"product","2":"type-product","3":"status-publish","4":"has-post-thumbnail","6":"product_cat-detectores-de-gases","7":"product_tag-detectores-de-gases","8":"product_tag-dispositivos-convencionales","9":"product_tag-macurco-aerionics","11":"first","12":"outofstock","13":"sale","14":"shipping-taxable","15":"purchasable","16":"product-type-simple"},"_links":{"self":[{"href":"https:\/\/soydeaqui.ddns.net\/pachuca\/index.php\/wp-json\/wp\/v2\/product\/34795","targetHints":{"allow":["GET"]}}],"collection":[{"href":"https:\/\/soydeaqui.ddns.net\/pachuca\/index.php\/wp-json\/wp\/v2\/product"}],"about":[{"href":"https:\/\/soydeaqui.ddns.net\/pachuca\/index.php\/wp-json\/wp\/v2\/types\/product"}],"replies":[{"embeddable":true,"href":"https:\/\/soydeaqui.ddns.net\/pachuca\/index.php\/wp-json\/wp\/v2\/comments?post=34795"}],"wp:featuredmedia":[{"embeddable":true,"href":"https:\/\/soydeaqui.ddns.net\/pachuca\/index.php\/wp-json\/wp\/v2\/media\/34794"}],"wp:attachment":[{"href":"https:\/\/soydeaqui.ddns.net\/pachuca\/index.php\/wp-json\/wp\/v2\/media?parent=34795"}],"wp:term":[{"taxonomy":"product_brand","embeddable":true,"href":"https:\/\/soydeaqui.ddns.net\/pachuca\/index.php\/wp-json\/wp\/v2\/product_brand?post=34795"},{"taxonomy":"product_cat","embeddable":true,"href":"https:\/\/soydeaqui.ddns.net\/pachuca\/index.php\/wp-json\/wp\/v2\/product_cat?post=34795"},{"taxonomy":"product_tag","embeddable":true,"href":"https:\/\/soydeaqui.ddns.net\/pachuca\/index.php\/wp-json\/wp\/v2\/product_tag?post=34795"}],"curies":[{"name":"wp","href":"https:\/\/api.w.org\/{rel}","templated":true}]}}