{"id":34789,"date":"2026-03-18T15:29:33","date_gmt":"2026-03-18T15:29:33","guid":{"rendered":"https:\/\/soydeaqui.ddns.net\/pachuca\/index.php\/producto\/probador-de-baterias-de-plomo-acido-para-identificar-baterias-debiles-o-en-falla-incluye-funda-es-ideal-para-sus-mantenimientos-de-sistemas-de-seguridad\/"},"modified":"2026-03-18T15:29:40","modified_gmt":"2026-03-18T15:29:40","slug":"probador-de-baterias-de-plomo-acido-para-identificar-baterias-debiles-o-en-falla-incluye-funda-es-ideal-para-sus-mantenimientos-de-sistemas-de-seguridad","status":"publish","type":"product","link":"https:\/\/soydeaqui.ddns.net\/pachuca\/index.php\/producto\/probador-de-baterias-de-plomo-acido-para-identificar-baterias-debiles-o-en-falla-incluye-funda-es-ideal-para-sus-mantenimientos-de-sistemas-de-seguridad\/","title":{"rendered":"Probador De Bater\u00edas De Plomo-Acido Para Identificar Bater\u00edas D\u00e9biles o En Falla, Incluye Funda, Es Ideal Para Sus Mantenimientos De Sistemas De Seguridad"},"content":{"rendered":"<div style='width: 100%; max-width: 1200px; margin: 0 auto; font-family: sans-serif; line-height: 1.6; color: inherit; background-color: transparent;'>\n<div style='display: flex; flex-wrap: wrap; gap: 30px; margin-bottom: 30px;'>\n<div style='flex: 1 1 300px; min-width: 280px;'>\n<h3 style='font-size: 22px; border-bottom: 2px solid currentColor; padding-bottom: 5px; margin-top: 0; color: inherit; opacity: 0.8;'>Descripci\u00f3n<\/h3>\n<p style='font-size: 15px; color: inherit; margin-top: 0;'> Cell Checker utiliza tecnolog\u00eda de carga por pulsos para proporcionar una prueba integral del estado de carga y la condici\u00f3n de una bater\u00eda. En lugar de simplemente mostrar una lectura de voltaje&comma; Cell Checker determina la capacidad de energ\u00eda restante de una bater\u00eda midiendo su capacidad para mantener los niveles de voltaje mientras est\u00e1 bajo carga. <\/p>\n<p style='font-size: 15px; color: inherit;'> Los sistemas de alarma tienen muchos componentes que pueden fallar o perder efectividad con el tiempo. SDi Fire puede proporcionarle comprobadores de componentes de alarma para asegurarse de que sus alarmas no se degraden y de que funcionen correctamente. Con el tiempo&comma; los componentes de las alarmas pueden corroerse y contaminarse con suciedad y otros contaminantes. Una parte esencial de la seguridad contra incendios es asegurarse de que estos componentes sigan funcionando como deber\u00edan. Nuestros comprobadores de componentes de alarma son extremadamente precisos y pueden ayudar a garantizar que sus sistemas funcionen con la m\u00e1xima eficiencia. Al cumplir con las normas de seguridad contra incendios&comma; debe estar al tanto de sus sistemas de alarma. SDi Fire tiene los productos para ayudarlo a probar los componentes de sus alarmas. <\/p>\n<\/p><\/div>\n<\/p><\/div>\n<div style='display: flex; flex-wrap: wrap; gap: 20px; margin-bottom: 30px;'>\n<div style='flex: 1 1 250px; border: 1px solid rgba(150&comma; 150&comma; 150&comma; 0.4); border-radius: 8px; overflow: hidden; display: flex; flex-direction: column;'>\n<div style='padding: 15px; border-bottom: 1px solid rgba(150&comma; 150&comma; 150&comma; 0.2); font-weight: bold; font-size: 18px; color: inherit;'>Caracter\u00edsticas Generales<\/div>\n<div style='padding: 15px; color: inherit;'>\n<ul style='padding-left: 20px; margin: 0; font-size: 14px; list-style-type: disc; color: inherit;'>\n<li style='margin-bottom: 5px;'>Comprueba el estado de la bater\u00eda: identifica de forma r\u00e1pida y sencilla bater\u00edas d\u00e9biles o defectuosas.<\/li>\n<li style='margin-bottom: 5px;'>Prueba de carga de pulso genuina&comma; f\u00e1cil de operar&comma; con resultados de prueba en 15 segundos.<\/li>\n<li style='margin-bottom: 5px;'>Para probar bater\u00edas de: <span style='color: #e74c3c; font-weight: bold;'>2&comma; 4&comma; 6&comma; 8 o 12 V&comma; hasta 200 AH<\/span>.<\/li>\n<li style='margin-bottom: 5px;'>Incluye funda de tela.<\/li>\n<li style='margin-bottom: 5px;'>Ideal para el mantenimiento de los paneles de alarma de incendio y sistemas de seguridad.<\/li>\n<li style='margin-bottom: 5px;'>Identifica bater\u00edas en falla&comma; d\u00e9biles o por terminar su ciclo de vida.<\/li>\n<li style='margin-bottom: 5px;'>No solo prueba el voltaje y resistencia interna sino tambi\u00e9n el rendimiento.<\/li>\n<li style='margin-bottom: 5px;'>Prueba bater\u00edas SLA (Sealed Lead-Acid) Plomo-\u00c1cido Sellado.<\/li>\n<li style='margin-bottom: 5px;'>Alimentaci\u00f3n: <span style='color: inherit; font-weight: bold;'>4 bater\u00edas AA<\/span> (no incluidas).<\/li>\n<li style='margin-bottom: 5px;'>Dimensiones: 235 x 159 x 51 mm.<\/li>\n<\/ul><\/div>\n<\/p><\/div>\n<\/p><\/div>\n<div style='position: relative; padding-bottom: 56.25%; height: 0; overflow: hidden; margin-bottom: 30px;'>   <\/div>\n<\/p><\/div>\n","protected":false},"excerpt":{"rendered":"<p>Probador De Bater\u00edas De Plomo-Acido Para Identificar Bater\u00edas D\u00e9biles o En Falla, Incluye Funda, Es Ideal Para Sus Mantenimientos De Sistemas De Seguridad<\/p>\n","protected":false},"featured_media":34788,"comment_status":"open","ping_status":"closed","template":"","meta":[],"product_brand":[],"product_cat":[731],"product_tag":[26,25,403],"class_list":{"0":"post-34789","1":"product","2":"type-product","3":"status-publish","4":"has-post-thumbnail","6":"product_cat-accesorios-de-instalacion-herramientas-deteccion-de-fuego","7":"product_tag-accesorios-de-instalacion","8":"product_tag-herramientas","9":"product_tag-sdi","11":"first","12":"instock","13":"sale","14":"shipping-taxable","15":"purchasable","16":"product-type-simple"},"_links":{"self":[{"href":"https:\/\/soydeaqui.ddns.net\/pachuca\/index.php\/wp-json\/wp\/v2\/product\/34789","targetHints":{"allow":["GET"]}}],"collection":[{"href":"https:\/\/soydeaqui.ddns.net\/pachuca\/index.php\/wp-json\/wp\/v2\/product"}],"about":[{"href":"https:\/\/soydeaqui.ddns.net\/pachuca\/index.php\/wp-json\/wp\/v2\/types\/product"}],"replies":[{"embeddable":true,"href":"https:\/\/soydeaqui.ddns.net\/pachuca\/index.php\/wp-json\/wp\/v2\/comments?post=34789"}],"wp:featuredmedia":[{"embeddable":true,"href":"https:\/\/soydeaqui.ddns.net\/pachuca\/index.php\/wp-json\/wp\/v2\/media\/34788"}],"wp:attachment":[{"href":"https:\/\/soydeaqui.ddns.net\/pachuca\/index.php\/wp-json\/wp\/v2\/media?parent=34789"}],"wp:term":[{"taxonomy":"product_brand","embeddable":true,"href":"https:\/\/soydeaqui.ddns.net\/pachuca\/index.php\/wp-json\/wp\/v2\/product_brand?post=34789"},{"taxonomy":"product_cat","embeddable":true,"href":"https:\/\/soydeaqui.ddns.net\/pachuca\/index.php\/wp-json\/wp\/v2\/product_cat?post=34789"},{"taxonomy":"product_tag","embeddable":true,"href":"https:\/\/soydeaqui.ddns.net\/pachuca\/index.php\/wp-json\/wp\/v2\/product_tag?post=34789"}],"curies":[{"name":"wp","href":"https:\/\/api.w.org\/{rel}","templated":true}]}}