{"id":34787,"date":"2026-03-18T15:29:31","date_gmt":"2026-03-18T15:29:31","guid":{"rendered":"https:\/\/soydeaqui.ddns.net\/pachuca\/index.php\/producto\/pertiga-telescopica-smart-1-75-m-5-75-ft-compacta-armable-portatil-soporta-extensiones-solo-111-para-mayor-altura\/"},"modified":"2026-03-18T15:29:32","modified_gmt":"2026-03-18T15:29:32","slug":"pertiga-telescopica-smart-1-75-m-5-75-ft-compacta-armable-portatil-soporta-extensiones-solo-111-para-mayor-altura","status":"publish","type":"product","link":"https:\/\/soydeaqui.ddns.net\/pachuca\/index.php\/producto\/pertiga-telescopica-smart-1-75-m-5-75-ft-compacta-armable-portatil-soporta-extensiones-solo-111-para-mayor-altura\/","title":{"rendered":"P\u00e9rtiga telesc\u00f3pica SMART 1.75 m (5.75 ft), compacta, armable, port\u00e1til. Soporta extensiones Solo-111 para mayor altura"},"content":{"rendered":"<div style='width: 100%; max-width: 1200px; margin: 0 auto; font-family: sans-serif; line-height: 1.6; color: inherit; background-color: transparent;'> <!-- Secci\u00f3n de descripci\u00f3n --> <\/p>\n<div style='margin-bottom: 30px;'>\n<p style='margin: 0 0 15px 0; text-align: center; font-weight: bold; font-size: 18px; color: inherit; opacity: 0.85;'>Pertigas Telescopicas Super Resistentes Serie<\/p>\n<p style='margin: 0 0 15px 0; text-align: center; font-weight: bold; font-size: 18px; color: inherit; opacity: 0.85;'>Solo\u2122 Detector Testers<\/p>\n<\/p><\/div>\n<p> <!-- Secci\u00f3n de contenido con justificaci\u00f3n --> <\/p>\n<div style='margin-bottom: 30px; font-size: 15px; color: inherit;'>\n<p style='margin: 0 0 15px 0; text-align: justify;'> En la mayor\u00eda de los casos&comma; los techos son demasiado altos de 9m para alcanzar a poder hacer la prueba que exige la norma NFPA72 de los detectores de humo&comma; temperatura&comma; mon\u00f3xido de carbono&comma; etc. lo cual implica usar andamios&comma; escaleras o plataformas el\u00e9ctricas&comma; etc. Aumentando el riesgo de accidentes al trabajar en grandes alturas&comma; as\u00ed mismo&comma; se pierde mucho tiempo en los mantenimientos y se elevan los costos del servicio. <\/p>\n<p style='margin: 0 0 15px 0; text-align: justify;'> Las p\u00e9rtigas telesc\u00f3picas seccionales de fibra de vidrio&comma; son totalmente portables para el veh\u00edculo&comma; sumamente ligeras donde una sola persona puede realizar el mantenimiento de los detectores y altamente duraderas. Son la soluci\u00f3n ideal para los integradores dedicados en el ramo y servicio de los sistemas de detecci\u00f3n de incendios. <\/p>\n<p style='margin: 0 0 15px 0; text-align: justify;'> Tambi\u00e9n se ofrecen en conjunto con las p\u00e9rtigas una amplia gama de dispensadores manuales y electr\u00f3nicos&comma; para probar los detectores de humo\/temperatura y mon\u00f3xido de carbono de una manera muy sencilla&comma; r\u00e1pida&comma; y totalmente segura sin despegar los pies del suelo. Evitando as\u00ed el riesgo de accidentes por ca\u00eddas del t\u00e9cnico&comma; reduciendo costos y tiempo del mantenimiento. <\/p>\n<\/p><\/div>\n<p> <!-- Secci\u00f3n de caracter\u00edsticas --> <\/p>\n<div style='margin-bottom: 30px;'>\n<h3 style='font-size: 22px; border-bottom: 2px solid currentColor; padding-bottom: 5px; margin-top: 0; margin-bottom: 15px; color: inherit; opacity: 0.8;'>Caracter\u00edsticas<\/h3>\n<ul style='padding-left: 20px; font-size: 15px; color: inherit;'>\n<li style='margin-bottom: 5px;'>Certificados como No Conductivos<\/li>\n<li style='margin-bottom: 5px;'>Super ligeros<\/li>\n<li style='margin-bottom: 5px;'>F\u00e1ciles de usar y manipular<\/li>\n<li style='margin-bottom: 5px;'>Protege al ingeniero\/tecnico y a los detectores de cortocircuitos<\/li>\n<li style='margin-bottom: 5px;'>Compatible con todos los cabezales de la serie Solo&comma; Testifire&comma; Trusted&comma; etc.<\/li>\n<li style='margin-bottom: 5px;'>Garant\u00eda limitada de por vida<\/li>\n<li style='margin-bottom: 5px;'>Se puede compactar en partes peque\u00f1as<\/li>\n<li style='margin-bottom: 5px;'>Super f\u00e1ciles de transportar<\/li>\n<li style='margin-bottom: 5px;'>Perfecto para inspecciones r\u00e1pidas<\/li>\n<li style='margin-bottom: 5px;'>Cabe en la mochila de transporte Solo 611 SMART<\/li>\n<li style='margin-bottom: 5px;'>Soporta hasta tres secciones de Solo 111 0.50 m (1.65 ft)&comma; para probar hasta 4.5 m (15 ft)<\/li>\n<\/ul><\/div>\n<p> <!-- Secci\u00f3n de video --> <\/p>\n<div style='margin-bottom: 30px;'>\n<div style='position: relative; padding-bottom: 56.25%; height: 0; overflow: hidden; margin-bottom: 30px;'>   <\/div>\n<\/p><\/div>\n<p> <!-- Separador --> <\/p>\n<hr style='border: 0; border-top: 1px solid rgba(150&comma; 150&comma; 150&comma; 0.3); margin: 30px 0;'> <\/div>\n","protected":false},"excerpt":{"rendered":"<p>P\u00e9rtiga telesc\u00f3pica SMART 1.75 m (5.75 ft), compacta, armable, port\u00e1til. Soporta extensiones Solo-111 para mayor altura<\/p>\n","protected":false},"featured_media":34786,"comment_status":"open","ping_status":"closed","template":"","meta":[],"product_brand":[],"product_cat":[448],"product_tag":[449,403,225],"class_list":{"0":"post-34787","1":"product","2":"type-product","3":"status-publish","4":"has-post-thumbnail","6":"product_cat-todo-accesorios-y-dispositivos-direccionables","7":"product_tag-accesorios-y-dispositivos-direccionables","8":"product_tag-sdi","9":"product_tag-todo","11":"first","12":"outofstock","13":"sale","14":"shipping-taxable","15":"purchasable","16":"product-type-simple"},"_links":{"self":[{"href":"https:\/\/soydeaqui.ddns.net\/pachuca\/index.php\/wp-json\/wp\/v2\/product\/34787","targetHints":{"allow":["GET"]}}],"collection":[{"href":"https:\/\/soydeaqui.ddns.net\/pachuca\/index.php\/wp-json\/wp\/v2\/product"}],"about":[{"href":"https:\/\/soydeaqui.ddns.net\/pachuca\/index.php\/wp-json\/wp\/v2\/types\/product"}],"replies":[{"embeddable":true,"href":"https:\/\/soydeaqui.ddns.net\/pachuca\/index.php\/wp-json\/wp\/v2\/comments?post=34787"}],"wp:featuredmedia":[{"embeddable":true,"href":"https:\/\/soydeaqui.ddns.net\/pachuca\/index.php\/wp-json\/wp\/v2\/media\/34786"}],"wp:attachment":[{"href":"https:\/\/soydeaqui.ddns.net\/pachuca\/index.php\/wp-json\/wp\/v2\/media?parent=34787"}],"wp:term":[{"taxonomy":"product_brand","embeddable":true,"href":"https:\/\/soydeaqui.ddns.net\/pachuca\/index.php\/wp-json\/wp\/v2\/product_brand?post=34787"},{"taxonomy":"product_cat","embeddable":true,"href":"https:\/\/soydeaqui.ddns.net\/pachuca\/index.php\/wp-json\/wp\/v2\/product_cat?post=34787"},{"taxonomy":"product_tag","embeddable":true,"href":"https:\/\/soydeaqui.ddns.net\/pachuca\/index.php\/wp-json\/wp\/v2\/product_tag?post=34787"}],"curies":[{"name":"wp","href":"https:\/\/api.w.org\/{rel}","templated":true}]}}