{"id":3476,"date":"2026-03-18T06:08:32","date_gmt":"2026-03-18T06:08:32","guid":{"rendered":"https:\/\/soydeaqui.ddns.net\/pachuca\/index.php\/producto\/cerradura-digital-ydm60-huella-digital-tarjeta-de-proximidad-codigo-numerico-y-llave-de-alto-diseno-estetico\/"},"modified":"2026-03-18T06:08:32","modified_gmt":"2026-03-18T06:08:32","slug":"cerradura-digital-ydm60-huella-digital-tarjeta-de-proximidad-codigo-numerico-y-llave-de-alto-diseno-estetico","status":"publish","type":"product","link":"https:\/\/soydeaqui.ddns.net\/pachuca\/index.php\/producto\/cerradura-digital-ydm60-huella-digital-tarjeta-de-proximidad-codigo-numerico-y-llave-de-alto-diseno-estetico\/","title":{"rendered":"Cerradura  Digital  YDM60\/ Huella digital, tarjeta de proximidad, c\u00f3digo num\u00e9rico y llave \/ de Alto Dise\u00f1o Est\u00e9tico!"},"content":{"rendered":"<div style='width: 100%; max-width: 1200px; margin: 0 auto; font-family: sans-serif; line-height: 1.6; color: inherit; background-color: transparent;'>\n<div style='display: flex; flex-wrap: wrap; gap: 30px; margin-bottom: 30px;'>\n<div style='flex: 1 1 300px; min-width: 280px;'>\n<h3 style='font-size: 22px; border-bottom: 2px solid currentColor; padding-bottom: 5px; margin-top: 0; color: inherit; opacity: 0.8;'>Descripci\u00f3n<\/h3>\n<p style='margin-top: 0; font-size: 15px; color: inherit;'>La Cerradura Digital YDM60 es un sistema de seguridad con tecnolog\u00eda de primera clase. Con un sistema de apertura que funciona tanto con huella digital como a distancia&comma; proporciona seguridad de alto nivel para la privacidad y la protecci\u00f3n de su hogar y oficina.<\/p>\n<\/p><\/div>\n<\/p><\/div>\n<div style='display: flex; flex-wrap: wrap; gap: 20px; margin-bottom: 30px;'>\n<div style='flex: 1 1 250px; border: 1px solid rgba(150&comma; 150&comma; 150&comma; 0.4); border-radius: 8px; overflow: hidden; display: flex; flex-direction: column;'>\n<div style='padding: 15px; border-bottom: 1px solid rgba(150&comma; 150&comma; 150&comma; 0.2); font-weight: bold; font-size: 18px; color: inherit;'>Modos de Apertura<\/div>\n<div style='padding: 15px; color: inherit;'>\n<ul style='padding-left: 20px; margin: 0; font-size: 14px; list-style-type: disc;'>\n<li style='margin-bottom: 5px;'><strong>Huella:<\/strong> Puedes registrar hasta 100 huellas.<\/li>\n<li style='margin-bottom: 5px;'><strong>C\u00f3digo:<\/strong> Genera hasta 100 c\u00f3digos.<\/li>\n<li style='margin-bottom: 5px;'><strong>Tarjeta de proximidad:<\/strong> Incluye 2 tarjetas.<\/li>\n<li style='margin-bottom: 5px;'><strong>Llave:<\/strong> Incluye 2 llaves de puntos de alta seguridad para apertura de emergencia.<\/li>\n<li style='margin-bottom: 5px;'><strong>A distancia:<\/strong> Mediante la aplicaci\u00f3n Yale Connect.<\/li>\n<\/ul><\/div>\n<\/p><\/div>\n<div style='flex: 1 1 250px; border: 1px solid rgba(150&comma; 150&comma; 150&comma; 0.4); border-radius: 8px; overflow: hidden; display: flex; flex-direction: column;'>\n<div style='padding: 15px; border-bottom: 1px solid rgba(150&comma; 150&comma; 150&comma; 0.2); font-weight: bold; font-size: 18px; color: inherit;'>Contenido del Paquete<\/div>\n<div style='padding: 15px; color: inherit;'>\n<ul style='padding-left: 20px; margin: 0; font-size: 14px; list-style-type: disc;'>\n<li style='margin-bottom: 5px;'>Cerradura YDM60 con mecanismo.<\/li>\n<li style='margin-bottom: 5px;'>M\u00f3dulo integrado en la cerradura.<\/li>\n<li style='margin-bottom: 5px;'>HUB Yale Connect.<\/li>\n<li style='margin-bottom: 5px;'>Torniller\u00eda.<\/li>\n<li style='margin-bottom: 5px;'>Manual de instalaci\u00f3n.<\/li>\n<\/ul><\/div>\n<\/p><\/div>\n<div style='flex: 1 1 250px; border: 1px solid rgba(150&comma; 150&comma; 150&comma; 0.4); border-radius: 8px; overflow: hidden; display: flex; flex-direction: column;'>\n<div style='padding: 15px; border-bottom: 1px solid rgba(150&comma; 150&comma; 150&comma; 0.2); font-weight: bold; font-size: 18px; color: inherit;'>Especificaciones<\/div>\n<div style='padding: 15px; color: inherit;'>\n<ul style='padding-left: 20px; margin: 0; font-size: 14px; list-style-type: disc;'>\n<li style='margin-bottom: 5px;'>Ancho de puerta: 3.5 cm hasta 10 cm.<\/li>\n<li style='margin-bottom: 5px;'>Para puertas abatibles derechas e izquierdas.<\/li>\n<li style='margin-bottom: 5px;'>Mecanismo de embutir.<\/li>\n<li style='margin-bottom: 5px;'>Backset ajustable 50 mm.<\/li>\n<li style='margin-bottom: 5px;'>Requiere 4 pilas AA alcalinas (no incluidas).<\/li>\n<li style='margin-bottom: 5px;'>Alcance de hasta 20 m del Hub a la cerradura YDM60.<\/li>\n<\/ul><\/div>\n<\/p><\/div>\n<div style='flex: 1 1 250px; border: 1px solid rgba(150&comma; 150&comma; 150&comma; 0.4); border-radius: 8px; overflow: hidden; display: flex; flex-direction: column;'>\n<div style='padding: 15px; border-bottom: 1px solid rgba(150&comma; 150&comma; 150&comma; 0.2); font-weight: bold; font-size: 18px; color: inherit;'>Caracter\u00edsticas<\/div>\n<div style='padding: 15px; color: inherit;'>\n<ul style='padding-left: 20px; margin: 0; font-size: 14px; list-style-type: disc;'>\n<li style='margin-bottom: 5px;'>Compatible con Yale Connect.<\/li>\n<li style='margin-bottom: 5px;'>M\u00f3dulo Zigbee integrado.<\/li>\n<li style='margin-bottom: 5px;'>Control y gesti\u00f3n por aplicaci\u00f3n.<\/li>\n<li style='margin-bottom: 5px;'>Compatible con Amazon Alexa y Google Home.<\/li>\n<li style='margin-bottom: 5px;'>Teclado retroiluminado.<\/li>\n<li style='margin-bottom: 5px;'>Puerto de emergencia USB.<\/li>\n<\/ul><\/div>\n<\/p><\/div>\n<\/p><\/div>\n<div style='display: flex; flex-wrap: wrap; gap: 30px; margin-bottom: 30px;'>\n<div style='flex: 1 1 300px; min-width: 280px;'>\n<h3 style='font-size: 22px; border-bottom: 2px solid currentColor; padding-bottom: 5px; margin-top: 0; color: inherit; opacity: 0.8;'>Aplicaci\u00f3n<\/h3>\n<ul style='padding-left: 20px; font-size: 15px; color: inherit;'>\n<li style='margin-bottom: 5px;'>Cerradura residencial para puertas abatibles de madera&comma; metal y aluminio (europeo).<\/li>\n<li style='margin-bottom: 5px;'>Versi\u00f3n: Manija-manija.<\/li>\n<li style='margin-bottom: 5px;'>Cerradura de seguridad para tu puerta.<\/li>\n<\/ul><\/div>\n<\/p><\/div>\n<div style='display: flex; flex-wrap: wrap; gap: 30px; margin-bottom: 30px;'>\n<div style='flex: 1 1 300px; min-width: 280px;'>\n<h3 style='font-size: 22px; border-bottom: 2px solid currentColor; padding-bottom: 5px; margin-top: 0; color: inherit; opacity: 0.8;'>Capacidad<\/h3>\n<ul style='padding-left: 20px; font-size: 15px; color: inherit;'>\n<li style='margin-bottom: 5px;'>Hasta 250 c\u00f3digos de acceso configurables (huella digital \/ c\u00f3digo num\u00e9rico \/ tarjeta de proximidad).<\/li>\n<li style='margin-bottom: 5px;'>Men\u00fa asistido por voz.<\/li>\n<\/ul><\/div>\n<\/p><\/div>\n<div style='display: flex; flex-wrap: wrap; gap: 30px; margin-bottom: 30px;'>\n<div style='flex: 1 1 300px; min-width: 280px;'>\n<h3 style='font-size: 22px; border-bottom: 2px solid currentColor; padding-bottom: 5px; margin-top: 0; color: inherit; opacity: 0.8;'>Nota Importante<\/h3>\n<p style='margin-top: 0; font-size: 15px; color: inherit;'>El uso de la aplicaci\u00f3n de YALE solo est\u00e1 disponible para uso en M\u00c9XICO&comma; no aplica el uso desde otros pa\u00edses.<\/p>\n<\/p><\/div>\n<\/p><\/div>\n<hr style='border: 0; border-top: 1px solid rgba(150&comma; 150&comma; 150&comma; 0.3); margin: 30px 0;'>\n<div style='display: flex; flex-wrap: wrap; gap: 30px; margin-bottom: 30px;'>\n<div style='flex: 1 1 300px; min-width: 280px;'> <img style='width: 100%; height: auto; border: 1px solid rgba(150&comma;150&comma;150&comma;0.3); border-radius: 8px;' src='http:\/\/ftp3.syscom.mx\/usuarios\/ftp\/2017\/01\/03\/43ba4\/yale-logo.jpg' alt=''> <\/div>\n<\/p><\/div>\n<\/p><\/div>\n","protected":false},"excerpt":{"rendered":"<p>Cerradura  Digital  YDM60\/ Huella digital, tarjeta de proximidad, c\u00f3digo num\u00e9rico y llave \/ de Alto Dise\u00f1o Est\u00e9tico!<\/p>\n","protected":false},"featured_media":3475,"comment_status":"open","ping_status":"closed","template":"","meta":[],"product_brand":[],"product_cat":[86],"product_tag":[88,87,395],"class_list":{"0":"post-3476","1":"product","2":"type-product","3":"status-publish","4":"has-post-thumbnail","6":"product_cat-autonomas-inteligentes","7":"product_tag-autonomas-inteligentes","8":"product_tag-cerraduras","9":"product_tag-yale-assa-abloy","11":"first","12":"instock","13":"sale","14":"shipping-taxable","15":"purchasable","16":"product-type-simple"},"_links":{"self":[{"href":"https:\/\/soydeaqui.ddns.net\/pachuca\/index.php\/wp-json\/wp\/v2\/product\/3476","targetHints":{"allow":["GET"]}}],"collection":[{"href":"https:\/\/soydeaqui.ddns.net\/pachuca\/index.php\/wp-json\/wp\/v2\/product"}],"about":[{"href":"https:\/\/soydeaqui.ddns.net\/pachuca\/index.php\/wp-json\/wp\/v2\/types\/product"}],"replies":[{"embeddable":true,"href":"https:\/\/soydeaqui.ddns.net\/pachuca\/index.php\/wp-json\/wp\/v2\/comments?post=3476"}],"wp:featuredmedia":[{"embeddable":true,"href":"https:\/\/soydeaqui.ddns.net\/pachuca\/index.php\/wp-json\/wp\/v2\/media\/3475"}],"wp:attachment":[{"href":"https:\/\/soydeaqui.ddns.net\/pachuca\/index.php\/wp-json\/wp\/v2\/media?parent=3476"}],"wp:term":[{"taxonomy":"product_brand","embeddable":true,"href":"https:\/\/soydeaqui.ddns.net\/pachuca\/index.php\/wp-json\/wp\/v2\/product_brand?post=3476"},{"taxonomy":"product_cat","embeddable":true,"href":"https:\/\/soydeaqui.ddns.net\/pachuca\/index.php\/wp-json\/wp\/v2\/product_cat?post=3476"},{"taxonomy":"product_tag","embeddable":true,"href":"https:\/\/soydeaqui.ddns.net\/pachuca\/index.php\/wp-json\/wp\/v2\/product_tag?post=3476"}],"curies":[{"name":"wp","href":"https:\/\/api.w.org\/{rel}","templated":true}]}}