{"id":34749,"date":"2026-03-18T15:28:41","date_gmt":"2026-03-18T15:28:41","guid":{"rendered":"https:\/\/soydeaqui.ddns.net\/pachuca\/index.php\/producto\/bobina-de-305-metros-alambre-2-x-12-awg-blindado-color-rojo-fplr-para-aplicaciones-en-sistemas-de-deteccion-contra-incendios-hecho-en-mexico\/"},"modified":"2026-03-18T15:28:42","modified_gmt":"2026-03-18T15:28:42","slug":"bobina-de-305-metros-alambre-2-x-12-awg-blindado-color-rojo-fplr-para-aplicaciones-en-sistemas-de-deteccion-contra-incendios-hecho-en-mexico","status":"publish","type":"product","link":"https:\/\/soydeaqui.ddns.net\/pachuca\/index.php\/producto\/bobina-de-305-metros-alambre-2-x-12-awg-blindado-color-rojo-fplr-para-aplicaciones-en-sistemas-de-deteccion-contra-incendios-hecho-en-mexico\/","title":{"rendered":"Bobina de 305 metros\/  Alambre \/ 2 x 12 AWG \/  BLINDADO \/ Color Rojo \/ FPLR \/ Para aplicaciones en sistemas de detecci\u00f3n contra Incendios \/ Hecho en M\u00e9xico"},"content":{"rendered":"<div style='width: 100%; max-width: 1200px; margin: 0 auto; font-family: sans-serif; line-height: 1.6; color: inherit; background-color: transparent;'> <!-- Secci\u00f3n de descripci\u00f3n principal --> <\/p>\n<div style='margin-bottom: 30px;'>\n<h4 style='font-size: 20px; text-align: center; margin: 0 0 10px 0; color: inherit;'>Alambre 2 x 12 AWG Blindado&comma; Rojo&comma; FPLR para aplicaciones en sistemas de detecci\u00f3n de incendios<\/h4>\n<h5 style='text-align: center; margin: 0 0 20px 0; color: inherit; opacity: 0.8;'><\/h5>\n<h4 style='font-size: 18px; text-align: center; margin: 0 0 20px 0; color: inherit; opacity: 0.9;'>Los cables de alarmas contra incendio VIAKON est\u00e1n dise\u00f1ados para utilizarse en la conexi\u00f3n de equipos contra incendio&comma; tales como: Panel de control&comma; estaciones manuales&comma; sirenas&comma; estrobos&comma; sensores y detectores de humo y calor.<\/h4>\n<h4 style='font-size: 16px; text-align: center; margin: 0 0 20px 0; color: inherit; opacity: 0.9;'>Alambre multiconductor&comma; formado conductores de cobre s\u00f3lido&comma; aislamiento individual de policloruro de vinilo (PVC)&comma; blindaje electromagn\u00e9tico (Cinta Maylar Aluminizada + Dren)&comma; cubierta de Policloruro de vinilo (PVC) color rojo con propiedades antiflama<\/h4>\n<p style='text-align: center; margin: 10px 70px 50px 70px; color: inherit; opacity: 0.8;'><strong>Para aplicaciones en sistemas de seguridad electr\u00f3nica y comunicaci\u00f3n.<\/strong><\/p>\n<\/p><\/div>\n<p> <!-- Secci\u00f3n de caracter\u00edsticas y especificaciones --> <\/p>\n<div style='display: flex; flex-wrap: wrap; gap: 20px; margin-bottom: 30px;'> <!-- Caracter\u00edsticas --> <\/p>\n<div style='flex: 1 1 250px; min-width: 280px; border: 1px solid rgba(150&comma; 150&comma; 150&comma; 0.4); border-radius: 8px; overflow: hidden; display: flex; flex-direction: column;'>\n<div style='padding: 15px; border-bottom: 1px solid rgba(150&comma; 150&comma; 150&comma; 0.2); font-weight: bold; font-size: 18px; color: inherit;'>Caracter\u00edsticas<\/div>\n<div style='padding: 15px; color: inherit; flex-grow: 1; display: flex; flex-direction: column;'> <img style='width: 100%; height: auto; border: 1px solid rgba(150&comma;150&comma;150&comma;0.3); border-radius: 8px; margin-bottom: 15px;' src='https:\/\/ftp3.syscom.mx\/usuarios\/fotos\/BancoFotografiasSyscom\/VIAKON\/9466\/9466-p.PNG' alt=''> <\/p>\n<ul style='padding-left: 20px; margin: 0; font-size: 14px; list-style-type: disc; color: inherit;'>\n<li style='margin-bottom: 5px;'><strong>Caja de:<\/strong> 305 metros<\/li>\n<li style='margin-bottom: 5px;'>Cable tipo RISER<\/li>\n<li style='margin-bottom: 5px;'><strong>N\u00famero de conductores:<\/strong> 2<\/li>\n<li style='margin-bottom: 5px;'><strong>Calibre:<\/strong> 12<\/li>\n<li style='margin-bottom: 5px;'><strong>Tipo de conductor:<\/strong> Alambre s\u00f3lido<\/li>\n<li style='margin-bottom: 5px;'>Blindaje: Cinta Aluminizada + Dren<\/li>\n<li style='margin-bottom: 5px;'>Color externo: Rojo<\/li>\n<li style='margin-bottom: 5px;'><strong>Color interno:<\/strong> Rojo&comma; Negro<\/li>\n<li style='margin-bottom: 5px;'><strong>Cubierta:<\/strong> Grado FPLR (Riser)<\/li>\n<\/ul><\/div>\n<\/p><\/div>\n<p> <!-- Especificaciones F\u00edsicas --> <\/p>\n<div style='flex: 1 1 250px; min-width: 280px; border: 1px solid rgba(150&comma; 150&comma; 150&comma; 0.4); border-radius: 8px; overflow: hidden; display: flex; flex-direction: column;'>\n<div style='padding: 15px; border-bottom: 1px solid rgba(150&comma; 150&comma; 150&comma; 0.2); font-weight: bold; font-size: 18px; color: inherit;'>Especificaciones F\u00edsicas<\/div>\n<div style='padding: 15px; color: inherit; flex-grow: 1; display: flex; flex-direction: column;'> <img style='width: 100%; height: auto; border: 1px solid rgba(150&comma;150&comma;150&comma;0.3); border-radius: 8px; margin-bottom: 15px;' src='https:\/\/ftp3.syscom.mx\/usuarios\/fotos\/BancoFotografiasSyscom\/VIAKON\/9466\/9466-p.PNG' alt=''> <\/p>\n<ul style='padding-left: 20px; margin: 0; font-size: 14px; list-style-type: disc; color: inherit;'>\n<li style='margin-bottom: 5px;'><strong>FPLR<\/strong> = <strong>Fi<\/strong>re <strong>P<\/strong>ower <strong>L<\/strong>imited <strong>R<\/strong>iser<\/li>\n<li style='margin-bottom: 5px;'>Certificado UL&comma; prueba RISER no propagador de incendio de manera vertical<\/li>\n<li style='margin-bottom: 5px;'>Color: Rojo<\/li>\n<li style='margin-bottom: 5px;'><strong>Temperatura de operaci\u00f3n:<\/strong> -20 \u00b0C a 105 \u00b0C<\/li>\n<li style='margin-bottom: 5px;'>Especificaciones: UL 1424&comma; NEC 760<\/li>\n<\/ul><\/div>\n<\/p><\/div>\n<p> <!-- Aplicaciones --> <\/p>\n<div style='flex: 1 1 250px; min-width: 280px; border: 1px solid rgba(150&comma; 150&comma; 150&comma; 0.4); border-radius: 8px; overflow: hidden; display: flex; flex-direction: column;'>\n<div style='padding: 15px; border-bottom: 1px solid rgba(150&comma; 150&comma; 150&comma; 0.2); font-weight: bold; font-size: 18px; color: inherit;'>Aplicaciones<\/div>\n<div style='padding: 15px; color: inherit; flex-grow: 1; display: flex; flex-direction: column;'> <img style='width: 100%; height: auto; border: 1px solid rgba(150&comma;150&comma;150&comma;0.3); border-radius: 8px; margin-bottom: 15px;' src='https:\/\/ftp3.syscom.mx\/usuarios\/fotos\/BancoFotografiasSyscom\/VIAKON\/9466\/9466-p.PNG' alt=''> <\/p>\n<ul style='padding-left: 20px; margin: 0; font-size: 14px; list-style-type: disc; color: inherit;'>\n<li style='margin-bottom: 5px;'>Alarmas de detecci\u00f3n de incendio HDR6012<\/li>\n<li style='margin-bottom: 5px;'>Paneles de voceo<\/li>\n<li style='margin-bottom: 5px;'>Paneles con tecnolog\u00eda convencional<\/li>\n<li style='margin-bottom: 5px;'>Paneles con tecnolog\u00eda an\u00e1logo direccionable<\/li>\n<\/ul><\/div>\n<\/p><\/div>\n<\/p><\/div>\n<p> <!-- Separador --> <\/p>\n<hr style='border: 0; border-top: 1px solid rgba(150&comma; 150&comma; 150&comma; 0.3); margin: 30px 0;'> <\/div>\n","protected":false},"excerpt":{"rendered":"<p>Bobina de 305 metros\/  Alambre \/ 2 x 12 AWG \/  BLINDADO \/ Color Rojo \/ FPLR \/ Para aplicaciones en sistemas de detecci\u00f3n contra Incendios \/ Hecho en M\u00e9xico<\/p>\n","protected":false},"featured_media":34748,"comment_status":"open","ping_status":"closed","template":"","meta":[],"product_brand":[],"product_cat":[982],"product_tag":[138,225,242],"class_list":{"0":"post-34749","1":"product","2":"type-product","3":"status-publish","4":"has-post-thumbnail","6":"product_cat-todo-cables-deteccion-de-fuego","7":"product_tag-cables","8":"product_tag-todo","9":"product_tag-viakon","11":"first","12":"outofstock","13":"sale","14":"shipping-taxable","15":"purchasable","16":"product-type-simple"},"_links":{"self":[{"href":"https:\/\/soydeaqui.ddns.net\/pachuca\/index.php\/wp-json\/wp\/v2\/product\/34749","targetHints":{"allow":["GET"]}}],"collection":[{"href":"https:\/\/soydeaqui.ddns.net\/pachuca\/index.php\/wp-json\/wp\/v2\/product"}],"about":[{"href":"https:\/\/soydeaqui.ddns.net\/pachuca\/index.php\/wp-json\/wp\/v2\/types\/product"}],"replies":[{"embeddable":true,"href":"https:\/\/soydeaqui.ddns.net\/pachuca\/index.php\/wp-json\/wp\/v2\/comments?post=34749"}],"wp:featuredmedia":[{"embeddable":true,"href":"https:\/\/soydeaqui.ddns.net\/pachuca\/index.php\/wp-json\/wp\/v2\/media\/34748"}],"wp:attachment":[{"href":"https:\/\/soydeaqui.ddns.net\/pachuca\/index.php\/wp-json\/wp\/v2\/media?parent=34749"}],"wp:term":[{"taxonomy":"product_brand","embeddable":true,"href":"https:\/\/soydeaqui.ddns.net\/pachuca\/index.php\/wp-json\/wp\/v2\/product_brand?post=34749"},{"taxonomy":"product_cat","embeddable":true,"href":"https:\/\/soydeaqui.ddns.net\/pachuca\/index.php\/wp-json\/wp\/v2\/product_cat?post=34749"},{"taxonomy":"product_tag","embeddable":true,"href":"https:\/\/soydeaqui.ddns.net\/pachuca\/index.php\/wp-json\/wp\/v2\/product_tag?post=34749"}],"curies":[{"name":"wp","href":"https:\/\/api.w.org\/{rel}","templated":true}]}}