{"id":34747,"date":"2026-03-18T15:28:38","date_gmt":"2026-03-18T15:28:38","guid":{"rendered":"https:\/\/soydeaqui.ddns.net\/pachuca\/index.php\/producto\/martillo-rotatorio-inalambrico-sin-accesorios-cargador-ni-bateria-17-mm-11-16-motor-sin-carbones-lxt-de-18v\/"},"modified":"2026-03-18T15:28:39","modified_gmt":"2026-03-18T15:28:39","slug":"martillo-rotatorio-inalambrico-sin-accesorios-cargador-ni-bateria-17-mm-11-16-motor-sin-carbones-lxt-de-18v","status":"publish","type":"product","link":"https:\/\/soydeaqui.ddns.net\/pachuca\/index.php\/producto\/martillo-rotatorio-inalambrico-sin-accesorios-cargador-ni-bateria-17-mm-11-16-motor-sin-carbones-lxt-de-18v\/","title":{"rendered":"Martillo rotatorio inal\u00e1mbrico sin accesorios, cargador ni bater\u00eda,  17 mm (11\/16&#8243;) Motor Sin Carbones LXT de 18V"},"content":{"rendered":"<div style='width: 100%; max-width: 1200px; margin: 0 auto; font-family: sans-serif; line-height: 1.6; color: inherit; background-color: transparent;'>\n<div style='display: flex; flex-wrap: wrap; gap: 30px; margin-bottom: 30px;'>\n<div style='flex: 1 1 300px; min-width: 280px;'>\n<h3 style='font-size: 22px; border-bottom: 2px solid currentColor; padding-bottom: 5px; margin-top: 0; color: inherit; opacity: 0.8;'>Caracter\u00edsticas principales<\/h3>\n<ul style='padding-left: 20px; font-size: 15px; color: inherit;'>\n<li style='margin-bottom: 5px;'>Martillo ligero a bater\u00eda de 18V&comma; el m\u00e1s ligero y compacto de su clase con tan solo 2&comma;1 Kg.<\/li>\n<li style='margin-bottom: 5px;'>Potente motor BL que proporciona mayor eficacia y rendimiento&comma; reduciendo la fricci\u00f3n y el calentamiento del motor.<\/li>\n<li style='margin-bottom: 5px;'>Cuerpo dividido en dos partes reduciendo considerablemente las vibraciones.<\/li>\n<li style='margin-bottom: 5px;'>Agarre ergon\u00f3mico antideslizante&comma; la empu\u00f1adura se adapta perfectamente a la mano para mayor comodidad y control.<\/li>\n<li style='margin-bottom: 5px;'>Luz LED para iluminar el punto de trabajo en zonas de baja luminosidad.<\/li>\n<li style='margin-bottom: 5px;'>Portaherramientas con inserci\u00f3n r\u00e1pida SDS-Plus.<\/li>\n<li style='margin-bottom: 5px;'>2 modos de trabajo&comma; rotaci\u00f3n y rotaci\u00f3n con percusi\u00f3n&comma; cambio c\u00f3modo y de f\u00e1cil acceso.<\/li>\n<li style='margin-bottom: 5px;'>Velocidad variable en el gatillo con modo reversible.<\/li>\n<li style='margin-bottom: 5px;'>Empu\u00f1adura auxiliar con tope de profundidad ajustable.<\/li>\n<\/ul><\/div>\n<\/p><\/div>\n<hr style='border: 0; border-top: 1px solid rgba(150&comma; 150&comma; 150&comma; 0.3); margin: 30px 0;'>\n<div style='display: flex; flex-wrap: wrap; gap: 20px; margin-bottom: 30px;'>\n<div style='flex: 1 1 250px; border: 1px solid rgba(150&comma; 150&comma; 150&comma; 0.4); border-radius: 8px; overflow: hidden; display: flex; flex-direction: column;'>\n<div style='padding: 15px; border-bottom: 1px solid rgba(150&comma; 150&comma; 150&comma; 0.2); font-weight: bold; font-size: 18px; color: inherit;'>INFORMACI\u00d3N T\u00c9CNICA<\/div>\n<div style='padding: 15px; color: inherit;'>\n<ul style='padding-left: 20px; margin: 0; font-size: 14px; list-style-type: disc;'>\n<li style='margin-bottom: 5px;'><strong>Tensi\u00f3n de la bater\u00eda:<\/strong> 18V<\/li>\n<li style='margin-bottom: 5px;'><strong>Tipo de bater\u00eda:<\/strong> LXT<\/li>\n<li style='margin-bottom: 5px;'><strong>N\u00ba de Bater\u00edas:<\/strong> 2<\/li>\n<li style='margin-bottom: 5px;'><strong>Amperaje:<\/strong> 5&comma;0 Ah<\/li>\n<li style='margin-bottom: 5px;'><strong>Tiempo de carga:<\/strong> 45 min<\/li>\n<li style='margin-bottom: 5px;'><strong>Motor:<\/strong> BL<\/li>\n<li style='margin-bottom: 5px;'><strong>R.p.m:<\/strong> 0 &#8211; 680 Rpm<\/li>\n<li style='margin-bottom: 5px;'><strong>Golpes por minuto:<\/strong> 0 &#8211; 4.800 gpm<\/li>\n<li style='margin-bottom: 5px;'><strong>Capacidad m\u00e1x. en hormig\u00f3n:<\/strong> 4 &#8211; 17 mm<\/li>\n<li style='margin-bottom: 5px;'><strong>Capacidad m\u00e1x en metal:<\/strong> 10 mm<\/li>\n<li style='margin-bottom: 5px;'><strong>Capacidad m\u00e1x. en madera:<\/strong> 13 mm<\/li>\n<li style='margin-bottom: 5px;'><strong>Inserci\u00f3n SDS-PLUS:<\/strong> S\u00ed<\/li>\n<li style='margin-bottom: 5px;'><strong>Velocidad variable (interruptor):<\/strong> S\u00ed<\/li>\n<li style='margin-bottom: 5px;'><strong>Embrague de seguridad:<\/strong> S\u00ed<\/li>\n<li style='margin-bottom: 5px;'><strong>Freno el\u00e9ctrico:<\/strong> S\u00ed<\/li>\n<li style='margin-bottom: 5px;'><strong>Iluminaci\u00f3n integrada:<\/strong> S\u00ed<\/li>\n<li style='margin-bottom: 5px;'><strong>Empu\u00f1adura antideslizante:<\/strong> S\u00ed<\/li>\n<li style='margin-bottom: 5px;'><strong>Julios seg\u00fan EPTA:<\/strong> 1&comma;20 J<\/li>\n<li style='margin-bottom: 5px;'><strong>Emisi\u00f3n de vibraci\u00f3n:<\/strong> 9&comma;00 m\/seg\u00b2<\/li>\n<li style='margin-bottom: 5px;'><strong>Incertidumbre (K) de vibraci\u00f3n:<\/strong> 1&comma;50 m\/seg\u00b2<\/li>\n<li style='margin-bottom: 5px;'><strong>Potencia sonora:<\/strong> 97&comma;00 dB(A)<\/li>\n<li style='margin-bottom: 5px;'><strong>Presi\u00f3n sonora:<\/strong> 86&comma;00 dB(A)<\/li>\n<li style='margin-bottom: 5px;'><strong>Incertidumbre (K) sonora:<\/strong> 3&comma;00 dB(A)<\/li>\n<li style='margin-bottom: 5px;'><strong>Peso seg\u00fan EPTA:<\/strong> 2&comma;80 Kg<\/li>\n<li style='margin-bottom: 5px;'><strong>Dimensiones (LxAnxAl):<\/strong> 273 x 86 x 211 mm<\/li>\n<\/ul><\/div>\n<\/p><\/div>\n<\/p><\/div>\n<div style='display: flex; flex-wrap: wrap; gap: 20px; margin-bottom: 30px;'>\n<div style='flex: 1 1 250px; border: 1px solid rgba(150&comma; 150&comma; 150&comma; 0.4); border-radius: 8px; overflow: hidden; display: flex; flex-direction: column;'>\n<div style='padding: 15px; border-bottom: 1px solid rgba(150&comma; 150&comma; 150&comma; 0.2); font-weight: bold; font-size: 18px; color: inherit;'>Requiere<\/div>\n<div style='padding: 15px; color: inherit;'>\n<ul style='padding-left: 20px; margin: 0; font-size: 14px; list-style-type: disc;'>\n<li style='margin-bottom: 5px;'><a style='color: #2880b9; text-decoration: none; font-weight: 600;' href='https:\/\/www.syscom.mx\/principal\/searchcont?route=BL-1850-B-MAKITA-186538&#038;autodetect=bj1850b'>BL-1850-B<\/a><\/li>\n<li style='margin-bottom: 5px;'><a style='color: #2880b9; text-decoration: none; font-weight: 600;' href='https:\/\/www.syscom.mx\/principal\/searchcont?route=DC18RC-MAKITA-186539&#038;autodetect=cargador_makita_18'>DC-18-RC<\/a><\/li>\n<\/ul><\/div>\n<\/p><\/div>\n<\/p><\/div>\n<\/p><\/div>\n","protected":false},"excerpt":{"rendered":"<p>Martillo rotatorio inal\u00e1mbrico sin accesorios, cargador ni bater\u00eda,  17 mm (11\/16&#8243;) Motor Sin Carbones LXT de 18V<\/p>\n","protected":false},"featured_media":34746,"comment_status":"open","ping_status":"closed","template":"","meta":[],"product_brand":[],"product_cat":[462],"product_tag":[25,131,252],"class_list":{"0":"post-34747","1":"product","2":"type-product","3":"status-publish","4":"has-post-thumbnail","6":"product_cat-herramientas-electricas-herramientas","7":"product_tag-herramientas","8":"product_tag-herramientas-electricas","9":"product_tag-makita","11":"first","12":"outofstock","13":"sale","14":"shipping-taxable","15":"purchasable","16":"product-type-simple"},"_links":{"self":[{"href":"https:\/\/soydeaqui.ddns.net\/pachuca\/index.php\/wp-json\/wp\/v2\/product\/34747","targetHints":{"allow":["GET"]}}],"collection":[{"href":"https:\/\/soydeaqui.ddns.net\/pachuca\/index.php\/wp-json\/wp\/v2\/product"}],"about":[{"href":"https:\/\/soydeaqui.ddns.net\/pachuca\/index.php\/wp-json\/wp\/v2\/types\/product"}],"replies":[{"embeddable":true,"href":"https:\/\/soydeaqui.ddns.net\/pachuca\/index.php\/wp-json\/wp\/v2\/comments?post=34747"}],"wp:featuredmedia":[{"embeddable":true,"href":"https:\/\/soydeaqui.ddns.net\/pachuca\/index.php\/wp-json\/wp\/v2\/media\/34746"}],"wp:attachment":[{"href":"https:\/\/soydeaqui.ddns.net\/pachuca\/index.php\/wp-json\/wp\/v2\/media?parent=34747"}],"wp:term":[{"taxonomy":"product_brand","embeddable":true,"href":"https:\/\/soydeaqui.ddns.net\/pachuca\/index.php\/wp-json\/wp\/v2\/product_brand?post=34747"},{"taxonomy":"product_cat","embeddable":true,"href":"https:\/\/soydeaqui.ddns.net\/pachuca\/index.php\/wp-json\/wp\/v2\/product_cat?post=34747"},{"taxonomy":"product_tag","embeddable":true,"href":"https:\/\/soydeaqui.ddns.net\/pachuca\/index.php\/wp-json\/wp\/v2\/product_tag?post=34747"}],"curies":[{"name":"wp","href":"https:\/\/api.w.org\/{rel}","templated":true}]}}